{"id":1062,"date":"2019-04-24T13:18:41","date_gmt":"2019-04-24T13:18:41","guid":{"rendered":"http:\/\/2023.benoit-barbagli.com\/actes\/"},"modified":"2019-09-08T16:41:07","modified_gmt":"2019-09-08T16:41:07","slug":"actes","status":"publish","type":"page","link":"http:\/\/2023.benoit-barbagli.com\/en\/actes\/","title":{"rendered":"actes"},"content":{"rendered":"<p>[vc_row row_type=&#8221;row&#8221; use_row_as_full_screen_section=&#8221;no&#8221; type=&#8221;full_width&#8221; text_align=&#8221;left&#8221; background_animation=&#8221;none&#8221; css_animation=&#8221;&#8221;][vc_column][vc_empty_space height=&#8221;70px&#8221;][\/vc_column][\/vc_row][vc_row row_type=&#8221;row&#8221; use_row_as_full_screen_section=&#8221;no&#8221; type=&#8221;full_width&#8221; text_align=&#8221;left&#8221; background_animation=&#8221;none&#8221; css_animation=&#8221;&#8221; css=&#8221;.vc_custom_1556270437653{margin-right: 10% !important;margin-left: 10% !important;}&#8221;][vc_column width=&#8221;2\/5&#8243;]<div class='projects_holder_outer portfolio_justified_gallery qode-filter-position-top'>\n\t    \t<div class='projects_holder clearfix' data-spacing='10' data-row-height='200'data-last-row='nojustify'data-justify-threshold='0.75'>\n\t\t<article class=\"portfolio_category_73 portfolio_category_67 portfolio_category_74\">\n\t    <a class='portfolio_jg_image_link image_holder' href='http:\/\/2023.benoit-barbagli.com\/en\/tide-of-trepidation\/' target='_self'>\n<img width=\"1747\" height=\"1080\" src=\"https:\/\/2023.benoit-barbagli.com\/wp-content\/uploads\/2019\/04\/tideoftrepidation.jpg\" class=\"attachment-full size-full wp-post-image\" alt=\"\" decoding=\"async\" srcset=\"https:\/\/2023.benoit-barbagli.com\/wp-content\/uploads\/2019\/04\/tideoftrepidation.jpg 1747w, https:\/\/2023.benoit-barbagli.com\/wp-content\/uploads\/2019\/04\/tideoftrepidation-300x185.jpg 300w, https:\/\/2023.benoit-barbagli.com\/wp-content\/uploads\/2019\/04\/tideoftrepidation-768x475.jpg 768w, https:\/\/2023.benoit-barbagli.com\/wp-content\/uploads\/2019\/04\/tideoftrepidation-1024x633.jpg 1024w, https:\/\/2023.benoit-barbagli.com\/wp-content\/uploads\/2019\/04\/tideoftrepidation-700x433.jpg 700w, https:\/\/2023.benoit-barbagli.com\/wp-content\/uploads\/2019\/04\/tideoftrepidation-1100x680.jpg 1100w, https:\/\/2023.benoit-barbagli.com\/wp-content\/uploads\/2019\/04\/tideoftrepidation-600x371.jpg 600w\" sizes=\"(max-width: 1747px) 100vw, 1747px\" \/>    <\/a>\n\t\t\t<a class='portfolio_shader' href='http:\/\/2023.benoit-barbagli.com\/en\/tide-of-trepidation\/' target='_self'><\/a>\n\t\t<div class=\"icons_holder\">\n\t<div class=\"icons_holder_inner\">\n\t\t\t\t\t<a class='portfolio_lightbox' title='actes' href='https:\/\/2023.benoit-barbagli.com\/wp-content\/uploads\/2019\/04\/tideoftrepidation.jpg' data-rel='prettyPhoto[pretty_photo_gallery]'><\/a>\n\t\t\t\t<a class=\"qode-like\" data-type=\"portfolio_list\" id=\"qode-like-639\" title=\"Like this\"><\/a>\t<\/div>\n<\/div><\/article>\n\t<\/div>\n\t<\/div>\n[\/vc_column][vc_column width=&#8221;3\/5&#8243;][vc_column_text]<\/p>\n<h4 class=\"p1\" style=\"text-align: justify;\"><span style=\"font-family: helveticaneuelight;\">The Tide of the Trepidation &#8211; 2015<\/span><\/h4>\n<p class=\"p1\">Lyric epic th\u00e9ined bringing together sailors, designers, architects, poets, post-modern artists from all communities, in order to immerse a heavy metaphor: a piano under the sea, loaded by a home-made floating crane created for this unique occasion, by infusing a music waveform into the Maritimes inmost, paying a tribute to the famous pianist and scuba diver<\/p>\n<p class=\"p1\">Esbjorn Svensson, who uses to say that he drew his inspiration under the water.<\/p>\n<p class=\"p1\">The piano immersion took place on May the 28<sup>th<\/sup> 2015, accompanied by numerous seaside creative performances, focussing artistic energies toward and for the sea.<\/p>\n<p>[\/vc_column_text][\/vc_column][\/vc_row][vc_row row_type=&#8221;row&#8221; use_row_as_full_screen_section=&#8221;no&#8221; type=&#8221;full_width&#8221; text_align=&#8221;left&#8221; background_animation=&#8221;none&#8221; css_animation=&#8221;&#8221;][vc_column][vc_empty_space height=&#8221;50px&#8221;][\/vc_column][\/vc_row][vc_row row_type=&#8221;row&#8221; use_row_as_full_screen_section=&#8221;no&#8221; type=&#8221;full_width&#8221; text_align=&#8221;left&#8221; background_animation=&#8221;none&#8221; css_animation=&#8221;&#8221; css=&#8221;.vc_custom_1556270437653{margin-right: 10% !important;margin-left: 10% !important;}&#8221;][vc_column width=&#8221;2\/5&#8243;]<div class='projects_holder_outer portfolio_justified_gallery qode-filter-position-top'>\n\t    \t<div class='projects_holder clearfix' data-spacing='10' data-row-height='200'data-last-row='nojustify'data-justify-threshold='0.75'>\n\t\t<article class=\"portfolio_category_124 portfolio_category_76\">\n\t    <a class='portfolio_jg_image_link image_holder' href='http:\/\/2023.benoit-barbagli.com\/en\/ici-la-terre\/' target='_self'>\n<img width=\"1200\" height=\"734\" src=\"https:\/\/2023.benoit-barbagli.com\/wp-content\/uploads\/2019\/05\/IMG_1640.jpg\" class=\"attachment-full size-full wp-post-image\" alt=\"\" decoding=\"async\" srcset=\"https:\/\/2023.benoit-barbagli.com\/wp-content\/uploads\/2019\/05\/IMG_1640.jpg 1200w, https:\/\/2023.benoit-barbagli.com\/wp-content\/uploads\/2019\/05\/IMG_1640-300x184.jpg 300w, https:\/\/2023.benoit-barbagli.com\/wp-content\/uploads\/2019\/05\/IMG_1640-768x470.jpg 768w, https:\/\/2023.benoit-barbagli.com\/wp-content\/uploads\/2019\/05\/IMG_1640-1024x626.jpg 1024w, https:\/\/2023.benoit-barbagli.com\/wp-content\/uploads\/2019\/05\/IMG_1640-700x428.jpg 700w, https:\/\/2023.benoit-barbagli.com\/wp-content\/uploads\/2019\/05\/IMG_1640-1100x673.jpg 1100w, https:\/\/2023.benoit-barbagli.com\/wp-content\/uploads\/2019\/05\/IMG_1640-600x367.jpg 600w\" sizes=\"(max-width: 1200px) 100vw, 1200px\" \/>    <\/a>\n\t\t\t<a class='portfolio_shader' href='http:\/\/2023.benoit-barbagli.com\/en\/ici-la-terre\/' target='_self'><\/a>\n\t\t<div class=\"icons_holder\">\n\t<div class=\"icons_holder_inner\">\n\t\t\t\t\t<a class='portfolio_lightbox' title='The Tide of the Trepidation' href='https:\/\/2023.benoit-barbagli.com\/wp-content\/uploads\/2019\/05\/IMG_1640.jpg' data-rel='prettyPhoto[pretty_photo_gallery]'><\/a>\n\t\t\t\t<a class=\"qode-like\" data-type=\"portfolio_list\" id=\"qode-like-622\" title=\"Like this\"><\/a>\t<\/div>\n<\/div><\/article>\n\t<\/div>\n\t<\/div>\n[\/vc_column][vc_column width=&#8221;3\/5&#8243;][vc_column_text]<\/p>\n<div class=\"wpb_text_column wpb_content_element \">\n<div class=\"wpb_wrapper\">\n<h4 class=\"p1\"><span style=\"font-family: helveticaneuelight;\">Ici la terre &#8211; 2015<\/span><\/h4>\n<p class=\"p1\"><span class=\"s1\"><i>Ici la terre<\/i><\/span>, this is a loving epic with a touch of roman references, resonating with as a life and nature ode\u2019s. This is also a group and multidisciplinary expedition which huddle together six friends to seal on the top of a steep cliff a bronze sculpture representing an arm. The arm seems to emerge from the mountain to hold a real bunch of flowers.<\/p>\n<p class=\"p1\">Before that the bunch fade away, after a short day, faded, taken away by the wind.<\/p>\n<p class=\"p1\">Mountain conquest, dizziness\u2019s, as well as a lover conquest, Ici la terre (This is earth calling) magnetise cultural references before orientating them toward nature.<\/p>\n<p class=\"p1\">An activist gesture that ignores itself, located outside of the joint field of vision, with an energetic and economic balance deficient (all this for this\u2026), espousing the copy left philosophy (this sculpture and this future doesn\u2019t belong to us anymore), working above all in order to praise glory to life!<i> <\/i><\/p>\n<\/div>\n<\/div>\n<p>[\/vc_column_text][\/vc_column][\/vc_row][vc_row row_type=&#8221;row&#8221; use_row_as_full_screen_section=&#8221;no&#8221; type=&#8221;full_width&#8221; text_align=&#8221;left&#8221; background_animation=&#8221;none&#8221; css_animation=&#8221;&#8221;][vc_column][vc_empty_space height=&#8221;50px&#8221;][\/vc_column][\/vc_row][vc_row row_type=&#8221;row&#8221; use_row_as_full_screen_section=&#8221;no&#8221; type=&#8221;full_width&#8221; text_align=&#8221;left&#8221; background_animation=&#8221;none&#8221; css_animation=&#8221;&#8221; css=&#8221;.vc_custom_1556270437653{margin-right: 10% !important;margin-left: 10% !important;}&#8221;][vc_column width=&#8221;2\/5&#8243;]<div class='projects_holder_outer portfolio_justified_gallery qode-filter-position-top'>\n\t    \t<div class='projects_holder clearfix' data-spacing='10' data-row-height='200'data-last-row='nojustify'data-justify-threshold='0.75'>\n\t\t<article class=\"portfolio_category_72 portfolio_category_124 portfolio_category_73\">\n\t    <a class='portfolio_jg_image_link image_holder' href='http:\/\/2023.benoit-barbagli.com\/en\/ecotopia\/' target='_self'>\n<img width=\"2560\" height=\"1707\" src=\"https:\/\/2023.benoit-barbagli.com\/wp-content\/uploads\/2019\/04\/DSC09486-scaled.jpg\" class=\"attachment-full size-full wp-post-image\" alt=\"\" decoding=\"async\" srcset=\"https:\/\/2023.benoit-barbagli.com\/wp-content\/uploads\/2019\/04\/DSC09486-scaled.jpg 2560w, https:\/\/2023.benoit-barbagli.com\/wp-content\/uploads\/2019\/04\/DSC09486-2000x1333.jpg 2000w, https:\/\/2023.benoit-barbagli.com\/wp-content\/uploads\/2019\/04\/DSC09486-300x200.jpg 300w, https:\/\/2023.benoit-barbagli.com\/wp-content\/uploads\/2019\/04\/DSC09486-768x512.jpg 768w, https:\/\/2023.benoit-barbagli.com\/wp-content\/uploads\/2019\/04\/DSC09486-1024x683.jpg 1024w, https:\/\/2023.benoit-barbagli.com\/wp-content\/uploads\/2019\/04\/DSC09486-700x467.jpg 700w, https:\/\/2023.benoit-barbagli.com\/wp-content\/uploads\/2019\/04\/DSC09486-1100x733.jpg 1100w\" sizes=\"(max-width: 2560px) 100vw, 2560px\" \/>    <\/a>\n\t\t\t<a class='portfolio_shader' href='http:\/\/2023.benoit-barbagli.com\/en\/ecotopia\/' target='_self'><\/a>\n\t\t<div class=\"icons_holder\">\n\t<div class=\"icons_holder_inner\">\n\t\t\t\t\t<a class='portfolio_lightbox' title='Here the earth' href='https:\/\/2023.benoit-barbagli.com\/wp-content\/uploads\/2019\/04\/DSC09486-scaled.jpg' data-rel='prettyPhoto[pretty_photo_gallery]'><\/a>\n\t\t\t\t<a class=\"qode-like\" data-type=\"portfolio_list\" id=\"qode-like-1043\" title=\"Like this\"><\/a>\t<\/div>\n<\/div><\/article>\n\t<\/div>\n\t<\/div>\n[\/vc_column][vc_column width=&#8221;3\/5&#8243;][vc_column_text]<\/p>\n<div class=\"wpb_text_column wpb_content_element \">\n<div class=\"wpb_wrapper\">\n<h6><strong>Ecotopia<\/strong><\/h6>\n<p><em>Ecotopia<\/em> est un projet initi\u00e9 au N\u00e9pal, \u00e0 travers un trek autour de la cha\u00eene de l\u2019Annapurna du second massif de l\u2019Himalaya.\u2028Un jet d\u2019encre d\u2019une falaise sur une toile en contrebas.\u2028La chute de l\u2019encre et l\u2019aspect du sol forment l\u2019empreinte sacr\u00e9e de cette terre verticale qui capte de la montagne son vertige et sa chute, son temps g\u00e9ologique et son espace sans limite. La montagne fertile donne naissance au substrat qui se d\u00e9pose sur la toile\u00a0: le bois qui grandit sur celle-ci devient ainsi encre.<\/p>\n<p>Conqu\u00eate performative d\u2019un sommet, Ecotopia devient une synth\u00e8se forte en la marche, l\u2019escalade, le jet, et la montagne elle-m\u00eame qui offre un dessin pour sa r\u00e9ponse<\/p>\n<p>&nbsp;<\/p>\n<p>Un second temps Ecotopia visite les rives rocheuses pour laisser la mer dessiner, dans un proc\u00e9d\u00e9 proche du premier, la mer vient recouvrir et diluer l\u2019encre prise dans les empreintes du relief rocheux de la rive<\/p>\n<\/div>\n<\/div>\n<p>[\/vc_column_text][\/vc_column][\/vc_row][vc_row row_type=&#8221;row&#8221; use_row_as_full_screen_section=&#8221;no&#8221; type=&#8221;full_width&#8221; text_align=&#8221;left&#8221; background_animation=&#8221;none&#8221; css_animation=&#8221;&#8221;][vc_column][vc_empty_space height=&#8221;50px&#8221;][\/vc_column][\/vc_row][vc_row row_type=&#8221;row&#8221; use_row_as_full_screen_section=&#8221;no&#8221; type=&#8221;full_width&#8221; text_align=&#8221;left&#8221; background_animation=&#8221;none&#8221; css_animation=&#8221;&#8221; css=&#8221;.vc_custom_1556270437653{margin-right: 10% !important;margin-left: 10% !important;}&#8221;][vc_column width=&#8221;2\/5&#8243;]<div class='projects_holder_outer portfolio_justified_gallery qode-filter-position-top'>\n\t    \t<div class='projects_holder clearfix' data-spacing='10' data-row-height='200'data-last-row='nojustify'data-justify-threshold='0.75'>\n\t\t<article class=\"portfolio_category_71\">\n\t    <a class='portfolio_jg_image_link image_holder' href='http:\/\/2023.benoit-barbagli.com\/en\/oceanmemoria\/' target='_self'>\n<img width=\"2560\" height=\"1707\" src=\"https:\/\/2023.benoit-barbagli.com\/wp-content\/uploads\/2019\/04\/DSC08528.jpg\" class=\"attachment-full size-full wp-post-image\" alt=\"\" decoding=\"async\" srcset=\"https:\/\/2023.benoit-barbagli.com\/wp-content\/uploads\/2019\/04\/DSC08528.jpg 2560w, https:\/\/2023.benoit-barbagli.com\/wp-content\/uploads\/2019\/04\/DSC08528-2000x1334.jpg 2000w, https:\/\/2023.benoit-barbagli.com\/wp-content\/uploads\/2019\/04\/DSC08528-300x200.jpg 300w, https:\/\/2023.benoit-barbagli.com\/wp-content\/uploads\/2019\/04\/DSC08528-768x512.jpg 768w, https:\/\/2023.benoit-barbagli.com\/wp-content\/uploads\/2019\/04\/DSC08528-1024x683.jpg 1024w, https:\/\/2023.benoit-barbagli.com\/wp-content\/uploads\/2019\/04\/DSC08528-700x467.jpg 700w, https:\/\/2023.benoit-barbagli.com\/wp-content\/uploads\/2019\/04\/DSC08528-1100x733.jpg 1100w\" sizes=\"(max-width: 2560px) 100vw, 2560px\" \/>    <\/a>\n\t\t\t<a class='portfolio_shader' href='http:\/\/2023.benoit-barbagli.com\/en\/oceanmemoria\/' target='_self'><\/a>\n\t\t<div class=\"icons_holder\">\n\t<div class=\"icons_holder_inner\">\n\t\t\t\t\t<a class='portfolio_lightbox' title='Ecotopia' href='https:\/\/2023.benoit-barbagli.com\/wp-content\/uploads\/2019\/04\/DSC08528.jpg' data-rel='prettyPhoto[pretty_photo_gallery]'><\/a>\n\t\t\t\t<a class=\"qode-like\" data-type=\"portfolio_list\" id=\"qode-like-1041\" title=\"Like this\"><\/a>\t<\/div>\n<\/div><\/article>\n\t<\/div>\n\t<\/div>\n[\/vc_column][vc_column width=&#8221;3\/5&#8243;][vc_column_text]<\/p>\n<div class=\"wpb_text_column wpb_content_element \">\n<div class=\"wpb_wrapper\">\n<p><span style=\"font-family: helveticaneuelight;\"><strong>Ocean m\u00e9moria<\/strong>,\u00a0 2017 &#8211; 2019<\/span><\/p>\n<p class=\"p1\"><span class=\"s1\">Oc\u00e9an m\u00e9moria est une collaboration en cours avec Eri Dimitriadi et la galerie ath\u00e8nienne Iliana Tounda.<\/span><\/p>\n<p class=\"p1\"><span class=\"s1\">L&#8217;exposition \u00e0 moiti\u00e9 en galerie \u00e0 moiti\u00e9 insitu sous la mer, elle tente par divers proc\u00e9d\u00e9s de capturer la forme de l&#8217;eau.<\/span><\/p>\n<p>&nbsp;<\/p>\n<\/div>\n<\/div>\n<p>[\/vc_column_text][\/vc_column][\/vc_row]<\/p>\n","protected":false},"excerpt":{"rendered":"<p>[vc_row row_type=&#8221;row&#8221; use_row_as_full_screen_section=&#8221;no&#8221; type=&#8221;full_width&#8221; text_align=&#8221;left&#8221; background_animation=&#8221;none&#8221; css_animation=&#8221;&#8221;][vc_column][vc_empty_space height=&#8221;70px&#8221;][\/vc_column][\/vc_row][vc_row row_type=&#8221;row&#8221; use_row_as_full_screen_section=&#8221;no&#8221; type=&#8221;full_width&#8221; text_align=&#8221;left&#8221; background_animation=&#8221;none&#8221; css_animation=&#8221;&#8221; css=&#8221;.vc_custom_1556270437653{margin-right: 10% !important;margin-left: 10% !important;}&#8221;][vc_column width=&#8221;2\/5&#8243;][\/vc_column][vc_column width=&#8221;3\/5&#8243;][vc_column_text] The Tide of the Trepidation &#8211; 2015 Lyric epic th\u00e9ined bringing together sailors, designers, architects, poets, post-modern artists from all communities, in order to&#8230;<\/p>\n","protected":false},"author":1,"featured_media":75230,"parent":1084,"menu_order":0,"comment_status":"closed","ping_status":"closed","template":"full_width.php","meta":{"inline_featured_image":false,"footnotes":""},"yoast_head":"<!-- This site is optimized with the Yoast SEO plugin v19.2 - https:\/\/yoast.com\/wordpress\/plugins\/seo\/ -->\n<title>actes - Benoit-barbagli.com<\/title>\n<meta name=\"description\" content=\"Benoit Barbagli vit et travaille \u00e0 ParisIng\u00e9nieur en technologie conceptuelle, \u00e9labore un r\u00e9seau de transmission de pens\u00e9es \u00e0 distance sans interface interm\u00e9diaire. Une technologie qui agit comme un lubrifiant sur les mots et les choses, entre les gestes et les \u00e9motions, pour les assouplir et les connecter. Il utilise pour y parvenir l\u2019amour et la vie.\" \/>\n<meta name=\"robots\" content=\"index, follow, max-snippet:-1, max-image-preview:large, max-video-preview:-1\" \/>\n<link rel=\"canonical\" href=\"http:\/\/2023.benoit-barbagli.com\/en\/actes\/\" \/>\n<meta property=\"og:locale\" content=\"en_US\" \/>\n<meta property=\"og:type\" content=\"article\" \/>\n<meta property=\"og:title\" content=\"actes - Benoit-barbagli.com\" \/>\n<meta property=\"og:description\" content=\"Benoit Barbagli vit et travaille \u00e0 ParisIng\u00e9nieur en technologie conceptuelle, \u00e9labore un r\u00e9seau de transmission de pens\u00e9es \u00e0 distance sans interface interm\u00e9diaire. Une technologie qui agit comme un lubrifiant sur les mots et les choses, entre les gestes et les \u00e9motions, pour les assouplir et les connecter. Il utilise pour y parvenir l\u2019amour et la vie.\" \/>\n<meta property=\"og:url\" content=\"http:\/\/2023.benoit-barbagli.com\/en\/actes\/\" \/>\n<meta property=\"og:site_name\" content=\"Benoit-barbagli.com\" \/>\n<meta property=\"article:modified_time\" content=\"2019-09-08T16:41:07+00:00\" \/>\n<meta property=\"og:image\" content=\"https:\/\/2023.benoit-barbagli.com\/wp-content\/uploads\/2019\/05\/DSC02317-scaled.jpg\" \/>\n\t<meta property=\"og:image:width\" content=\"2560\" \/>\n\t<meta property=\"og:image:height\" content=\"1630\" \/>\n\t<meta property=\"og:image:type\" content=\"image\/jpeg\" \/>\n<meta name=\"author\" content=\"benoitbarbagli\" \/>\n<meta name=\"twitter:card\" content=\"summary_large_image\" \/>\n<meta name=\"twitter:label1\" content=\"Est. reading time\" \/>\n\t<meta name=\"twitter:data1\" content=\"4 minutes\" \/>\n<!-- \/ Yoast SEO plugin. -->","yoast_head_json":{"title":"actes - Benoit-barbagli.com","description":"Benoit Barbagli vit et travaille \u00e0 ParisIng\u00e9nieur en technologie conceptuelle, \u00e9labore un r\u00e9seau de transmission de pens\u00e9es \u00e0 distance sans interface interm\u00e9diaire. Une technologie qui agit comme un lubrifiant sur les mots et les choses, entre les gestes et les \u00e9motions, pour les assouplir et les connecter. Il utilise pour y parvenir l\u2019amour et la vie.","robots":{"index":"index","follow":"follow","max-snippet":"max-snippet:-1","max-image-preview":"max-image-preview:large","max-video-preview":"max-video-preview:-1"},"canonical":"http:\/\/2023.benoit-barbagli.com\/en\/actes\/","og_locale":"en_US","og_type":"article","og_title":"actes - Benoit-barbagli.com","og_description":"Benoit Barbagli vit et travaille \u00e0 ParisIng\u00e9nieur en technologie conceptuelle, \u00e9labore un r\u00e9seau de transmission de pens\u00e9es \u00e0 distance sans interface interm\u00e9diaire. Une technologie qui agit comme un lubrifiant sur les mots et les choses, entre les gestes et les \u00e9motions, pour les assouplir et les connecter. Il utilise pour y parvenir l\u2019amour et la vie.","og_url":"http:\/\/2023.benoit-barbagli.com\/en\/actes\/","og_site_name":"Benoit-barbagli.com","article_modified_time":"2019-09-08T16:41:07+00:00","og_image":[{"width":2560,"height":1630,"url":"https:\/\/2023.benoit-barbagli.com\/wp-content\/uploads\/2019\/05\/DSC02317-scaled.jpg","type":"image\/jpeg"}],"author":"benoitbarbagli","twitter_card":"summary_large_image","twitter_misc":{"Est. reading time":"4 minutes"},"schema":{"@context":"https:\/\/schema.org","@graph":[{"@type":["Person","Organization"],"@id":"https:\/\/2023.benoit-barbagli.com\/#\/schema\/person\/413a50e5dd6129de03df354d73c4ffaf","name":"benoitbarbagli","image":{"@type":"ImageObject","inLanguage":"en-US","@id":"https:\/\/2023.benoit-barbagli.com\/#\/schema\/person\/image\/","url":"http:\/\/benoit-barbagli.com\/wp-content\/uploads\/2020\/07\/Catha-scaled.jpg","contentUrl":"http:\/\/benoit-barbagli.com\/wp-content\/uploads\/2020\/07\/Catha-scaled.jpg","width":2560,"height":1440,"caption":"benoitbarbagli"},"logo":{"@id":"https:\/\/2023.benoit-barbagli.com\/#\/schema\/person\/image\/"}},{"@type":"WebSite","@id":"https:\/\/2023.benoit-barbagli.com\/#website","url":"https:\/\/2023.benoit-barbagli.com\/","name":"Benoit-barbagli.com","description":"Sous le chaos, la vie","publisher":{"@id":"https:\/\/2023.benoit-barbagli.com\/#\/schema\/person\/413a50e5dd6129de03df354d73c4ffaf"},"potentialAction":[{"@type":"SearchAction","target":{"@type":"EntryPoint","urlTemplate":"https:\/\/2023.benoit-barbagli.com\/?s={search_term_string}"},"query-input":"required name=search_term_string"}],"inLanguage":"en-US"},{"@type":"ImageObject","inLanguage":"en-US","@id":"http:\/\/2023.benoit-barbagli.com\/en\/actes\/#primaryimage","url":"https:\/\/2023.benoit-barbagli.com\/wp-content\/uploads\/https:\/\/www.torinoggi.it\/2022\/04\/09\/leggi-notizia\/argomenti\/eventi-11\/articolo\/palazzo-saluzzo-paesana-riapre-dopo-due-anni-con-la-personale-nouvelle-vague-di-benoit-barbagli.html","contentUrl":"https:\/\/2023.benoit-barbagli.com\/wp-content\/uploads\/https:\/\/www.torinoggi.it\/2022\/04\/09\/leggi-notizia\/argomenti\/eventi-11\/articolo\/palazzo-saluzzo-paesana-riapre-dopo-due-anni-con-la-personale-nouvelle-vague-di-benoit-barbagli.html"},{"@type":"WebPage","@id":"http:\/\/2023.benoit-barbagli.com\/en\/actes\/#webpage","url":"http:\/\/2023.benoit-barbagli.com\/en\/actes\/","name":"actes - Benoit-barbagli.com","isPartOf":{"@id":"https:\/\/2023.benoit-barbagli.com\/#website"},"primaryImageOfPage":{"@id":"http:\/\/2023.benoit-barbagli.com\/en\/actes\/#primaryimage"},"datePublished":"2019-04-24T13:18:41+00:00","dateModified":"2019-09-08T16:41:07+00:00","description":"Benoit Barbagli vit et travaille \u00e0 ParisIng\u00e9nieur en technologie conceptuelle, \u00e9labore un r\u00e9seau de transmission de pens\u00e9es \u00e0 distance sans interface interm\u00e9diaire. Une technologie qui agit comme un lubrifiant sur les mots et les choses, entre les gestes et les \u00e9motions, pour les assouplir et les connecter. Il utilise pour y parvenir l\u2019amour et la vie.","breadcrumb":{"@id":"http:\/\/2023.benoit-barbagli.com\/en\/actes\/#breadcrumb"},"inLanguage":"en-US","potentialAction":[{"@type":"ReadAction","target":["http:\/\/2023.benoit-barbagli.com\/en\/actes\/"]}]},{"@type":"BreadcrumbList","@id":"http:\/\/2023.benoit-barbagli.com\/en\/actes\/#breadcrumb","itemListElement":[{"@type":"ListItem","position":1,"name":"Accueil","item":"https:\/\/2023.benoit-barbagli.com\/en\/"},{"@type":"ListItem","position":2,"name":"selected art work","item":"http:\/\/2023.benoit-barbagli.com\/en\/selected-art-work\/"},{"@type":"ListItem","position":3,"name":"actes"}]}]}},"_links":{"self":[{"href":"https:\/\/2023.benoit-barbagli.com\/en\/wp-json\/wp\/v2\/pages\/1062"}],"collection":[{"href":"https:\/\/2023.benoit-barbagli.com\/en\/wp-json\/wp\/v2\/pages"}],"about":[{"href":"https:\/\/2023.benoit-barbagli.com\/en\/wp-json\/wp\/v2\/types\/page"}],"author":[{"embeddable":true,"href":"https:\/\/2023.benoit-barbagli.com\/en\/wp-json\/wp\/v2\/users\/1"}],"replies":[{"embeddable":true,"href":"https:\/\/2023.benoit-barbagli.com\/en\/wp-json\/wp\/v2\/comments?post=1062"}],"version-history":[{"count":0,"href":"https:\/\/2023.benoit-barbagli.com\/en\/wp-json\/wp\/v2\/pages\/1062\/revisions"}],"up":[{"embeddable":true,"href":"https:\/\/2023.benoit-barbagli.com\/en\/wp-json\/wp\/v2\/pages\/1084"}],"wp:featuredmedia":[{"embeddable":true,"href":"https:\/\/2023.benoit-barbagli.com\/en\/wp-json\/wp\/v2\/media\/75230"}],"wp:attachment":[{"href":"https:\/\/2023.benoit-barbagli.com\/en\/wp-json\/wp\/v2\/media?parent=1062"}],"curies":[{"name":"wp","href":"https:\/\/api.w.org\/{rel}","templated":true}]}}