{"id":1078,"date":"2019-04-24T13:46:10","date_gmt":"2019-04-24T13:46:10","guid":{"rendered":"http:\/\/2023.benoit-barbagli.com\/friends\/"},"modified":"2022-04-23T10:20:36","modified_gmt":"2022-04-23T10:20:36","slug":"friends","status":"publish","type":"page","link":"http:\/\/2023.benoit-barbagli.com\/en\/friends\/","title":{"rendered":"Friends"},"content":{"rendered":"<p>[vc_row row_type=&#8221;row&#8221; use_row_as_full_screen_section=&#8221;no&#8221; type=&#8221;full_width&#8221; text_align=&#8221;left&#8221; background_animation=&#8221;none&#8221; css_animation=&#8221;&#8221;][\/vc_row][vc_column][\/vc_column][vc_column_text]<\/p>\n<h6><\/h6>\n<p>If you are a friend of mine and you can&#8217;t find yourself send me a message.<\/p>\n<p>&nbsp;<\/p>\n<p>My artist friends:<\/p>\n<p><a href=\"http:\/\/toesie.fr\/\">Tristan Blumel<\/a><\/p>\n<p><a href=\"https:\/\/www.instagram.com\/aimeefleury\/\">Aimee Fleury<\/a><\/p>\n<p><a href=\"https:\/\/www.mona-barbagli.com\/\">Mona Barbagli<\/a><\/p>\n<p><a href=\"http:\/\/lauratinard.com\/\">Laura Tinard<\/a><\/p>\n<p><span class=\"s1\"><a href=\"https:\/\/www.camillefranchguerra.com\/\">Camille Franch Guerra<\/a><\/span><\/p>\n<p class=\"p1\"><span class=\"s1\"><a href=\"https:\/\/www.instagram.com\/evan.bourgeau.ok\/\">Evan Bourgeau <\/a><\/span><\/p>\n<p class=\"p1\"><a href=\"http:\/\/florent-testa.com\/\"><span class=\"s1\">Florent Testa<\/span><\/a><\/p>\n<p><a href=\"https:\/\/eva-vautier.com\/art\/tom-barbagli\/\">Tom Barbagli<\/a><\/p>\n<p><a href=\"http:\/\/www.mathildefernandez.com\/\" target=\"_blank\" rel=\"noreferrer noopener\">Mathilde Fernandez<\/a><\/p>\n<p><a href=\"http:\/\/www.davidperreard.fr\/Index.html\" target=\"_blank\" rel=\"noreferrer noopener\">David Perr\u00e9ard<\/a><\/p>\n<p><a href=\"http:\/\/www.documentsdartistes.org\/cesar\">Baptist Cesar<\/a><\/p>\n<p><a href=\"https:\/\/www.maximeduveau.com\/\">Maxime Duveau<\/a><\/p>\n<p><a href=\"https:\/\/cargocollective.com\/magalihalter\">Magalie Halter<\/a><\/p>\n<p><a href=\"http:\/\/simonnicolas.fr\/\" target=\"_blank\" rel=\"noreferrer noopener\">Simon Nicholas<\/a><\/p>\n<p><a href=\"http:\/\/www.mathieualary.com\/\" target=\"_blank\" rel=\"noreferrer noopener\">Mathieu Alary<\/a><\/p>\n<p><a href=\"https:\/\/rafaelalopez.net\/\">Rafaela Lopez<\/a><\/p>\n<p><a href=\"http:\/\/cargocollective.com\/mariellechabal\" target=\"_blank\" rel=\"noreferrer noopener\">Marielle Chabal<\/a><\/p>\n<p><a href=\"http:\/\/cargocollective.com\/guepardesimpuissantes\" target=\"_blank\" rel=\"noreferrer noopener\">Alice Guitard<\/a><\/p>\n<p><a href=\"http:\/\/juliebuffardmoret.com\/\" target=\"_blank\" rel=\"noreferrer noopener\">Julie Buffard-Moret<\/a><\/p>\n<p><a href=\"http:\/\/iommysanchez.tumblr.com\/\" target=\"_blank\" rel=\"noreferrer noopener\">Iommy Sanchez<\/a><\/p>\n<p><a href=\"http:\/\/www.remiamiot.com\/\" target=\"_blank\" rel=\"noreferrer noopener\">Remi Amiot<\/a><\/p>\n<p><a href=\"http:\/\/www.gillianbrett.fr\/\" target=\"_blank\" rel=\"noreferrer noopener\">Gillian Brett<\/a><\/p>\n<p><a href=\"http:\/\/julietteliautaud.com\/\" target=\"_blank\" rel=\"noreferrer noopener\">Juliette Liautaud<\/a><\/p>\n<p><a href=\"http:\/\/cargocollective.com\/nephelibarbas\/\" target=\"_blank\" rel=\"noreferrer noopener\">Nepheli Barbas<\/a><\/p>\n<p><a href=\"http:\/\/www.mirial.fr\/\" target=\"_blank\" rel=\"noreferrer noopener\">Anthony Mirial<\/a><\/p>\n<p><a href=\"http:\/\/www.felixbourgeau.fr\/\" target=\"_blank\" rel=\"noreferrer noopener\">Felix Bourgeau<\/a><\/p>\n<p><a href=\"http:\/\/remivoche.com\/\" target=\"_blank\" rel=\"noreferrer noopener\">Remi Voche<\/a><\/p>\n<p><a href=\"http:\/\/www.g-r-a-m-m-e.fr\/\" target=\"_blank\" rel=\"noreferrer noopener\">GRAM<\/a><\/p>\n<p><a href=\"http:\/\/www.maiaizzo.com\/\" target=\"_blank\" rel=\"noreferrer noopener\">Maia Izzo<\/a><\/p>\n<p><a href=\"http:\/\/chloesassi.tumblr.com\/\" target=\"_blank\" rel=\"noreferrer noopener\">Chloe Sassi<\/a><\/p>\n<p><a href=\"http:\/\/www.annelaure-wuillai.com\/\">Anne-laure-wuillai<\/a><\/p>\n<p><a href=\"http:\/\/www.aureliencornutgentille.com\/\" target=\"_blank\" rel=\"noreferrer noopener\">Aurelien Cornutgentille<\/a><\/p>\n<p><a href=\"https:\/\/eva-vautier.com\/art\/omar-rodriguez-sanmartin\/\">Omar Rodriguez Sanmartin<\/a><\/p>\n<p>&nbsp;<\/p>\n<p>My curator friends:<\/p>\n<p><a href=\"http:\/\/www.rebeccafrancois.org\/\">Rebecca Francois<\/a><\/p>\n<p><!-- \/wp:heading -->&nbsp;<\/p>\n<p>&nbsp;<\/p>\n<p>&nbsp;<\/p>\n<p>[\/vc_column_text][vc_row row_type=&#8221;row&#8221; use_row_as_full_screen_section=&#8221;no&#8221; type=&#8221;full_width&#8221; text_align=&#8221;left&#8221; background_animation=&#8221;none&#8221; css_animation=&#8221;&#8221;][vc_column][vc_empty_space][\/vc_column][\/vc_row]<\/p>\n","protected":false},"excerpt":{"rendered":"<p>[vc_row row_type=&#8221;row&#8221; use_row_as_full_screen_section=&#8221;no&#8221; type=&#8221;full_width&#8221; text_align=&#8221;left&#8221; background_animation=&#8221;none&#8221; css_animation=&#8221;&#8221;][\/vc_row][vc_column][\/vc_column][vc_column_text] If you are a friend of mine and you can&#8217;t find yourself send me a message. &nbsp; My artist friends: Tristan Blumel Aimee Fleury Mona Barbagli Laura Tinard Camille Franch Guerra Evan Bourgeau Florent Testa Tom Barbagli Mathilde&#8230;<\/p>\n","protected":false},"author":1,"featured_media":75230,"parent":0,"menu_order":0,"comment_status":"closed","ping_status":"closed","template":"","meta":{"inline_featured_image":false,"footnotes":""},"yoast_head":"<!-- This site is optimized with the Yoast SEO plugin v19.2 - https:\/\/yoast.com\/wordpress\/plugins\/seo\/ -->\n<title>Friends - Benoit-barbagli.com<\/title>\n<meta name=\"description\" content=\"Benoit Barbagli vit et travaille \u00e0 ParisIng\u00e9nieur en technologie conceptuelle, \u00e9labore un r\u00e9seau de transmission de pens\u00e9es \u00e0 distance sans interface interm\u00e9diaire. Une technologie qui agit comme un lubrifiant sur les mots et les choses, entre les gestes et les \u00e9motions, pour les assouplir et les connecter. Il utilise pour y parvenir l\u2019amour et la vie.\" \/>\n<meta name=\"robots\" content=\"index, follow, max-snippet:-1, max-image-preview:large, max-video-preview:-1\" \/>\n<link rel=\"canonical\" href=\"http:\/\/2023.benoit-barbagli.com\/en\/friends\/\" \/>\n<meta property=\"og:locale\" content=\"en_US\" \/>\n<meta property=\"og:type\" content=\"article\" \/>\n<meta property=\"og:title\" content=\"Friends - Benoit-barbagli.com\" \/>\n<meta property=\"og:description\" content=\"Benoit Barbagli vit et travaille \u00e0 ParisIng\u00e9nieur en technologie conceptuelle, \u00e9labore un r\u00e9seau de transmission de pens\u00e9es \u00e0 distance sans interface interm\u00e9diaire. Une technologie qui agit comme un lubrifiant sur les mots et les choses, entre les gestes et les \u00e9motions, pour les assouplir et les connecter. Il utilise pour y parvenir l\u2019amour et la vie.\" \/>\n<meta property=\"og:url\" content=\"http:\/\/2023.benoit-barbagli.com\/en\/friends\/\" \/>\n<meta property=\"og:site_name\" content=\"Benoit-barbagli.com\" \/>\n<meta property=\"article:modified_time\" content=\"2022-04-23T10:20:36+00:00\" \/>\n<meta property=\"og:image\" content=\"https:\/\/2023.benoit-barbagli.com\/wp-content\/uploads\/2019\/05\/DSC02317-scaled.jpg\" \/>\n\t<meta property=\"og:image:width\" content=\"2560\" \/>\n\t<meta property=\"og:image:height\" content=\"1630\" \/>\n\t<meta property=\"og:image:type\" content=\"image\/jpeg\" \/>\n<meta name=\"author\" content=\"benoitbarbagli\" \/>\n<meta name=\"twitter:card\" content=\"summary_large_image\" \/>\n<meta name=\"twitter:label1\" content=\"Est. reading time\" \/>\n\t<meta name=\"twitter:data1\" content=\"1 minute\" \/>\n<!-- \/ Yoast SEO plugin. -->","yoast_head_json":{"title":"Friends - Benoit-barbagli.com","description":"Benoit Barbagli vit et travaille \u00e0 ParisIng\u00e9nieur en technologie conceptuelle, \u00e9labore un r\u00e9seau de transmission de pens\u00e9es \u00e0 distance sans interface interm\u00e9diaire. Une technologie qui agit comme un lubrifiant sur les mots et les choses, entre les gestes et les \u00e9motions, pour les assouplir et les connecter. Il utilise pour y parvenir l\u2019amour et la vie.","robots":{"index":"index","follow":"follow","max-snippet":"max-snippet:-1","max-image-preview":"max-image-preview:large","max-video-preview":"max-video-preview:-1"},"canonical":"http:\/\/2023.benoit-barbagli.com\/en\/friends\/","og_locale":"en_US","og_type":"article","og_title":"Friends - Benoit-barbagli.com","og_description":"Benoit Barbagli vit et travaille \u00e0 ParisIng\u00e9nieur en technologie conceptuelle, \u00e9labore un r\u00e9seau de transmission de pens\u00e9es \u00e0 distance sans interface interm\u00e9diaire. Une technologie qui agit comme un lubrifiant sur les mots et les choses, entre les gestes et les \u00e9motions, pour les assouplir et les connecter. Il utilise pour y parvenir l\u2019amour et la vie.","og_url":"http:\/\/2023.benoit-barbagli.com\/en\/friends\/","og_site_name":"Benoit-barbagli.com","article_modified_time":"2022-04-23T10:20:36+00:00","og_image":[{"width":2560,"height":1630,"url":"https:\/\/2023.benoit-barbagli.com\/wp-content\/uploads\/2019\/05\/DSC02317-scaled.jpg","type":"image\/jpeg"}],"author":"benoitbarbagli","twitter_card":"summary_large_image","twitter_misc":{"Est. reading time":"1 minute"},"schema":{"@context":"https:\/\/schema.org","@graph":[{"@type":["Person","Organization"],"@id":"https:\/\/2023.benoit-barbagli.com\/#\/schema\/person\/413a50e5dd6129de03df354d73c4ffaf","name":"benoitbarbagli","image":{"@type":"ImageObject","inLanguage":"en-US","@id":"https:\/\/2023.benoit-barbagli.com\/#\/schema\/person\/image\/","url":"http:\/\/benoit-barbagli.com\/wp-content\/uploads\/2020\/07\/Catha-scaled.jpg","contentUrl":"http:\/\/benoit-barbagli.com\/wp-content\/uploads\/2020\/07\/Catha-scaled.jpg","width":2560,"height":1440,"caption":"benoitbarbagli"},"logo":{"@id":"https:\/\/2023.benoit-barbagli.com\/#\/schema\/person\/image\/"}},{"@type":"WebSite","@id":"https:\/\/2023.benoit-barbagli.com\/#website","url":"https:\/\/2023.benoit-barbagli.com\/","name":"Benoit-barbagli.com","description":"Sous le chaos, la vie","publisher":{"@id":"https:\/\/2023.benoit-barbagli.com\/#\/schema\/person\/413a50e5dd6129de03df354d73c4ffaf"},"potentialAction":[{"@type":"SearchAction","target":{"@type":"EntryPoint","urlTemplate":"https:\/\/2023.benoit-barbagli.com\/?s={search_term_string}"},"query-input":"required name=search_term_string"}],"inLanguage":"en-US"},{"@type":"ImageObject","inLanguage":"en-US","@id":"http:\/\/2023.benoit-barbagli.com\/en\/friends\/#primaryimage","url":"https:\/\/2023.benoit-barbagli.com\/wp-content\/uploads\/https:\/\/www.torinoggi.it\/2022\/04\/09\/leggi-notizia\/argomenti\/eventi-11\/articolo\/palazzo-saluzzo-paesana-riapre-dopo-due-anni-con-la-personale-nouvelle-vague-di-benoit-barbagli.html","contentUrl":"https:\/\/2023.benoit-barbagli.com\/wp-content\/uploads\/https:\/\/www.torinoggi.it\/2022\/04\/09\/leggi-notizia\/argomenti\/eventi-11\/articolo\/palazzo-saluzzo-paesana-riapre-dopo-due-anni-con-la-personale-nouvelle-vague-di-benoit-barbagli.html"},{"@type":"WebPage","@id":"http:\/\/2023.benoit-barbagli.com\/en\/friends\/#webpage","url":"http:\/\/2023.benoit-barbagli.com\/en\/friends\/","name":"Friends - Benoit-barbagli.com","isPartOf":{"@id":"https:\/\/2023.benoit-barbagli.com\/#website"},"primaryImageOfPage":{"@id":"http:\/\/2023.benoit-barbagli.com\/en\/friends\/#primaryimage"},"datePublished":"2019-04-24T13:46:10+00:00","dateModified":"2022-04-23T10:20:36+00:00","description":"Benoit Barbagli vit et travaille \u00e0 ParisIng\u00e9nieur en technologie conceptuelle, \u00e9labore un r\u00e9seau de transmission de pens\u00e9es \u00e0 distance sans interface interm\u00e9diaire. Une technologie qui agit comme un lubrifiant sur les mots et les choses, entre les gestes et les \u00e9motions, pour les assouplir et les connecter. Il utilise pour y parvenir l\u2019amour et la vie.","breadcrumb":{"@id":"http:\/\/2023.benoit-barbagli.com\/en\/friends\/#breadcrumb"},"inLanguage":"en-US","potentialAction":[{"@type":"ReadAction","target":["http:\/\/2023.benoit-barbagli.com\/en\/friends\/"]}]},{"@type":"BreadcrumbList","@id":"http:\/\/2023.benoit-barbagli.com\/en\/friends\/#breadcrumb","itemListElement":[{"@type":"ListItem","position":1,"name":"Accueil","item":"https:\/\/2023.benoit-barbagli.com\/en\/"},{"@type":"ListItem","position":2,"name":"Friends"}]}]}},"_links":{"self":[{"href":"https:\/\/2023.benoit-barbagli.com\/en\/wp-json\/wp\/v2\/pages\/1078"}],"collection":[{"href":"https:\/\/2023.benoit-barbagli.com\/en\/wp-json\/wp\/v2\/pages"}],"about":[{"href":"https:\/\/2023.benoit-barbagli.com\/en\/wp-json\/wp\/v2\/types\/page"}],"author":[{"embeddable":true,"href":"https:\/\/2023.benoit-barbagli.com\/en\/wp-json\/wp\/v2\/users\/1"}],"replies":[{"embeddable":true,"href":"https:\/\/2023.benoit-barbagli.com\/en\/wp-json\/wp\/v2\/comments?post=1078"}],"version-history":[{"count":3,"href":"https:\/\/2023.benoit-barbagli.com\/en\/wp-json\/wp\/v2\/pages\/1078\/revisions"}],"predecessor-version":[{"id":76375,"href":"https:\/\/2023.benoit-barbagli.com\/en\/wp-json\/wp\/v2\/pages\/1078\/revisions\/76375"}],"wp:featuredmedia":[{"embeddable":true,"href":"https:\/\/2023.benoit-barbagli.com\/en\/wp-json\/wp\/v2\/media\/75230"}],"wp:attachment":[{"href":"https:\/\/2023.benoit-barbagli.com\/en\/wp-json\/wp\/v2\/media?parent=1078"}],"curies":[{"name":"wp","href":"https:\/\/api.w.org\/{rel}","templated":true}]}}