{"id":1079,"date":"2019-07-09T09:50:25","date_gmt":"2019-07-09T09:50:25","guid":{"rendered":"http:\/\/2023.benoit-barbagli.com\/instagram\/"},"modified":"2019-07-09T09:50:25","modified_gmt":"2019-07-09T09:50:25","slug":"instagram","status":"publish","type":"page","link":"http:\/\/2023.benoit-barbagli.com\/en\/instagram\/","title":{"rendered":"instagram feed"},"content":{"rendered":"\r\n<div id=\"sb_instagram\"  class=\"sbi sbi_mob_col_1 sbi_tab_col_2 sbi_col_4 sbi_width_resp\" style=\"padding-bottom: 10px;\" data-feedid=\"*1\"  data-res=\"auto\" data-cols=\"4\" data-colsmobile=\"1\" data-colstablet=\"2\" data-num=\"20\" data-nummobile=\"20\" data-shortcode-atts=\"{}\"  data-postid=\"1079\" data-locatornonce=\"3d517e8dd4\" data-sbi-flags=\"favorLocal\">\r\n\t\r\n    <div id=\"sbi_images\"  style=\"padding: 5px;\">\r\n\t\t    <\/div>\r\n\r\n\t<div id=\"sbi_load\" >\r\n\r\n\t\r\n\t\t\t<span class=\"sbi_follow_btn sbi_custom\">\r\n        <a href=\"https:\/\/www.instagram.com\/mid_fine\/\" style=\"background: rgb(64,139,209);\" target=\"_blank\" rel=\"nofollow noopener\">\r\n            <svg class=\"svg-inline--fa fa-instagram fa-w-14\" aria-hidden=\"true\" data-fa-processed=\"\" aria-label=\"Instagram\" data-prefix=\"fab\" data-icon=\"instagram\" role=\"img\" viewBox=\"0 0 448 512\">\n\t                <path fill=\"currentColor\" d=\"M224.1 141c-63.6 0-114.9 51.3-114.9 114.9s51.3 114.9 114.9 114.9S339 319.5 339 255.9 287.7 141 224.1 141zm0 189.6c-41.1 0-74.7-33.5-74.7-74.7s33.5-74.7 74.7-74.7 74.7 33.5 74.7 74.7-33.6 74.7-74.7 74.7zm146.4-194.3c0 14.9-12 26.8-26.8 26.8-14.9 0-26.8-12-26.8-26.8s12-26.8 26.8-26.8 26.8 12 26.8 26.8zm76.1 27.2c-1.7-35.9-9.9-67.7-36.2-93.9-26.2-26.2-58-34.4-93.9-36.2-37-2.1-147.9-2.1-184.9 0-35.8 1.7-67.6 9.9-93.9 36.1s-34.4 58-36.2 93.9c-2.1 37-2.1 147.9 0 184.9 1.7 35.9 9.9 67.7 36.2 93.9s58 34.4 93.9 36.2c37 2.1 147.9 2.1 184.9 0 35.9-1.7 67.7-9.9 93.9-36.2 26.2-26.2 34.4-58 36.2-93.9 2.1-37 2.1-147.8 0-184.8zM398.8 388c-7.8 19.6-22.9 34.7-42.6 42.6-29.5 11.7-99.5 9-132.1 9s-102.7 2.6-132.1-9c-19.6-7.8-34.7-22.9-42.6-42.6-11.7-29.5-9-99.5-9-132.1s-2.6-102.7 9-132.1c7.8-19.6 22.9-34.7 42.6-42.6 29.5-11.7 99.5-9 132.1-9s102.7-2.6 132.1 9c19.6 7.8 34.7 22.9 42.6 42.6 11.7 29.5 9 99.5 9 132.1s2.7 102.7-9 132.1z\"><\/path>\n\t            <\/svg>            <span>Follow on Instagram<\/span>\r\n        <\/a>\r\n    <\/span>\r\n\t\r\n<\/div>\r\n\r\n\t    <span class=\"sbi_resized_image_data\" data-feed-id=\"*1\" data-resized=\"[]\">\n\t<\/span>\n\t<\/div>\r\n\r\n\n<p>&nbsp;<\/p>\n","protected":false},"excerpt":{"rendered":"<p>&nbsp;<\/p>\n","protected":false},"author":1,"featured_media":75230,"parent":0,"menu_order":0,"comment_status":"closed","ping_status":"closed","template":"","meta":{"inline_featured_image":false,"footnotes":""},"yoast_head":"<!-- This site is optimized with the Yoast SEO plugin v19.2 - https:\/\/yoast.com\/wordpress\/plugins\/seo\/ -->\n<title>instagram feed - Benoit-barbagli.com<\/title>\n<meta name=\"description\" content=\"Benoit Barbagli vit et travaille \u00e0 ParisIng\u00e9nieur en technologie conceptuelle, \u00e9labore un r\u00e9seau de transmission de pens\u00e9es \u00e0 distance sans interface interm\u00e9diaire. Une technologie qui agit comme un lubrifiant sur les mots et les choses, entre les gestes et les \u00e9motions, pour les assouplir et les connecter. Il utilise pour y parvenir l\u2019amour et la vie.\" \/>\n<meta name=\"robots\" content=\"index, follow, max-snippet:-1, max-image-preview:large, max-video-preview:-1\" \/>\n<link rel=\"canonical\" href=\"http:\/\/2023.benoit-barbagli.com\/en\/instagram\/\" \/>\n<meta property=\"og:locale\" content=\"en_US\" \/>\n<meta property=\"og:type\" content=\"article\" \/>\n<meta property=\"og:title\" content=\"instagram feed - Benoit-barbagli.com\" \/>\n<meta property=\"og:description\" content=\"Benoit Barbagli vit et travaille \u00e0 ParisIng\u00e9nieur en technologie conceptuelle, \u00e9labore un r\u00e9seau de transmission de pens\u00e9es \u00e0 distance sans interface interm\u00e9diaire. Une technologie qui agit comme un lubrifiant sur les mots et les choses, entre les gestes et les \u00e9motions, pour les assouplir et les connecter. Il utilise pour y parvenir l\u2019amour et la vie.\" \/>\n<meta property=\"og:url\" content=\"http:\/\/2023.benoit-barbagli.com\/en\/instagram\/\" \/>\n<meta property=\"og:site_name\" content=\"Benoit-barbagli.com\" \/>\n<meta property=\"og:image\" content=\"https:\/\/2023.benoit-barbagli.com\/wp-content\/uploads\/2019\/05\/DSC02317-scaled.jpg\" \/>\n\t<meta property=\"og:image:width\" content=\"2560\" \/>\n\t<meta property=\"og:image:height\" content=\"1630\" \/>\n\t<meta property=\"og:image:type\" content=\"image\/jpeg\" \/>\n<meta name=\"author\" content=\"benoitbarbagli\" \/>\n<meta name=\"twitter:card\" content=\"summary_large_image\" \/>\n<!-- \/ Yoast SEO plugin. -->","yoast_head_json":{"title":"instagram feed - Benoit-barbagli.com","description":"Benoit Barbagli vit et travaille \u00e0 ParisIng\u00e9nieur en technologie conceptuelle, \u00e9labore un r\u00e9seau de transmission de pens\u00e9es \u00e0 distance sans interface interm\u00e9diaire. Une technologie qui agit comme un lubrifiant sur les mots et les choses, entre les gestes et les \u00e9motions, pour les assouplir et les connecter. Il utilise pour y parvenir l\u2019amour et la vie.","robots":{"index":"index","follow":"follow","max-snippet":"max-snippet:-1","max-image-preview":"max-image-preview:large","max-video-preview":"max-video-preview:-1"},"canonical":"http:\/\/2023.benoit-barbagli.com\/en\/instagram\/","og_locale":"en_US","og_type":"article","og_title":"instagram feed - Benoit-barbagli.com","og_description":"Benoit Barbagli vit et travaille \u00e0 ParisIng\u00e9nieur en technologie conceptuelle, \u00e9labore un r\u00e9seau de transmission de pens\u00e9es \u00e0 distance sans interface interm\u00e9diaire. Une technologie qui agit comme un lubrifiant sur les mots et les choses, entre les gestes et les \u00e9motions, pour les assouplir et les connecter. Il utilise pour y parvenir l\u2019amour et la vie.","og_url":"http:\/\/2023.benoit-barbagli.com\/en\/instagram\/","og_site_name":"Benoit-barbagli.com","og_image":[{"width":2560,"height":1630,"url":"https:\/\/2023.benoit-barbagli.com\/wp-content\/uploads\/2019\/05\/DSC02317-scaled.jpg","type":"image\/jpeg"}],"author":"benoitbarbagli","twitter_card":"summary_large_image","schema":{"@context":"https:\/\/schema.org","@graph":[{"@type":["Person","Organization"],"@id":"https:\/\/2023.benoit-barbagli.com\/#\/schema\/person\/413a50e5dd6129de03df354d73c4ffaf","name":"benoitbarbagli","image":{"@type":"ImageObject","inLanguage":"en-US","@id":"https:\/\/2023.benoit-barbagli.com\/#\/schema\/person\/image\/","url":"http:\/\/benoit-barbagli.com\/wp-content\/uploads\/2020\/07\/Catha-scaled.jpg","contentUrl":"http:\/\/benoit-barbagli.com\/wp-content\/uploads\/2020\/07\/Catha-scaled.jpg","width":2560,"height":1440,"caption":"benoitbarbagli"},"logo":{"@id":"https:\/\/2023.benoit-barbagli.com\/#\/schema\/person\/image\/"}},{"@type":"WebSite","@id":"https:\/\/2023.benoit-barbagli.com\/#website","url":"https:\/\/2023.benoit-barbagli.com\/","name":"Benoit-barbagli.com","description":"Sous le chaos, la vie","publisher":{"@id":"https:\/\/2023.benoit-barbagli.com\/#\/schema\/person\/413a50e5dd6129de03df354d73c4ffaf"},"potentialAction":[{"@type":"SearchAction","target":{"@type":"EntryPoint","urlTemplate":"https:\/\/2023.benoit-barbagli.com\/?s={search_term_string}"},"query-input":"required name=search_term_string"}],"inLanguage":"en-US"},{"@type":"ImageObject","inLanguage":"en-US","@id":"http:\/\/2023.benoit-barbagli.com\/en\/instagram\/#primaryimage","url":"https:\/\/2023.benoit-barbagli.com\/wp-content\/uploads\/https:\/\/www.torinoggi.it\/2022\/04\/09\/leggi-notizia\/argomenti\/eventi-11\/articolo\/palazzo-saluzzo-paesana-riapre-dopo-due-anni-con-la-personale-nouvelle-vague-di-benoit-barbagli.html","contentUrl":"https:\/\/2023.benoit-barbagli.com\/wp-content\/uploads\/https:\/\/www.torinoggi.it\/2022\/04\/09\/leggi-notizia\/argomenti\/eventi-11\/articolo\/palazzo-saluzzo-paesana-riapre-dopo-due-anni-con-la-personale-nouvelle-vague-di-benoit-barbagli.html"},{"@type":"WebPage","@id":"http:\/\/2023.benoit-barbagli.com\/en\/instagram\/#webpage","url":"http:\/\/2023.benoit-barbagli.com\/en\/instagram\/","name":"instagram feed - Benoit-barbagli.com","isPartOf":{"@id":"https:\/\/2023.benoit-barbagli.com\/#website"},"primaryImageOfPage":{"@id":"http:\/\/2023.benoit-barbagli.com\/en\/instagram\/#primaryimage"},"datePublished":"2019-07-09T09:50:25+00:00","dateModified":"2019-07-09T09:50:25+00:00","description":"Benoit Barbagli vit et travaille \u00e0 ParisIng\u00e9nieur en technologie conceptuelle, \u00e9labore un r\u00e9seau de transmission de pens\u00e9es \u00e0 distance sans interface interm\u00e9diaire. Une technologie qui agit comme un lubrifiant sur les mots et les choses, entre les gestes et les \u00e9motions, pour les assouplir et les connecter. Il utilise pour y parvenir l\u2019amour et la vie.","breadcrumb":{"@id":"http:\/\/2023.benoit-barbagli.com\/en\/instagram\/#breadcrumb"},"inLanguage":"en-US","potentialAction":[{"@type":"ReadAction","target":["http:\/\/2023.benoit-barbagli.com\/en\/instagram\/"]}]},{"@type":"BreadcrumbList","@id":"http:\/\/2023.benoit-barbagli.com\/en\/instagram\/#breadcrumb","itemListElement":[{"@type":"ListItem","position":1,"name":"Accueil","item":"https:\/\/2023.benoit-barbagli.com\/en\/"},{"@type":"ListItem","position":2,"name":"instagram feed"}]}]}},"_links":{"self":[{"href":"https:\/\/2023.benoit-barbagli.com\/en\/wp-json\/wp\/v2\/pages\/1079"}],"collection":[{"href":"https:\/\/2023.benoit-barbagli.com\/en\/wp-json\/wp\/v2\/pages"}],"about":[{"href":"https:\/\/2023.benoit-barbagli.com\/en\/wp-json\/wp\/v2\/types\/page"}],"author":[{"embeddable":true,"href":"https:\/\/2023.benoit-barbagli.com\/en\/wp-json\/wp\/v2\/users\/1"}],"replies":[{"embeddable":true,"href":"https:\/\/2023.benoit-barbagli.com\/en\/wp-json\/wp\/v2\/comments?post=1079"}],"version-history":[{"count":0,"href":"https:\/\/2023.benoit-barbagli.com\/en\/wp-json\/wp\/v2\/pages\/1079\/revisions"}],"wp:featuredmedia":[{"embeddable":true,"href":"https:\/\/2023.benoit-barbagli.com\/en\/wp-json\/wp\/v2\/media\/75230"}],"wp:attachment":[{"href":"https:\/\/2023.benoit-barbagli.com\/en\/wp-json\/wp\/v2\/media?parent=1079"}],"curies":[{"name":"wp","href":"https:\/\/api.w.org\/{rel}","templated":true}]}}