{"id":1117,"date":"2019-04-24T13:14:38","date_gmt":"2019-04-24T13:14:38","guid":{"rendered":"http:\/\/2023.benoit-barbagli.com\/about\/gallery-2\/"},"modified":"2019-04-24T13:14:38","modified_gmt":"2019-04-24T13:14:38","slug":"gallery","status":"publish","type":"page","link":"https:\/\/2023.benoit-barbagli.com\/en\/about\/gallery\/","title":{"rendered":"gallery"},"content":{"rendered":"<p>[vc_row row_type=&#8221;row&#8221; use_row_as_full_screen_section=&#8221;no&#8221; type=&#8221;full_width&#8221; text_align=&#8221;left&#8221; background_animation=&#8221;none&#8221; css_animation=&#8221;&#8221;][vc_column][vc_column_text]<\/p>\n<h2 style=\"text-align: center;\"><img decoding=\"async\" loading=\"lazy\" class=\"wp-image-24463 alignleft\" src=\"http:\/\/2023.benoit-barbagli.com\/wp-content\/uploads\/2016\/09\/Logo-Galerie-Eva-Vautier.jpg\" alt=\"\" width=\"250\" height=\"29\" \/><\/h2>\n<p>[\/vc_column_text][\/vc_column][\/vc_row][vc_row row_type=&#8221;row&#8221; use_row_as_full_screen_section=&#8221;no&#8221; type=&#8221;full_width&#8221; text_align=&#8221;left&#8221; background_animation=&#8221;none&#8221; css_animation=&#8221;&#8221; css=&#8221;.vc_custom_1556206039671{margin-right: 10px !important;border-radius: 15px !important;}&#8221;][vc_column][vc_empty_space][vc_column_text]<span style=\"font-family: helveticaneuelight; font-size: 10pt;\">Artiste co-fondateur &amp; commissaire, \u00e0 la <a href=\"http:\/\/eva-vautier.com\">Galerie Eva Vautier<\/a> , Nice<\/span>[\/vc_column_text][vc_empty_space][vc_column_text]<span style=\"font-family: helveticaneuelight; font-size: 10pt;\">Galerie Eva Vautier<\/span><\/p>\n<p><span style=\"font-family: helveticaneuelight; font-size: 10pt;\">\u20282 rue vernier\u2028<\/span><\/p>\n<p><span style=\"font-family: helveticaneuelight; font-size: 10pt;\">Quartier Lib\u00e9ration<\/span><\/p>\n<p><span style=\"font-family: helveticaneuelight; font-size: 10pt;\">\u202806000 Nice\u2028<\/span><\/p>\n<p><span style=\"font-family: helveticaneuelight; font-size: 10pt;\">Tel 09 80 84 96 73<\/span><\/p>\n<p><span style=\"font-family: helveticaneuelight; font-size: 10pt;\">\u2028Tel 06 07 25 14 08<\/span>[\/vc_column_text][vc_empty_space][vc_column_text]<a href=\"http:\/\/2023.benoit-barbagli.com\/wp-content\/uploads\/2018\/04\/logo-galerie-bertheas.png\"><img decoding=\"async\" loading=\"lazy\" class=\" wp-image-24552 alignleft\" src=\"http:\/\/2023.benoit-barbagli.com\/wp-content\/uploads\/2018\/04\/logo-galerie-bertheas.png\" alt=\"\" width=\"243\" height=\"51\" \/><\/a>[\/vc_column_text][\/vc_column][\/vc_row][vc_row row_type=&#8221;row&#8221; use_row_as_full_screen_section=&#8221;no&#8221; type=&#8221;full_width&#8221; text_align=&#8221;left&#8221; background_animation=&#8221;none&#8221; css_animation=&#8221;&#8221;][vc_column][\/vc_column][\/vc_row][vc_row row_type=&#8221;row&#8221; use_row_as_full_screen_section=&#8221;no&#8221; type=&#8221;full_width&#8221; text_align=&#8221;left&#8221; background_animation=&#8221;none&#8221; css_animation=&#8221;&#8221; css=&#8221;.vc_custom_1556206188924{border-top-width: 0px !important;border-right-width: 0px !important;border-bottom-width: 0px !important;border-left-width: 0px !important;border-left-color: #000000 !important;border-left-style: solid !important;border-right-color: #000000 !important;border-right-style: solid !important;border-top-color: #000000 !important;border-top-style: solid !important;border-bottom-color: #000000 !important;border-bottom-style: solid !important;border-radius: 15px !important;}&#8221;][vc_column][vc_empty_space][vc_column_text]<span style=\"font-family: helveticaneuelight; font-size: 10pt;\">Artiste repr\u00e9sent\u00e9 par la <a href=\"http:\/\/www.galerie-les-tournesols.fr\/\">Galerie Bertheas<\/a> &#8211; Saint-Etienne, Vichi, Paris\u00a0<\/span>[\/vc_column_text][vc_empty_space][vc_column_text css=&#8221;.vc_custom_1556206829848{border-radius: 3px !important;}&#8221;]<span style=\"font-size: 10pt; font-family: helveticaneuelight;\">PARIS<\/span><\/p>\n<div>\n<div id=\"u37037-39\" data-ice-editable=\"html\" data-ice-options=\"disableImageResize,none\" data-muse-uid=\"U37037\">\n<p class=\"text-spacing-sm\"><span style=\"font-family: helveticaneuelight; font-size: 10pt;\">76, rue de Turenne 75003<\/span><br \/>\n<span style=\"font-family: helveticaneuelight; font-size: 10pt;\">01 42 71 73 51 &#8211; 06 13 57 11 80<\/span><br \/>\n<span style=\"font-family: helveticaneuelight; font-size: 10pt;\">paris@galeriebertheas.fr<\/span><\/p>\n<p>&nbsp;<\/p>\n<p><span style=\"font-family: helveticaneuelight; font-size: 10pt;\">________________________<\/span><\/p>\n<p><span style=\"font-family: helveticaneuelight; font-size: 10pt;\">SAINT-ETIENNE<\/span><\/p>\n<p class=\"text-spacing-sm\"><span style=\"font-family: helveticaneuelight; font-size: 10pt;\">1 &amp; 2 place Maxime Gorki 42000<\/span><br \/>\n<span style=\"font-family: helveticaneuelight; font-size: 10pt;\">04 77 41 80 77 &#8211; 06 14 75 05 48<\/span><br \/>\n<span style=\"font-family: helveticaneuelight; font-size: 10pt;\">saint-etienne@galeriebertheas.fr<\/span><\/p>\n<p>&nbsp;<\/p>\n<p><span style=\"font-family: helveticaneuelight; font-size: 10pt;\">_________________________<\/span><\/p>\n<p><span style=\"font-family: helveticaneuelight; font-size: 10pt;\">VICHY<\/span><\/p>\n<p class=\"text-spacing-sm\"><span style=\"font-family: helveticaneuelight; font-size: 10pt;\">23, rue du Parc 03200<\/span><br \/>\n<span style=\"font-family: helveticaneuelight; font-size: 10pt;\">04 70 31 74 08 &#8211; 06 89 95 59 13<\/span><br \/>\n<span style=\"font-family: helveticaneuelight; font-size: 10pt;\">vichy@galeriebertheas.fr<\/span><\/p>\n<\/div>\n<\/div>\n<p>[\/vc_column_text][\/vc_column][\/vc_row][vc_row row_type=&#8221;row&#8221; use_row_as_full_screen_section=&#8221;no&#8221; type=&#8221;full_width&#8221; text_align=&#8221;left&#8221; background_animation=&#8221;none&#8221; css_animation=&#8221;&#8221;][vc_column][\/vc_column][\/vc_row]<\/p>\n","protected":false},"excerpt":{"rendered":"<p>[vc_row row_type=&#8221;row&#8221; use_row_as_full_screen_section=&#8221;no&#8221; type=&#8221;full_width&#8221; text_align=&#8221;left&#8221; background_animation=&#8221;none&#8221; css_animation=&#8221;&#8221;][vc_column][vc_column_text] [\/vc_column_text][\/vc_column][\/vc_row][vc_row row_type=&#8221;row&#8221; use_row_as_full_screen_section=&#8221;no&#8221; type=&#8221;full_width&#8221; text_align=&#8221;left&#8221; background_animation=&#8221;none&#8221; css_animation=&#8221;&#8221; css=&#8221;.vc_custom_1556206039671{margin-right: 10px !important;border-radius: 15px !important;}&#8221;][vc_column][vc_empty_space][vc_column_text]Artiste co-fondateur &amp; commissaire, \u00e0 la Galerie Eva Vautier , Nice[\/vc_column_text][vc_empty_space][vc_column_text]Galerie Eva Vautier \u20282 rue vernier\u2028 Quartier Lib\u00e9ration \u202806000 Nice\u2028 Tel 09 80 84 96 73 \u2028Tel&#8230;<\/p>\n","protected":false},"author":1,"featured_media":75230,"parent":1086,"menu_order":0,"comment_status":"closed","ping_status":"closed","template":"","meta":{"inline_featured_image":false,"footnotes":""},"yoast_head":"<!-- This site is optimized with the Yoast SEO plugin v19.2 - https:\/\/yoast.com\/wordpress\/plugins\/seo\/ -->\n<title>gallery - Benoit-barbagli.com<\/title>\n<meta name=\"description\" content=\"Benoit Barbagli vit et travaille \u00e0 ParisIng\u00e9nieur en technologie conceptuelle, \u00e9labore un r\u00e9seau de transmission de pens\u00e9es \u00e0 distance sans interface interm\u00e9diaire. Une technologie qui agit comme un lubrifiant sur les mots et les choses, entre les gestes et les \u00e9motions, pour les assouplir et les connecter. Il utilise pour y parvenir l\u2019amour et la vie.\" \/>\n<meta name=\"robots\" content=\"index, follow, max-snippet:-1, max-image-preview:large, max-video-preview:-1\" \/>\n<link rel=\"canonical\" href=\"https:\/\/2023.benoit-barbagli.com\/en\/about\/gallery\/\" \/>\n<meta property=\"og:locale\" content=\"en_US\" \/>\n<meta property=\"og:type\" content=\"article\" \/>\n<meta property=\"og:title\" content=\"gallery - Benoit-barbagli.com\" \/>\n<meta property=\"og:description\" content=\"Benoit Barbagli vit et travaille \u00e0 ParisIng\u00e9nieur en technologie conceptuelle, \u00e9labore un r\u00e9seau de transmission de pens\u00e9es \u00e0 distance sans interface interm\u00e9diaire. Une technologie qui agit comme un lubrifiant sur les mots et les choses, entre les gestes et les \u00e9motions, pour les assouplir et les connecter. Il utilise pour y parvenir l\u2019amour et la vie.\" \/>\n<meta property=\"og:url\" content=\"https:\/\/2023.benoit-barbagli.com\/en\/about\/gallery\/\" \/>\n<meta property=\"og:site_name\" content=\"Benoit-barbagli.com\" \/>\n<meta property=\"og:image\" content=\"https:\/\/2023.benoit-barbagli.com\/wp-content\/uploads\/2019\/05\/DSC02317-scaled.jpg\" \/>\n\t<meta property=\"og:image:width\" content=\"2560\" \/>\n\t<meta property=\"og:image:height\" content=\"1630\" \/>\n\t<meta property=\"og:image:type\" content=\"image\/jpeg\" \/>\n<meta name=\"author\" content=\"benoitbarbagli\" \/>\n<meta name=\"twitter:card\" content=\"summary_large_image\" \/>\n<meta name=\"twitter:label1\" content=\"Est. reading time\" \/>\n\t<meta name=\"twitter:data1\" content=\"2 minutes\" \/>\n<!-- \/ Yoast SEO plugin. -->","yoast_head_json":{"title":"gallery - Benoit-barbagli.com","description":"Benoit Barbagli vit et travaille \u00e0 ParisIng\u00e9nieur en technologie conceptuelle, \u00e9labore un r\u00e9seau de transmission de pens\u00e9es \u00e0 distance sans interface interm\u00e9diaire. Une technologie qui agit comme un lubrifiant sur les mots et les choses, entre les gestes et les \u00e9motions, pour les assouplir et les connecter. Il utilise pour y parvenir l\u2019amour et la vie.","robots":{"index":"index","follow":"follow","max-snippet":"max-snippet:-1","max-image-preview":"max-image-preview:large","max-video-preview":"max-video-preview:-1"},"canonical":"https:\/\/2023.benoit-barbagli.com\/en\/about\/gallery\/","og_locale":"en_US","og_type":"article","og_title":"gallery - Benoit-barbagli.com","og_description":"Benoit Barbagli vit et travaille \u00e0 ParisIng\u00e9nieur en technologie conceptuelle, \u00e9labore un r\u00e9seau de transmission de pens\u00e9es \u00e0 distance sans interface interm\u00e9diaire. Une technologie qui agit comme un lubrifiant sur les mots et les choses, entre les gestes et les \u00e9motions, pour les assouplir et les connecter. Il utilise pour y parvenir l\u2019amour et la vie.","og_url":"https:\/\/2023.benoit-barbagli.com\/en\/about\/gallery\/","og_site_name":"Benoit-barbagli.com","og_image":[{"width":2560,"height":1630,"url":"https:\/\/2023.benoit-barbagli.com\/wp-content\/uploads\/2019\/05\/DSC02317-scaled.jpg","type":"image\/jpeg"}],"author":"benoitbarbagli","twitter_card":"summary_large_image","twitter_misc":{"Est. reading time":"2 minutes"},"schema":{"@context":"https:\/\/schema.org","@graph":[{"@type":["Person","Organization"],"@id":"https:\/\/2023.benoit-barbagli.com\/#\/schema\/person\/413a50e5dd6129de03df354d73c4ffaf","name":"benoitbarbagli","image":{"@type":"ImageObject","inLanguage":"en-US","@id":"https:\/\/2023.benoit-barbagli.com\/#\/schema\/person\/image\/","url":"http:\/\/benoit-barbagli.com\/wp-content\/uploads\/2020\/07\/Catha-scaled.jpg","contentUrl":"http:\/\/benoit-barbagli.com\/wp-content\/uploads\/2020\/07\/Catha-scaled.jpg","width":2560,"height":1440,"caption":"benoitbarbagli"},"logo":{"@id":"https:\/\/2023.benoit-barbagli.com\/#\/schema\/person\/image\/"}},{"@type":"WebSite","@id":"https:\/\/2023.benoit-barbagli.com\/#website","url":"https:\/\/2023.benoit-barbagli.com\/","name":"Benoit-barbagli.com","description":"Sous le chaos, la vie","publisher":{"@id":"https:\/\/2023.benoit-barbagli.com\/#\/schema\/person\/413a50e5dd6129de03df354d73c4ffaf"},"potentialAction":[{"@type":"SearchAction","target":{"@type":"EntryPoint","urlTemplate":"https:\/\/2023.benoit-barbagli.com\/?s={search_term_string}"},"query-input":"required name=search_term_string"}],"inLanguage":"en-US"},{"@type":"ImageObject","inLanguage":"en-US","@id":"https:\/\/2023.benoit-barbagli.com\/en\/about\/gallery\/#primaryimage","url":"https:\/\/2023.benoit-barbagli.com\/wp-content\/uploads\/https:\/\/www.torinoggi.it\/2022\/04\/09\/leggi-notizia\/argomenti\/eventi-11\/articolo\/palazzo-saluzzo-paesana-riapre-dopo-due-anni-con-la-personale-nouvelle-vague-di-benoit-barbagli.html","contentUrl":"https:\/\/2023.benoit-barbagli.com\/wp-content\/uploads\/https:\/\/www.torinoggi.it\/2022\/04\/09\/leggi-notizia\/argomenti\/eventi-11\/articolo\/palazzo-saluzzo-paesana-riapre-dopo-due-anni-con-la-personale-nouvelle-vague-di-benoit-barbagli.html"},{"@type":"WebPage","@id":"https:\/\/2023.benoit-barbagli.com\/en\/about\/gallery\/#webpage","url":"https:\/\/2023.benoit-barbagli.com\/en\/about\/gallery\/","name":"gallery - Benoit-barbagli.com","isPartOf":{"@id":"https:\/\/2023.benoit-barbagli.com\/#website"},"primaryImageOfPage":{"@id":"https:\/\/2023.benoit-barbagli.com\/en\/about\/gallery\/#primaryimage"},"datePublished":"2019-04-24T13:14:38+00:00","dateModified":"2019-04-24T13:14:38+00:00","description":"Benoit Barbagli vit et travaille \u00e0 ParisIng\u00e9nieur en technologie conceptuelle, \u00e9labore un r\u00e9seau de transmission de pens\u00e9es \u00e0 distance sans interface interm\u00e9diaire. Une technologie qui agit comme un lubrifiant sur les mots et les choses, entre les gestes et les \u00e9motions, pour les assouplir et les connecter. Il utilise pour y parvenir l\u2019amour et la vie.","breadcrumb":{"@id":"https:\/\/2023.benoit-barbagli.com\/en\/about\/gallery\/#breadcrumb"},"inLanguage":"en-US","potentialAction":[{"@type":"ReadAction","target":["https:\/\/2023.benoit-barbagli.com\/en\/about\/gallery\/"]}]},{"@type":"BreadcrumbList","@id":"https:\/\/2023.benoit-barbagli.com\/en\/about\/gallery\/#breadcrumb","itemListElement":[{"@type":"ListItem","position":1,"name":"Accueil","item":"https:\/\/2023.benoit-barbagli.com\/en\/"},{"@type":"ListItem","position":2,"name":"about","item":"http:\/\/2023.benoit-barbagli.com\/en\/about\/"},{"@type":"ListItem","position":3,"name":"gallery"}]}]}},"_links":{"self":[{"href":"https:\/\/2023.benoit-barbagli.com\/en\/wp-json\/wp\/v2\/pages\/1117"}],"collection":[{"href":"https:\/\/2023.benoit-barbagli.com\/en\/wp-json\/wp\/v2\/pages"}],"about":[{"href":"https:\/\/2023.benoit-barbagli.com\/en\/wp-json\/wp\/v2\/types\/page"}],"author":[{"embeddable":true,"href":"https:\/\/2023.benoit-barbagli.com\/en\/wp-json\/wp\/v2\/users\/1"}],"replies":[{"embeddable":true,"href":"https:\/\/2023.benoit-barbagli.com\/en\/wp-json\/wp\/v2\/comments?post=1117"}],"version-history":[{"count":0,"href":"https:\/\/2023.benoit-barbagli.com\/en\/wp-json\/wp\/v2\/pages\/1117\/revisions"}],"up":[{"embeddable":true,"href":"https:\/\/2023.benoit-barbagli.com\/en\/wp-json\/wp\/v2\/pages\/1086"}],"wp:featuredmedia":[{"embeddable":true,"href":"https:\/\/2023.benoit-barbagli.com\/en\/wp-json\/wp\/v2\/media\/75230"}],"wp:attachment":[{"href":"https:\/\/2023.benoit-barbagli.com\/en\/wp-json\/wp\/v2\/media?parent=1117"}],"curies":[{"name":"wp","href":"https:\/\/api.w.org\/{rel}","templated":true}]}}