{"id":73422,"date":"2021-03-22T10:41:21","date_gmt":"2021-03-22T10:41:21","guid":{"rendered":"http:\/\/2023.benoit-barbagli.com\/?page_id=73422"},"modified":"2022-04-23T10:32:36","modified_gmt":"2022-04-23T10:32:36","slug":"cv","status":"publish","type":"page","link":"http:\/\/2023.benoit-barbagli.com\/en\/cv\/","title":{"rendered":"resume"},"content":{"rendered":"<p class=\"p1\">Benoit Barbagli<span class=\"Apple-converted-space\"> <\/span><\/p>\n<p class=\"p3\">Born in 1988 in Nice.<\/p>\n<p class=\"p3\">Lives and works between Paris and Nice.<\/p>\n<p class=\"p4\">Personal exhibitions<\/p>\n<p class=\"p3\">2022 <i>New Wave, Palazzo Saluzzo Paesana,<\/i> Turin, Italy<\/p>\n<p class=\"p3\">2021 <i>Beneath Chaos Life<\/i> , Galerie Mansard, Paris<\/p>\n<p class=\"p3\">2021 <i>The sea at work<\/i> , Cultural Center of Port-Lympia, Nice<\/p>\n<p class=\"p3\">2021 <i>Ecotopia &#8211; Interview<\/i> , Chateau de lCh\u00e2teau de la Napoule, Mandelieu-la-Napoule<\/p>\n<p class=\"p3\">2020 <i>90\u00b0 above the fire<\/i> , Hotel Windsor, Nice<\/p>\n<p class=\"p3\">2020 <i>Alive<\/i> , Chateau de la Napoule, Mandelieu-la-Napoule<\/p>\n<p class=\"p3\">2015 <i>Telepathy<\/i> chamber, SuperVue, Hotel Burrhus, Vaison-la-Romaine<\/p>\n<p class=\"p3\">2015<span class=\"Apple-converted-space\">  <\/span><i>In a second of inspiration<\/i> , exterior facade of MAMAC and TNN, Nice<\/p>\n<p class=\"p3\">Exhibition produced as part of the R\u00e9veillons-Nous festival organized by Irina Brook<\/p>\n<p class=\"p3\">2015<span class=\"Apple-converted-space\">  <\/span><i>A kind of metaphor like the (planet) Earth<\/i> , Paris 18th<\/p>\n<p class=\"p3\">Exhibition produced in partnership with the Association Diameter, Traveling Gallery<\/p>\n<p class=\"p3\">2015 <i>Here the earth<\/i> , Rosalina, Nice<span class=\"Apple-converted-space\"> <\/span><\/p>\n<p class=\"p3\">Exhibition created as part of a Botox(s) event<\/p>\n<p class=\"p4\">Duo exhibitions<\/p>\n<p class=\"p3\">2022 <i>OceanBloom<\/i> , Ilieana Tounta, Athens, Greece<span class=\"Apple-converted-space\">  <\/span>(with Eri Dimitriali)<span class=\"Apple-converted-space\"> <\/span><\/p>\n<p class=\"p3\">2018 <i>Emosophia<\/i> , curated by Caterina Zevola Open Bach,<span class=\"Apple-converted-space\">  <\/span>Paris (with Bertrand Lanthiez)<\/p>\n<p class=\"p3\">2017 <i>Behind the Sea<\/i> , Galerie de Beuil, Beuil (with Anne-laure Wuillai)<span class=\"Apple-converted-space\"> <\/span><\/p>\n<p class=\"p4\">Exhibitions with the Palam Collective<\/p>\n<p class=\"p3\">2021 <i>Or\u00e9es<\/i> , Villa Cameline, Nice<\/p>\n<p class=\"p3\">2020 <i>Under the ice water<\/i> , Caisse d&#8217;\u00e9pargne de Nice Mass\u00e9na, Nice,<span class=\"Apple-converted-space\"> <\/span><\/p>\n<p class=\"p3\">2020 <i>In the presence of<\/i> , Sainte-Elisabeth Chapel, Villefranche-sur-Mer<\/p>\n<p class=\"p3\">2019 <i>Azimuth<\/i> , Galerie Eva Vautier, Nice, and the FRAC PACA within the framework of Marches and approaches<\/p>\n<p class=\"p4\">Collective exhibitions<\/p>\n<p class=\"p3\">2021 <i>Art on the Horizon<span class=\"Apple-converted-space\">  <\/span><\/i>The Conciergerie, La Motte-Servolex<\/p>\n<p class=\"p3\">2020 <i>Fire walk with m<\/i> e, Naif Art Museum, Nice<\/p>\n<p class=\"p3\">2019 <i>Nopoto<\/i> , BelOeil, Nice<\/p>\n<p class=\"p3\">2019 <i>Building<\/i> , villa Le Roc Fleury, Cap d&#8217;Ail<span class=\"Apple-converted-space\"> <\/span><\/p>\n<p class=\"p3\">2019 <i>Life is a movie<\/i> , 109, Nice<\/p>\n<p class=\"p3\">2019 <i>100 titles<\/i> , BelOeil, Nice<span class=\"Apple-converted-space\"> <\/span><\/p>\n<p class=\"p3\">2018 <i>With pleasure<\/i> , Eva Vautier Gallery, Nice<\/p>\n<p class=\"p3\">2018 <i>Memory and the sea<\/i> , curated by Rebecca Fran\u00e7ois, Nice<\/p>\n<p class=\"p3\">2018 <i>Private Choice<\/i> , curated by Nadia Candet,<span class=\"Apple-converted-space\">  <\/span>Paris<\/p>\n<p class=\"p3\">2018 <i>A collection 5<\/i> , curated by Camille Frasca, Paris<\/p>\n<p class=\"p3\">2017 <i>Nothing is lost&#8230;.<\/i> , curated by Camille Frasca, Paris<span class=\"Apple-converted-space\"> <\/span><\/p>\n<p class=\"p3\">2017 <i>A collection<\/i> , curated by Camille Frasca, Nice<span class=\"Apple-converted-space\"> <\/span><\/p>\n<p class=\"p3\">2016 <i>An ideal palace of strange egos<\/i> ,<span class=\"Apple-converted-space\">  <\/span>Postman Cheval&#8217;s ideal palace, Hauterives<\/p>\n<p class=\"p3\">2015 <i>Odyssey<\/i> , La Marine Gallery, Nice<\/p>\n<p class=\"p3\">Exhibition organized by Villa Arson, 2015 graduate students<\/p>\n<p class=\"p3\">2014<span class=\"Apple-converted-space\">  <\/span><i>Competent Bodies<\/i> , Villa Arson Art Center, Nice<span class=\"Apple-converted-space\"> <\/span><\/p>\n<p class=\"p3\">2013<span class=\"Apple-converted-space\">  <\/span><i>Work in progress<\/i> , Eva Vautier Gallery, Nice<span class=\"Apple-converted-space\"> <\/span><\/p>\n<p class=\"p3\">Group exhibition and curatorship organized in partnership with Eva Vautier<\/p>\n<p class=\"p3\">2013 <i>Manca<\/i> , performance concert, MAMAC, Nice<\/p>\n<p class=\"p4\">Performance \/Workshops\/ Residences<\/p>\n<p class=\"p3\">2019 <i>Polychrome<\/i> , Utopia residence, Ponte-Leccia, Haute-Corse<\/p>\n<p class=\"p3\">2018 <i>School of Nice \u2013 From Pop Art to Happenings<\/i> , Hong-Kong, French May 2018, direction of a workshop on performance as a representative of the School of Nice.<\/p>\n<p class=\"p3\">2013 <i>Avatar, workshop<\/i> ,<span class=\"Apple-converted-space\">  <\/span>Laval University School of Art, Quebec, Direction Pascal Broccolichi and Julie Faubert<\/p>\n<p class=\"p3\">2012-2013, <i>Competent bodies<\/i> , workshops, HEAD, Geneva, Switzerland under the direction of Arnaud Label Rojoux, Patrice Blouin and Christophe Kihm<\/p>\n<p class=\"p3\">2011 <i>FLUXUS concert<\/i> , MOMA performance with Ben Vautier<\/p>\n<p class=\"p4\">Fairs and Festivals<span class=\"Apple-converted-space\"> <\/span><\/p>\n<p class=\"p3\">2021 Sud <i>Emergence<\/i> Prize, Ovni Festival, Nice<\/p>\n<p class=\"p3\">2021 <i>Poush manifesto<\/i> , Ovni Festival, Paris<\/p>\n<p class=\"p3\">2019 <i>DrawingNow<\/i> , Paris, Eva Vautier Gallery,<span class=\"Apple-converted-space\"> <\/span><\/p>\n<p class=\"p3\">2018 <i>ArtParis<\/i> , Paris, Bertheas Gallery,<span class=\"Apple-converted-space\"> <\/span><\/p>\n<p class=\"p4\">Permanent presentation<\/p>\n<p class=\"p3\">Bertheas Gallery, Vichy, Saint-Etienne, Paris<span class=\"Apple-converted-space\"> <\/span><\/p>\n<p class=\"p3\">Eva Vautier Gallery, Nice<\/p>\n<p class=\"p4\">Publications<\/p>\n<p class=\"p3\">2022 <i>Ten Years of Love<\/i> (future release)<\/p>\n<p class=\"p3\">2019 <i>Ecotopia<\/i> , book on the ecotopia project<span class=\"Apple-converted-space\"> <\/span><\/p>\n<p class=\"p3\">2014 <i>Here the earth<\/i> , the dissertation, Final dissertation directed by Joseph Mouton and Thomas Golsen, Villa Arson, Nice<\/p>\n<p class=\"p3\">2015 <i>Ici la terre<\/i> , the expedition, Co-edition for the project Ici la terre, produced with texts by Tristan Blumel<\/p>\n<p class=\"p4\">Trainings<\/p>\n<p class=\"p3\">2015, DNSEP, Villa Arson, National School of Fine Arts of Nice<\/p>\n<p class=\"p3\">2013, DNAP, Villa Arson, National School of Fine Arts of Nice<\/p>\n<p class=\"p3\">2011, License III Philosophy, University of Nice Sophia Antipolis<span class=\"Apple-converted-space\"> <\/span><\/p>\n<p class=\"p3\">Registered at the Maison des Artistes, siret number: 79392808600016<\/p>\n","protected":false},"excerpt":{"rendered":"<p>Benoit Barbagli Born in 1988 in Nice. Lives and works between Paris and Nice. Personal exhibitions 2022 New Wave, Palazzo Saluzzo Paesana, Turin, Italy 2021 Beneath Chaos Life , Galerie Mansard, Paris 2021 The sea at work , Cultural Center of Port-Lympia, Nice 2021 Ecotopia&#8230;<\/p>\n","protected":false},"author":1,"featured_media":75230,"parent":0,"menu_order":0,"comment_status":"closed","ping_status":"closed","template":"","meta":{"inline_featured_image":false,"footnotes":""},"yoast_head":"<!-- This site is optimized with the Yoast SEO plugin v19.2 - https:\/\/yoast.com\/wordpress\/plugins\/seo\/ -->\n<title>resume - Benoit-barbagli.com<\/title>\n<meta name=\"description\" content=\"Benoit Barbagli vit et travaille \u00e0 ParisIng\u00e9nieur en technologie conceptuelle, \u00e9labore un r\u00e9seau de transmission de pens\u00e9es \u00e0 distance sans interface interm\u00e9diaire. Une technologie qui agit comme un lubrifiant sur les mots et les choses, entre les gestes et les \u00e9motions, pour les assouplir et les connecter. Il utilise pour y parvenir l\u2019amour et la vie.\" \/>\n<meta name=\"robots\" content=\"index, follow, max-snippet:-1, max-image-preview:large, max-video-preview:-1\" \/>\n<link rel=\"canonical\" href=\"http:\/\/2023.benoit-barbagli.com\/en\/cv\/\" \/>\n<meta property=\"og:locale\" content=\"en_US\" \/>\n<meta property=\"og:type\" content=\"article\" \/>\n<meta property=\"og:title\" content=\"resume - Benoit-barbagli.com\" \/>\n<meta property=\"og:description\" content=\"Benoit Barbagli vit et travaille \u00e0 ParisIng\u00e9nieur en technologie conceptuelle, \u00e9labore un r\u00e9seau de transmission de pens\u00e9es \u00e0 distance sans interface interm\u00e9diaire. Une technologie qui agit comme un lubrifiant sur les mots et les choses, entre les gestes et les \u00e9motions, pour les assouplir et les connecter. Il utilise pour y parvenir l\u2019amour et la vie.\" \/>\n<meta property=\"og:url\" content=\"http:\/\/2023.benoit-barbagli.com\/en\/cv\/\" \/>\n<meta property=\"og:site_name\" content=\"Benoit-barbagli.com\" \/>\n<meta property=\"article:modified_time\" content=\"2022-04-23T10:32:36+00:00\" \/>\n<meta property=\"og:image\" content=\"https:\/\/2023.benoit-barbagli.com\/wp-content\/uploads\/2019\/05\/DSC02317-scaled.jpg\" \/>\n\t<meta property=\"og:image:width\" content=\"2560\" \/>\n\t<meta property=\"og:image:height\" content=\"1630\" \/>\n\t<meta property=\"og:image:type\" content=\"image\/jpeg\" \/>\n<meta name=\"author\" content=\"benoitbarbagli\" \/>\n<meta name=\"twitter:card\" content=\"summary_large_image\" \/>\n<meta name=\"twitter:label1\" content=\"Est. reading time\" \/>\n\t<meta name=\"twitter:data1\" content=\"3 minutes\" \/>\n<!-- \/ Yoast SEO plugin. -->","yoast_head_json":{"title":"resume - Benoit-barbagli.com","description":"Benoit Barbagli vit et travaille \u00e0 ParisIng\u00e9nieur en technologie conceptuelle, \u00e9labore un r\u00e9seau de transmission de pens\u00e9es \u00e0 distance sans interface interm\u00e9diaire. Une technologie qui agit comme un lubrifiant sur les mots et les choses, entre les gestes et les \u00e9motions, pour les assouplir et les connecter. Il utilise pour y parvenir l\u2019amour et la vie.","robots":{"index":"index","follow":"follow","max-snippet":"max-snippet:-1","max-image-preview":"max-image-preview:large","max-video-preview":"max-video-preview:-1"},"canonical":"http:\/\/2023.benoit-barbagli.com\/en\/cv\/","og_locale":"en_US","og_type":"article","og_title":"resume - Benoit-barbagli.com","og_description":"Benoit Barbagli vit et travaille \u00e0 ParisIng\u00e9nieur en technologie conceptuelle, \u00e9labore un r\u00e9seau de transmission de pens\u00e9es \u00e0 distance sans interface interm\u00e9diaire. Une technologie qui agit comme un lubrifiant sur les mots et les choses, entre les gestes et les \u00e9motions, pour les assouplir et les connecter. Il utilise pour y parvenir l\u2019amour et la vie.","og_url":"http:\/\/2023.benoit-barbagli.com\/en\/cv\/","og_site_name":"Benoit-barbagli.com","article_modified_time":"2022-04-23T10:32:36+00:00","og_image":[{"width":2560,"height":1630,"url":"https:\/\/2023.benoit-barbagli.com\/wp-content\/uploads\/2019\/05\/DSC02317-scaled.jpg","type":"image\/jpeg"}],"author":"benoitbarbagli","twitter_card":"summary_large_image","twitter_misc":{"Est. reading time":"3 minutes"},"schema":{"@context":"https:\/\/schema.org","@graph":[{"@type":["Person","Organization"],"@id":"https:\/\/2023.benoit-barbagli.com\/#\/schema\/person\/413a50e5dd6129de03df354d73c4ffaf","name":"benoitbarbagli","image":{"@type":"ImageObject","inLanguage":"en-US","@id":"https:\/\/2023.benoit-barbagli.com\/#\/schema\/person\/image\/","url":"http:\/\/benoit-barbagli.com\/wp-content\/uploads\/2020\/07\/Catha-scaled.jpg","contentUrl":"http:\/\/benoit-barbagli.com\/wp-content\/uploads\/2020\/07\/Catha-scaled.jpg","width":2560,"height":1440,"caption":"benoitbarbagli"},"logo":{"@id":"https:\/\/2023.benoit-barbagli.com\/#\/schema\/person\/image\/"}},{"@type":"WebSite","@id":"https:\/\/2023.benoit-barbagli.com\/#website","url":"https:\/\/2023.benoit-barbagli.com\/","name":"Benoit-barbagli.com","description":"Sous le chaos, la vie","publisher":{"@id":"https:\/\/2023.benoit-barbagli.com\/#\/schema\/person\/413a50e5dd6129de03df354d73c4ffaf"},"potentialAction":[{"@type":"SearchAction","target":{"@type":"EntryPoint","urlTemplate":"https:\/\/2023.benoit-barbagli.com\/?s={search_term_string}"},"query-input":"required name=search_term_string"}],"inLanguage":"en-US"},{"@type":"ImageObject","inLanguage":"en-US","@id":"http:\/\/2023.benoit-barbagli.com\/en\/cv\/#primaryimage","url":"https:\/\/2023.benoit-barbagli.com\/wp-content\/uploads\/https:\/\/www.torinoggi.it\/2022\/04\/09\/leggi-notizia\/argomenti\/eventi-11\/articolo\/palazzo-saluzzo-paesana-riapre-dopo-due-anni-con-la-personale-nouvelle-vague-di-benoit-barbagli.html","contentUrl":"https:\/\/2023.benoit-barbagli.com\/wp-content\/uploads\/https:\/\/www.torinoggi.it\/2022\/04\/09\/leggi-notizia\/argomenti\/eventi-11\/articolo\/palazzo-saluzzo-paesana-riapre-dopo-due-anni-con-la-personale-nouvelle-vague-di-benoit-barbagli.html"},{"@type":"WebPage","@id":"http:\/\/2023.benoit-barbagli.com\/en\/cv\/#webpage","url":"http:\/\/2023.benoit-barbagli.com\/en\/cv\/","name":"resume - Benoit-barbagli.com","isPartOf":{"@id":"https:\/\/2023.benoit-barbagli.com\/#website"},"primaryImageOfPage":{"@id":"http:\/\/2023.benoit-barbagli.com\/en\/cv\/#primaryimage"},"datePublished":"2021-03-22T10:41:21+00:00","dateModified":"2022-04-23T10:32:36+00:00","description":"Benoit Barbagli vit et travaille \u00e0 ParisIng\u00e9nieur en technologie conceptuelle, \u00e9labore un r\u00e9seau de transmission de pens\u00e9es \u00e0 distance sans interface interm\u00e9diaire. Une technologie qui agit comme un lubrifiant sur les mots et les choses, entre les gestes et les \u00e9motions, pour les assouplir et les connecter. Il utilise pour y parvenir l\u2019amour et la vie.","breadcrumb":{"@id":"http:\/\/2023.benoit-barbagli.com\/en\/cv\/#breadcrumb"},"inLanguage":"en-US","potentialAction":[{"@type":"ReadAction","target":["http:\/\/2023.benoit-barbagli.com\/en\/cv\/"]}]},{"@type":"BreadcrumbList","@id":"http:\/\/2023.benoit-barbagli.com\/en\/cv\/#breadcrumb","itemListElement":[{"@type":"ListItem","position":1,"name":"Accueil","item":"https:\/\/2023.benoit-barbagli.com\/en\/"},{"@type":"ListItem","position":2,"name":"resume"}]}]}},"_links":{"self":[{"href":"https:\/\/2023.benoit-barbagli.com\/en\/wp-json\/wp\/v2\/pages\/73422"}],"collection":[{"href":"https:\/\/2023.benoit-barbagli.com\/en\/wp-json\/wp\/v2\/pages"}],"about":[{"href":"https:\/\/2023.benoit-barbagli.com\/en\/wp-json\/wp\/v2\/types\/page"}],"author":[{"embeddable":true,"href":"https:\/\/2023.benoit-barbagli.com\/en\/wp-json\/wp\/v2\/users\/1"}],"replies":[{"embeddable":true,"href":"https:\/\/2023.benoit-barbagli.com\/en\/wp-json\/wp\/v2\/comments?post=73422"}],"version-history":[{"count":2,"href":"https:\/\/2023.benoit-barbagli.com\/en\/wp-json\/wp\/v2\/pages\/73422\/revisions"}],"predecessor-version":[{"id":76478,"href":"https:\/\/2023.benoit-barbagli.com\/en\/wp-json\/wp\/v2\/pages\/73422\/revisions\/76478"}],"wp:featuredmedia":[{"embeddable":true,"href":"https:\/\/2023.benoit-barbagli.com\/en\/wp-json\/wp\/v2\/media\/75230"}],"wp:attachment":[{"href":"https:\/\/2023.benoit-barbagli.com\/en\/wp-json\/wp\/v2\/media?parent=73422"}],"curies":[{"name":"wp","href":"https:\/\/api.w.org\/{rel}","templated":true}]}}