{"id":73424,"date":"2021-03-22T10:41:38","date_gmt":"2021-03-22T10:41:38","guid":{"rendered":"http:\/\/2023.benoit-barbagli.com\/?page_id=73424"},"modified":"2021-03-22T10:41:38","modified_gmt":"2021-03-22T10:41:38","slug":"charter-collector-facility","status":"publish","type":"page","link":"http:\/\/2023.benoit-barbagli.com\/en\/charter-collector-facility\/","title":{"rendered":"charter &#038; collector facility"},"content":{"rendered":"<p>[vc_row row_type=&#8221;row&#8221; use_row_as_full_screen_section=&#8221;no&#8221; type=&#8221;full_width&#8221; text_align=&#8221;left&#8221; background_animation=&#8221;none&#8221; css_animation=&#8221;&#8221; css=&#8221;.vc_custom_1562002893314{margin-right: 15% !important;margin-left: 15% !important;}&#8221;][vc_column][vc_column_text]<\/p>\n<h6>charter &amp; collector facility<\/h6>\n<p>[\/vc_column_text][vc_empty_space][vc_empty_space][vc_accordion active_tab=&#8221;1&#8243; collapsible=&#8221;yes&#8221; style=&#8221;boxed_toggle&#8221;][vc_accordion_tab title=&#8221;M\u00e9c\u00e9nat et soutient&#8221;][\/vc_accordion_tab][vc_accordion_tab title=&#8221;Certificat d&#8217;authenticit\u00e9&#8221;][\/vc_accordion_tab][vc_accordion_tab title=&#8221;Chatre photographique&#8221;][vc_column_text]Charte photographique de Benoit Barbagli<\/p>\n<p>Chaque photographies se s\u00e9parent en 4 cat\u00e9gories, Oeuvre originale , Edition limit\u00e9, Produit d\u00e9riv\u00e9 et \u00e9dition sp\u00e9cial.<\/p>\n<p>Une photographie peut-\u00eatre dans une ou plusieurs de ces cat\u00e9gories.<\/p>\n<p>L\u2019artiste fournie gratuitement un certificat d\u2019authenticit\u00e9, aux acqu\u00e9reur des oeuvres achet\u00e9 \u00e0 lui m\u00eame ou l\u2019une de ces galeries.<\/p>\n<p>&nbsp;<\/p>\n<p><strong>1 &#8211; L\u2019oeuvre originale: <\/strong><\/p>\n<p>Une photographie qui b\u00e9n\u00e9ficie d\u2019un certificat d\u2019authenticit\u00e9 sign\u00e9e et num\u00e9rot\u00e9, est consid\u00e9rer comme une oeuvre originale , et donc inscrit au catalogue raisonn\u00e9e.<\/p>\n<p>Le nombre maximum de tirage est limit\u00e9 \u00e0 5 et 2 \u00e9preuves d\u2019artiste.<\/p>\n<p>Cela peut-\u00eatre un nombre inf\u00e9rieur la photographie et le certificat le pr\u00e9cise. Certaine photos sont limit\u00e9 \u00e0 3, ou m\u00eame certaine sont unique.<\/p>\n<p>&nbsp;<\/p>\n<p><strong>2 &#8211; <\/strong><strong>Tirage limit<\/strong><strong>\u00e9e<\/strong>:<\/p>\n<p>Il est possible de faire pour chacune des photos, un tirage limit\u00e9 num\u00e9rot\u00e9 et sign\u00e9, au maximum de 30 exemplaire tout format confondu.<\/p>\n<p>Le nombre d\u2019exemplaires peut-\u00eatre inf\u00e9rieur si pr\u00e9ciser sur la photo.<\/p>\n<p>Un tirage limit\u00e9 est g\u00e9n\u00e9ralement li\u00e9 a une oeuvre originale.<\/p>\n<p>Le format du tirage limit\u00e9 ne peut \u00eatre plus grand que celui de l\u2019oeuvre originale.<\/p>\n<p>Elle ont le m\u00eame statut que les lithographies ou s\u00e9rigraphies, elles sont inscrite dans le catalogue raisonn\u00e9e, mais ne poss\u00e8de pas de certificat d\u2019authenticit\u00e9.<\/p>\n<p><strong>\u00a0<\/strong><\/p>\n<p><strong>3 &#8211; Produit d\u00e9riv\u00e9e <\/strong><\/p>\n<p>Une photo peut dans certain devenir un produit d\u00e9riv\u00e9e, Affiches Stickers\u2026..<\/p>\n<p>Ces produits de sont pas limit\u00e9s, Ils n\u2019ont en aucun cas une valeur qui d\u00e9pends de l\u2019artiste. il ne sont pas authentifi\u00e9 et n\u2019ont pas vocation \u00e0 l\u2019\u00eatre.<\/p>\n<p><strong>\u00a0<\/strong><\/p>\n<p><strong>\u00a0<\/strong><\/p>\n<p><strong>4 &#8211; Edition sp\u00e9<\/strong><strong>cial<\/strong><\/p>\n<p>L\u2019\u00e9dition sp\u00e9cial est un photo imprim\u00e9e pour une occasion sp\u00e9cifique, souvent de grande taille pour une exposition, elle est consid\u00e9r\u00e9 comme un model d\u2019exposition. Sauf exception elle n\u2019a pas vocation \u00e0 \u00eatre vendu.<\/p>\n<p>Il n\u2019est pas consid\u00e9r\u00e9 comme un originale et ne peut par cons\u00e9quent obtenir de certificat d\u2019authenticit\u00e9.<\/p>\n<p>Suivant les cas elle peut n\u00e9anmoins \u00eatre inscrite au catalogue raisonn\u00e9e.<\/p>\n<p>&nbsp;<\/p>\n<p>&nbsp;<\/p>\n<p>T\u00e9l\u00e9charger la charte sign\u00e9 en version pdf<\/p>\n<p>[\/vc_column_text][\/vc_accordion_tab][\/vc_accordion][\/vc_column][\/vc_row]<\/p>\n","protected":false},"excerpt":{"rendered":"<p>[vc_row row_type=&#8221;row&#8221; use_row_as_full_screen_section=&#8221;no&#8221; type=&#8221;full_width&#8221; text_align=&#8221;left&#8221; background_animation=&#8221;none&#8221; css_animation=&#8221;&#8221; css=&#8221;.vc_custom_1562002893314{margin-right: 15% !important;margin-left: 15% !important;}&#8221;][vc_column][vc_column_text] charter &amp; collector facility [\/vc_column_text][vc_empty_space][vc_empty_space][vc_accordion active_tab=&#8221;1&#8243; collapsible=&#8221;yes&#8221; style=&#8221;boxed_toggle&#8221;][vc_accordion_tab title=&#8221;M\u00e9c\u00e9nat et soutient&#8221;][\/vc_accordion_tab][vc_accordion_tab title=&#8221;Certificat d&#8217;authenticit\u00e9&#8221;][\/vc_accordion_tab][vc_accordion_tab title=&#8221;Chatre photographique&#8221;][vc_column_text]Charte photographique de Benoit Barbagli Chaque photographies se s\u00e9parent en 4 cat\u00e9gories, Oeuvre originale , Edition limit\u00e9, Produit d\u00e9riv\u00e9&#8230;<\/p>\n","protected":false},"author":1,"featured_media":75230,"parent":0,"menu_order":0,"comment_status":"closed","ping_status":"closed","template":"","meta":{"inline_featured_image":false,"footnotes":""},"yoast_head":"<!-- This site is optimized with the Yoast SEO plugin v19.2 - https:\/\/yoast.com\/wordpress\/plugins\/seo\/ -->\n<title>charter &amp; collector facility - Benoit-barbagli.com<\/title>\n<meta name=\"description\" content=\"Benoit Barbagli vit et travaille \u00e0 ParisIng\u00e9nieur en technologie conceptuelle, \u00e9labore un r\u00e9seau de transmission de pens\u00e9es \u00e0 distance sans interface interm\u00e9diaire. Une technologie qui agit comme un lubrifiant sur les mots et les choses, entre les gestes et les \u00e9motions, pour les assouplir et les connecter. Il utilise pour y parvenir l\u2019amour et la vie.\" \/>\n<meta name=\"robots\" content=\"index, follow, max-snippet:-1, max-image-preview:large, max-video-preview:-1\" \/>\n<link rel=\"canonical\" href=\"http:\/\/2023.benoit-barbagli.com\/en\/charter-collector-facility\/\" \/>\n<meta property=\"og:locale\" content=\"en_US\" \/>\n<meta property=\"og:type\" content=\"article\" \/>\n<meta property=\"og:title\" content=\"charter &amp; collector facility - Benoit-barbagli.com\" \/>\n<meta property=\"og:description\" content=\"Benoit Barbagli vit et travaille \u00e0 ParisIng\u00e9nieur en technologie conceptuelle, \u00e9labore un r\u00e9seau de transmission de pens\u00e9es \u00e0 distance sans interface interm\u00e9diaire. Une technologie qui agit comme un lubrifiant sur les mots et les choses, entre les gestes et les \u00e9motions, pour les assouplir et les connecter. Il utilise pour y parvenir l\u2019amour et la vie.\" \/>\n<meta property=\"og:url\" content=\"http:\/\/2023.benoit-barbagli.com\/en\/charter-collector-facility\/\" \/>\n<meta property=\"og:site_name\" content=\"Benoit-barbagli.com\" \/>\n<meta property=\"og:image\" content=\"https:\/\/2023.benoit-barbagli.com\/wp-content\/uploads\/2019\/05\/DSC02317-scaled.jpg\" \/>\n\t<meta property=\"og:image:width\" content=\"2560\" \/>\n\t<meta property=\"og:image:height\" content=\"1630\" \/>\n\t<meta property=\"og:image:type\" content=\"image\/jpeg\" \/>\n<meta name=\"author\" content=\"benoitbarbagli\" \/>\n<meta name=\"twitter:card\" content=\"summary_large_image\" \/>\n<meta name=\"twitter:label1\" content=\"Est. reading time\" \/>\n\t<meta name=\"twitter:data1\" content=\"2 minutes\" \/>\n<!-- \/ Yoast SEO plugin. -->","yoast_head_json":{"title":"charter & collector facility - Benoit-barbagli.com","description":"Benoit Barbagli vit et travaille \u00e0 ParisIng\u00e9nieur en technologie conceptuelle, \u00e9labore un r\u00e9seau de transmission de pens\u00e9es \u00e0 distance sans interface interm\u00e9diaire. Une technologie qui agit comme un lubrifiant sur les mots et les choses, entre les gestes et les \u00e9motions, pour les assouplir et les connecter. Il utilise pour y parvenir l\u2019amour et la vie.","robots":{"index":"index","follow":"follow","max-snippet":"max-snippet:-1","max-image-preview":"max-image-preview:large","max-video-preview":"max-video-preview:-1"},"canonical":"http:\/\/2023.benoit-barbagli.com\/en\/charter-collector-facility\/","og_locale":"en_US","og_type":"article","og_title":"charter & collector facility - Benoit-barbagli.com","og_description":"Benoit Barbagli vit et travaille \u00e0 ParisIng\u00e9nieur en technologie conceptuelle, \u00e9labore un r\u00e9seau de transmission de pens\u00e9es \u00e0 distance sans interface interm\u00e9diaire. Une technologie qui agit comme un lubrifiant sur les mots et les choses, entre les gestes et les \u00e9motions, pour les assouplir et les connecter. Il utilise pour y parvenir l\u2019amour et la vie.","og_url":"http:\/\/2023.benoit-barbagli.com\/en\/charter-collector-facility\/","og_site_name":"Benoit-barbagli.com","og_image":[{"width":2560,"height":1630,"url":"https:\/\/2023.benoit-barbagli.com\/wp-content\/uploads\/2019\/05\/DSC02317-scaled.jpg","type":"image\/jpeg"}],"author":"benoitbarbagli","twitter_card":"summary_large_image","twitter_misc":{"Est. reading time":"2 minutes"},"schema":{"@context":"https:\/\/schema.org","@graph":[{"@type":["Person","Organization"],"@id":"https:\/\/2023.benoit-barbagli.com\/#\/schema\/person\/413a50e5dd6129de03df354d73c4ffaf","name":"benoitbarbagli","image":{"@type":"ImageObject","inLanguage":"en-US","@id":"https:\/\/2023.benoit-barbagli.com\/#\/schema\/person\/image\/","url":"http:\/\/benoit-barbagli.com\/wp-content\/uploads\/2020\/07\/Catha-scaled.jpg","contentUrl":"http:\/\/benoit-barbagli.com\/wp-content\/uploads\/2020\/07\/Catha-scaled.jpg","width":2560,"height":1440,"caption":"benoitbarbagli"},"logo":{"@id":"https:\/\/2023.benoit-barbagli.com\/#\/schema\/person\/image\/"}},{"@type":"WebSite","@id":"https:\/\/2023.benoit-barbagli.com\/#website","url":"https:\/\/2023.benoit-barbagli.com\/","name":"Benoit-barbagli.com","description":"Sous le chaos, la vie","publisher":{"@id":"https:\/\/2023.benoit-barbagli.com\/#\/schema\/person\/413a50e5dd6129de03df354d73c4ffaf"},"potentialAction":[{"@type":"SearchAction","target":{"@type":"EntryPoint","urlTemplate":"https:\/\/2023.benoit-barbagli.com\/?s={search_term_string}"},"query-input":"required name=search_term_string"}],"inLanguage":"en-US"},{"@type":"ImageObject","inLanguage":"en-US","@id":"http:\/\/2023.benoit-barbagli.com\/en\/charter-collector-facility\/#primaryimage","url":"https:\/\/2023.benoit-barbagli.com\/wp-content\/uploads\/https:\/\/www.torinoggi.it\/2022\/04\/09\/leggi-notizia\/argomenti\/eventi-11\/articolo\/palazzo-saluzzo-paesana-riapre-dopo-due-anni-con-la-personale-nouvelle-vague-di-benoit-barbagli.html","contentUrl":"https:\/\/2023.benoit-barbagli.com\/wp-content\/uploads\/https:\/\/www.torinoggi.it\/2022\/04\/09\/leggi-notizia\/argomenti\/eventi-11\/articolo\/palazzo-saluzzo-paesana-riapre-dopo-due-anni-con-la-personale-nouvelle-vague-di-benoit-barbagli.html"},{"@type":"WebPage","@id":"http:\/\/2023.benoit-barbagli.com\/en\/charter-collector-facility\/#webpage","url":"http:\/\/2023.benoit-barbagli.com\/en\/charter-collector-facility\/","name":"charter & collector facility - Benoit-barbagli.com","isPartOf":{"@id":"https:\/\/2023.benoit-barbagli.com\/#website"},"primaryImageOfPage":{"@id":"http:\/\/2023.benoit-barbagli.com\/en\/charter-collector-facility\/#primaryimage"},"datePublished":"2021-03-22T10:41:38+00:00","dateModified":"2021-03-22T10:41:38+00:00","description":"Benoit Barbagli vit et travaille \u00e0 ParisIng\u00e9nieur en technologie conceptuelle, \u00e9labore un r\u00e9seau de transmission de pens\u00e9es \u00e0 distance sans interface interm\u00e9diaire. Une technologie qui agit comme un lubrifiant sur les mots et les choses, entre les gestes et les \u00e9motions, pour les assouplir et les connecter. Il utilise pour y parvenir l\u2019amour et la vie.","breadcrumb":{"@id":"http:\/\/2023.benoit-barbagli.com\/en\/charter-collector-facility\/#breadcrumb"},"inLanguage":"en-US","potentialAction":[{"@type":"ReadAction","target":["http:\/\/2023.benoit-barbagli.com\/en\/charter-collector-facility\/"]}]},{"@type":"BreadcrumbList","@id":"http:\/\/2023.benoit-barbagli.com\/en\/charter-collector-facility\/#breadcrumb","itemListElement":[{"@type":"ListItem","position":1,"name":"Accueil","item":"https:\/\/2023.benoit-barbagli.com\/en\/"},{"@type":"ListItem","position":2,"name":"charter &#038; collector facility"}]}]}},"_links":{"self":[{"href":"https:\/\/2023.benoit-barbagli.com\/en\/wp-json\/wp\/v2\/pages\/73424"}],"collection":[{"href":"https:\/\/2023.benoit-barbagli.com\/en\/wp-json\/wp\/v2\/pages"}],"about":[{"href":"https:\/\/2023.benoit-barbagli.com\/en\/wp-json\/wp\/v2\/types\/page"}],"author":[{"embeddable":true,"href":"https:\/\/2023.benoit-barbagli.com\/en\/wp-json\/wp\/v2\/users\/1"}],"replies":[{"embeddable":true,"href":"https:\/\/2023.benoit-barbagli.com\/en\/wp-json\/wp\/v2\/comments?post=73424"}],"version-history":[{"count":1,"href":"https:\/\/2023.benoit-barbagli.com\/en\/wp-json\/wp\/v2\/pages\/73424\/revisions"}],"predecessor-version":[{"id":73432,"href":"https:\/\/2023.benoit-barbagli.com\/en\/wp-json\/wp\/v2\/pages\/73424\/revisions\/73432"}],"wp:featuredmedia":[{"embeddable":true,"href":"https:\/\/2023.benoit-barbagli.com\/en\/wp-json\/wp\/v2\/media\/75230"}],"wp:attachment":[{"href":"https:\/\/2023.benoit-barbagli.com\/en\/wp-json\/wp\/v2\/media?parent=73424"}],"curies":[{"name":"wp","href":"https:\/\/api.w.org\/{rel}","templated":true}]}}