{"id":73426,"date":"2021-03-22T10:56:59","date_gmt":"2021-03-22T10:56:59","guid":{"rendered":"http:\/\/2023.benoit-barbagli.com\/?page_id=73426"},"modified":"2021-03-22T10:56:59","modified_gmt":"2021-03-22T10:56:59","slug":"parcours","status":"publish","type":"page","link":"http:\/\/2023.benoit-barbagli.com\/en\/about\/parcours\/","title":{"rendered":"Parcours"},"content":{"rendered":"<p>[vc_row row_type=&#8221;row&#8221; use_row_as_full_screen_section=&#8221;no&#8221; type=&#8221;full_width&#8221; text_align=&#8221;left&#8221; background_animation=&#8221;none&#8221; css_animation=&#8221;&#8221;][vc_column][vc_column_text]<\/p>\n<p>[\/vc_column_text][\/vc_column][\/vc_row][vc_row row_type=&#8221;row&#8221; use_row_as_full_screen_section=&#8221;no&#8221; type=&#8221;full_width&#8221; text_align=&#8221;left&#8221; background_animation=&#8221;none&#8221; css_animation=&#8221;&#8221;][vc_column][vc_column_text]<\/p>\n<p class=\"p1\"><b>Expositions collectives<\/b><\/p>\n<p>&nbsp;<\/p>\n<p class=\"p1\"><b>Expositions en duo<\/b><\/p>\n<p class=\"p1\"><b>2020<\/b> OceanBloom, Iliana Tounda, Ath\u00e8nes, Gr\u00e8ce<span class=\"Apple-converted-space\">\u00a0 <\/span>(avec Eri Dimitriali)<\/p>\n<p><a href=\"http:\/\/2023.benoit-barbagli.com\/artwork\/emosophia\/\"><strong>2018<\/strong> Emosophia, Open Bach,\u00a0 Paris<\/a><\/p>\n<p><strong>2017<\/strong> <a href=\"http:\/\/2023.benoit-barbagli.com\/artwork\/365\/\">Derri\u00e8re la Mer , Galerie de Beuil, Beuil<\/a><\/p>\n<p>&nbsp;<\/p>\n<p><b>Expositions avec le Collectif Palam:<\/b><\/p>\n<p class=\"p1\"><b>2021<\/b> Villa Cameline, Nice<\/p>\n<p class=\"p1\"><b>2020<\/b> Voyage en Mer, Chapelle Sainte-Elisabeth, Villefranche-sur-Mer<\/p>\n<p class=\"p1\"><a href=\"http:\/\/2023.benoit-barbagli.com\/artwork\/azimuth\/\"><b>2019<\/b> <i>Azimuth<\/i>, Galerie Eva Vautier, Nice, et le FRAC PACA dans le cadre Des marches et d\u00e9marches<\/a><\/p>\n<p>&nbsp;<\/p>\n<p><b>Expositions personnelles :<\/b><\/p>\n<p><a href=\"http:\/\/2023.benoit-barbagli.com\/artwork\/chambre-de-telepathie-supervue-2015\/\"><strong>2015<\/strong> Chambre de t\u00e9l\u00e9pathie &#8211; SuperVue, H\u00f4tel Burrough, Vaison-la-Romaine<\/a><br \/>\n<a href=\"http:\/\/2023.benoit-barbagli.com\/artwork\/en-une-seconde-dinspiration\/\"><strong>2015<\/strong> En une seconde d\u2019inspiration, MAMAC, Nice<\/a><\/p>\n<p>Exposition r\u00e9alis\u00e9e dans le cadre du festival <i>R\u00e9veillons-Nous<\/i> organis\u00e9 par Irina Bro<br \/>\n<a href=\"http:\/\/2023.benoit-barbagli.com\/art\/une-sorte-de-metaphore\/\"><strong>2015<\/strong> Une sorte de m\u00e9taphore comme la (plan\u00e8te) Terre, Paris<\/a><\/p>\n<p>Exposition r\u00e9alis\u00e9e en partenariat avec l\u2019association Diam\u00e8tre, Galerie itin\u00e9rante<\/p>\n<p><a href=\"http:\/\/2023.benoit-barbagli.com\/artwork\/dnsep\/\"><strong>2015<\/strong> DNSEP, Vie, Villa Arson, 2015<\/a><br \/>\n<strong>2015<\/strong> Ici la terre, Les visiteurs du soir, Rosalina, Nice<\/p>\n<p>Exposition r\u00e9alis\u00e9e dans le cadre d\u2019un \u00e9v\u00e8nement Botox(s)<\/p>\n<p>&nbsp;<\/p>\n<p><strong>Exposition collectives principales:<\/strong><\/p>\n<p><b>2019<\/b> <i>B\u00e2tir,<\/i> villa Le Roc Fleury , Cap d\u2019Ail<\/p>\n<p><strong>2019<\/strong> La vie est un Film<\/p>\n<p><strong>2019<\/strong> 100titres, Nice<\/p>\n<p><b>2018<\/b> <i>Avec plaisir<\/i>, Galerie Eva Vautier, Nice<\/p>\n<p><strong>2018<\/strong> La m\u00e9moire et la mer, Nice<\/p>\n<p><b>2018 <\/b><i>Private Choice<\/i>, commissariat Nadia Candet,<span class=\"Apple-converted-space\">\u00a0 <\/span>Paris<\/p>\n<p><b>2018<\/b> Une collection 5, commissariat Camillle Frasca, Paris<\/p>\n<p><a href=\"http:\/\/2023.benoit-barbagli.com\/artwork\/rien-ne-se-perd\/\">2018<\/a><a href=\"http:\/\/2023.benoit-barbagli.com\/artwork\/rien-ne-se-perd\/\"> Rien ne se perd, Paris<\/a><\/p>\n<p><b>2017<\/b> <i>Une collection<\/i>, commissariat Camillle Frasca, Nice<\/p>\n<p><b>2016 <\/b><i>Un palais id\u00e9al des egos \u00e9tranges, <\/i><b> <\/b>Palais id\u00e9al du facteur Cheval, Hauterives<\/p>\n<p><strong><a href=\"http:\/\/2023.benoit-barbagli.com\/artwork\/odyssee-villa-arson\/\">2015<\/a><\/strong><a href=\"http:\/\/2023.benoit-barbagli.com\/artwork\/odyssee-villa-arson\/\"> Odyssee, Villa Arson<\/a><\/p>\n<p><a href=\"http:\/\/2023.benoit-barbagli.com\/artwork\/des-corps-comptetants\/\"><strong>2014<\/strong> <\/a><a href=\"http:\/\/2023.benoit-barbagli.com\/artwork\/des-corps-comptetants\/\">Des corps compt\u00e9tants, Villa Arson<\/a><\/p>\n<p><strong><a href=\"http:\/\/2023.benoit-barbagli.com\/artwork\/travaux-en-cours\/\">2013<\/a><\/strong><a href=\"http:\/\/2023.benoit-barbagli.com\/artwork\/travaux-en-cours\/\"> Travaux en cours, Galerie Eva Vautier,<\/a><\/p>\n<p class=\"p1\"><b>2018 <\/b><i>Private Choice<\/i>, commissariat Nadia Candet,<span class=\"Apple-converted-space\">\u00a0 <\/span>Paris<\/p>\n<p class=\"p1\"><b>2017 <\/b><i>Rien ne se perd&#8230;.<\/i>, commissariat Camillle Frasca, Paris<\/p>\n<p class=\"p1\"><b>2017<\/b> <i>Une collection<\/i>, commissariat Camillle Frasca, Nice<\/p>\n<p class=\"p1\"><b>2016 <\/b><i>Un palais id\u00e9al des egos \u00e9tranges, <\/i><b> <\/b>Palais id\u00e9al du facteur Cheval, Hauterives<\/p>\n<p class=\"p1\"><b>2015<\/b> <i>Odyss\u00e9e<\/i>, Galerie La Marine, Nice<\/p>\n<p class=\"p1\">Exposition organis\u00e9e par la Villa Arson &#8211; \u00e9tudiants dipl\u00f4m\u00e9s 2015<\/p>\n<p class=\"p1\"><b>2014<\/b><span class=\"Apple-converted-space\">\u00a0 <\/span><i>Des corps comp\u00e9tents,<\/i> Centre d\u2019art de la Villa Arson, Nice<\/p>\n<p class=\"p1\"><b>2013<\/b><span class=\"Apple-converted-space\">\u00a0 <\/span><i>Travaux en cours<\/i>, Galerie Eva Vautier, Nice<\/p>\n<p class=\"p1\">Exposition collective et commissariat organis\u00e9 en partenariat avec Eva Vautier<\/p>\n<p>&nbsp;<\/p>\n<p class=\"p1\"><b>Performance \/Workshops\/ R\u00e9sidences<\/b><\/p>\n<p class=\"p1\"><b>2019<\/b> <i>Polychrome<\/i>, r\u00e9sidence Utopia, Ponte-Leccia, Haute-Corse<\/p>\n<p class=\"p1\"><b>2018<\/b> <i>School of Nice \u2013 From Pop Art to Happenings<\/i>, Hong-Kong, French May 2018, direction d\u2019un workshop sur la performance en tant que repr\u00e9sentant de l\u2019Ecole de Nice.<\/p>\n<p class=\"p1\"><b>2013 <\/b><i>Avatar,<\/i><b> <\/b>workshop,<span class=\"Apple-converted-space\">\u00a0 <\/span>\u00c9cole d\u2019art de l\u2019Universit\u00e9 Laval, Qu\u00e9bec, Direction Pascal Brocolichi et Julie\u00a0Faubert<\/p>\n<p><b>2013<\/b> <i>Manca, <\/i>concert performatif,<i> <\/i>MAMAC, Nice<\/p>\n<p class=\"p1\"><b>2012-2013<\/b>, <i>Des corps comp\u00e9tents,<\/i> workshops, HEAD, G\u00e9n\u00e8ve, Suisse sous la direction de Arnaud Label Rojoux, Patrice Blouin et Christophe Kihm<\/p>\n<p class=\"p1\"><b>2011<\/b> Concert FLUXUS &#8211; Performance MOMA avec Ben Vautier<\/p>\n<p>&nbsp;<\/p>\n<p>&nbsp;<\/p>\n<p class=\"p1\"><b>Pr\u00e9sentation\u00a0permanente<\/b><\/p>\n<p class=\"p1\"><b>Galerie\u00a0Bertheas<\/b>,<b> <\/b>Vichy, Saint-Etienne, Paris<\/p>\n<p class=\"p1\"><b>Galerie Eva Vautier<\/b>,<b> <\/b>Nice<\/p>\n<p>&nbsp;<\/p>\n<p>&nbsp;<\/p>\n<p><b>Foires:<\/b><\/p>\n<p><a href=\"http:\/\/2023.benoit-barbagli.com\/artwork\/art-paris-2018\/\">Art Paris, Paris, 2018<\/a><\/p>\n<p>&nbsp;<\/p>\n<p>&nbsp;<\/p>\n<p><strong>Vente aux ench\u00e8res :<\/strong><\/p>\n<p><a href=\"http:\/\/2023.benoit-barbagli.com\/artwork\/lumieres\/\">Lumi\u00e8res<\/a><\/p>\n<p><a href=\"http:\/\/2023.benoit-barbagli.com\/artwork\/asha\/\">Asha<\/a><\/p>\n<p>&nbsp;<\/p>\n<p>[\/vc_column_text][\/vc_column][vc_column][\/vc_column][\/vc_row]<\/p>\n","protected":false},"excerpt":{"rendered":"<p>[vc_row row_type=&#8221;row&#8221; use_row_as_full_screen_section=&#8221;no&#8221; type=&#8221;full_width&#8221; text_align=&#8221;left&#8221; background_animation=&#8221;none&#8221; css_animation=&#8221;&#8221;][vc_column][vc_column_text] [\/vc_column_text][\/vc_column][\/vc_row][vc_row row_type=&#8221;row&#8221; use_row_as_full_screen_section=&#8221;no&#8221; type=&#8221;full_width&#8221; text_align=&#8221;left&#8221; background_animation=&#8221;none&#8221; css_animation=&#8221;&#8221;][vc_column][vc_column_text] Expositions collectives &nbsp; Expositions en duo 2020 OceanBloom, Iliana Tounda, Ath\u00e8nes, Gr\u00e8ce\u00a0 (avec Eri Dimitriali) 2018 Emosophia, Open Bach,\u00a0 Paris 2017 Derri\u00e8re la Mer , Galerie de Beuil, Beuil &nbsp; Expositions&#8230;<\/p>\n","protected":false},"author":1,"featured_media":75230,"parent":1086,"menu_order":0,"comment_status":"closed","ping_status":"closed","template":"","meta":{"inline_featured_image":false,"footnotes":""},"yoast_head":"<!-- This site is optimized with the Yoast SEO plugin v19.2 - https:\/\/yoast.com\/wordpress\/plugins\/seo\/ -->\n<title>Parcours - Benoit-barbagli.com<\/title>\n<meta name=\"description\" content=\"Benoit Barbagli vit et travaille \u00e0 ParisIng\u00e9nieur en technologie conceptuelle, \u00e9labore un r\u00e9seau de transmission de pens\u00e9es \u00e0 distance sans interface interm\u00e9diaire. Une technologie qui agit comme un lubrifiant sur les mots et les choses, entre les gestes et les \u00e9motions, pour les assouplir et les connecter. Il utilise pour y parvenir l\u2019amour et la vie.\" \/>\n<meta name=\"robots\" content=\"index, follow, max-snippet:-1, max-image-preview:large, max-video-preview:-1\" \/>\n<link rel=\"canonical\" href=\"http:\/\/2023.benoit-barbagli.com\/en\/about\/parcours\/\" \/>\n<meta property=\"og:locale\" content=\"en_US\" \/>\n<meta property=\"og:type\" content=\"article\" \/>\n<meta property=\"og:title\" content=\"Parcours - Benoit-barbagli.com\" \/>\n<meta property=\"og:description\" content=\"Benoit Barbagli vit et travaille \u00e0 ParisIng\u00e9nieur en technologie conceptuelle, \u00e9labore un r\u00e9seau de transmission de pens\u00e9es \u00e0 distance sans interface interm\u00e9diaire. Une technologie qui agit comme un lubrifiant sur les mots et les choses, entre les gestes et les \u00e9motions, pour les assouplir et les connecter. Il utilise pour y parvenir l\u2019amour et la vie.\" \/>\n<meta property=\"og:url\" content=\"http:\/\/2023.benoit-barbagli.com\/en\/about\/parcours\/\" \/>\n<meta property=\"og:site_name\" content=\"Benoit-barbagli.com\" \/>\n<meta property=\"og:image\" content=\"https:\/\/2023.benoit-barbagli.com\/wp-content\/uploads\/2019\/05\/DSC02317-scaled.jpg\" \/>\n\t<meta property=\"og:image:width\" content=\"2560\" \/>\n\t<meta property=\"og:image:height\" content=\"1630\" \/>\n\t<meta property=\"og:image:type\" content=\"image\/jpeg\" \/>\n<meta name=\"author\" content=\"benoitbarbagli\" \/>\n<meta name=\"twitter:card\" content=\"summary_large_image\" \/>\n<meta name=\"twitter:label1\" content=\"Est. reading time\" \/>\n\t<meta name=\"twitter:data1\" content=\"3 minutes\" \/>\n<!-- \/ Yoast SEO plugin. -->","yoast_head_json":{"title":"Parcours - Benoit-barbagli.com","description":"Benoit Barbagli vit et travaille \u00e0 ParisIng\u00e9nieur en technologie conceptuelle, \u00e9labore un r\u00e9seau de transmission de pens\u00e9es \u00e0 distance sans interface interm\u00e9diaire. Une technologie qui agit comme un lubrifiant sur les mots et les choses, entre les gestes et les \u00e9motions, pour les assouplir et les connecter. Il utilise pour y parvenir l\u2019amour et la vie.","robots":{"index":"index","follow":"follow","max-snippet":"max-snippet:-1","max-image-preview":"max-image-preview:large","max-video-preview":"max-video-preview:-1"},"canonical":"http:\/\/2023.benoit-barbagli.com\/en\/about\/parcours\/","og_locale":"en_US","og_type":"article","og_title":"Parcours - Benoit-barbagli.com","og_description":"Benoit Barbagli vit et travaille \u00e0 ParisIng\u00e9nieur en technologie conceptuelle, \u00e9labore un r\u00e9seau de transmission de pens\u00e9es \u00e0 distance sans interface interm\u00e9diaire. Une technologie qui agit comme un lubrifiant sur les mots et les choses, entre les gestes et les \u00e9motions, pour les assouplir et les connecter. Il utilise pour y parvenir l\u2019amour et la vie.","og_url":"http:\/\/2023.benoit-barbagli.com\/en\/about\/parcours\/","og_site_name":"Benoit-barbagli.com","og_image":[{"width":2560,"height":1630,"url":"https:\/\/2023.benoit-barbagli.com\/wp-content\/uploads\/2019\/05\/DSC02317-scaled.jpg","type":"image\/jpeg"}],"author":"benoitbarbagli","twitter_card":"summary_large_image","twitter_misc":{"Est. reading time":"3 minutes"},"schema":{"@context":"https:\/\/schema.org","@graph":[{"@type":["Person","Organization"],"@id":"https:\/\/2023.benoit-barbagli.com\/#\/schema\/person\/413a50e5dd6129de03df354d73c4ffaf","name":"benoitbarbagli","image":{"@type":"ImageObject","inLanguage":"en-US","@id":"https:\/\/2023.benoit-barbagli.com\/#\/schema\/person\/image\/","url":"http:\/\/benoit-barbagli.com\/wp-content\/uploads\/2020\/07\/Catha-scaled.jpg","contentUrl":"http:\/\/benoit-barbagli.com\/wp-content\/uploads\/2020\/07\/Catha-scaled.jpg","width":2560,"height":1440,"caption":"benoitbarbagli"},"logo":{"@id":"https:\/\/2023.benoit-barbagli.com\/#\/schema\/person\/image\/"}},{"@type":"WebSite","@id":"https:\/\/2023.benoit-barbagli.com\/#website","url":"https:\/\/2023.benoit-barbagli.com\/","name":"Benoit-barbagli.com","description":"Sous le chaos, la vie","publisher":{"@id":"https:\/\/2023.benoit-barbagli.com\/#\/schema\/person\/413a50e5dd6129de03df354d73c4ffaf"},"potentialAction":[{"@type":"SearchAction","target":{"@type":"EntryPoint","urlTemplate":"https:\/\/2023.benoit-barbagli.com\/?s={search_term_string}"},"query-input":"required name=search_term_string"}],"inLanguage":"en-US"},{"@type":"ImageObject","inLanguage":"en-US","@id":"http:\/\/2023.benoit-barbagli.com\/en\/about\/parcours\/#primaryimage","url":"https:\/\/2023.benoit-barbagli.com\/wp-content\/uploads\/https:\/\/www.torinoggi.it\/2022\/04\/09\/leggi-notizia\/argomenti\/eventi-11\/articolo\/palazzo-saluzzo-paesana-riapre-dopo-due-anni-con-la-personale-nouvelle-vague-di-benoit-barbagli.html","contentUrl":"https:\/\/2023.benoit-barbagli.com\/wp-content\/uploads\/https:\/\/www.torinoggi.it\/2022\/04\/09\/leggi-notizia\/argomenti\/eventi-11\/articolo\/palazzo-saluzzo-paesana-riapre-dopo-due-anni-con-la-personale-nouvelle-vague-di-benoit-barbagli.html"},{"@type":"WebPage","@id":"http:\/\/2023.benoit-barbagli.com\/en\/about\/parcours\/#webpage","url":"http:\/\/2023.benoit-barbagli.com\/en\/about\/parcours\/","name":"Parcours - Benoit-barbagli.com","isPartOf":{"@id":"https:\/\/2023.benoit-barbagli.com\/#website"},"primaryImageOfPage":{"@id":"http:\/\/2023.benoit-barbagli.com\/en\/about\/parcours\/#primaryimage"},"datePublished":"2021-03-22T10:56:59+00:00","dateModified":"2021-03-22T10:56:59+00:00","description":"Benoit Barbagli vit et travaille \u00e0 ParisIng\u00e9nieur en technologie conceptuelle, \u00e9labore un r\u00e9seau de transmission de pens\u00e9es \u00e0 distance sans interface interm\u00e9diaire. Une technologie qui agit comme un lubrifiant sur les mots et les choses, entre les gestes et les \u00e9motions, pour les assouplir et les connecter. Il utilise pour y parvenir l\u2019amour et la vie.","breadcrumb":{"@id":"http:\/\/2023.benoit-barbagli.com\/en\/about\/parcours\/#breadcrumb"},"inLanguage":"en-US","potentialAction":[{"@type":"ReadAction","target":["http:\/\/2023.benoit-barbagli.com\/en\/about\/parcours\/"]}]},{"@type":"BreadcrumbList","@id":"http:\/\/2023.benoit-barbagli.com\/en\/about\/parcours\/#breadcrumb","itemListElement":[{"@type":"ListItem","position":1,"name":"Accueil","item":"https:\/\/2023.benoit-barbagli.com\/en\/"},{"@type":"ListItem","position":2,"name":"about","item":"http:\/\/2023.benoit-barbagli.com\/en\/about\/"},{"@type":"ListItem","position":3,"name":"Parcours"}]}]}},"_links":{"self":[{"href":"https:\/\/2023.benoit-barbagli.com\/en\/wp-json\/wp\/v2\/pages\/73426"}],"collection":[{"href":"https:\/\/2023.benoit-barbagli.com\/en\/wp-json\/wp\/v2\/pages"}],"about":[{"href":"https:\/\/2023.benoit-barbagli.com\/en\/wp-json\/wp\/v2\/types\/page"}],"author":[{"embeddable":true,"href":"https:\/\/2023.benoit-barbagli.com\/en\/wp-json\/wp\/v2\/users\/1"}],"replies":[{"embeddable":true,"href":"https:\/\/2023.benoit-barbagli.com\/en\/wp-json\/wp\/v2\/comments?post=73426"}],"version-history":[{"count":1,"href":"https:\/\/2023.benoit-barbagli.com\/en\/wp-json\/wp\/v2\/pages\/73426\/revisions"}],"predecessor-version":[{"id":73455,"href":"https:\/\/2023.benoit-barbagli.com\/en\/wp-json\/wp\/v2\/pages\/73426\/revisions\/73455"}],"up":[{"embeddable":true,"href":"https:\/\/2023.benoit-barbagli.com\/en\/wp-json\/wp\/v2\/pages\/1086"}],"wp:featuredmedia":[{"embeddable":true,"href":"https:\/\/2023.benoit-barbagli.com\/en\/wp-json\/wp\/v2\/media\/75230"}],"wp:attachment":[{"href":"https:\/\/2023.benoit-barbagli.com\/en\/wp-json\/wp\/v2\/media?parent=73426"}],"curies":[{"name":"wp","href":"https:\/\/api.w.org\/{rel}","templated":true}]}}