{"id":73934,"date":"2021-06-07T14:19:38","date_gmt":"2021-06-07T14:19:38","guid":{"rendered":"http:\/\/2023.benoit-barbagli.com\/espace-presse\/"},"modified":"2022-04-23T11:52:56","modified_gmt":"2022-04-23T11:52:56","slug":"espace-presse","status":"publish","type":"page","link":"http:\/\/2023.benoit-barbagli.com\/en\/espace-presse\/","title":{"rendered":"Press area"},"content":{"rendered":"<p>[vc_row row_type=&#8221;row&#8221; use_row_as_full_screen_section=&#8221;no&#8221; type=&#8221;full_width&#8221; text_align=&#8221;left&#8221; background_animation=&#8221;none&#8221; css_animation=&#8221;&#8221;][vc_column][vc_empty_space][vc_column_text]Press kit:<\/p>\n<p>[\/vc_column_text][vc_empty_space]<div class='projects_holder_outer v6 portfolio_with_space portfolio_standard  qode-filter-position-top'>\n\t    \t<div class='projects_holder clearfix v6 standard portfolio_default_image '>\n\t\t<article class=\"mix portfolio_category_212\">\n    <div class='image_holder default_hover'>\n        \n<span class='image'><img width=\"550\" height=\"498\" src=\"https:\/\/2023.benoit-barbagli.com\/wp-content\/uploads\/2021\/09\/La-mer-a\u0300-luvre-2020-89x55-cm-550x498.jpg\" class=\"attachment-portfolio-default size-portfolio-default wp-post-image\" alt=\"\" decoding=\"async\" srcset=\"https:\/\/2023.benoit-barbagli.com\/wp-content\/uploads\/2021\/09\/La-mer-a\u0300-luvre-2020-89x55-cm-550x498.jpg 550w, https:\/\/2023.benoit-barbagli.com\/wp-content\/uploads\/2021\/09\/La-mer-a\u0300-luvre-2020-89x55-cm-480x434.jpg 480w, https:\/\/2023.benoit-barbagli.com\/wp-content\/uploads\/2021\/09\/La-mer-a\u0300-luvre-2020-89x55-cm-125x112.jpg 125w\" sizes=\"(max-width: 550px) 100vw, 550px\" \/><\/span>\n                    <a class='portfolio_link_class' href='https:\/\/2023.benoit-barbagli.com\/en\/artwork\/the-sea-at-work-press-release\/' target='_self'><\/a>\n\t\t\n        <div class=\"portfolio_shader\"><\/div>\n\t\t<div class=\"icons_holder\">\n\t<div class=\"icons_holder_inner\">\n\t\t\t\t\t<a class='portfolio_lightbox' title='Press area' href='https:\/\/2023.benoit-barbagli.com\/wp-content\/uploads\/2021\/09\/La-mer-a\u0300-luvre-2020-89x55-cm-scaled.jpg' data-rel='prettyPhoto[pretty_photo_gallery]'><\/a>\n\t\t\t\t<a class=\"qode-like\" data-type=\"portfolio_list\" id=\"qode-like-76600\" title=\"Like this\"><\/a>\t<\/div>\n<\/div>\n    <\/div>\n\n    <div class='portfolio_description ' >\n            <h4 class=\"portfolio_title\" ><a href=\"https:\/\/2023.benoit-barbagli.com\/en\/artwork\/the-sea-at-work-press-release\/\" target=\"_self\"> The sea at work &#8211; press release<\/a><\/h4>\n<h6 class=\"portfolio_subtitle\"> <\/h6>    <\/div>\n<\/article>\n<article class=\"mix portfolio_category_212\">\n    <div class='image_holder default_hover'>\n        \n<span class='image'><img width=\"550\" height=\"498\" src=\"https:\/\/2023.benoit-barbagli.com\/wp-content\/uploads\/2021\/09\/Sous-le-Chaos-la-vie-2021-90-x-50-cm-550x498.jpg\" class=\"attachment-portfolio-default size-portfolio-default wp-post-image\" alt=\"Sous le chaos, la vie ,  2021\" decoding=\"async\" srcset=\"https:\/\/2023.benoit-barbagli.com\/wp-content\/uploads\/2021\/09\/Sous-le-Chaos-la-vie-2021-90-x-50-cm-550x498.jpg 550w, https:\/\/2023.benoit-barbagli.com\/wp-content\/uploads\/2021\/09\/Sous-le-Chaos-la-vie-2021-90-x-50-cm-480x434.jpg 480w, https:\/\/2023.benoit-barbagli.com\/wp-content\/uploads\/2021\/09\/Sous-le-Chaos-la-vie-2021-90-x-50-cm-125x112.jpg 125w\" sizes=\"(max-width: 550px) 100vw, 550px\" \/><\/span>\n                    <a class='portfolio_link_class' href='https:\/\/2023.benoit-barbagli.com\/en\/artwork\/beneath-the-chaos-life\/' target='_self'><\/a>\n\t\t\n        <div class=\"portfolio_shader\"><\/div>\n\t\t<div class=\"icons_holder\">\n\t<div class=\"icons_holder_inner\">\n\t\t\t\t\t<a class='portfolio_lightbox' title='default' href='https:\/\/2023.benoit-barbagli.com\/wp-content\/uploads\/2021\/09\/Sous-le-Chaos-la-vie-2021-90-x-50-cm-scaled.jpg' data-rel='prettyPhoto[pretty_photo_gallery]'><\/a>\n\t\t\t\t<a class=\"qode-like\" data-type=\"portfolio_list\" id=\"qode-like-76604\" title=\"Like this\"><\/a>\t<\/div>\n<\/div>\n    <\/div>\n\n    <div class='portfolio_description ' >\n            <h4 class=\"portfolio_title\" ><a href=\"https:\/\/2023.benoit-barbagli.com\/en\/artwork\/beneath-the-chaos-life\/\" target=\"_self\"> Beneath the chaos, life<\/a><\/h4>\n<h6 class=\"portfolio_subtitle\"> <\/h6>    <\/div>\n<\/article>\n<article class=\"mix portfolio_category_212\">\n    <div class='image_holder default_hover'>\n        \n<span class='image'><img width=\"550\" height=\"498\" src=\"https:\/\/2023.benoit-barbagli.com\/wp-content\/uploads\/2021\/03\/IMG_20210603_214208-550x498.jpg\" class=\"attachment-portfolio-default size-portfolio-default wp-post-image\" alt=\"\" decoding=\"async\" srcset=\"https:\/\/2023.benoit-barbagli.com\/wp-content\/uploads\/2021\/03\/IMG_20210603_214208-550x498.jpg 550w, https:\/\/2023.benoit-barbagli.com\/wp-content\/uploads\/2021\/03\/IMG_20210603_214208-480x434.jpg 480w, https:\/\/2023.benoit-barbagli.com\/wp-content\/uploads\/2021\/03\/IMG_20210603_214208-125x112.jpg 125w\" sizes=\"(max-width: 550px) 100vw, 550px\" \/><\/span>\n                    <a class='portfolio_link_class' href='https:\/\/2023.benoit-barbagli.com\/en\/artwork\/orees-press-release\/' target='_self'><\/a>\n\t\t\n        <div class=\"portfolio_shader\"><\/div>\n\t\t<div class=\"icons_holder\">\n\t<div class=\"icons_holder_inner\">\n\t\t\t\t\t<a class='portfolio_lightbox' title='Press area' href='https:\/\/2023.benoit-barbagli.com\/wp-content\/uploads\/2021\/03\/IMG_20210603_214208-scaled.jpg' data-rel='prettyPhoto[pretty_photo_gallery]'><\/a>\n\t\t\t\t<a class=\"qode-like\" data-type=\"portfolio_list\" id=\"qode-like-76609\" title=\"Like this\"><\/a>\t<\/div>\n<\/div>\n    <\/div>\n\n    <div class='portfolio_description ' >\n            <h4 class=\"portfolio_title\" ><a href=\"https:\/\/2023.benoit-barbagli.com\/en\/artwork\/orees-press-release\/\" target=\"_self\"> Or\u00e9es &#8211; Press release<\/a><\/h4>\n<h6 class=\"portfolio_subtitle\"> <\/h6>    <\/div>\n<\/article>\n<article class=\"mix portfolio_category_212\">\n    <div class='image_holder default_hover'>\n        \n<span class='image'><img width=\"498\" height=\"498\" src=\"https:\/\/2023.benoit-barbagli.com\/wp-content\/uploads\/2020\/05\/Untitled_gif_thumbnail.jpeg\" class=\"attachment-portfolio-default size-portfolio-default wp-post-image\" alt=\"\" decoding=\"async\" srcset=\"https:\/\/2023.benoit-barbagli.com\/wp-content\/uploads\/2020\/05\/Untitled_gif_thumbnail.jpeg 1094w, https:\/\/2023.benoit-barbagli.com\/wp-content\/uploads\/2020\/05\/Untitled_gif_thumbnail-100x100.jpeg 100w\" sizes=\"(max-width: 498px) 100vw, 498px\" \/><\/span>\n                    <a class='portfolio_link_class' href='https:\/\/2023.benoit-barbagli.com\/en\/artwork\/press-kit-90-above-the-fire\/' target='_self'><\/a>\n\t\t\n        <div class=\"portfolio_shader\"><\/div>\n\t\t<div class=\"icons_holder\">\n\t<div class=\"icons_holder_inner\">\n\t\t\t\t\t<a class='portfolio_lightbox' title='Press area' href='https:\/\/2023.benoit-barbagli.com\/wp-content\/uploads\/2020\/05\/Untitled_gif_thumbnail.jpeg' data-rel='prettyPhoto[pretty_photo_gallery]'><\/a>\n\t\t\t\t<a class=\"qode-like\" data-type=\"portfolio_list\" id=\"qode-like-76620\" title=\"Like this\"><\/a>\t<\/div>\n<\/div>\n    <\/div>\n\n    <div class='portfolio_description ' >\n            <h4 class=\"portfolio_title\" ><a href=\"https:\/\/2023.benoit-barbagli.com\/en\/artwork\/press-kit-90-above-the-fire\/\" target=\"_self\"> Press kit &#8211; 90\u00b0 above the fire<\/a><\/h4>\n<h6 class=\"portfolio_subtitle\"> <\/h6>    <\/div>\n<\/article>\n<article class=\"mix portfolio_category_212\">\n    <div class='image_holder default_hover'>\n        \n<span class='image'><img width=\"550\" height=\"498\" src=\"https:\/\/2023.benoit-barbagli.com\/wp-content\/uploads\/2022\/03\/nouvelle_vague_catalogo_Page_01-550x498.jpg\" class=\"attachment-portfolio-default size-portfolio-default wp-post-image\" alt=\"\" decoding=\"async\" srcset=\"https:\/\/2023.benoit-barbagli.com\/wp-content\/uploads\/2022\/03\/nouvelle_vague_catalogo_Page_01-550x498.jpg 550w, https:\/\/2023.benoit-barbagli.com\/wp-content\/uploads\/2022\/03\/nouvelle_vague_catalogo_Page_01-480x434.jpg 480w, https:\/\/2023.benoit-barbagli.com\/wp-content\/uploads\/2022\/03\/nouvelle_vague_catalogo_Page_01-125x112.jpg 125w\" sizes=\"(max-width: 550px) 100vw, 550px\" \/><\/span>\n                    <a class='portfolio_link_class' href='http:\/\/2023.benoit-barbagli.com\/en\/artwork\/press-release-nouvelle-vague\/' target='_self'><\/a>\n\t\t\n        <div class=\"portfolio_shader\"><\/div>\n\t\t<div class=\"icons_holder\">\n\t<div class=\"icons_holder_inner\">\n\t\t\t\t\t<a class='portfolio_lightbox' title='Press area' href='https:\/\/2023.benoit-barbagli.com\/wp-content\/uploads\/2022\/03\/nouvelle_vague_catalogo_Page_01.jpg' data-rel='prettyPhoto[pretty_photo_gallery]'><\/a>\n\t\t\t\t<a class=\"qode-like\" data-type=\"portfolio_list\" id=\"qode-like-76636\" title=\"Like this\"><\/a>\t<\/div>\n<\/div>\n    <\/div>\n\n    <div class='portfolio_description ' >\n            <h4 class=\"portfolio_title\" ><a href=\"http:\/\/2023.benoit-barbagli.com\/en\/artwork\/press-release-nouvelle-vague\/\" target=\"_self\"> Press release &#8211; Nouvelle Vague<\/a><\/h4>\n<h6 class=\"portfolio_subtitle\"> <\/h6>    <\/div>\n<\/article>\n\t\t\t\t\t<div class='filler'><\/div>\n\t\t\t\t\t\t\t\t\t<div class='filler'><\/div>\n\t\t\t\t\t\t\t\t\t<div class='filler'><\/div>\n\t\t\t\t\t\t\t\t\t<div class='filler'><\/div>\n\t\t\t\t\t\t\t\t\t<div class='filler'><\/div>\n\t\t\t\t\t\t\t\t\t<div class='filler'><\/div>\n\t\t\t\t\t<\/div>\n\n    \n\t<\/div>\n[\/vc_column][\/vc_row]<\/p>\n","protected":false},"excerpt":{"rendered":"<p>[vc_row row_type=&#8221;row&#8221; use_row_as_full_screen_section=&#8221;no&#8221; type=&#8221;full_width&#8221; text_align=&#8221;left&#8221; background_animation=&#8221;none&#8221; css_animation=&#8221;&#8221;][vc_column][vc_empty_space][vc_column_text]Press kit: [\/vc_column_text][vc_empty_space][\/vc_column][\/vc_row]<\/p>\n","protected":false},"author":1,"featured_media":75230,"parent":0,"menu_order":0,"comment_status":"closed","ping_status":"closed","template":"","meta":{"inline_featured_image":false,"footnotes":""},"yoast_head":"<!-- This site is optimized with the Yoast SEO plugin v19.2 - https:\/\/yoast.com\/wordpress\/plugins\/seo\/ -->\n<title>Press area - Benoit-barbagli.com<\/title>\n<meta name=\"description\" content=\"Benoit Barbagli vit et travaille \u00e0 ParisIng\u00e9nieur en technologie conceptuelle, \u00e9labore un r\u00e9seau de transmission de pens\u00e9es \u00e0 distance sans interface interm\u00e9diaire. Une technologie qui agit comme un lubrifiant sur les mots et les choses, entre les gestes et les \u00e9motions, pour les assouplir et les connecter. Il utilise pour y parvenir l\u2019amour et la vie.\" \/>\n<meta name=\"robots\" content=\"index, follow, max-snippet:-1, max-image-preview:large, max-video-preview:-1\" \/>\n<link rel=\"canonical\" href=\"http:\/\/2023.benoit-barbagli.com\/en\/espace-presse\/\" \/>\n<meta property=\"og:locale\" content=\"en_US\" \/>\n<meta property=\"og:type\" content=\"article\" \/>\n<meta property=\"og:title\" content=\"Press area - Benoit-barbagli.com\" \/>\n<meta property=\"og:description\" content=\"Benoit Barbagli vit et travaille \u00e0 ParisIng\u00e9nieur en technologie conceptuelle, \u00e9labore un r\u00e9seau de transmission de pens\u00e9es \u00e0 distance sans interface interm\u00e9diaire. Une technologie qui agit comme un lubrifiant sur les mots et les choses, entre les gestes et les \u00e9motions, pour les assouplir et les connecter. Il utilise pour y parvenir l\u2019amour et la vie.\" \/>\n<meta property=\"og:url\" content=\"http:\/\/2023.benoit-barbagli.com\/en\/espace-presse\/\" \/>\n<meta property=\"og:site_name\" content=\"Benoit-barbagli.com\" \/>\n<meta property=\"article:modified_time\" content=\"2022-04-23T11:52:56+00:00\" \/>\n<meta property=\"og:image\" content=\"https:\/\/2023.benoit-barbagli.com\/wp-content\/uploads\/2019\/05\/DSC02317-scaled.jpg\" \/>\n\t<meta property=\"og:image:width\" content=\"2560\" \/>\n\t<meta property=\"og:image:height\" content=\"1630\" \/>\n\t<meta property=\"og:image:type\" content=\"image\/jpeg\" \/>\n<meta name=\"author\" content=\"benoitbarbagli\" \/>\n<meta name=\"twitter:card\" content=\"summary_large_image\" \/>\n<meta name=\"twitter:label1\" content=\"Est. reading time\" \/>\n\t<meta name=\"twitter:data1\" content=\"1 minute\" \/>\n<!-- \/ Yoast SEO plugin. -->","yoast_head_json":{"title":"Press area - Benoit-barbagli.com","description":"Benoit Barbagli vit et travaille \u00e0 ParisIng\u00e9nieur en technologie conceptuelle, \u00e9labore un r\u00e9seau de transmission de pens\u00e9es \u00e0 distance sans interface interm\u00e9diaire. Une technologie qui agit comme un lubrifiant sur les mots et les choses, entre les gestes et les \u00e9motions, pour les assouplir et les connecter. Il utilise pour y parvenir l\u2019amour et la vie.","robots":{"index":"index","follow":"follow","max-snippet":"max-snippet:-1","max-image-preview":"max-image-preview:large","max-video-preview":"max-video-preview:-1"},"canonical":"http:\/\/2023.benoit-barbagli.com\/en\/espace-presse\/","og_locale":"en_US","og_type":"article","og_title":"Press area - Benoit-barbagli.com","og_description":"Benoit Barbagli vit et travaille \u00e0 ParisIng\u00e9nieur en technologie conceptuelle, \u00e9labore un r\u00e9seau de transmission de pens\u00e9es \u00e0 distance sans interface interm\u00e9diaire. Une technologie qui agit comme un lubrifiant sur les mots et les choses, entre les gestes et les \u00e9motions, pour les assouplir et les connecter. Il utilise pour y parvenir l\u2019amour et la vie.","og_url":"http:\/\/2023.benoit-barbagli.com\/en\/espace-presse\/","og_site_name":"Benoit-barbagli.com","article_modified_time":"2022-04-23T11:52:56+00:00","og_image":[{"width":2560,"height":1630,"url":"https:\/\/2023.benoit-barbagli.com\/wp-content\/uploads\/2019\/05\/DSC02317-scaled.jpg","type":"image\/jpeg"}],"author":"benoitbarbagli","twitter_card":"summary_large_image","twitter_misc":{"Est. reading time":"1 minute"},"schema":{"@context":"https:\/\/schema.org","@graph":[{"@type":["Person","Organization"],"@id":"https:\/\/2023.benoit-barbagli.com\/#\/schema\/person\/413a50e5dd6129de03df354d73c4ffaf","name":"benoitbarbagli","image":{"@type":"ImageObject","inLanguage":"en-US","@id":"https:\/\/2023.benoit-barbagli.com\/#\/schema\/person\/image\/","url":"http:\/\/benoit-barbagli.com\/wp-content\/uploads\/2020\/07\/Catha-scaled.jpg","contentUrl":"http:\/\/benoit-barbagli.com\/wp-content\/uploads\/2020\/07\/Catha-scaled.jpg","width":2560,"height":1440,"caption":"benoitbarbagli"},"logo":{"@id":"https:\/\/2023.benoit-barbagli.com\/#\/schema\/person\/image\/"}},{"@type":"WebSite","@id":"https:\/\/2023.benoit-barbagli.com\/#website","url":"https:\/\/2023.benoit-barbagli.com\/","name":"Benoit-barbagli.com","description":"Sous le chaos, la vie","publisher":{"@id":"https:\/\/2023.benoit-barbagli.com\/#\/schema\/person\/413a50e5dd6129de03df354d73c4ffaf"},"potentialAction":[{"@type":"SearchAction","target":{"@type":"EntryPoint","urlTemplate":"https:\/\/2023.benoit-barbagli.com\/?s={search_term_string}"},"query-input":"required name=search_term_string"}],"inLanguage":"en-US"},{"@type":"ImageObject","inLanguage":"en-US","@id":"http:\/\/2023.benoit-barbagli.com\/en\/espace-presse\/#primaryimage","url":"https:\/\/2023.benoit-barbagli.com\/wp-content\/uploads\/https:\/\/www.torinoggi.it\/2022\/04\/09\/leggi-notizia\/argomenti\/eventi-11\/articolo\/palazzo-saluzzo-paesana-riapre-dopo-due-anni-con-la-personale-nouvelle-vague-di-benoit-barbagli.html","contentUrl":"https:\/\/2023.benoit-barbagli.com\/wp-content\/uploads\/https:\/\/www.torinoggi.it\/2022\/04\/09\/leggi-notizia\/argomenti\/eventi-11\/articolo\/palazzo-saluzzo-paesana-riapre-dopo-due-anni-con-la-personale-nouvelle-vague-di-benoit-barbagli.html"},{"@type":"WebPage","@id":"http:\/\/2023.benoit-barbagli.com\/en\/espace-presse\/#webpage","url":"http:\/\/2023.benoit-barbagli.com\/en\/espace-presse\/","name":"Press area - Benoit-barbagli.com","isPartOf":{"@id":"https:\/\/2023.benoit-barbagli.com\/#website"},"primaryImageOfPage":{"@id":"http:\/\/2023.benoit-barbagli.com\/en\/espace-presse\/#primaryimage"},"datePublished":"2021-06-07T14:19:38+00:00","dateModified":"2022-04-23T11:52:56+00:00","description":"Benoit Barbagli vit et travaille \u00e0 ParisIng\u00e9nieur en technologie conceptuelle, \u00e9labore un r\u00e9seau de transmission de pens\u00e9es \u00e0 distance sans interface interm\u00e9diaire. Une technologie qui agit comme un lubrifiant sur les mots et les choses, entre les gestes et les \u00e9motions, pour les assouplir et les connecter. Il utilise pour y parvenir l\u2019amour et la vie.","breadcrumb":{"@id":"http:\/\/2023.benoit-barbagli.com\/en\/espace-presse\/#breadcrumb"},"inLanguage":"en-US","potentialAction":[{"@type":"ReadAction","target":["http:\/\/2023.benoit-barbagli.com\/en\/espace-presse\/"]}]},{"@type":"BreadcrumbList","@id":"http:\/\/2023.benoit-barbagli.com\/en\/espace-presse\/#breadcrumb","itemListElement":[{"@type":"ListItem","position":1,"name":"Accueil","item":"https:\/\/2023.benoit-barbagli.com\/en\/"},{"@type":"ListItem","position":2,"name":"Press area"}]}]}},"_links":{"self":[{"href":"https:\/\/2023.benoit-barbagli.com\/en\/wp-json\/wp\/v2\/pages\/73934"}],"collection":[{"href":"https:\/\/2023.benoit-barbagli.com\/en\/wp-json\/wp\/v2\/pages"}],"about":[{"href":"https:\/\/2023.benoit-barbagli.com\/en\/wp-json\/wp\/v2\/types\/page"}],"author":[{"embeddable":true,"href":"https:\/\/2023.benoit-barbagli.com\/en\/wp-json\/wp\/v2\/users\/1"}],"replies":[{"embeddable":true,"href":"https:\/\/2023.benoit-barbagli.com\/en\/wp-json\/wp\/v2\/comments?post=73934"}],"version-history":[{"count":7,"href":"https:\/\/2023.benoit-barbagli.com\/en\/wp-json\/wp\/v2\/pages\/73934\/revisions"}],"predecessor-version":[{"id":76716,"href":"https:\/\/2023.benoit-barbagli.com\/en\/wp-json\/wp\/v2\/pages\/73934\/revisions\/76716"}],"wp:featuredmedia":[{"embeddable":true,"href":"https:\/\/2023.benoit-barbagli.com\/en\/wp-json\/wp\/v2\/media\/75230"}],"wp:attachment":[{"href":"https:\/\/2023.benoit-barbagli.com\/en\/wp-json\/wp\/v2\/media?parent=73934"}],"curies":[{"name":"wp","href":"https:\/\/api.w.org\/{rel}","templated":true}]}}