{"id":76680,"date":"2022-04-23T11:02:32","date_gmt":"2022-04-23T11:02:32","guid":{"rendered":"http:\/\/2023.benoit-barbagli.com\/press-article\/"},"modified":"2022-05-06T17:12:13","modified_gmt":"2022-05-06T17:12:13","slug":"press-article","status":"publish","type":"page","link":"http:\/\/2023.benoit-barbagli.com\/en\/press-article\/","title":{"rendered":"Press article"},"content":{"rendered":"<p>[vc_row row_type=&#8221;row&#8221; use_row_as_full_screen_section=&#8221;no&#8221; type=&#8221;full_width&#8221; text_align=&#8221;left&#8221; background_animation=&#8221;none&#8221; css_animation=&#8221;&#8221; css=&#8221;.vc_custom_1635267402965{margin-right: 5% !important;margin-left: 5% !important;}&#8221;][vc_column][vc_empty_space][vc_column_text]<\/p>\n<h3>Exhibition <em>New Wave<\/em>:<\/h3>\n<p><em>Press web<\/em>[\/vc_column_text][vc_empty_space][vc_column_text]French press :<\/p>\n<ul>\n<li><a href=\"https:\/\/lartdenice.blogspot.com\/2022\/04\/benoit-barbagli-nouvelle-vague.html\">Beno\u00eet Barbagli, &#8220;Nouvelle vague&#8221; &#8211; <em>L&#8217;art de nice<\/em> website by Michel Gathier<\/a><\/li>\n<\/ul>\n<p>[\/vc_column_text][vc_empty_space][vc_column_text]Italian press:<\/p>\n<p>&nbsp;<\/p>\n<ul>\n<li><a href=\"https:\/\/sguardisutorino.blogspot.com\/2022\/04\/a-palazzo-saluzzo-paesana-la-mostra.html\">Sguardisutorino<\/a><\/li>\n<li><a href=\"https:\/\/www.artribune.com\/mostre-evento-arte\/benoit-barbagli-nouvelle-vague\/\">ArtTribune<\/a><\/li>\n<li><a href=\"https:\/\/www.torinoggi.it\/2022\/04\/09\/leggi-notizia\/argomenti\/eventi-11\/articolo\/palazzo-saluzzo-paesana-riapre-dopo-due-anni-con-la-personale-nouvelle-vague-di-benoit-barbagli.html\">Torinoggi<\/a><\/li>\n<li><a href=\"https:\/\/www.turismotorino.org\/it\/esperienze\/eventi\/nouvelle-vague-personale-di-benoit-barbagli\">Turismotorino<\/a><\/li>\n<li><a href=\"https:\/\/www.torinotoday.it\/eventi\/benoit-barbagli-palazzo-saluzzo-paesana.html\">Torinotoday<\/a><\/li>\n<li><a href=\"https:\/\/www.guidatorino.com\/eventi-torino\/nouvelle-vague-benoit-barbagli-mostra-torino-2022\/\">Guidatorino<\/a><\/li>\n<li><a href=\"https:\/\/torinotopnews.it\/cultura\/palazzo-saluzzo-paesana-ospita-nouvelle-vague-la-mostra-personale-di-benoit-barbagli\/\">torinotopnews<\/a><\/li>\n<li><a href=\"https:\/\/www.quotidianocanavese.it\/lifestyle\/arte--linno-alla-natura-di-benot-barbagli-38044\">Quotidianocanavese<\/a><\/li>\n<li><a href=\"https:\/\/cronacaqui.it\/un-geste-damour-per-i-trecento-anni-di-palazzo-saluzzo\/\">Cronacaqui<\/a><\/li>\n<li><a href=\"https:\/\/www.arte.go.it\/event\/benoit-barbagli-nouvelle-vague\/\">Arte.go<\/a><\/li>\n<li><a href=\"https:\/\/www.mentelocale.it\/torino\/eventi\/207510-nouvelle-vague-benoit-barbagli-mostra-palazzo-saluzzo-paesana.htm\">Mentelocale<\/a><\/li>\n<\/ul>\n<p>[\/vc_column_text][vc_empty_space][vc_column_text]<\/p>\n<h3> <em>Cote collector<\/em> magazine (3D printing):<\/h3>\n<p><em>November 2021 &#8211; <\/em><em>Press Paper<\/em>[\/vc_column_text][vc_empty_space][vc_column_text]<\/p>\n<ul>\n<li><a href=\"http:\/\/2023.benoit-barbagli.com\/wp-content\/uploads\/2022\/04\/Capture-de%CC%81cran-2022-04-23-a%CC%80-10.39.13.png\"><img decoding=\"async\" loading=\"lazy\" class=\"alignnone size-medium wp-image-75237\" src=\"http:\/\/2023.benoit-barbagli.com\/wp-content\/uploads\/2022\/04\/Capture-de%CC%81cran-2022-04-23-a%CC%80-10.39.13-173x300.png\" alt=\"\" width=\"173\" height=\"300\"><\/a><a href=\"http:\/\/2023.benoit-barbagli.com\/wp-content\/uploads\/2022\/04\/Capture-de%CC%81cran-2022-04-23-a%CC%80-10.38.48.png\"><img decoding=\"async\" loading=\"lazy\" class=\"alignnone size-medium wp-image-75235\" src=\"http:\/\/2023.benoit-barbagli.com\/wp-content\/uploads\/2022\/04\/Capture-de%CC%81cran-2022-04-23-a%CC%80-10.38.48-192x300.png\" alt=\"\" width=\"192\" height=\"300\"><\/a><\/li>\n<\/ul>\n<p>[\/vc_column_text][vc_empty_space][vc_column_text]<\/p>\n<h3>Exhibition <em>The sea at work<\/em>:<\/h3>\n<p>An art of the outside, for the exhibition <em>&#8220;the sea at work&#8221; <\/em> by Alain Amiel :<\/p>\n<ul>\n<li><a href=\"https:\/\/www.artcotedazur.fr\/actualite,109\/art-contemporain,34\/benoit-barbagli-un-art-du-dehors,12779.html\">Art cote azur :<\/a><\/li>\n<li><a href=\"https:\/\/alainamiel.wordpress.com\/2021\/09\/28\/benoit-barbagli-un-art-du-dehors\/\">Alainamiel.wordpress.com<\/a><\/li>\n<\/ul>\n<p>[\/vc_column_text][vc_empty_space][vc_empty_space][vc_column_text]<\/p>\n<h3> <em>Or\u00e9e<\/em>Exhibition<\/h3>\n<p><em>Paper press<\/em><\/p>\n<p>For the exhibition <em>Or\u00e9e<\/em> on Nice Matin by Silana Monty:[\/vc_column_text][vc_empty_space][vc_single_image image=&#8221;74170&#8243; img_size=&#8221;medium&#8221; onclick=&#8221;link_image&#8221; qode_css_animation=&#8221;&#8221;][vc_empty_space][vc_column_text]<em><span style=\"font-size: 14pt;\">Television:<\/span><\/em><\/p>\n<p><a href=\"http:\/\/2023.benoit-barbagli.com\/en\/artwork\/france-3-orees\/\">France 3 region for the exhibition Or\u00e9es<\/a>[\/vc_column_text][vc_empty_space][vc_column_text]<\/p>\n<h3>Exposure <em>90\u00b0 above the fire<\/em>:<\/h3>\n<ul>\n<li><a href=\"https:\/\/yesicannes.com\/fr\/hotel-windsor-inaugure-chambre-dartiste-76905\">https:\/\/yesicannes.com\/fr\/hotel-windsor-inaugure-chambre-dartiste-76905<\/a><\/li>\n<\/ul>\n<p>[\/vc_column_text][vc_empty_space][vc_column_text]<\/p>\n<h3>Exhibition Nothing is lost:<\/h3>\n<ul>\n<li><a href=\"http:\/\/ecrireiciaussi.canalblog.com\/archives\/2018\/03\/19\/36241737.html\">Write here too<\/a><\/li>\n<\/ul>\n<p>[\/vc_column_text][vc_empty_space height=&#8221;302px&#8221;][\/vc_column][\/vc_row]<\/p>\n","protected":false},"excerpt":{"rendered":"<p>[vc_row row_type=&#8221;row&#8221; use_row_as_full_screen_section=&#8221;no&#8221; type=&#8221;full_width&#8221; text_align=&#8221;left&#8221; background_animation=&#8221;none&#8221; css_animation=&#8221;&#8221; css=&#8221;.vc_custom_1635267402965{margin-right: 5% !important;margin-left: 5% !important;}&#8221;][vc_column][vc_empty_space][vc_column_text] Exhibition New Wave: Press web[\/vc_column_text][vc_empty_space][vc_column_text]French press : Beno\u00eet Barbagli, &#8220;Nouvelle vague&#8221; &#8211; L&#8217;art de nice website by Michel Gathier [\/vc_column_text][vc_empty_space][vc_column_text]Italian press: &nbsp; Sguardisutorino ArtTribune Torinoggi Turismotorino Torinotoday Guidatorino torinotopnews Quotidianocanavese Cronacaqui Arte.go Mentelocale&#8230;<\/p>\n","protected":false},"author":1,"featured_media":0,"parent":0,"menu_order":0,"comment_status":"closed","ping_status":"closed","template":"","meta":{"inline_featured_image":false,"footnotes":""},"yoast_head":"<!-- This site is optimized with the Yoast SEO plugin v19.2 - https:\/\/yoast.com\/wordpress\/plugins\/seo\/ -->\n<title>Press article - Benoit-barbagli.com<\/title>\n<meta name=\"description\" content=\"Benoit Barbagli vit et travaille \u00e0 ParisIng\u00e9nieur en technologie conceptuelle, \u00e9labore un r\u00e9seau de transmission de pens\u00e9es \u00e0 distance sans interface interm\u00e9diaire. Une technologie qui agit comme un lubrifiant sur les mots et les choses, entre les gestes et les \u00e9motions, pour les assouplir et les connecter. Il utilise pour y parvenir l\u2019amour et la vie.\" \/>\n<meta name=\"robots\" content=\"index, follow, max-snippet:-1, max-image-preview:large, max-video-preview:-1\" \/>\n<link rel=\"canonical\" href=\"http:\/\/2023.benoit-barbagli.com\/en\/press-article\/\" \/>\n<meta property=\"og:locale\" content=\"en_US\" \/>\n<meta property=\"og:type\" content=\"article\" \/>\n<meta property=\"og:title\" content=\"Press - Benoit-barbagli.com\" \/>\n<meta property=\"og:description\" content=\"Benoit Barbagli vit et travaille \u00e0 ParisIng\u00e9nieur en technologie conceptuelle, \u00e9labore un r\u00e9seau de transmission de pens\u00e9es \u00e0 distance sans interface interm\u00e9diaire. Une technologie qui agit comme un lubrifiant sur les mots et les choses, entre les gestes et les \u00e9motions, pour les assouplir et les connecter. Il utilise pour y parvenir l\u2019amour et la vie.\" \/>\n<meta property=\"og:url\" content=\"http:\/\/2023.benoit-barbagli.com\/en\/press-article\/\" \/>\n<meta property=\"og:site_name\" content=\"Benoit-barbagli.com\" \/>\n<meta property=\"article:modified_time\" content=\"2022-05-06T17:12:13+00:00\" \/>\n<meta property=\"og:image\" content=\"http:\/\/benoit-barbagli.com\/wp-content\/uploads\/2022\/04\/053_nouvelle_vague-1024x683.jpg\" \/>\n<meta name=\"author\" content=\"benoitbarbagli\" \/>\n<meta name=\"twitter:card\" content=\"summary_large_image\" \/>\n<meta name=\"twitter:label1\" content=\"Est. reading time\" \/>\n\t<meta name=\"twitter:data1\" content=\"1 minute\" \/>\n<!-- \/ Yoast SEO plugin. -->","yoast_head_json":{"title":"Press article - Benoit-barbagli.com","description":"Benoit Barbagli vit et travaille \u00e0 ParisIng\u00e9nieur en technologie conceptuelle, \u00e9labore un r\u00e9seau de transmission de pens\u00e9es \u00e0 distance sans interface interm\u00e9diaire. Une technologie qui agit comme un lubrifiant sur les mots et les choses, entre les gestes et les \u00e9motions, pour les assouplir et les connecter. Il utilise pour y parvenir l\u2019amour et la vie.","robots":{"index":"index","follow":"follow","max-snippet":"max-snippet:-1","max-image-preview":"max-image-preview:large","max-video-preview":"max-video-preview:-1"},"canonical":"http:\/\/2023.benoit-barbagli.com\/en\/press-article\/","og_locale":"en_US","og_type":"article","og_title":"Press - Benoit-barbagli.com","og_description":"Benoit Barbagli vit et travaille \u00e0 ParisIng\u00e9nieur en technologie conceptuelle, \u00e9labore un r\u00e9seau de transmission de pens\u00e9es \u00e0 distance sans interface interm\u00e9diaire. Une technologie qui agit comme un lubrifiant sur les mots et les choses, entre les gestes et les \u00e9motions, pour les assouplir et les connecter. Il utilise pour y parvenir l\u2019amour et la vie.","og_url":"http:\/\/2023.benoit-barbagli.com\/en\/press-article\/","og_site_name":"Benoit-barbagli.com","article_modified_time":"2022-05-06T17:12:13+00:00","og_image":[{"url":"http:\/\/benoit-barbagli.com\/wp-content\/uploads\/2022\/04\/053_nouvelle_vague-1024x683.jpg"}],"author":"benoitbarbagli","twitter_card":"summary_large_image","twitter_misc":{"Est. reading time":"1 minute"},"schema":{"@context":"https:\/\/schema.org","@graph":[{"@type":["Person","Organization"],"@id":"https:\/\/2023.benoit-barbagli.com\/#\/schema\/person\/413a50e5dd6129de03df354d73c4ffaf","name":"benoitbarbagli","image":{"@type":"ImageObject","inLanguage":"en-US","@id":"https:\/\/2023.benoit-barbagli.com\/#\/schema\/person\/image\/","url":"http:\/\/benoit-barbagli.com\/wp-content\/uploads\/2020\/07\/Catha-scaled.jpg","contentUrl":"http:\/\/benoit-barbagli.com\/wp-content\/uploads\/2020\/07\/Catha-scaled.jpg","width":2560,"height":1440,"caption":"benoitbarbagli"},"logo":{"@id":"https:\/\/2023.benoit-barbagli.com\/#\/schema\/person\/image\/"}},{"@type":"WebSite","@id":"https:\/\/2023.benoit-barbagli.com\/#website","url":"https:\/\/2023.benoit-barbagli.com\/","name":"Benoit-barbagli.com","description":"Sous le chaos, la vie","publisher":{"@id":"https:\/\/2023.benoit-barbagli.com\/#\/schema\/person\/413a50e5dd6129de03df354d73c4ffaf"},"potentialAction":[{"@type":"SearchAction","target":{"@type":"EntryPoint","urlTemplate":"https:\/\/2023.benoit-barbagli.com\/?s={search_term_string}"},"query-input":"required name=search_term_string"}],"inLanguage":"en-US"},{"@type":"ImageObject","inLanguage":"en-US","@id":"http:\/\/2023.benoit-barbagli.com\/en\/press-article\/#primaryimage","url":"","contentUrl":""},{"@type":"WebPage","@id":"http:\/\/2023.benoit-barbagli.com\/en\/press-article\/#webpage","url":"http:\/\/2023.benoit-barbagli.com\/en\/press-article\/","name":"Press article - Benoit-barbagli.com","isPartOf":{"@id":"https:\/\/2023.benoit-barbagli.com\/#website"},"primaryImageOfPage":{"@id":"http:\/\/2023.benoit-barbagli.com\/en\/press-article\/#primaryimage"},"datePublished":"2022-04-23T11:02:32+00:00","dateModified":"2022-05-06T17:12:13+00:00","description":"Benoit Barbagli vit et travaille \u00e0 ParisIng\u00e9nieur en technologie conceptuelle, \u00e9labore un r\u00e9seau de transmission de pens\u00e9es \u00e0 distance sans interface interm\u00e9diaire. Une technologie qui agit comme un lubrifiant sur les mots et les choses, entre les gestes et les \u00e9motions, pour les assouplir et les connecter. Il utilise pour y parvenir l\u2019amour et la vie.","breadcrumb":{"@id":"http:\/\/2023.benoit-barbagli.com\/en\/press-article\/#breadcrumb"},"inLanguage":"en-US","potentialAction":[{"@type":"ReadAction","target":["http:\/\/2023.benoit-barbagli.com\/en\/press-article\/"]}]},{"@type":"BreadcrumbList","@id":"http:\/\/2023.benoit-barbagli.com\/en\/press-article\/#breadcrumb","itemListElement":[{"@type":"ListItem","position":1,"name":"Accueil","item":"https:\/\/2023.benoit-barbagli.com\/en\/"},{"@type":"ListItem","position":2,"name":"Press article"}]}]}},"_links":{"self":[{"href":"https:\/\/2023.benoit-barbagli.com\/en\/wp-json\/wp\/v2\/pages\/76680"}],"collection":[{"href":"https:\/\/2023.benoit-barbagli.com\/en\/wp-json\/wp\/v2\/pages"}],"about":[{"href":"https:\/\/2023.benoit-barbagli.com\/en\/wp-json\/wp\/v2\/types\/page"}],"author":[{"embeddable":true,"href":"https:\/\/2023.benoit-barbagli.com\/en\/wp-json\/wp\/v2\/users\/1"}],"replies":[{"embeddable":true,"href":"https:\/\/2023.benoit-barbagli.com\/en\/wp-json\/wp\/v2\/comments?post=76680"}],"version-history":[{"count":4,"href":"https:\/\/2023.benoit-barbagli.com\/en\/wp-json\/wp\/v2\/pages\/76680\/revisions"}],"predecessor-version":[{"id":76736,"href":"https:\/\/2023.benoit-barbagli.com\/en\/wp-json\/wp\/v2\/pages\/76680\/revisions\/76736"}],"wp:attachment":[{"href":"https:\/\/2023.benoit-barbagli.com\/en\/wp-json\/wp\/v2\/media?parent=76680"}],"curies":[{"name":"wp","href":"https:\/\/api.w.org\/{rel}","templated":true}]}}