{"id":76889,"date":"2022-07-02T18:54:45","date_gmt":"2022-07-02T18:54:45","guid":{"rendered":"http:\/\/2023.benoit-barbagli.com\/exposure\/"},"modified":"2022-07-03T07:07:54","modified_gmt":"2022-07-03T07:07:54","slug":"exposure","status":"publish","type":"page","link":"http:\/\/2023.benoit-barbagli.com\/en\/exposure\/","title":{"rendered":"Exposure"},"content":{"rendered":"<p>[vc_row row_type=&#8221;row&#8221; use_row_as_full_screen_section=&#8221;no&#8221; type=&#8221;full_width&#8221; text_align=&#8221;left&#8221; background_animation=&#8221;none&#8221; css_animation=&#8221;&#8221;][vc_column width=&#8221;2\/5&#8243;][vc_column_text]<\/p>\n<p style=\"text-align: center;\">Currently<\/p>\n<p>[\/vc_column_text][vc_empty_space]<div class='projects_holder_outer v portfolio_with_space portfolio_standard  qode-filter-position-top'>\n\t    \t<div class='projects_holder clearfix v standard portfolio_default_image '>\n\t\t<p>Sorry, no posts matched your criteria.<\/p>\t<\/div>\n\n    \n\t<\/div>\n[vc_empty_space][\/vc_column][vc_column width=&#8221;1\/5&#8243;][\/vc_column][vc_column width=&#8221;2\/5&#8243;][vc_column_text]<\/p>\n<p style=\"text-align: center;\">Future<\/p>\n<p>[\/vc_column_text][vc_empty_space]<div class='projects_holder_outer v portfolio_with_space portfolio_standard  qode-filter-position-top'>\n\t    \t<div class='projects_holder clearfix v standard portfolio_default_image '>\n\t\t<article class=\"mix portfolio_category_68 portfolio_category_119\">\n    <div class='image_holder default_hover'>\n        \n<span class='image'><img width=\"550\" height=\"498\" src=\"https:\/\/2023.benoit-barbagli.com\/wp-content\/uploads\/2019\/08\/DSC00672-2-550x498.jpg\" class=\"attachment-portfolio-default size-portfolio-default wp-post-image\" alt=\"\" decoding=\"async\" srcset=\"https:\/\/2023.benoit-barbagli.com\/wp-content\/uploads\/2019\/08\/DSC00672-2-550x498.jpg 550w, https:\/\/2023.benoit-barbagli.com\/wp-content\/uploads\/2019\/08\/DSC00672-2-480x434.jpg 480w, https:\/\/2023.benoit-barbagli.com\/wp-content\/uploads\/2019\/08\/DSC00672-2-125x112.jpg 125w\" sizes=\"(max-width: 550px) 100vw, 550px\" \/><\/span>\n                    <a class='portfolio_link_class' href='http:\/\/2023.benoit-barbagli.com\/en\/artwork\/title-to-come-galerie-epi-spring-2022\/' target='_self'><\/a>\n\t\t\n        <div class=\"portfolio_shader\"><\/div>\n\t\t<div class=\"icons_holder\">\n\t<div class=\"icons_holder_inner\">\n\t\t\t\t\t<a class='portfolio_lightbox' title='Exposure' href='https:\/\/2023.benoit-barbagli.com\/wp-content\/uploads\/2019\/08\/DSC00672-2-scaled.jpg' data-rel='prettyPhoto[pretty_photo_gallery]'><\/a>\n\t\t\t\t<a class=\"qode-like\" data-type=\"portfolio_list\" id=\"qode-like-73463\" title=\"Like this\"><\/a>\t<\/div>\n<\/div>\n    <\/div>\n\n    <div class='portfolio_description ' >\n            <h4 class=\"portfolio_title\" ><a href=\"http:\/\/2023.benoit-barbagli.com\/en\/artwork\/title-to-come-galerie-epi-spring-2022\/\" target=\"_self\"> (Title to come) &#8211; Galerie Epi &#8211; Spring 2022<\/a><\/h4>\n<h6 class=\"portfolio_subtitle\"> <\/h6>    <\/div>\n<\/article>\n<article class=\"mix portfolio_category_68 portfolio_category_119\">\n    <div class='image_holder default_hover'>\n        \n<span class='image'><img width=\"550\" height=\"498\" src=\"https:\/\/2023.benoit-barbagli.com\/wp-content\/uploads\/2021\/03\/IMG_20210603_214208-550x498.jpg\" class=\"attachment-portfolio-default size-portfolio-default wp-post-image\" alt=\"\" decoding=\"async\" srcset=\"https:\/\/2023.benoit-barbagli.com\/wp-content\/uploads\/2021\/03\/IMG_20210603_214208-550x498.jpg 550w, https:\/\/2023.benoit-barbagli.com\/wp-content\/uploads\/2021\/03\/IMG_20210603_214208-480x434.jpg 480w, https:\/\/2023.benoit-barbagli.com\/wp-content\/uploads\/2021\/03\/IMG_20210603_214208-125x112.jpg 125w\" sizes=\"(max-width: 550px) 100vw, 550px\" \/><\/span>\n                    <a class='portfolio_link_class' href='http:\/\/2023.benoit-barbagli.com\/en\/artwork\/title-to-come-villa-cameline-nice-september-2021\/' target='_self'><\/a>\n\t\t\n        <div class=\"portfolio_shader\"><\/div>\n\t\t<div class=\"icons_holder\">\n\t<div class=\"icons_holder_inner\">\n\t\t\t\t\t<a class='portfolio_lightbox' title='Exposure' href='https:\/\/2023.benoit-barbagli.com\/wp-content\/uploads\/2021\/03\/IMG_20210603_214208-scaled.jpg' data-rel='prettyPhoto[pretty_photo_gallery]'><\/a>\n\t\t\t\t<a class=\"qode-like\" data-type=\"portfolio_list\" id=\"qode-like-73464\" title=\"Like this\"><\/a>\t<\/div>\n<\/div>\n    <\/div>\n\n    <div class='portfolio_description ' >\n            <h4 class=\"portfolio_title\" ><a href=\"http:\/\/2023.benoit-barbagli.com\/en\/artwork\/title-to-come-villa-cameline-nice-september-2021\/\" target=\"_self\"> (Title to come) &#8211; Villa Cam\u00e9line &#8211; Nice &#8211; September 2021<\/a><\/h4>\n<h6 class=\"portfolio_subtitle\"> <\/h6>    <\/div>\n<\/article>\n<article class=\"mix portfolio_category_68 portfolio_category_119\">\n    <div class='image_holder default_hover'>\n        \n<span class='image'><img width=\"550\" height=\"498\" src=\"https:\/\/2023.benoit-barbagli.com\/wp-content\/uploads\/2020\/07\/Catha-550x498.jpg\" class=\"attachment-portfolio-default size-portfolio-default wp-post-image\" alt=\"\" decoding=\"async\" srcset=\"https:\/\/2023.benoit-barbagli.com\/wp-content\/uploads\/2020\/07\/Catha-550x498.jpg 550w, https:\/\/2023.benoit-barbagli.com\/wp-content\/uploads\/2020\/07\/Catha-480x434.jpg 480w, https:\/\/2023.benoit-barbagli.com\/wp-content\/uploads\/2020\/07\/Catha-125x112.jpg 125w\" sizes=\"(max-width: 550px) 100vw, 550px\" \/><\/span>\n                    <a class='portfolio_link_class' href='http:\/\/2023.benoit-barbagli.com\/en\/artwork\/ecotopia-nice-port-lympia-septembre-2021\/' target='_self'><\/a>\n\t\t\n        <div class=\"portfolio_shader\"><\/div>\n\t\t<div class=\"icons_holder\">\n\t<div class=\"icons_holder_inner\">\n\t\t\t\t\t<a class='portfolio_lightbox' title='Exposure' href='https:\/\/2023.benoit-barbagli.com\/wp-content\/uploads\/2020\/07\/Catha-scaled.jpg' data-rel='prettyPhoto[pretty_photo_gallery]'><\/a>\n\t\t\t\t<a class=\"qode-like\" data-type=\"portfolio_list\" id=\"qode-like-73465\" title=\"Like this\"><\/a>\t<\/div>\n<\/div>\n    <\/div>\n\n    <div class='portfolio_description ' >\n            <h4 class=\"portfolio_title\" ><a href=\"http:\/\/2023.benoit-barbagli.com\/en\/artwork\/ecotopia-nice-port-lympia-septembre-2021\/\" target=\"_self\"> Ecotopia &#8211; Nice &#8211; Port Lympia Septembre 2021<\/a><\/h4>\n<h6 class=\"portfolio_subtitle\"> <\/h6>    <\/div>\n<\/article>\n\t<\/div>\n\n    \n\t<\/div>\n[vc_empty_space][\/vc_column][\/vc_row][vc_row row_type=&#8221;row&#8221; use_row_as_full_screen_section=&#8221;no&#8221; type=&#8221;full_width&#8221; text_align=&#8221;left&#8221; background_animation=&#8221;none&#8221; css_animation=&#8221;&#8221;][vc_column][vc_column_text]Past Exhibitions :[\/vc_column_text][vc_empty_space]<div class='projects_holder_outer v4 portfolio_with_space portfolio_standard  qode-filter-position-top'>\n\t<div class='filter_outer left_align'>\n    <div class='filter_holder  without_separator'>\n        <ul>\n                            <li class='filter_title'><span>Sort Portfolio:<\/span><\/li>\n            \n                            <li class='filter' data-filter='all'><span>All<\/span><\/li>\n            \n                            <li class='filter' data-filter='portfolio_category_268'><span>2013<\/span>\n                                <\/li>\n                            <li class='filter' data-filter='portfolio_category_266'><span>2015<\/span>\n                                <\/li>\n                            <li class='filter' data-filter='portfolio_category_270'><span>2016<\/span>\n                                <\/li>\n                            <li class='filter' data-filter='portfolio_category_262'><span>2018<\/span>\n                                <\/li>\n                            <li class='filter' data-filter='portfolio_category_257'><span>2019<\/span>\n                                <\/li>\n                            <li class='filter' data-filter='portfolio_category_255'><span>2020<\/span>\n                                <\/li>\n                            <li class='filter' data-filter='portfolio_category_248'><span>2021<\/span>\n                                <\/li>\n                            <li class='filter' data-filter='portfolio_category_242'><span>2022<\/span>\n                                <\/li>\n                            <li class='filter' data-filter='portfolio_category_241'><span>Collective<\/span>\n                                <\/li>\n                            <li class='filter' data-filter='portfolio_category_264'><span>Duo<\/span>\n                                <\/li>\n                            <li class='filter' data-filter='portfolio_category_72'><span>ecotopia<\/span>\n                                <\/li>\n                            <li class='filter' data-filter='portfolio_category_68'><span>exposition<\/span>\n                                <\/li>\n                            <li class='filter' data-filter='portfolio_category_124'><span>featured<\/span>\n                                <\/li>\n                            <li class='filter' data-filter='portfolio_category_249'><span>Festival<\/span>\n                                <\/li>\n                            <li class='filter' data-filter='portfolio_category_70'><span>foire<\/span>\n                                <\/li>\n                            <li class='filter' data-filter='portfolio_category_119'><span>future<\/span>\n                                <\/li>\n                            <li class='filter' data-filter='portfolio_category_76'><span>icilaterre<\/span>\n                                <\/li>\n                            <li class='filter' data-filter='portfolio_category_260'><span>Important<\/span>\n                                <\/li>\n                            <li class='filter' data-filter='portfolio_category_69'><span>maison d&#8217;ench\u00e8re<\/span>\n                                <\/li>\n                            <li class='filter' data-filter='portfolio_category_245'><span>Monographic<\/span>\n                                <\/li>\n                            <li class='filter' data-filter='portfolio_category_202'><span>nft<\/span>\n                                <\/li>\n                            <li class='filter' data-filter='portfolio_category_71'><span>oceanmemoria<\/span>\n                                <\/li>\n                            <li class='filter' data-filter='portfolio_category_253'><span>PALAM Collective<\/span>\n                                <\/li>\n                            <li class='filter' data-filter='portfolio_category_222'><span>past<\/span>\n                                <\/li>\n                            <li class='filter' data-filter='portfolio_category_115'><span>performing<\/span>\n                                <\/li>\n                            <li class='filter' data-filter='portfolio_category_65'><span>photographie<\/span>\n                                <\/li>\n                            <li class='filter' data-filter='portfolio_category_210'><span>present<\/span>\n                                <\/li>\n                            <li class='filter' data-filter='portfolio_category_212'><span>press<\/span>\n                                <\/li>\n                            <li class='filter' data-filter='portfolio_category_205'><span>Press article<\/span>\n                                <\/li>\n                            <li class='filter' data-filter='portfolio_category_56'><span>projet<\/span>\n                                <\/li>\n                            <li class='filter' data-filter='portfolio_category_73'><span>projet<\/span>\n                                <\/li>\n                            <li class='filter' data-filter='portfolio_category_67'><span>sculpture<\/span>\n                                <\/li>\n                            <li class='filter' data-filter='portfolio_category_203'><span>texts<\/span>\n                                <\/li>\n                            <li class='filter' data-filter='portfolio_category_74'><span>tideoftrepidation<\/span>\n                                <\/li>\n                            <li class='filter' data-filter='portfolio_category_116'><span>video<\/span>\n                                <\/li>\n                    <\/ul>\n    <\/div>\n<\/div>\n    \t<div class='projects_holder clearfix v4 standard portfolio_default_image '>\n\t\t<p>Sorry, no posts matched your criteria.<\/p>\t<\/div>\n\n    \n\t<\/div>\n[vc_empty_space][\/vc_column][\/vc_row]<\/p>\n","protected":false},"excerpt":{"rendered":"<p>[vc_row row_type=&#8221;row&#8221; use_row_as_full_screen_section=&#8221;no&#8221; type=&#8221;full_width&#8221; text_align=&#8221;left&#8221; background_animation=&#8221;none&#8221; css_animation=&#8221;&#8221;][vc_column width=&#8221;2\/5&#8243;][vc_column_text] Currently [\/vc_column_text][vc_empty_space][vc_empty_space][\/vc_column][vc_column width=&#8221;1\/5&#8243;][\/vc_column][vc_column width=&#8221;2\/5&#8243;][vc_column_text] Future [\/vc_column_text][vc_empty_space][vc_empty_space][\/vc_column][\/vc_row][vc_row row_type=&#8221;row&#8221; use_row_as_full_screen_section=&#8221;no&#8221; type=&#8221;full_width&#8221; text_align=&#8221;left&#8221; background_animation=&#8221;none&#8221; css_animation=&#8221;&#8221;][vc_column][vc_column_text]Past Exhibitions :[\/vc_column_text][vc_empty_space][vc_empty_space][\/vc_column][\/vc_row]<\/p>\n","protected":false},"author":1,"featured_media":0,"parent":0,"menu_order":0,"comment_status":"closed","ping_status":"closed","template":"","meta":{"inline_featured_image":false,"footnotes":""},"yoast_head":"<!-- This site is optimized with the Yoast SEO plugin v19.2 - https:\/\/yoast.com\/wordpress\/plugins\/seo\/ -->\n<title>Exposure - Benoit-barbagli.com<\/title>\n<meta name=\"description\" content=\"Benoit Barbagli vit et travaille \u00e0 ParisIng\u00e9nieur en technologie conceptuelle, \u00e9labore un r\u00e9seau de transmission de pens\u00e9es \u00e0 distance sans interface interm\u00e9diaire. Une technologie qui agit comme un lubrifiant sur les mots et les choses, entre les gestes et les \u00e9motions, pour les assouplir et les connecter. Il utilise pour y parvenir l\u2019amour et la vie.\" \/>\n<meta name=\"robots\" content=\"index, follow, max-snippet:-1, max-image-preview:large, max-video-preview:-1\" \/>\n<link rel=\"canonical\" href=\"http:\/\/2023.benoit-barbagli.com\/en\/exposure\/\" \/>\n<meta property=\"og:locale\" content=\"en_US\" \/>\n<meta property=\"og:type\" content=\"article\" \/>\n<meta property=\"og:title\" content=\"Exposure - Benoit-barbagli.com\" \/>\n<meta property=\"og:description\" content=\"Benoit Barbagli vit et travaille \u00e0 ParisIng\u00e9nieur en technologie conceptuelle, \u00e9labore un r\u00e9seau de transmission de pens\u00e9es \u00e0 distance sans interface interm\u00e9diaire. Une technologie qui agit comme un lubrifiant sur les mots et les choses, entre les gestes et les \u00e9motions, pour les assouplir et les connecter. Il utilise pour y parvenir l\u2019amour et la vie.\" \/>\n<meta property=\"og:url\" content=\"http:\/\/2023.benoit-barbagli.com\/en\/exposure\/\" \/>\n<meta property=\"og:site_name\" content=\"Benoit-barbagli.com\" \/>\n<meta property=\"article:modified_time\" content=\"2022-07-03T07:07:54+00:00\" \/>\n<meta property=\"og:image\" content=\"https:\/\/2023.benoit-barbagli.com\/wp-content\/uploads\/2019\/05\/DSC02317-scaled.jpg\" \/>\n\t<meta property=\"og:image:width\" content=\"2560\" \/>\n\t<meta property=\"og:image:height\" content=\"1630\" \/>\n\t<meta property=\"og:image:type\" content=\"image\/jpeg\" \/>\n<meta name=\"author\" content=\"benoitbarbagli\" \/>\n<meta name=\"twitter:card\" content=\"summary_large_image\" \/>\n<meta name=\"twitter:label1\" content=\"Est. reading time\" \/>\n\t<meta name=\"twitter:data1\" content=\"1 minute\" \/>\n<!-- \/ Yoast SEO plugin. -->","yoast_head_json":{"title":"Exposure - Benoit-barbagli.com","description":"Benoit Barbagli vit et travaille \u00e0 ParisIng\u00e9nieur en technologie conceptuelle, \u00e9labore un r\u00e9seau de transmission de pens\u00e9es \u00e0 distance sans interface interm\u00e9diaire. Une technologie qui agit comme un lubrifiant sur les mots et les choses, entre les gestes et les \u00e9motions, pour les assouplir et les connecter. Il utilise pour y parvenir l\u2019amour et la vie.","robots":{"index":"index","follow":"follow","max-snippet":"max-snippet:-1","max-image-preview":"max-image-preview:large","max-video-preview":"max-video-preview:-1"},"canonical":"http:\/\/2023.benoit-barbagli.com\/en\/exposure\/","og_locale":"en_US","og_type":"article","og_title":"Exposure - Benoit-barbagli.com","og_description":"Benoit Barbagli vit et travaille \u00e0 ParisIng\u00e9nieur en technologie conceptuelle, \u00e9labore un r\u00e9seau de transmission de pens\u00e9es \u00e0 distance sans interface interm\u00e9diaire. Une technologie qui agit comme un lubrifiant sur les mots et les choses, entre les gestes et les \u00e9motions, pour les assouplir et les connecter. Il utilise pour y parvenir l\u2019amour et la vie.","og_url":"http:\/\/2023.benoit-barbagli.com\/en\/exposure\/","og_site_name":"Benoit-barbagli.com","article_modified_time":"2022-07-03T07:07:54+00:00","og_image":[{"width":2560,"height":1630,"url":"https:\/\/2023.benoit-barbagli.com\/wp-content\/uploads\/2019\/05\/DSC02317-scaled.jpg","type":"image\/jpeg"}],"author":"benoitbarbagli","twitter_card":"summary_large_image","twitter_misc":{"Est. reading time":"1 minute"},"schema":{"@context":"https:\/\/schema.org","@graph":[{"@type":["Person","Organization"],"@id":"https:\/\/2023.benoit-barbagli.com\/#\/schema\/person\/413a50e5dd6129de03df354d73c4ffaf","name":"benoitbarbagli","image":{"@type":"ImageObject","inLanguage":"en-US","@id":"https:\/\/2023.benoit-barbagli.com\/#\/schema\/person\/image\/","url":"http:\/\/benoit-barbagli.com\/wp-content\/uploads\/2020\/07\/Catha-scaled.jpg","contentUrl":"http:\/\/benoit-barbagli.com\/wp-content\/uploads\/2020\/07\/Catha-scaled.jpg","width":2560,"height":1440,"caption":"benoitbarbagli"},"logo":{"@id":"https:\/\/2023.benoit-barbagli.com\/#\/schema\/person\/image\/"}},{"@type":"WebSite","@id":"https:\/\/2023.benoit-barbagli.com\/#website","url":"https:\/\/2023.benoit-barbagli.com\/","name":"Benoit-barbagli.com","description":"Sous le chaos, la vie","publisher":{"@id":"https:\/\/2023.benoit-barbagli.com\/#\/schema\/person\/413a50e5dd6129de03df354d73c4ffaf"},"potentialAction":[{"@type":"SearchAction","target":{"@type":"EntryPoint","urlTemplate":"https:\/\/2023.benoit-barbagli.com\/?s={search_term_string}"},"query-input":"required name=search_term_string"}],"inLanguage":"en-US"},{"@type":"WebPage","@id":"http:\/\/2023.benoit-barbagli.com\/en\/exposure\/#webpage","url":"http:\/\/2023.benoit-barbagli.com\/en\/exposure\/","name":"Exposure - Benoit-barbagli.com","isPartOf":{"@id":"https:\/\/2023.benoit-barbagli.com\/#website"},"datePublished":"2022-07-02T18:54:45+00:00","dateModified":"2022-07-03T07:07:54+00:00","description":"Benoit Barbagli vit et travaille \u00e0 ParisIng\u00e9nieur en technologie conceptuelle, \u00e9labore un r\u00e9seau de transmission de pens\u00e9es \u00e0 distance sans interface interm\u00e9diaire. Une technologie qui agit comme un lubrifiant sur les mots et les choses, entre les gestes et les \u00e9motions, pour les assouplir et les connecter. Il utilise pour y parvenir l\u2019amour et la vie.","breadcrumb":{"@id":"http:\/\/2023.benoit-barbagli.com\/en\/exposure\/#breadcrumb"},"inLanguage":"en-US","potentialAction":[{"@type":"ReadAction","target":["http:\/\/2023.benoit-barbagli.com\/en\/exposure\/"]}]},{"@type":"BreadcrumbList","@id":"http:\/\/2023.benoit-barbagli.com\/en\/exposure\/#breadcrumb","itemListElement":[{"@type":"ListItem","position":1,"name":"Accueil","item":"https:\/\/2023.benoit-barbagli.com\/en\/"},{"@type":"ListItem","position":2,"name":"Exposure"}]}]}},"_links":{"self":[{"href":"https:\/\/2023.benoit-barbagli.com\/en\/wp-json\/wp\/v2\/pages\/76889"}],"collection":[{"href":"https:\/\/2023.benoit-barbagli.com\/en\/wp-json\/wp\/v2\/pages"}],"about":[{"href":"https:\/\/2023.benoit-barbagli.com\/en\/wp-json\/wp\/v2\/types\/page"}],"author":[{"embeddable":true,"href":"https:\/\/2023.benoit-barbagli.com\/en\/wp-json\/wp\/v2\/users\/1"}],"replies":[{"embeddable":true,"href":"https:\/\/2023.benoit-barbagli.com\/en\/wp-json\/wp\/v2\/comments?post=76889"}],"version-history":[{"count":40,"href":"https:\/\/2023.benoit-barbagli.com\/en\/wp-json\/wp\/v2\/pages\/76889\/revisions"}],"predecessor-version":[{"id":77136,"href":"https:\/\/2023.benoit-barbagli.com\/en\/wp-json\/wp\/v2\/pages\/76889\/revisions\/77136"}],"wp:attachment":[{"href":"https:\/\/2023.benoit-barbagli.com\/en\/wp-json\/wp\/v2\/media?parent=76889"}],"curies":[{"name":"wp","href":"https:\/\/api.w.org\/{rel}","templated":true}]}}