{"id":27080,"date":"2017-06-12T13:59:15","date_gmt":"2017-06-12T13:59:15","guid":{"rendered":"http:\/\/2023.benoit-barbagli.com\/articles\/le-lac-2\/"},"modified":"2022-03-28T17:36:14","modified_gmt":"2022-03-28T17:36:14","slug":"le-lac-2","status":"publish","type":"product","link":"http:\/\/2023.benoit-barbagli.com\/articles\/le-lac-2\/","title":{"rendered":"Balaour"},"content":{"rendered":"","protected":false},"excerpt":{"rendered":"<p class=\"p1\">Balaour, 2014<\/p>\n<p class=\"p1\">serie Les visites<\/p>\n<p class=\"p1\">Tirage photographique<\/p>\n<p class=\"p1\">5 exemplaires num\u00e9rot\u00e9s<\/p>\n<p class=\"p1\">Collage sous plexiglas 4mm<\/p>\n<p class=\"p1\">Support au dos en alluminium<\/p>\n<p class=\"p1\">3 exemplaires num\u00e9rot\u00e9s +2EA<\/p>\n<p class=\"p1\">Signature grav\u00e9 et num\u00e9rot\u00e9 au dos<\/p>\n<p class=\"p1\">89 x 55 cm<\/p>\n","protected":false},"featured_media":74448,"template":"","meta":{"inline_featured_image":false},"product_cat":[139,89],"product_tag":[],"yoast_head":"<!-- This site is optimized with the Yoast SEO plugin v19.2 - https:\/\/yoast.com\/wordpress\/plugins\/seo\/ -->\n<title>Balaour - Benoit-barbagli.com<\/title>\n<meta name=\"robots\" content=\"index, follow, max-snippet:-1, max-image-preview:large, max-video-preview:-1\" \/>\n<link rel=\"canonical\" href=\"http:\/\/2023.benoit-barbagli.com\/articles\/le-lac-2\/\" \/>\n<meta property=\"og:locale\" content=\"en_US\" \/>\n<meta property=\"og:type\" content=\"article\" \/>\n<meta property=\"og:title\" content=\"Balaour - Benoit-barbagli.com\" \/>\n<meta property=\"og:description\" content=\"Balaour, 2014 serie Les visites Tirage photographique 5 exemplaires num\u00e9rot\u00e9s Collage sous plexiglas 4mm Support au dos en alluminium 3 exemplaires num\u00e9rot\u00e9s +2EA Signature grav\u00e9 et num\u00e9rot\u00e9 au dos 89 x 55 cm\" \/>\n<meta property=\"og:url\" content=\"http:\/\/2023.benoit-barbagli.com\/articles\/le-lac-2\/\" \/>\n<meta property=\"og:site_name\" content=\"Benoit-barbagli.com\" \/>\n<meta property=\"article:modified_time\" content=\"2022-03-28T17:36:14+00:00\" \/>\n<meta property=\"og:image\" content=\"https:\/\/2023.benoit-barbagli.com\/wp-content\/uploads\/2022\/01\/Le-lac-2-1.jpg\" \/>\n\t<meta property=\"og:image:width\" content=\"1200\" \/>\n\t<meta property=\"og:image:height\" content=\"728\" \/>\n\t<meta property=\"og:image:type\" content=\"image\/jpeg\" \/>\n<meta name=\"author\" content=\"benoitbarbagli\" \/>\n<meta name=\"twitter:card\" content=\"summary_large_image\" \/>\n<!-- \/ Yoast SEO plugin. -->","yoast_head_json":{"title":"Balaour - Benoit-barbagli.com","robots":{"index":"index","follow":"follow","max-snippet":"max-snippet:-1","max-image-preview":"max-image-preview:large","max-video-preview":"max-video-preview:-1"},"canonical":"http:\/\/2023.benoit-barbagli.com\/articles\/le-lac-2\/","og_locale":"en_US","og_type":"article","og_title":"Balaour - Benoit-barbagli.com","og_description":"Balaour, 2014 serie Les visites Tirage photographique 5 exemplaires num\u00e9rot\u00e9s Collage sous plexiglas 4mm Support au dos en alluminium 3 exemplaires num\u00e9rot\u00e9s +2EA Signature grav\u00e9 et num\u00e9rot\u00e9 au dos 89 x 55 cm","og_url":"http:\/\/2023.benoit-barbagli.com\/articles\/le-lac-2\/","og_site_name":"Benoit-barbagli.com","article_modified_time":"2022-03-28T17:36:14+00:00","og_image":[{"width":1200,"height":728,"url":"https:\/\/2023.benoit-barbagli.com\/wp-content\/uploads\/2022\/01\/Le-lac-2-1.jpg","type":"image\/jpeg"}],"author":"benoitbarbagli","twitter_card":"summary_large_image","schema":{"@context":"https:\/\/schema.org","@graph":[{"@type":["Person","Organization"],"@id":"https:\/\/2023.benoit-barbagli.com\/#\/schema\/person\/413a50e5dd6129de03df354d73c4ffaf","name":"benoitbarbagli","image":{"@type":"ImageObject","inLanguage":"en-US","@id":"https:\/\/2023.benoit-barbagli.com\/#\/schema\/person\/image\/","url":"http:\/\/benoit-barbagli.com\/wp-content\/uploads\/2020\/07\/Catha-scaled.jpg","contentUrl":"http:\/\/benoit-barbagli.com\/wp-content\/uploads\/2020\/07\/Catha-scaled.jpg","width":2560,"height":1440,"caption":"benoitbarbagli"},"logo":{"@id":"https:\/\/2023.benoit-barbagli.com\/#\/schema\/person\/image\/"}},{"@type":"WebSite","@id":"https:\/\/2023.benoit-barbagli.com\/#website","url":"https:\/\/2023.benoit-barbagli.com\/","name":"Benoit-barbagli.com","description":"Sous le chaos, la vie","publisher":{"@id":"https:\/\/2023.benoit-barbagli.com\/#\/schema\/person\/413a50e5dd6129de03df354d73c4ffaf"},"potentialAction":[{"@type":"SearchAction","target":{"@type":"EntryPoint","urlTemplate":"https:\/\/2023.benoit-barbagli.com\/?s={search_term_string}"},"query-input":"required name=search_term_string"}],"inLanguage":"en-US"},{"@type":"ImageObject","inLanguage":"en-US","@id":"http:\/\/2023.benoit-barbagli.com\/articles\/le-lac-2\/#primaryimage","url":"https:\/\/2023.benoit-barbagli.com\/wp-content\/uploads\/2022\/01\/Le-lac-2-1.jpg","contentUrl":"https:\/\/2023.benoit-barbagli.com\/wp-content\/uploads\/2022\/01\/Le-lac-2-1.jpg","width":1200,"height":728},{"@type":"WebPage","@id":"http:\/\/2023.benoit-barbagli.com\/articles\/le-lac-2\/#webpage","url":"http:\/\/2023.benoit-barbagli.com\/articles\/le-lac-2\/","name":"Balaour - Benoit-barbagli.com","isPartOf":{"@id":"https:\/\/2023.benoit-barbagli.com\/#website"},"primaryImageOfPage":{"@id":"http:\/\/2023.benoit-barbagli.com\/articles\/le-lac-2\/#primaryimage"},"datePublished":"2017-06-12T13:59:15+00:00","dateModified":"2022-03-28T17:36:14+00:00","breadcrumb":{"@id":"http:\/\/2023.benoit-barbagli.com\/articles\/le-lac-2\/#breadcrumb"},"inLanguage":"en-US","potentialAction":[{"@type":"ReadAction","target":["http:\/\/2023.benoit-barbagli.com\/articles\/le-lac-2\/"]}]},{"@type":"BreadcrumbList","@id":"http:\/\/2023.benoit-barbagli.com\/articles\/le-lac-2\/#breadcrumb","itemListElement":[{"@type":"ListItem","position":1,"name":"Accueil","item":"https:\/\/2023.benoit-barbagli.com\/en\/"},{"@type":"ListItem","position":2,"name":"store","item":"http:\/\/2023.benoit-barbagli.com\/en\/shop\/"},{"@type":"ListItem","position":3,"name":"Balaour"}]}]}},"_links":{"self":[{"href":"https:\/\/2023.benoit-barbagli.com\/en\/wp-json\/wp\/v2\/product\/27080"}],"collection":[{"href":"https:\/\/2023.benoit-barbagli.com\/en\/wp-json\/wp\/v2\/product"}],"about":[{"href":"https:\/\/2023.benoit-barbagli.com\/en\/wp-json\/wp\/v2\/types\/product"}],"wp:featuredmedia":[{"embeddable":true,"href":"https:\/\/2023.benoit-barbagli.com\/en\/wp-json\/wp\/v2\/media\/74448"}],"wp:attachment":[{"href":"https:\/\/2023.benoit-barbagli.com\/en\/wp-json\/wp\/v2\/media?parent=27080"}],"wp:term":[{"taxonomy":"product_cat","embeddable":true,"href":"https:\/\/2023.benoit-barbagli.com\/en\/wp-json\/wp\/v2\/product_cat?post=27080"},{"taxonomy":"product_tag","embeddable":true,"href":"https:\/\/2023.benoit-barbagli.com\/en\/wp-json\/wp\/v2\/product_tag?post=27080"}],"curies":[{"name":"wp","href":"https:\/\/api.w.org\/{rel}","templated":true}]}}