{"id":69368,"date":"2021-03-18T16:03:21","date_gmt":"2021-03-18T16:03:21","guid":{"rendered":"http:\/\/2023.benoit-barbagli.com\/?post_type=product&#038;p=69368"},"modified":"2022-12-13T09:49:30","modified_gmt":"2022-12-13T09:49:30","slug":"pins-saut","status":"publish","type":"product","link":"http:\/\/2023.benoit-barbagli.com\/articles\/pins-saut\/","title":{"rendered":"Si B\u00e9mol Amoureux &#8211; Broche"},"content":{"rendered":"","protected":false},"excerpt":{"rendered":"<p>Si B\u00e9mol amoureux, 2020<br \/>\nBenoit Barbagli<br \/>\ntaille : 40mm<br \/>\nPin&#8217;s double attache<br \/>\nPlaqu\u00e9 Or<br \/>\nEdition limit\u00e9<\/p>\n<p>Voir les saut amoureux : http:\/\/benoit-barbagli.com\/sauts-amoureux\/<\/p>\n","protected":false},"featured_media":69369,"template":"","meta":{"inline_featured_image":false},"product_cat":[83,84,134,98],"product_tag":[],"yoast_head":"<!-- This site is optimized with the Yoast SEO plugin v19.2 - https:\/\/yoast.com\/wordpress\/plugins\/seo\/ -->\n<title>Si B\u00e9mol Amoureux - Broche - Benoit-barbagli.com<\/title>\n<meta name=\"robots\" content=\"index, follow, max-snippet:-1, max-image-preview:large, max-video-preview:-1\" \/>\n<link rel=\"canonical\" href=\"http:\/\/2023.benoit-barbagli.com\/articles\/pins-saut\/\" \/>\n<meta property=\"og:locale\" content=\"en_US\" \/>\n<meta property=\"og:type\" content=\"article\" \/>\n<meta property=\"og:title\" content=\"Si B\u00e9mol Amoureux - Broche - Benoit-barbagli.com\" \/>\n<meta property=\"og:description\" content=\"Si B\u00e9mol amoureux, 2020 Benoit Barbagli taille : 40mm Pin&#039;s double attache Plaqu\u00e9 Or Edition limit\u00e9  Voir les saut amoureux : http:\/\/benoit-barbagli.com\/sauts-amoureux\/\" \/>\n<meta property=\"og:url\" content=\"http:\/\/2023.benoit-barbagli.com\/articles\/pins-saut\/\" \/>\n<meta property=\"og:site_name\" content=\"Benoit-barbagli.com\" \/>\n<meta property=\"article:modified_time\" content=\"2022-12-13T09:49:30+00:00\" \/>\n<meta property=\"og:image\" content=\"https:\/\/2023.benoit-barbagli.com\/wp-content\/uploads\/2021\/03\/119172827_684677345728791_2947792422661119873_o.jpg\" \/>\n\t<meta property=\"og:image:width\" content=\"960\" \/>\n\t<meta property=\"og:image:height\" content=\"588\" \/>\n\t<meta property=\"og:image:type\" content=\"image\/jpeg\" \/>\n<meta name=\"author\" content=\"benoitbarbagli\" \/>\n<meta name=\"twitter:card\" content=\"summary_large_image\" \/>\n<!-- \/ Yoast SEO plugin. -->","yoast_head_json":{"title":"Si B\u00e9mol Amoureux - Broche - Benoit-barbagli.com","robots":{"index":"index","follow":"follow","max-snippet":"max-snippet:-1","max-image-preview":"max-image-preview:large","max-video-preview":"max-video-preview:-1"},"canonical":"http:\/\/2023.benoit-barbagli.com\/articles\/pins-saut\/","og_locale":"en_US","og_type":"article","og_title":"Si B\u00e9mol Amoureux - Broche - Benoit-barbagli.com","og_description":"Si B\u00e9mol amoureux, 2020 Benoit Barbagli taille : 40mm Pin's double attache Plaqu\u00e9 Or Edition limit\u00e9  Voir les saut amoureux : http:\/\/benoit-barbagli.com\/sauts-amoureux\/","og_url":"http:\/\/2023.benoit-barbagli.com\/articles\/pins-saut\/","og_site_name":"Benoit-barbagli.com","article_modified_time":"2022-12-13T09:49:30+00:00","og_image":[{"width":960,"height":588,"url":"https:\/\/2023.benoit-barbagli.com\/wp-content\/uploads\/2021\/03\/119172827_684677345728791_2947792422661119873_o.jpg","type":"image\/jpeg"}],"author":"benoitbarbagli","twitter_card":"summary_large_image","schema":{"@context":"https:\/\/schema.org","@graph":[{"@type":["Person","Organization"],"@id":"https:\/\/2023.benoit-barbagli.com\/#\/schema\/person\/413a50e5dd6129de03df354d73c4ffaf","name":"benoitbarbagli","image":{"@type":"ImageObject","inLanguage":"en-US","@id":"https:\/\/2023.benoit-barbagli.com\/#\/schema\/person\/image\/","url":"http:\/\/benoit-barbagli.com\/wp-content\/uploads\/2020\/07\/Catha-scaled.jpg","contentUrl":"http:\/\/benoit-barbagli.com\/wp-content\/uploads\/2020\/07\/Catha-scaled.jpg","width":2560,"height":1440,"caption":"benoitbarbagli"},"logo":{"@id":"https:\/\/2023.benoit-barbagli.com\/#\/schema\/person\/image\/"}},{"@type":"WebSite","@id":"https:\/\/2023.benoit-barbagli.com\/#website","url":"https:\/\/2023.benoit-barbagli.com\/","name":"Benoit-barbagli.com","description":"Sous le chaos, la vie","publisher":{"@id":"https:\/\/2023.benoit-barbagli.com\/#\/schema\/person\/413a50e5dd6129de03df354d73c4ffaf"},"potentialAction":[{"@type":"SearchAction","target":{"@type":"EntryPoint","urlTemplate":"https:\/\/2023.benoit-barbagli.com\/?s={search_term_string}"},"query-input":"required name=search_term_string"}],"inLanguage":"en-US"},{"@type":"ImageObject","inLanguage":"en-US","@id":"http:\/\/2023.benoit-barbagli.com\/articles\/pins-saut\/#primaryimage","url":"https:\/\/2023.benoit-barbagli.com\/wp-content\/uploads\/2021\/03\/119172827_684677345728791_2947792422661119873_o.jpg","contentUrl":"https:\/\/2023.benoit-barbagli.com\/wp-content\/uploads\/2021\/03\/119172827_684677345728791_2947792422661119873_o.jpg","width":960,"height":588,"caption":"Si B\u00e9mol Amoureux - Broche"},{"@type":"WebPage","@id":"http:\/\/2023.benoit-barbagli.com\/articles\/pins-saut\/#webpage","url":"http:\/\/2023.benoit-barbagli.com\/articles\/pins-saut\/","name":"Si B\u00e9mol Amoureux - Broche - Benoit-barbagli.com","isPartOf":{"@id":"https:\/\/2023.benoit-barbagli.com\/#website"},"primaryImageOfPage":{"@id":"http:\/\/2023.benoit-barbagli.com\/articles\/pins-saut\/#primaryimage"},"datePublished":"2021-03-18T16:03:21+00:00","dateModified":"2022-12-13T09:49:30+00:00","breadcrumb":{"@id":"http:\/\/2023.benoit-barbagli.com\/articles\/pins-saut\/#breadcrumb"},"inLanguage":"en-US","potentialAction":[{"@type":"ReadAction","target":["http:\/\/2023.benoit-barbagli.com\/articles\/pins-saut\/"]}]},{"@type":"BreadcrumbList","@id":"http:\/\/2023.benoit-barbagli.com\/articles\/pins-saut\/#breadcrumb","itemListElement":[{"@type":"ListItem","position":1,"name":"Accueil","item":"https:\/\/2023.benoit-barbagli.com\/en\/"},{"@type":"ListItem","position":2,"name":"store","item":"http:\/\/2023.benoit-barbagli.com\/en\/shop\/"},{"@type":"ListItem","position":3,"name":"Si B\u00e9mol Amoureux &#8211; Broche"}]}]}},"_links":{"self":[{"href":"https:\/\/2023.benoit-barbagli.com\/en\/wp-json\/wp\/v2\/product\/69368"}],"collection":[{"href":"https:\/\/2023.benoit-barbagli.com\/en\/wp-json\/wp\/v2\/product"}],"about":[{"href":"https:\/\/2023.benoit-barbagli.com\/en\/wp-json\/wp\/v2\/types\/product"}],"wp:featuredmedia":[{"embeddable":true,"href":"https:\/\/2023.benoit-barbagli.com\/en\/wp-json\/wp\/v2\/media\/69369"}],"wp:attachment":[{"href":"https:\/\/2023.benoit-barbagli.com\/en\/wp-json\/wp\/v2\/media?parent=69368"}],"wp:term":[{"taxonomy":"product_cat","embeddable":true,"href":"https:\/\/2023.benoit-barbagli.com\/en\/wp-json\/wp\/v2\/product_cat?post=69368"},{"taxonomy":"product_tag","embeddable":true,"href":"https:\/\/2023.benoit-barbagli.com\/en\/wp-json\/wp\/v2\/product_tag?post=69368"}],"curies":[{"name":"wp","href":"https:\/\/api.w.org\/{rel}","templated":true}]}}