{"id":73747,"date":"2021-04-06T14:50:28","date_gmt":"2021-04-06T14:50:28","guid":{"rendered":"http:\/\/2023.benoit-barbagli.com\/?post_type=product&#038;p=73747"},"modified":"2022-04-14T16:39:48","modified_gmt":"2022-04-14T16:39:48","slug":"pins-amoureux-pack","status":"publish","type":"product","link":"http:\/\/2023.benoit-barbagli.com\/pins-amoureux-pack\/","title":{"rendered":"Benoit Barbagli, Pin&#8217;s Amoureux Pack"},"content":{"rendered":"","protected":false},"excerpt":{"rendered":"<p>Pack de 3 Pin\u2019s Amoureux , 2021<\/p>\n<p>Benoit Barbagli<br \/>\nTaille : 40mm<br \/>\nPin\u2019s double attache<br \/>\nPlaqu\u00e9 OR\u00a0 Si B\u00e9mol Amoureux \u2013 Tentative Amoureuses<\/p>\n<p>Plaqu\u00e9 Argent R\u00e9volution Amoureuse<\/p>\n<p>Edition limit\u00e9e<\/p>\n","protected":false},"featured_media":74458,"template":"","meta":{"inline_featured_image":false},"product_cat":[134,16],"product_tag":[],"yoast_head":"<!-- This site is optimized with the Yoast SEO plugin v19.2 - https:\/\/yoast.com\/wordpress\/plugins\/seo\/ -->\n<title>Benoit Barbagli, Pin&#039;s Amoureux Pack - Benoit-barbagli.com<\/title>\n<meta name=\"robots\" content=\"index, follow, max-snippet:-1, max-image-preview:large, max-video-preview:-1\" \/>\n<link rel=\"canonical\" href=\"http:\/\/2023.benoit-barbagli.com\/pins-amoureux-pack\/\" \/>\n<meta property=\"og:locale\" content=\"en_US\" \/>\n<meta property=\"og:type\" content=\"article\" \/>\n<meta property=\"og:title\" content=\"Benoit Barbagli, Pin&#039;s Amoureux Pack - Benoit-barbagli.com\" \/>\n<meta property=\"og:description\" content=\"Pack de 3 Pin\u2019s Amoureux , 2021  Benoit Barbagli Taille : 40mm Pin\u2019s double attache Plaqu\u00e9 OR\u00a0 Si B\u00e9mol Amoureux \u2013 Tentative Amoureuses  Plaqu\u00e9 Argent R\u00e9volution Amoureuse  Edition limit\u00e9e\" \/>\n<meta property=\"og:url\" content=\"http:\/\/2023.benoit-barbagli.com\/pins-amoureux-pack\/\" \/>\n<meta property=\"og:site_name\" content=\"Benoit-barbagli.com\" \/>\n<meta property=\"article:modified_time\" content=\"2022-04-14T16:39:48+00:00\" \/>\n<meta property=\"og:image\" content=\"https:\/\/2023.benoit-barbagli.com\/wp-content\/uploads\/2022\/01\/BEN02485-1-1.jpg\" \/>\n\t<meta property=\"og:image:width\" content=\"1200\" \/>\n\t<meta property=\"og:image:height\" content=\"1200\" \/>\n\t<meta property=\"og:image:type\" content=\"image\/jpeg\" \/>\n<meta name=\"author\" content=\"benoitbarbagli\" \/>\n<meta name=\"twitter:card\" content=\"summary_large_image\" \/>\n<!-- \/ Yoast SEO plugin. -->","yoast_head_json":{"title":"Benoit Barbagli, Pin's Amoureux Pack - Benoit-barbagli.com","robots":{"index":"index","follow":"follow","max-snippet":"max-snippet:-1","max-image-preview":"max-image-preview:large","max-video-preview":"max-video-preview:-1"},"canonical":"http:\/\/2023.benoit-barbagli.com\/pins-amoureux-pack\/","og_locale":"en_US","og_type":"article","og_title":"Benoit Barbagli, Pin's Amoureux Pack - Benoit-barbagli.com","og_description":"Pack de 3 Pin\u2019s Amoureux , 2021  Benoit Barbagli Taille : 40mm Pin\u2019s double attache Plaqu\u00e9 OR\u00a0 Si B\u00e9mol Amoureux \u2013 Tentative Amoureuses  Plaqu\u00e9 Argent R\u00e9volution Amoureuse  Edition limit\u00e9e","og_url":"http:\/\/2023.benoit-barbagli.com\/pins-amoureux-pack\/","og_site_name":"Benoit-barbagli.com","article_modified_time":"2022-04-14T16:39:48+00:00","og_image":[{"width":1200,"height":1200,"url":"https:\/\/2023.benoit-barbagli.com\/wp-content\/uploads\/2022\/01\/BEN02485-1-1.jpg","type":"image\/jpeg"}],"author":"benoitbarbagli","twitter_card":"summary_large_image","schema":{"@context":"https:\/\/schema.org","@graph":[{"@type":["Person","Organization"],"@id":"https:\/\/2023.benoit-barbagli.com\/#\/schema\/person\/413a50e5dd6129de03df354d73c4ffaf","name":"benoitbarbagli","image":{"@type":"ImageObject","inLanguage":"en-US","@id":"https:\/\/2023.benoit-barbagli.com\/#\/schema\/person\/image\/","url":"http:\/\/benoit-barbagli.com\/wp-content\/uploads\/2020\/07\/Catha-scaled.jpg","contentUrl":"http:\/\/benoit-barbagli.com\/wp-content\/uploads\/2020\/07\/Catha-scaled.jpg","width":2560,"height":1440,"caption":"benoitbarbagli"},"logo":{"@id":"https:\/\/2023.benoit-barbagli.com\/#\/schema\/person\/image\/"}},{"@type":"WebSite","@id":"https:\/\/2023.benoit-barbagli.com\/#website","url":"https:\/\/2023.benoit-barbagli.com\/","name":"Benoit-barbagli.com","description":"Sous le chaos, la vie","publisher":{"@id":"https:\/\/2023.benoit-barbagli.com\/#\/schema\/person\/413a50e5dd6129de03df354d73c4ffaf"},"potentialAction":[{"@type":"SearchAction","target":{"@type":"EntryPoint","urlTemplate":"https:\/\/2023.benoit-barbagli.com\/?s={search_term_string}"},"query-input":"required name=search_term_string"}],"inLanguage":"en-US"},{"@type":"ImageObject","inLanguage":"en-US","@id":"http:\/\/2023.benoit-barbagli.com\/pins-amoureux-pack\/#primaryimage","url":"https:\/\/2023.benoit-barbagli.com\/wp-content\/uploads\/2022\/01\/BEN02485-1-1.jpg","contentUrl":"https:\/\/2023.benoit-barbagli.com\/wp-content\/uploads\/2022\/01\/BEN02485-1-1.jpg","width":1200,"height":1200},{"@type":"WebPage","@id":"http:\/\/2023.benoit-barbagli.com\/pins-amoureux-pack\/#webpage","url":"http:\/\/2023.benoit-barbagli.com\/pins-amoureux-pack\/","name":"Benoit Barbagli, Pin's Amoureux Pack - Benoit-barbagli.com","isPartOf":{"@id":"https:\/\/2023.benoit-barbagli.com\/#website"},"primaryImageOfPage":{"@id":"http:\/\/2023.benoit-barbagli.com\/pins-amoureux-pack\/#primaryimage"},"datePublished":"2021-04-06T14:50:28+00:00","dateModified":"2022-04-14T16:39:48+00:00","breadcrumb":{"@id":"http:\/\/2023.benoit-barbagli.com\/pins-amoureux-pack\/#breadcrumb"},"inLanguage":"en-US","potentialAction":[{"@type":"ReadAction","target":["http:\/\/2023.benoit-barbagli.com\/pins-amoureux-pack\/"]}]},{"@type":"BreadcrumbList","@id":"http:\/\/2023.benoit-barbagli.com\/pins-amoureux-pack\/#breadcrumb","itemListElement":[{"@type":"ListItem","position":1,"name":"Accueil","item":"https:\/\/2023.benoit-barbagli.com\/en\/"},{"@type":"ListItem","position":2,"name":"store","item":"http:\/\/2023.benoit-barbagli.com\/en\/shop\/"},{"@type":"ListItem","position":3,"name":"Benoit Barbagli, Pin&#8217;s Amoureux Pack"}]}]}},"_links":{"self":[{"href":"https:\/\/2023.benoit-barbagli.com\/en\/wp-json\/wp\/v2\/product\/73747"}],"collection":[{"href":"https:\/\/2023.benoit-barbagli.com\/en\/wp-json\/wp\/v2\/product"}],"about":[{"href":"https:\/\/2023.benoit-barbagli.com\/en\/wp-json\/wp\/v2\/types\/product"}],"wp:featuredmedia":[{"embeddable":true,"href":"https:\/\/2023.benoit-barbagli.com\/en\/wp-json\/wp\/v2\/media\/74458"}],"wp:attachment":[{"href":"https:\/\/2023.benoit-barbagli.com\/en\/wp-json\/wp\/v2\/media?parent=73747"}],"wp:term":[{"taxonomy":"product_cat","embeddable":true,"href":"https:\/\/2023.benoit-barbagli.com\/en\/wp-json\/wp\/v2\/product_cat?post=73747"},{"taxonomy":"product_tag","embeddable":true,"href":"https:\/\/2023.benoit-barbagli.com\/en\/wp-json\/wp\/v2\/product_tag?post=73747"}],"curies":[{"name":"wp","href":"https:\/\/api.w.org\/{rel}","templated":true}]}}