{"id":74468,"date":"2022-01-31T13:58:16","date_gmt":"2022-01-31T13:58:16","guid":{"rendered":"http:\/\/2023.benoit-barbagli.com\/articles\/revolution-amoureuse-broche-copie\/"},"modified":"2022-04-14T16:39:48","modified_gmt":"2022-04-14T16:39:48","slug":"revolution-amoureuse-broche-copie","status":"publish","type":"product","link":"http:\/\/2023.benoit-barbagli.com\/articles\/revolution-amoureuse-broche-copie\/","title":{"rendered":"Benoit Barbagli, R\u00e9volution Amoureuse &#8211; Broche"},"content":{"rendered":"","protected":false},"excerpt":{"rendered":"<p>Tentative Amoureuse, 2021<br \/>\nBenoit Barbagli<br \/>\nTaille : 40mm<br \/>\nPin&#8217;s double attache &#8211; \u00e9maill\u00e9 8 couleurs<br \/>\nPlaqu\u00e9 Argent<br \/>\nEdition limit\u00e9e<\/p>\n","protected":false},"featured_media":74460,"template":"","meta":{"inline_featured_image":false},"product_cat":[122,134],"product_tag":[],"yoast_head":"<!-- This site is optimized with the Yoast SEO plugin v19.2 - https:\/\/yoast.com\/wordpress\/plugins\/seo\/ -->\n<title>Benoit Barbagli, R\u00e9volution Amoureuse - Broche - Benoit-barbagli.com<\/title>\n<meta name=\"robots\" content=\"index, follow, max-snippet:-1, max-image-preview:large, max-video-preview:-1\" \/>\n<link rel=\"canonical\" href=\"http:\/\/2023.benoit-barbagli.com\/articles\/revolution-amoureuse-broche-copie\/\" \/>\n<meta property=\"og:locale\" content=\"en_US\" \/>\n<meta property=\"og:type\" content=\"article\" \/>\n<meta property=\"og:title\" content=\"Benoit Barbagli, R\u00e9volution Amoureuse - Broche - Benoit-barbagli.com\" \/>\n<meta property=\"og:description\" content=\"Tentative Amoureuse, 2021 Benoit Barbagli Taille : 40mm Pin&#039;s double attache - \u00e9maill\u00e9 8 couleurs Plaqu\u00e9 Argent Edition limit\u00e9e\" \/>\n<meta property=\"og:url\" content=\"http:\/\/2023.benoit-barbagli.com\/articles\/revolution-amoureuse-broche-copie\/\" \/>\n<meta property=\"og:site_name\" content=\"Benoit-barbagli.com\" \/>\n<meta property=\"article:modified_time\" content=\"2022-04-14T16:39:48+00:00\" \/>\n<meta property=\"og:image\" content=\"https:\/\/2023.benoit-barbagli.com\/wp-content\/uploads\/2022\/01\/BEN02491-1.jpg\" \/>\n\t<meta property=\"og:image:width\" content=\"1200\" \/>\n\t<meta property=\"og:image:height\" content=\"1200\" \/>\n\t<meta property=\"og:image:type\" content=\"image\/jpeg\" \/>\n<meta name=\"author\" content=\"benoitbarbagli\" \/>\n<meta name=\"twitter:card\" content=\"summary_large_image\" \/>\n<!-- \/ Yoast SEO plugin. -->","yoast_head_json":{"title":"Benoit Barbagli, R\u00e9volution Amoureuse - Broche - Benoit-barbagli.com","robots":{"index":"index","follow":"follow","max-snippet":"max-snippet:-1","max-image-preview":"max-image-preview:large","max-video-preview":"max-video-preview:-1"},"canonical":"http:\/\/2023.benoit-barbagli.com\/articles\/revolution-amoureuse-broche-copie\/","og_locale":"en_US","og_type":"article","og_title":"Benoit Barbagli, R\u00e9volution Amoureuse - Broche - Benoit-barbagli.com","og_description":"Tentative Amoureuse, 2021 Benoit Barbagli Taille : 40mm Pin's double attache - \u00e9maill\u00e9 8 couleurs Plaqu\u00e9 Argent Edition limit\u00e9e","og_url":"http:\/\/2023.benoit-barbagli.com\/articles\/revolution-amoureuse-broche-copie\/","og_site_name":"Benoit-barbagli.com","article_modified_time":"2022-04-14T16:39:48+00:00","og_image":[{"width":1200,"height":1200,"url":"https:\/\/2023.benoit-barbagli.com\/wp-content\/uploads\/2022\/01\/BEN02491-1.jpg","type":"image\/jpeg"}],"author":"benoitbarbagli","twitter_card":"summary_large_image","schema":{"@context":"https:\/\/schema.org","@graph":[{"@type":["Person","Organization"],"@id":"https:\/\/2023.benoit-barbagli.com\/#\/schema\/person\/413a50e5dd6129de03df354d73c4ffaf","name":"benoitbarbagli","image":{"@type":"ImageObject","inLanguage":"en-US","@id":"https:\/\/2023.benoit-barbagli.com\/#\/schema\/person\/image\/","url":"http:\/\/benoit-barbagli.com\/wp-content\/uploads\/2020\/07\/Catha-scaled.jpg","contentUrl":"http:\/\/benoit-barbagli.com\/wp-content\/uploads\/2020\/07\/Catha-scaled.jpg","width":2560,"height":1440,"caption":"benoitbarbagli"},"logo":{"@id":"https:\/\/2023.benoit-barbagli.com\/#\/schema\/person\/image\/"}},{"@type":"WebSite","@id":"https:\/\/2023.benoit-barbagli.com\/#website","url":"https:\/\/2023.benoit-barbagli.com\/","name":"Benoit-barbagli.com","description":"Sous le chaos, la vie","publisher":{"@id":"https:\/\/2023.benoit-barbagli.com\/#\/schema\/person\/413a50e5dd6129de03df354d73c4ffaf"},"potentialAction":[{"@type":"SearchAction","target":{"@type":"EntryPoint","urlTemplate":"https:\/\/2023.benoit-barbagli.com\/?s={search_term_string}"},"query-input":"required name=search_term_string"}],"inLanguage":"en-US"},{"@type":"ImageObject","inLanguage":"en-US","@id":"http:\/\/2023.benoit-barbagli.com\/articles\/revolution-amoureuse-broche-copie\/#primaryimage","url":"https:\/\/2023.benoit-barbagli.com\/wp-content\/uploads\/2022\/01\/BEN02491-1.jpg","contentUrl":"https:\/\/2023.benoit-barbagli.com\/wp-content\/uploads\/2022\/01\/BEN02491-1.jpg","width":1200,"height":1200},{"@type":"WebPage","@id":"http:\/\/2023.benoit-barbagli.com\/articles\/revolution-amoureuse-broche-copie\/#webpage","url":"http:\/\/2023.benoit-barbagli.com\/articles\/revolution-amoureuse-broche-copie\/","name":"Benoit Barbagli, R\u00e9volution Amoureuse - Broche - Benoit-barbagli.com","isPartOf":{"@id":"https:\/\/2023.benoit-barbagli.com\/#website"},"primaryImageOfPage":{"@id":"http:\/\/2023.benoit-barbagli.com\/articles\/revolution-amoureuse-broche-copie\/#primaryimage"},"datePublished":"2022-01-31T13:58:16+00:00","dateModified":"2022-04-14T16:39:48+00:00","breadcrumb":{"@id":"http:\/\/2023.benoit-barbagli.com\/articles\/revolution-amoureuse-broche-copie\/#breadcrumb"},"inLanguage":"en-US","potentialAction":[{"@type":"ReadAction","target":["http:\/\/2023.benoit-barbagli.com\/articles\/revolution-amoureuse-broche-copie\/"]}]},{"@type":"BreadcrumbList","@id":"http:\/\/2023.benoit-barbagli.com\/articles\/revolution-amoureuse-broche-copie\/#breadcrumb","itemListElement":[{"@type":"ListItem","position":1,"name":"Accueil","item":"https:\/\/2023.benoit-barbagli.com\/en\/"},{"@type":"ListItem","position":2,"name":"store","item":"http:\/\/2023.benoit-barbagli.com\/en\/shop\/"},{"@type":"ListItem","position":3,"name":"Benoit Barbagli, R\u00e9volution Amoureuse &#8211; Broche"}]}]}},"_links":{"self":[{"href":"https:\/\/2023.benoit-barbagli.com\/en\/wp-json\/wp\/v2\/product\/74468"}],"collection":[{"href":"https:\/\/2023.benoit-barbagli.com\/en\/wp-json\/wp\/v2\/product"}],"about":[{"href":"https:\/\/2023.benoit-barbagli.com\/en\/wp-json\/wp\/v2\/types\/product"}],"wp:featuredmedia":[{"embeddable":true,"href":"https:\/\/2023.benoit-barbagli.com\/en\/wp-json\/wp\/v2\/media\/74460"}],"wp:attachment":[{"href":"https:\/\/2023.benoit-barbagli.com\/en\/wp-json\/wp\/v2\/media?parent=74468"}],"wp:term":[{"taxonomy":"product_cat","embeddable":true,"href":"https:\/\/2023.benoit-barbagli.com\/en\/wp-json\/wp\/v2\/product_cat?post=74468"},{"taxonomy":"product_tag","embeddable":true,"href":"https:\/\/2023.benoit-barbagli.com\/en\/wp-json\/wp\/v2\/product_tag?post=74468"}],"curies":[{"name":"wp","href":"https:\/\/api.w.org\/{rel}","templated":true}]}}