{"id":74880,"date":"2022-04-12T15:59:29","date_gmt":"2022-04-12T15:59:29","guid":{"rendered":"http:\/\/2023.benoit-barbagli.com\/articles\/expression-dune-emotion-amoureuse-i\/"},"modified":"2022-04-18T14:12:40","modified_gmt":"2022-04-18T14:12:40","slug":"expression-dune-emotion-amoureuse-i","status":"publish","type":"product","link":"http:\/\/2023.benoit-barbagli.com\/articles\/expression-dune-emotion-amoureuse-i\/","title":{"rendered":"Expression d\u2019une \u00e9motion amoureuse I"},"content":{"rendered":"","protected":false},"excerpt":{"rendered":"<p>Expression d\u2019une \u00e9motion amoureuse I, 2014<br \/>\nS\u00e9rie Expression d\u2019une \u00e9motion amoureuse<br \/>\nPhotographie num\u00e9rique<br \/>\nPapier photo classique brillant RC 220g Plexi 3mm pour Face Arri\u00e8re Plexi 3mm Anti-Reflet pour Face Avant Ch\u00e2ssis rentrant Aluminium<br \/>\n\u0152uvre originale &#8211; 5 exemplaires<br \/>\n60x 60 cm<\/p>\n<p>Chaque \u0153uvre originale poss\u00e8de sont certificat d&#8217;authenticit\u00e9<\/p>\n","protected":false},"featured_media":75175,"template":"","meta":{"inline_featured_image":false},"product_cat":[96,89],"product_tag":[],"yoast_head":"<!-- This site is optimized with the Yoast SEO plugin v19.2 - https:\/\/yoast.com\/wordpress\/plugins\/seo\/ -->\n<title>Expression d\u2019une \u00e9motion amoureuse I - Benoit-barbagli.com<\/title>\n<meta name=\"robots\" content=\"index, follow, max-snippet:-1, max-image-preview:large, max-video-preview:-1\" \/>\n<link rel=\"canonical\" href=\"http:\/\/2023.benoit-barbagli.com\/articles\/expression-dune-emotion-amoureuse-i\/\" \/>\n<meta property=\"og:locale\" content=\"en_US\" \/>\n<meta property=\"og:type\" content=\"article\" \/>\n<meta property=\"og:title\" content=\"Expression d\u2019une \u00e9motion amoureuse I - Benoit-barbagli.com\" \/>\n<meta property=\"og:description\" content=\"Expression d\u2019une \u00e9motion amoureuse I, 2014 S\u00e9rie Expression d\u2019une \u00e9motion amoureuse Photographie num\u00e9rique Papier photo classique brillant RC 220g Plexi 3mm pour Face Arri\u00e8re Plexi 3mm Anti-Reflet pour Face Avant Ch\u00e2ssis rentrant Aluminium \u0152uvre originale - 5 exemplaires 60x 60 cm  Chaque \u0153uvre originale poss\u00e8de sont certificat d&#039;authenticit\u00e9\" \/>\n<meta property=\"og:url\" content=\"http:\/\/2023.benoit-barbagli.com\/articles\/expression-dune-emotion-amoureuse-i\/\" \/>\n<meta property=\"og:site_name\" content=\"Benoit-barbagli.com\" \/>\n<meta property=\"article:modified_time\" content=\"2022-04-18T14:12:40+00:00\" \/>\n<meta property=\"og:image\" content=\"https:\/\/2023.benoit-barbagli.com\/wp-content\/uploads\/2022\/04\/Originale-Expression-dune-emotion-amoureuse-1-2014-60x60-cm-6.jpg\" \/>\n\t<meta property=\"og:image:width\" content=\"1200\" \/>\n\t<meta property=\"og:image:height\" content=\"1200\" \/>\n\t<meta property=\"og:image:type\" content=\"image\/jpeg\" \/>\n<meta name=\"author\" content=\"benoitbarbagli\" \/>\n<meta name=\"twitter:card\" content=\"summary_large_image\" \/>\n<!-- \/ Yoast SEO plugin. -->","yoast_head_json":{"title":"Expression d\u2019une \u00e9motion amoureuse I - Benoit-barbagli.com","robots":{"index":"index","follow":"follow","max-snippet":"max-snippet:-1","max-image-preview":"max-image-preview:large","max-video-preview":"max-video-preview:-1"},"canonical":"http:\/\/2023.benoit-barbagli.com\/articles\/expression-dune-emotion-amoureuse-i\/","og_locale":"en_US","og_type":"article","og_title":"Expression d\u2019une \u00e9motion amoureuse I - Benoit-barbagli.com","og_description":"Expression d\u2019une \u00e9motion amoureuse I, 2014 S\u00e9rie Expression d\u2019une \u00e9motion amoureuse Photographie num\u00e9rique Papier photo classique brillant RC 220g Plexi 3mm pour Face Arri\u00e8re Plexi 3mm Anti-Reflet pour Face Avant Ch\u00e2ssis rentrant Aluminium \u0152uvre originale - 5 exemplaires 60x 60 cm  Chaque \u0153uvre originale poss\u00e8de sont certificat d'authenticit\u00e9","og_url":"http:\/\/2023.benoit-barbagli.com\/articles\/expression-dune-emotion-amoureuse-i\/","og_site_name":"Benoit-barbagli.com","article_modified_time":"2022-04-18T14:12:40+00:00","og_image":[{"width":1200,"height":1200,"url":"https:\/\/2023.benoit-barbagli.com\/wp-content\/uploads\/2022\/04\/Originale-Expression-dune-emotion-amoureuse-1-2014-60x60-cm-6.jpg","type":"image\/jpeg"}],"author":"benoitbarbagli","twitter_card":"summary_large_image","schema":{"@context":"https:\/\/schema.org","@graph":[{"@type":["Person","Organization"],"@id":"https:\/\/2023.benoit-barbagli.com\/#\/schema\/person\/413a50e5dd6129de03df354d73c4ffaf","name":"benoitbarbagli","image":{"@type":"ImageObject","inLanguage":"en-US","@id":"https:\/\/2023.benoit-barbagli.com\/#\/schema\/person\/image\/","url":"http:\/\/benoit-barbagli.com\/wp-content\/uploads\/2020\/07\/Catha-scaled.jpg","contentUrl":"http:\/\/benoit-barbagli.com\/wp-content\/uploads\/2020\/07\/Catha-scaled.jpg","width":2560,"height":1440,"caption":"benoitbarbagli"},"logo":{"@id":"https:\/\/2023.benoit-barbagli.com\/#\/schema\/person\/image\/"}},{"@type":"WebSite","@id":"https:\/\/2023.benoit-barbagli.com\/#website","url":"https:\/\/2023.benoit-barbagli.com\/","name":"Benoit-barbagli.com","description":"Sous le chaos, la vie","publisher":{"@id":"https:\/\/2023.benoit-barbagli.com\/#\/schema\/person\/413a50e5dd6129de03df354d73c4ffaf"},"potentialAction":[{"@type":"SearchAction","target":{"@type":"EntryPoint","urlTemplate":"https:\/\/2023.benoit-barbagli.com\/?s={search_term_string}"},"query-input":"required name=search_term_string"}],"inLanguage":"en-US"},{"@type":"ImageObject","inLanguage":"en-US","@id":"http:\/\/2023.benoit-barbagli.com\/articles\/expression-dune-emotion-amoureuse-i\/#primaryimage","url":"https:\/\/2023.benoit-barbagli.com\/wp-content\/uploads\/2022\/04\/Originale-Expression-dune-emotion-amoureuse-1-2014-60x60-cm-6.jpg","contentUrl":"https:\/\/2023.benoit-barbagli.com\/wp-content\/uploads\/2022\/04\/Originale-Expression-dune-emotion-amoureuse-1-2014-60x60-cm-6.jpg","width":1200,"height":1200},{"@type":"WebPage","@id":"http:\/\/2023.benoit-barbagli.com\/articles\/expression-dune-emotion-amoureuse-i\/#webpage","url":"http:\/\/2023.benoit-barbagli.com\/articles\/expression-dune-emotion-amoureuse-i\/","name":"Expression d\u2019une \u00e9motion amoureuse I - Benoit-barbagli.com","isPartOf":{"@id":"https:\/\/2023.benoit-barbagli.com\/#website"},"primaryImageOfPage":{"@id":"http:\/\/2023.benoit-barbagli.com\/articles\/expression-dune-emotion-amoureuse-i\/#primaryimage"},"datePublished":"2022-04-12T15:59:29+00:00","dateModified":"2022-04-18T14:12:40+00:00","breadcrumb":{"@id":"http:\/\/2023.benoit-barbagli.com\/articles\/expression-dune-emotion-amoureuse-i\/#breadcrumb"},"inLanguage":"en-US","potentialAction":[{"@type":"ReadAction","target":["http:\/\/2023.benoit-barbagli.com\/articles\/expression-dune-emotion-amoureuse-i\/"]}]},{"@type":"BreadcrumbList","@id":"http:\/\/2023.benoit-barbagli.com\/articles\/expression-dune-emotion-amoureuse-i\/#breadcrumb","itemListElement":[{"@type":"ListItem","position":1,"name":"Accueil","item":"https:\/\/2023.benoit-barbagli.com\/en\/"},{"@type":"ListItem","position":2,"name":"store","item":"http:\/\/2023.benoit-barbagli.com\/en\/shop\/"},{"@type":"ListItem","position":3,"name":"Expression d\u2019une \u00e9motion amoureuse I"}]}]}},"_links":{"self":[{"href":"https:\/\/2023.benoit-barbagli.com\/en\/wp-json\/wp\/v2\/product\/74880"}],"collection":[{"href":"https:\/\/2023.benoit-barbagli.com\/en\/wp-json\/wp\/v2\/product"}],"about":[{"href":"https:\/\/2023.benoit-barbagli.com\/en\/wp-json\/wp\/v2\/types\/product"}],"wp:featuredmedia":[{"embeddable":true,"href":"https:\/\/2023.benoit-barbagli.com\/en\/wp-json\/wp\/v2\/media\/75175"}],"wp:attachment":[{"href":"https:\/\/2023.benoit-barbagli.com\/en\/wp-json\/wp\/v2\/media?parent=74880"}],"wp:term":[{"taxonomy":"product_cat","embeddable":true,"href":"https:\/\/2023.benoit-barbagli.com\/en\/wp-json\/wp\/v2\/product_cat?post=74880"},{"taxonomy":"product_tag","embeddable":true,"href":"https:\/\/2023.benoit-barbagli.com\/en\/wp-json\/wp\/v2\/product_tag?post=74880"}],"curies":[{"name":"wp","href":"https:\/\/api.w.org\/{rel}","templated":true}]}}