{"id":74917,"date":"2022-04-13T16:08:05","date_gmt":"2022-04-13T16:08:05","guid":{"rendered":"http:\/\/2023.benoit-barbagli.com\/articles\/la-mer-a-loeuvre\/"},"modified":"2022-04-18T13:22:09","modified_gmt":"2022-04-18T13:22:09","slug":"la-mer-a-loeuvre","status":"publish","type":"product","link":"http:\/\/2023.benoit-barbagli.com\/articles\/la-mer-a-loeuvre\/","title":{"rendered":"La mer \u00e0 l\u2019\u0153uvre"},"content":{"rendered":"","protected":false},"excerpt":{"rendered":"<p>La mer \u00e0 l\u2019\u0153uvre, 2020<br \/>\nS\u00e9rie La forme de la nature<br \/>\nPhotographie num\u00e9rique<br \/>\n89&#215;55 cm<br \/>\n\u0152uvre originale &#8211; 5 exemplaires<br \/>\nAvec le certificat d&#8217;Authenticit\u00e9 de l&#8217;\u0153uvre<\/p>\n","protected":false},"featured_media":75145,"template":"","meta":{"inline_featured_image":false},"product_cat":[89,90],"product_tag":[],"yoast_head":"<!-- This site is optimized with the Yoast SEO plugin v19.2 - https:\/\/yoast.com\/wordpress\/plugins\/seo\/ -->\n<title>La mer \u00e0 l\u2019\u0153uvre - Benoit-barbagli.com<\/title>\n<meta name=\"robots\" content=\"index, follow, max-snippet:-1, max-image-preview:large, max-video-preview:-1\" \/>\n<link rel=\"canonical\" href=\"http:\/\/2023.benoit-barbagli.com\/articles\/la-mer-a-loeuvre\/\" \/>\n<meta property=\"og:locale\" content=\"en_US\" \/>\n<meta property=\"og:type\" content=\"article\" \/>\n<meta property=\"og:title\" content=\"La mer \u00e0 l\u2019\u0153uvre - Benoit-barbagli.com\" \/>\n<meta property=\"og:description\" content=\"La mer \u00e0 l\u2019\u0153uvre, 2020 S\u00e9rie La forme de la nature Photographie num\u00e9rique 89x55 cm \u0152uvre originale - 5 exemplaires Avec le certificat d&#039;Authenticit\u00e9 de l&#039;\u0153uvre\" \/>\n<meta property=\"og:url\" content=\"http:\/\/2023.benoit-barbagli.com\/articles\/la-mer-a-loeuvre\/\" \/>\n<meta property=\"og:site_name\" content=\"Benoit-barbagli.com\" \/>\n<meta property=\"article:modified_time\" content=\"2022-04-18T13:22:09+00:00\" \/>\n<meta property=\"og:image\" content=\"https:\/\/2023.benoit-barbagli.com\/wp-content\/uploads\/2022\/04\/BEN00568-scaled-4.jpg\" \/>\n\t<meta property=\"og:image:width\" content=\"1819\" \/>\n\t<meta property=\"og:image:height\" content=\"2560\" \/>\n\t<meta property=\"og:image:type\" content=\"image\/jpeg\" \/>\n<meta name=\"author\" content=\"benoitbarbagli\" \/>\n<meta name=\"twitter:card\" content=\"summary_large_image\" \/>\n<!-- \/ Yoast SEO plugin. -->","yoast_head_json":{"title":"La mer \u00e0 l\u2019\u0153uvre - Benoit-barbagli.com","robots":{"index":"index","follow":"follow","max-snippet":"max-snippet:-1","max-image-preview":"max-image-preview:large","max-video-preview":"max-video-preview:-1"},"canonical":"http:\/\/2023.benoit-barbagli.com\/articles\/la-mer-a-loeuvre\/","og_locale":"en_US","og_type":"article","og_title":"La mer \u00e0 l\u2019\u0153uvre - Benoit-barbagli.com","og_description":"La mer \u00e0 l\u2019\u0153uvre, 2020 S\u00e9rie La forme de la nature Photographie num\u00e9rique 89x55 cm \u0152uvre originale - 5 exemplaires Avec le certificat d'Authenticit\u00e9 de l'\u0153uvre","og_url":"http:\/\/2023.benoit-barbagli.com\/articles\/la-mer-a-loeuvre\/","og_site_name":"Benoit-barbagli.com","article_modified_time":"2022-04-18T13:22:09+00:00","og_image":[{"width":1819,"height":2560,"url":"https:\/\/2023.benoit-barbagli.com\/wp-content\/uploads\/2022\/04\/BEN00568-scaled-4.jpg","type":"image\/jpeg"}],"author":"benoitbarbagli","twitter_card":"summary_large_image","schema":{"@context":"https:\/\/schema.org","@graph":[{"@type":["Person","Organization"],"@id":"https:\/\/2023.benoit-barbagli.com\/#\/schema\/person\/413a50e5dd6129de03df354d73c4ffaf","name":"benoitbarbagli","image":{"@type":"ImageObject","inLanguage":"en-US","@id":"https:\/\/2023.benoit-barbagli.com\/#\/schema\/person\/image\/","url":"http:\/\/benoit-barbagli.com\/wp-content\/uploads\/2020\/07\/Catha-scaled.jpg","contentUrl":"http:\/\/benoit-barbagli.com\/wp-content\/uploads\/2020\/07\/Catha-scaled.jpg","width":2560,"height":1440,"caption":"benoitbarbagli"},"logo":{"@id":"https:\/\/2023.benoit-barbagli.com\/#\/schema\/person\/image\/"}},{"@type":"WebSite","@id":"https:\/\/2023.benoit-barbagli.com\/#website","url":"https:\/\/2023.benoit-barbagli.com\/","name":"Benoit-barbagli.com","description":"Sous le chaos, la vie","publisher":{"@id":"https:\/\/2023.benoit-barbagli.com\/#\/schema\/person\/413a50e5dd6129de03df354d73c4ffaf"},"potentialAction":[{"@type":"SearchAction","target":{"@type":"EntryPoint","urlTemplate":"https:\/\/2023.benoit-barbagli.com\/?s={search_term_string}"},"query-input":"required name=search_term_string"}],"inLanguage":"en-US"},{"@type":"ImageObject","inLanguage":"en-US","@id":"http:\/\/2023.benoit-barbagli.com\/articles\/la-mer-a-loeuvre\/#primaryimage","url":"https:\/\/2023.benoit-barbagli.com\/wp-content\/uploads\/2022\/04\/BEN00568-scaled-4.jpg","contentUrl":"https:\/\/2023.benoit-barbagli.com\/wp-content\/uploads\/2022\/04\/BEN00568-scaled-4.jpg","width":1819,"height":2560},{"@type":"WebPage","@id":"http:\/\/2023.benoit-barbagli.com\/articles\/la-mer-a-loeuvre\/#webpage","url":"http:\/\/2023.benoit-barbagli.com\/articles\/la-mer-a-loeuvre\/","name":"La mer \u00e0 l\u2019\u0153uvre - Benoit-barbagli.com","isPartOf":{"@id":"https:\/\/2023.benoit-barbagli.com\/#website"},"primaryImageOfPage":{"@id":"http:\/\/2023.benoit-barbagli.com\/articles\/la-mer-a-loeuvre\/#primaryimage"},"datePublished":"2022-04-13T16:08:05+00:00","dateModified":"2022-04-18T13:22:09+00:00","breadcrumb":{"@id":"http:\/\/2023.benoit-barbagli.com\/articles\/la-mer-a-loeuvre\/#breadcrumb"},"inLanguage":"en-US","potentialAction":[{"@type":"ReadAction","target":["http:\/\/2023.benoit-barbagli.com\/articles\/la-mer-a-loeuvre\/"]}]},{"@type":"BreadcrumbList","@id":"http:\/\/2023.benoit-barbagli.com\/articles\/la-mer-a-loeuvre\/#breadcrumb","itemListElement":[{"@type":"ListItem","position":1,"name":"Accueil","item":"https:\/\/2023.benoit-barbagli.com\/en\/"},{"@type":"ListItem","position":2,"name":"store","item":"http:\/\/2023.benoit-barbagli.com\/en\/shop\/"},{"@type":"ListItem","position":3,"name":"La mer \u00e0 l\u2019\u0153uvre"}]}]}},"_links":{"self":[{"href":"https:\/\/2023.benoit-barbagli.com\/en\/wp-json\/wp\/v2\/product\/74917"}],"collection":[{"href":"https:\/\/2023.benoit-barbagli.com\/en\/wp-json\/wp\/v2\/product"}],"about":[{"href":"https:\/\/2023.benoit-barbagli.com\/en\/wp-json\/wp\/v2\/types\/product"}],"wp:featuredmedia":[{"embeddable":true,"href":"https:\/\/2023.benoit-barbagli.com\/en\/wp-json\/wp\/v2\/media\/75145"}],"wp:attachment":[{"href":"https:\/\/2023.benoit-barbagli.com\/en\/wp-json\/wp\/v2\/media?parent=74917"}],"wp:term":[{"taxonomy":"product_cat","embeddable":true,"href":"https:\/\/2023.benoit-barbagli.com\/en\/wp-json\/wp\/v2\/product_cat?post=74917"},{"taxonomy":"product_tag","embeddable":true,"href":"https:\/\/2023.benoit-barbagli.com\/en\/wp-json\/wp\/v2\/product_tag?post=74917"}],"curies":[{"name":"wp","href":"https:\/\/api.w.org\/{rel}","templated":true}]}}