{"id":75122,"date":"2022-04-18T11:16:16","date_gmt":"2022-04-18T11:16:16","guid":{"rendered":"http:\/\/2023.benoit-barbagli.com\/articles\/sysiphe-collectif-2\/"},"modified":"2022-04-18T11:16:16","modified_gmt":"2022-04-18T11:16:16","slug":"sysiphe-collectif-2","status":"publish","type":"product","link":"http:\/\/2023.benoit-barbagli.com\/articles\/sysiphe-collectif-2\/","title":{"rendered":"Sysiphe collectif"},"content":{"rendered":"","protected":false},"excerpt":{"rendered":"<p>Sysiphe collectif, 2021<br \/>\nMythologie Subaquatique<br \/>\nPhotographie num\u00e9rique<br \/>\nPapier photo classique brillant RC 220g Plexi 3mm pour Face Arri\u00e8re Plexi 3mm Anti-Reflet pour Face Avant Ch\u00e2ssis rentrant Aluminium<br \/>\n120 \u00d7 79<br \/>\n5 exemplaires<br \/>\nAvec son certificat d\u2019authenticit\u00e9<\/p>\n","protected":false},"featured_media":75118,"template":"","meta":{"inline_featured_image":false},"product_cat":[89,90],"product_tag":[],"yoast_head":"<!-- This site is optimized with the Yoast SEO plugin v19.2 - https:\/\/yoast.com\/wordpress\/plugins\/seo\/ -->\n<title>Sysiphe collectif - Benoit-barbagli.com<\/title>\n<meta name=\"robots\" content=\"index, follow, max-snippet:-1, max-image-preview:large, max-video-preview:-1\" \/>\n<link rel=\"canonical\" href=\"http:\/\/2023.benoit-barbagli.com\/articles\/sysiphe-collectif-2\/\" \/>\n<meta property=\"og:locale\" content=\"en_US\" \/>\n<meta property=\"og:type\" content=\"article\" \/>\n<meta property=\"og:title\" content=\"Sysiphe collectif - Benoit-barbagli.com\" \/>\n<meta property=\"og:description\" content=\"Sysiphe collectif, 2021 Mythologie Subaquatique Photographie num\u00e9rique Papier photo classique brillant RC 220g Plexi 3mm pour Face Arri\u00e8re Plexi 3mm Anti-Reflet pour Face Avant Ch\u00e2ssis rentrant Aluminium 120 \u00d7 79 5 exemplaires Avec son certificat d\u2019authenticit\u00e9\" \/>\n<meta property=\"og:url\" content=\"http:\/\/2023.benoit-barbagli.com\/articles\/sysiphe-collectif-2\/\" \/>\n<meta property=\"og:site_name\" content=\"Benoit-barbagli.com\" \/>\n<meta property=\"og:image\" content=\"https:\/\/2023.benoit-barbagli.com\/wp-content\/uploads\/2022\/04\/DJI_0837-scaled-1.jpg\" \/>\n\t<meta property=\"og:image:width\" content=\"2560\" \/>\n\t<meta property=\"og:image:height\" content=\"1680\" \/>\n\t<meta property=\"og:image:type\" content=\"image\/jpeg\" \/>\n<meta name=\"author\" content=\"benoitbarbagli\" \/>\n<meta name=\"twitter:card\" content=\"summary_large_image\" \/>\n<!-- \/ Yoast SEO plugin. -->","yoast_head_json":{"title":"Sysiphe collectif - Benoit-barbagli.com","robots":{"index":"index","follow":"follow","max-snippet":"max-snippet:-1","max-image-preview":"max-image-preview:large","max-video-preview":"max-video-preview:-1"},"canonical":"http:\/\/2023.benoit-barbagli.com\/articles\/sysiphe-collectif-2\/","og_locale":"en_US","og_type":"article","og_title":"Sysiphe collectif - Benoit-barbagli.com","og_description":"Sysiphe collectif, 2021 Mythologie Subaquatique Photographie num\u00e9rique Papier photo classique brillant RC 220g Plexi 3mm pour Face Arri\u00e8re Plexi 3mm Anti-Reflet pour Face Avant Ch\u00e2ssis rentrant Aluminium 120 \u00d7 79 5 exemplaires Avec son certificat d\u2019authenticit\u00e9","og_url":"http:\/\/2023.benoit-barbagli.com\/articles\/sysiphe-collectif-2\/","og_site_name":"Benoit-barbagli.com","og_image":[{"width":2560,"height":1680,"url":"https:\/\/2023.benoit-barbagli.com\/wp-content\/uploads\/2022\/04\/DJI_0837-scaled-1.jpg","type":"image\/jpeg"}],"author":"benoitbarbagli","twitter_card":"summary_large_image","schema":{"@context":"https:\/\/schema.org","@graph":[{"@type":["Person","Organization"],"@id":"https:\/\/2023.benoit-barbagli.com\/#\/schema\/person\/413a50e5dd6129de03df354d73c4ffaf","name":"benoitbarbagli","image":{"@type":"ImageObject","inLanguage":"en-US","@id":"https:\/\/2023.benoit-barbagli.com\/#\/schema\/person\/image\/","url":"http:\/\/benoit-barbagli.com\/wp-content\/uploads\/2020\/07\/Catha-scaled.jpg","contentUrl":"http:\/\/benoit-barbagli.com\/wp-content\/uploads\/2020\/07\/Catha-scaled.jpg","width":2560,"height":1440,"caption":"benoitbarbagli"},"logo":{"@id":"https:\/\/2023.benoit-barbagli.com\/#\/schema\/person\/image\/"}},{"@type":"WebSite","@id":"https:\/\/2023.benoit-barbagli.com\/#website","url":"https:\/\/2023.benoit-barbagli.com\/","name":"Benoit-barbagli.com","description":"Sous le chaos, la vie","publisher":{"@id":"https:\/\/2023.benoit-barbagli.com\/#\/schema\/person\/413a50e5dd6129de03df354d73c4ffaf"},"potentialAction":[{"@type":"SearchAction","target":{"@type":"EntryPoint","urlTemplate":"https:\/\/2023.benoit-barbagli.com\/?s={search_term_string}"},"query-input":"required name=search_term_string"}],"inLanguage":"en-US"},{"@type":"ImageObject","inLanguage":"en-US","@id":"http:\/\/2023.benoit-barbagli.com\/articles\/sysiphe-collectif-2\/#primaryimage","url":"https:\/\/2023.benoit-barbagli.com\/wp-content\/uploads\/2022\/04\/DJI_0837-scaled-1.jpg","contentUrl":"https:\/\/2023.benoit-barbagli.com\/wp-content\/uploads\/2022\/04\/DJI_0837-scaled-1.jpg","width":2560,"height":1680},{"@type":"WebPage","@id":"http:\/\/2023.benoit-barbagli.com\/articles\/sysiphe-collectif-2\/#webpage","url":"http:\/\/2023.benoit-barbagli.com\/articles\/sysiphe-collectif-2\/","name":"Sysiphe collectif - Benoit-barbagli.com","isPartOf":{"@id":"https:\/\/2023.benoit-barbagli.com\/#website"},"primaryImageOfPage":{"@id":"http:\/\/2023.benoit-barbagli.com\/articles\/sysiphe-collectif-2\/#primaryimage"},"datePublished":"2022-04-18T11:16:16+00:00","dateModified":"2022-04-18T11:16:16+00:00","breadcrumb":{"@id":"http:\/\/2023.benoit-barbagli.com\/articles\/sysiphe-collectif-2\/#breadcrumb"},"inLanguage":"en-US","potentialAction":[{"@type":"ReadAction","target":["http:\/\/2023.benoit-barbagli.com\/articles\/sysiphe-collectif-2\/"]}]},{"@type":"BreadcrumbList","@id":"http:\/\/2023.benoit-barbagli.com\/articles\/sysiphe-collectif-2\/#breadcrumb","itemListElement":[{"@type":"ListItem","position":1,"name":"Accueil","item":"https:\/\/2023.benoit-barbagli.com\/en\/"},{"@type":"ListItem","position":2,"name":"store","item":"http:\/\/2023.benoit-barbagli.com\/en\/shop\/"},{"@type":"ListItem","position":3,"name":"Sysiphe collectif"}]}]}},"_links":{"self":[{"href":"https:\/\/2023.benoit-barbagli.com\/en\/wp-json\/wp\/v2\/product\/75122"}],"collection":[{"href":"https:\/\/2023.benoit-barbagli.com\/en\/wp-json\/wp\/v2\/product"}],"about":[{"href":"https:\/\/2023.benoit-barbagli.com\/en\/wp-json\/wp\/v2\/types\/product"}],"wp:featuredmedia":[{"embeddable":true,"href":"https:\/\/2023.benoit-barbagli.com\/en\/wp-json\/wp\/v2\/media\/75118"}],"wp:attachment":[{"href":"https:\/\/2023.benoit-barbagli.com\/en\/wp-json\/wp\/v2\/media?parent=75122"}],"wp:term":[{"taxonomy":"product_cat","embeddable":true,"href":"https:\/\/2023.benoit-barbagli.com\/en\/wp-json\/wp\/v2\/product_cat?post=75122"},{"taxonomy":"product_tag","embeddable":true,"href":"https:\/\/2023.benoit-barbagli.com\/en\/wp-json\/wp\/v2\/product_tag?post=75122"}],"curies":[{"name":"wp","href":"https:\/\/api.w.org\/{rel}","templated":true}]}}