{"id":76824,"date":"2022-06-20T18:32:25","date_gmt":"2022-06-20T18:32:25","guid":{"rendered":"http:\/\/2023.benoit-barbagli.com\/articles\/laube-au-large-2\/"},"modified":"2022-06-20T18:33:25","modified_gmt":"2022-06-20T18:33:25","slug":"laube-au-large-2","status":"publish","type":"product","link":"http:\/\/2023.benoit-barbagli.com\/articles\/laube-au-large-2\/","title":{"rendered":"L\u2019aube au large"},"content":{"rendered":"","protected":false},"excerpt":{"rendered":"<p>L\u2019aube au large, 2022<br \/>\nS\u00e9rie La forme de la mer<br \/>\nLieu : Coco-beach<br \/>\nCharbon<br \/>\n \u0152uvre originale &#8211; Exemplaire Unique<br \/>\n170 x 225cm<\/p>\n<p>Chaque \u0153uvre originale poss\u00e8de sont certificat d&#8217;authenticit\u00e9<\/p>\n","protected":false},"featured_media":76821,"template":"","meta":{"inline_featured_image":false},"product_cat":[217,219,89,218],"product_tag":[],"yoast_head":"<!-- This site is optimized with the Yoast SEO plugin v19.2 - https:\/\/yoast.com\/wordpress\/plugins\/seo\/ -->\n<title>L\u2019aube au large - Benoit-barbagli.com<\/title>\n<meta name=\"robots\" content=\"index, follow, max-snippet:-1, max-image-preview:large, max-video-preview:-1\" \/>\n<link rel=\"canonical\" href=\"http:\/\/2023.benoit-barbagli.com\/articles\/laube-au-large-2\/\" \/>\n<meta property=\"og:locale\" content=\"en_US\" \/>\n<meta property=\"og:type\" content=\"article\" \/>\n<meta property=\"og:title\" content=\"L\u2019aube au large - Benoit-barbagli.com\" \/>\n<meta property=\"og:description\" content=\"L\u2019aube au large, 2022 S\u00e9rie La forme de la mer Lieu : Coco-beach Charbon \u0152uvre originale - Exemplaire Unique 170 x 225cm Chaque \u0153uvre originale poss\u00e8de sont certificat d&#039;authenticit\u00e9\" \/>\n<meta property=\"og:url\" content=\"http:\/\/2023.benoit-barbagli.com\/articles\/laube-au-large-2\/\" \/>\n<meta property=\"og:site_name\" content=\"Benoit-barbagli.com\" \/>\n<meta property=\"article:modified_time\" content=\"2022-06-20T18:33:25+00:00\" \/>\n<meta property=\"og:image\" content=\"https:\/\/2023.benoit-barbagli.com\/wp-content\/uploads\/2022\/06\/laude-au-large-1-scaled-1.jpeg\" \/>\n\t<meta property=\"og:image:width\" content=\"2560\" \/>\n\t<meta property=\"og:image:height\" content=\"1612\" \/>\n\t<meta property=\"og:image:type\" content=\"image\/jpeg\" \/>\n<meta name=\"author\" content=\"benoitbarbagli\" \/>\n<meta name=\"twitter:card\" content=\"summary_large_image\" \/>\n<!-- \/ Yoast SEO plugin. -->","yoast_head_json":{"title":"L\u2019aube au large - Benoit-barbagli.com","robots":{"index":"index","follow":"follow","max-snippet":"max-snippet:-1","max-image-preview":"max-image-preview:large","max-video-preview":"max-video-preview:-1"},"canonical":"http:\/\/2023.benoit-barbagli.com\/articles\/laube-au-large-2\/","og_locale":"en_US","og_type":"article","og_title":"L\u2019aube au large - Benoit-barbagli.com","og_description":"L\u2019aube au large, 2022 S\u00e9rie La forme de la mer Lieu : Coco-beach Charbon \u0152uvre originale - Exemplaire Unique 170 x 225cm Chaque \u0153uvre originale poss\u00e8de sont certificat d'authenticit\u00e9","og_url":"http:\/\/2023.benoit-barbagli.com\/articles\/laube-au-large-2\/","og_site_name":"Benoit-barbagli.com","article_modified_time":"2022-06-20T18:33:25+00:00","og_image":[{"width":2560,"height":1612,"url":"https:\/\/2023.benoit-barbagli.com\/wp-content\/uploads\/2022\/06\/laude-au-large-1-scaled-1.jpeg","type":"image\/jpeg"}],"author":"benoitbarbagli","twitter_card":"summary_large_image","schema":{"@context":"https:\/\/schema.org","@graph":[{"@type":["Person","Organization"],"@id":"https:\/\/2023.benoit-barbagli.com\/#\/schema\/person\/413a50e5dd6129de03df354d73c4ffaf","name":"benoitbarbagli","image":{"@type":"ImageObject","inLanguage":"en-US","@id":"https:\/\/2023.benoit-barbagli.com\/#\/schema\/person\/image\/","url":"http:\/\/benoit-barbagli.com\/wp-content\/uploads\/2020\/07\/Catha-scaled.jpg","contentUrl":"http:\/\/benoit-barbagli.com\/wp-content\/uploads\/2020\/07\/Catha-scaled.jpg","width":2560,"height":1440,"caption":"benoitbarbagli"},"logo":{"@id":"https:\/\/2023.benoit-barbagli.com\/#\/schema\/person\/image\/"}},{"@type":"WebSite","@id":"https:\/\/2023.benoit-barbagli.com\/#website","url":"https:\/\/2023.benoit-barbagli.com\/","name":"Benoit-barbagli.com","description":"Sous le chaos, la vie","publisher":{"@id":"https:\/\/2023.benoit-barbagli.com\/#\/schema\/person\/413a50e5dd6129de03df354d73c4ffaf"},"potentialAction":[{"@type":"SearchAction","target":{"@type":"EntryPoint","urlTemplate":"https:\/\/2023.benoit-barbagli.com\/?s={search_term_string}"},"query-input":"required name=search_term_string"}],"inLanguage":"en-US"},{"@type":"ImageObject","inLanguage":"en-US","@id":"http:\/\/2023.benoit-barbagli.com\/articles\/laube-au-large-2\/#primaryimage","url":"https:\/\/2023.benoit-barbagli.com\/wp-content\/uploads\/2022\/06\/laude-au-large-1-scaled-1.jpeg","contentUrl":"https:\/\/2023.benoit-barbagli.com\/wp-content\/uploads\/2022\/06\/laude-au-large-1-scaled-1.jpeg","width":2560,"height":1612},{"@type":"WebPage","@id":"http:\/\/2023.benoit-barbagli.com\/articles\/laube-au-large-2\/#webpage","url":"http:\/\/2023.benoit-barbagli.com\/articles\/laube-au-large-2\/","name":"L\u2019aube au large - Benoit-barbagli.com","isPartOf":{"@id":"https:\/\/2023.benoit-barbagli.com\/#website"},"primaryImageOfPage":{"@id":"http:\/\/2023.benoit-barbagli.com\/articles\/laube-au-large-2\/#primaryimage"},"datePublished":"2022-06-20T18:32:25+00:00","dateModified":"2022-06-20T18:33:25+00:00","breadcrumb":{"@id":"http:\/\/2023.benoit-barbagli.com\/articles\/laube-au-large-2\/#breadcrumb"},"inLanguage":"en-US","potentialAction":[{"@type":"ReadAction","target":["http:\/\/2023.benoit-barbagli.com\/articles\/laube-au-large-2\/"]}]},{"@type":"BreadcrumbList","@id":"http:\/\/2023.benoit-barbagli.com\/articles\/laube-au-large-2\/#breadcrumb","itemListElement":[{"@type":"ListItem","position":1,"name":"Accueil","item":"https:\/\/2023.benoit-barbagli.com\/en\/"},{"@type":"ListItem","position":2,"name":"store","item":"http:\/\/2023.benoit-barbagli.com\/en\/shop\/"},{"@type":"ListItem","position":3,"name":"L\u2019aube au large"}]}]}},"_links":{"self":[{"href":"https:\/\/2023.benoit-barbagli.com\/en\/wp-json\/wp\/v2\/product\/76824"}],"collection":[{"href":"https:\/\/2023.benoit-barbagli.com\/en\/wp-json\/wp\/v2\/product"}],"about":[{"href":"https:\/\/2023.benoit-barbagli.com\/en\/wp-json\/wp\/v2\/types\/product"}],"wp:featuredmedia":[{"embeddable":true,"href":"https:\/\/2023.benoit-barbagli.com\/en\/wp-json\/wp\/v2\/media\/76821"}],"wp:attachment":[{"href":"https:\/\/2023.benoit-barbagli.com\/en\/wp-json\/wp\/v2\/media?parent=76824"}],"wp:term":[{"taxonomy":"product_cat","embeddable":true,"href":"https:\/\/2023.benoit-barbagli.com\/en\/wp-json\/wp\/v2\/product_cat?post=76824"},{"taxonomy":"product_tag","embeddable":true,"href":"https:\/\/2023.benoit-barbagli.com\/en\/wp-json\/wp\/v2\/product_tag?post=76824"}],"curies":[{"name":"wp","href":"https:\/\/api.w.org\/{rel}","templated":true}]}}