{"id":76359,"date":"2022-04-23T10:20:30","date_gmt":"2022-04-23T10:20:30","guid":{"rendered":"http:\/\/2023.benoit-barbagli.com\/collettivo-palam\/"},"modified":"2022-04-23T10:20:31","modified_gmt":"2022-04-23T10:20:31","slug":"collettivo-palam","status":"publish","type":"page","link":"https:\/\/2023.benoit-barbagli.com\/it\/collettivo-palam\/","title":{"rendered":"Collettivo Palam"},"content":{"rendered":"&#13;\n<h6 class=\"p1\">collectif<\/h6>&#13;\n<p class=\"p1\">Palam, &#8212;-&gt; <a href=\"http:\/\/palam.co\">palam.co<\/a><\/p>&#13;\n<p class=\"p1\">La missione degli artisti, anche se non tutti lo sanno, \u00e8 quella di andare oltre l&#8217;individuo.<\/p>&#13;\n<p class=\"p1\">Pochissimi indizi ci permettono di prevedere la natura di questo superamento,<\/p>&#13;\n<p class=\"p1\">Il che rende questa transizione una delle nostre maggiori sfide.<\/p>&#13;\n<p class=\"p1\">La scomparsa del soggetto, la repubblica, la morte di Dio, la nascita della psicologia, la medicina moderna, l&#8217;arte moderna sono tutti eventi che agiscono sulla costruzione dell&#8217;individuo.<\/p>&#13;\n<p class=\"p1\">(\u2026)<\/p>&#13;\n<p class=\"p1\">Il collettivo \u00e8 uno strumento privilegiato per questo andare oltre, non costituisce una risposta totale, ma resta sufficiente per aprire un campo mediano di riflessione senza il quale le domande dell&#8217;andare oltre non potrebbero nemmeno essere pensate.<\/p>&#13;\n<p class=\"p1\">(\u2026)<\/p>&#13;\n<p class=\"p1\">Palam \u00e8 una delle nostre risposte locali<\/p>&#13;\n<p class=\"p1\">Un puro laboratorio di costruzioni collettive, di cui presto seguirete le novit\u00e0 in questa pagina<\/p>&#13;\n<p class=\"p1\">Questo testo \u00e8 tratto dall&#8217;articolo <em>Kill youself conosce il pianeta<\/em><span class=\"Apple-converted-space\">  <\/span>presto disponibile sul blog<\/p>&#13;\n<p><\/p><\/p>\n","protected":false},"excerpt":{"rendered":"<p>&#13; collectif &#13; Palam, &#8212;-&gt; palam.co &#13; La missione degli artisti, anche se non tutti lo sanno, \u00e8 quella di andare oltre l&#8217;individuo. &#13; Pochissimi indizi ci permettono di prevedere la natura di questo superamento, &#13; Il che rende questa transizione una delle nostre maggiori&#8230;<\/p>\n","protected":false},"author":1,"featured_media":0,"parent":0,"menu_order":0,"comment_status":"closed","ping_status":"closed","template":"","meta":{"inline_featured_image":false,"footnotes":""},"yoast_head":"<!-- This site is optimized with the Yoast SEO plugin v19.2 - https:\/\/yoast.com\/wordpress\/plugins\/seo\/ -->\n<title>Collettivo Palam - Benoit-barbagli.com<\/title>\n<meta name=\"description\" content=\"Benoit Barbagli vit et travaille \u00e0 ParisIng\u00e9nieur en technologie conceptuelle, \u00e9labore un r\u00e9seau de transmission de pens\u00e9es \u00e0 distance sans interface interm\u00e9diaire. Une technologie qui agit comme un lubrifiant sur les mots et les choses, entre les gestes et les \u00e9motions, pour les assouplir et les connecter. Il utilise pour y parvenir l\u2019amour et la vie.\" \/>\n<meta name=\"robots\" content=\"index, follow, max-snippet:-1, max-image-preview:large, max-video-preview:-1\" \/>\n<link rel=\"canonical\" href=\"https:\/\/2023.benoit-barbagli.com\/it\/collettivo-palam\/\" \/>\n<meta property=\"og:locale\" content=\"it_IT\" \/>\n<meta property=\"og:type\" content=\"article\" \/>\n<meta property=\"og:title\" content=\"Collettivo Palam - Benoit-barbagli.com\" \/>\n<meta property=\"og:description\" content=\"Benoit Barbagli vit et travaille \u00e0 ParisIng\u00e9nieur en technologie conceptuelle, \u00e9labore un r\u00e9seau de transmission de pens\u00e9es \u00e0 distance sans interface interm\u00e9diaire. Une technologie qui agit comme un lubrifiant sur les mots et les choses, entre les gestes et les \u00e9motions, pour les assouplir et les connecter. Il utilise pour y parvenir l\u2019amour et la vie.\" \/>\n<meta property=\"og:url\" content=\"https:\/\/2023.benoit-barbagli.com\/it\/collettivo-palam\/\" \/>\n<meta property=\"og:site_name\" content=\"Benoit-barbagli.com\" \/>\n<meta property=\"article:modified_time\" content=\"2022-04-23T10:20:31+00:00\" \/>\n<meta property=\"og:image\" content=\"https:\/\/2023.benoit-barbagli.com\/wp-content\/uploads\/2019\/05\/DSC02317-scaled.jpg\" \/>\n\t<meta property=\"og:image:width\" content=\"2560\" \/>\n\t<meta property=\"og:image:height\" content=\"1630\" \/>\n\t<meta property=\"og:image:type\" content=\"image\/jpeg\" \/>\n<meta name=\"author\" content=\"benoitbarbagli\" \/>\n<meta name=\"twitter:card\" content=\"summary_large_image\" \/>\n<meta name=\"twitter:label1\" content=\"Tempo di lettura stimato\" \/>\n\t<meta name=\"twitter:data1\" content=\"1 minuto\" \/>\n<!-- \/ Yoast SEO plugin. -->","yoast_head_json":{"title":"Collettivo Palam - Benoit-barbagli.com","description":"Benoit Barbagli vit et travaille \u00e0 ParisIng\u00e9nieur en technologie conceptuelle, \u00e9labore un r\u00e9seau de transmission de pens\u00e9es \u00e0 distance sans interface interm\u00e9diaire. Une technologie qui agit comme un lubrifiant sur les mots et les choses, entre les gestes et les \u00e9motions, pour les assouplir et les connecter. Il utilise pour y parvenir l\u2019amour et la vie.","robots":{"index":"index","follow":"follow","max-snippet":"max-snippet:-1","max-image-preview":"max-image-preview:large","max-video-preview":"max-video-preview:-1"},"canonical":"https:\/\/2023.benoit-barbagli.com\/it\/collettivo-palam\/","og_locale":"it_IT","og_type":"article","og_title":"Collettivo Palam - Benoit-barbagli.com","og_description":"Benoit Barbagli vit et travaille \u00e0 ParisIng\u00e9nieur en technologie conceptuelle, \u00e9labore un r\u00e9seau de transmission de pens\u00e9es \u00e0 distance sans interface interm\u00e9diaire. Une technologie qui agit comme un lubrifiant sur les mots et les choses, entre les gestes et les \u00e9motions, pour les assouplir et les connecter. Il utilise pour y parvenir l\u2019amour et la vie.","og_url":"https:\/\/2023.benoit-barbagli.com\/it\/collettivo-palam\/","og_site_name":"Benoit-barbagli.com","article_modified_time":"2022-04-23T10:20:31+00:00","og_image":[{"width":2560,"height":1630,"url":"https:\/\/2023.benoit-barbagli.com\/wp-content\/uploads\/2019\/05\/DSC02317-scaled.jpg","type":"image\/jpeg"}],"author":"benoitbarbagli","twitter_card":"summary_large_image","twitter_misc":{"Tempo di lettura stimato":"1 minuto"},"schema":{"@context":"https:\/\/schema.org","@graph":[{"@type":["Person","Organization"],"@id":"https:\/\/2023.benoit-barbagli.com\/#\/schema\/person\/413a50e5dd6129de03df354d73c4ffaf","name":"benoitbarbagli","image":{"@type":"ImageObject","inLanguage":"it-IT","@id":"https:\/\/2023.benoit-barbagli.com\/#\/schema\/person\/image\/","url":"http:\/\/benoit-barbagli.com\/wp-content\/uploads\/2020\/07\/Catha-scaled.jpg","contentUrl":"http:\/\/benoit-barbagli.com\/wp-content\/uploads\/2020\/07\/Catha-scaled.jpg","width":2560,"height":1440,"caption":"benoitbarbagli"},"logo":{"@id":"https:\/\/2023.benoit-barbagli.com\/#\/schema\/person\/image\/"}},{"@type":"WebSite","@id":"https:\/\/2023.benoit-barbagli.com\/#website","url":"https:\/\/2023.benoit-barbagli.com\/","name":"Benoit-barbagli.com","description":"Sous le chaos, la vie","publisher":{"@id":"https:\/\/2023.benoit-barbagli.com\/#\/schema\/person\/413a50e5dd6129de03df354d73c4ffaf"},"potentialAction":[{"@type":"SearchAction","target":{"@type":"EntryPoint","urlTemplate":"https:\/\/2023.benoit-barbagli.com\/?s={search_term_string}"},"query-input":"required name=search_term_string"}],"inLanguage":"it-IT"},{"@type":"WebPage","@id":"https:\/\/2023.benoit-barbagli.com\/it\/collettivo-palam\/#webpage","url":"https:\/\/2023.benoit-barbagli.com\/it\/collettivo-palam\/","name":"Collettivo Palam - Benoit-barbagli.com","isPartOf":{"@id":"https:\/\/2023.benoit-barbagli.com\/#website"},"datePublished":"2022-04-23T10:20:30+00:00","dateModified":"2022-04-23T10:20:31+00:00","description":"Benoit Barbagli vit et travaille \u00e0 ParisIng\u00e9nieur en technologie conceptuelle, \u00e9labore un r\u00e9seau de transmission de pens\u00e9es \u00e0 distance sans interface interm\u00e9diaire. Une technologie qui agit comme un lubrifiant sur les mots et les choses, entre les gestes et les \u00e9motions, pour les assouplir et les connecter. Il utilise pour y parvenir l\u2019amour et la vie.","breadcrumb":{"@id":"https:\/\/2023.benoit-barbagli.com\/it\/collettivo-palam\/#breadcrumb"},"inLanguage":"it-IT","potentialAction":[{"@type":"ReadAction","target":["https:\/\/2023.benoit-barbagli.com\/it\/collettivo-palam\/"]}]},{"@type":"BreadcrumbList","@id":"https:\/\/2023.benoit-barbagli.com\/it\/collettivo-palam\/#breadcrumb","itemListElement":[{"@type":"ListItem","position":1,"name":"Accueil","item":"https:\/\/2023.benoit-barbagli.com\/it\/"},{"@type":"ListItem","position":2,"name":"Collettivo Palam"}]}]}},"_links":{"self":[{"href":"https:\/\/2023.benoit-barbagli.com\/it\/wp-json\/wp\/v2\/pages\/76359"}],"collection":[{"href":"https:\/\/2023.benoit-barbagli.com\/it\/wp-json\/wp\/v2\/pages"}],"about":[{"href":"https:\/\/2023.benoit-barbagli.com\/it\/wp-json\/wp\/v2\/types\/page"}],"author":[{"embeddable":true,"href":"https:\/\/2023.benoit-barbagli.com\/it\/wp-json\/wp\/v2\/users\/1"}],"replies":[{"embeddable":true,"href":"https:\/\/2023.benoit-barbagli.com\/it\/wp-json\/wp\/v2\/comments?post=76359"}],"version-history":[{"count":1,"href":"https:\/\/2023.benoit-barbagli.com\/it\/wp-json\/wp\/v2\/pages\/76359\/revisions"}],"predecessor-version":[{"id":76362,"href":"https:\/\/2023.benoit-barbagli.com\/it\/wp-json\/wp\/v2\/pages\/76359\/revisions\/76362"}],"wp:attachment":[{"href":"https:\/\/2023.benoit-barbagli.com\/it\/wp-json\/wp\/v2\/media?parent=76359"}],"curies":[{"name":"wp","href":"https:\/\/api.w.org\/{rel}","templated":true}]}}