{"id":76377,"date":"2022-04-23T10:20:38","date_gmt":"2022-04-23T10:20:38","guid":{"rendered":"http:\/\/2023.benoit-barbagli.com\/amici\/"},"modified":"2022-04-23T10:20:38","modified_gmt":"2022-04-23T10:20:38","slug":"amici","status":"publish","type":"page","link":"https:\/\/2023.benoit-barbagli.com\/it\/amici\/","title":{"rendered":"Amici"},"content":{"rendered":"<p>[vc_row row_type=&#8221;row&#8221; use_row_as_full_screen_section=&#8221;no&#8221; type=&#8221;full_width&#8221; text_align=&#8221;left&#8221; background_animation=&#8221;none&#8221; css_animation=&#8221;&#8221;][\/vc_row][vc_column][\/vc_column][vc_column_text]<\/p>\n<h6><\/h6>\n<p>Se sei un mio amico e non ti trovi mandami un messaggio.<\/p>\n<p>&nbsp;<\/p>\n<p>I miei amici artisti:<\/p>\n<p><a href=\"http:\/\/toesie.fr\/\">Tristano Blumel<\/a><\/p>\n<p><a href=\"https:\/\/www.instagram.com\/aimeefleury\/\">Aimee Fleury<\/a><\/p>\n<p><a href=\"https:\/\/www.mona-barbagli.com\/\">Mona Barbagli<\/a><\/p>\n<p><a href=\"http:\/\/lauratinard.com\/\">Laura Tinard<\/a><\/p>\n<p><span class=\"s1\"><a href=\"https:\/\/www.camillefranchguerra.com\/\">Camille Franch Guerra<\/a><\/span><\/p>\n<p class=\"p1\"><span class=\"s1\"><a href=\"https:\/\/www.instagram.com\/evan.bourgeau.ok\/\">Evan Bourgeau <\/a><\/span><\/p>\n<p class=\"p1\"><a href=\"http:\/\/florent-testa.com\/\"><span class=\"s1\">Fiorente Testa<\/span><\/a><\/p>\n<p><a href=\"https:\/\/eva-vautier.com\/art\/tom-barbagli\/\">Tom Barbagli<\/a><\/p>\n<p><a href=\"http:\/\/www.mathildefernandez.com\/\" target=\"_blank\" rel=\"noreferrer noopener\">Matilde Fernandez<\/a><\/p>\n<p><a href=\"http:\/\/www.davidperreard.fr\/Index.html\" target=\"_blank\" rel=\"noreferrer noopener\">David Perreard<\/a><\/p>\n<p><a href=\"http:\/\/www.documentsdartistes.org\/cesar\">Battista Cesare<\/a><\/p>\n<p><a href=\"https:\/\/www.maximeduveau.com\/\">Massimo Duveau<\/a><\/p>\n<p><a href=\"https:\/\/cargocollective.com\/magalihalter\">Magalie Halter<\/a><\/p>\n<p><a href=\"http:\/\/simonnicolas.fr\/\" target=\"_blank\" rel=\"noreferrer noopener\">Simone Nicola<\/a><\/p>\n<p><a href=\"http:\/\/www.mathieualary.com\/\" target=\"_blank\" rel=\"noreferrer noopener\">Mathieu Alary<\/a><\/p>\n<p><a href=\"https:\/\/rafaelalopez.net\/\">Raffaela Lopez<\/a><\/p>\n<p><a href=\"http:\/\/cargocollective.com\/mariellechabal\" target=\"_blank\" rel=\"noreferrer noopener\">Marielle Chabal<\/a><\/p>\n<p><a href=\"http:\/\/cargocollective.com\/guepardesimpuissantes\" target=\"_blank\" rel=\"noreferrer noopener\">Alice Guitard<\/a><\/p>\n<p><a href=\"http:\/\/juliebuffardmoret.com\/\" target=\"_blank\" rel=\"noreferrer noopener\">Julie Buffard-Moret<\/a><\/p>\n<p><a href=\"http:\/\/iommysanchez.tumblr.com\/\" target=\"_blank\" rel=\"noreferrer noopener\">Iommy Sanchez<\/a><\/p>\n<p><a href=\"http:\/\/www.remiamiot.com\/\" target=\"_blank\" rel=\"noreferrer noopener\">Remi Amiot<\/a><\/p>\n<p><a href=\"http:\/\/www.gillianbrett.fr\/\" target=\"_blank\" rel=\"noreferrer noopener\">Gillian Brett<\/a><\/p>\n<p><a href=\"http:\/\/julietteliautaud.com\/\" target=\"_blank\" rel=\"noreferrer noopener\">Juliette Liautaud<\/a><\/p>\n<p><a href=\"http:\/\/cargocollective.com\/nephelibarbas\/\" target=\"_blank\" rel=\"noreferrer noopener\">Nepheli Barbas<\/a><\/p>\n<p><a href=\"http:\/\/www.mirial.fr\/\" target=\"_blank\" rel=\"noreferrer noopener\">Antonio Mirial<\/a><\/p>\n<p><a href=\"http:\/\/www.felixbourgeau.fr\/\" target=\"_blank\" rel=\"noreferrer noopener\">Felice Borghese<\/a><\/p>\n<p><a href=\"http:\/\/remivoche.com\/\" target=\"_blank\" rel=\"noreferrer noopener\">Remi Voche<\/a><\/p>\n<p><a href=\"http:\/\/www.g-r-a-m-m-e.fr\/\" target=\"_blank\" rel=\"noreferrer noopener\">GRAMMO<\/a><\/p>\n<p><a href=\"http:\/\/www.maiaizzo.com\/\" target=\"_blank\" rel=\"noreferrer noopener\">Maia Izzo<\/a><\/p>\n<p><a href=\"http:\/\/chloesassi.tumblr.com\/\" target=\"_blank\" rel=\"noreferrer noopener\">Cloe Sassi<\/a><\/p>\n<p><a href=\"http:\/\/www.annelaure-wuillai.com\/\">Anne-Laure-Wuillai<\/a><\/p>\n<p><a href=\"http:\/\/www.aureliencornutgentille.com\/\" target=\"_blank\" rel=\"noreferrer noopener\">Aurelien Cornutgentille<\/a><\/p>\n<p><a href=\"https:\/\/eva-vautier.com\/art\/omar-rodriguez-sanmartin\/\">Omar Rodriguez Sanmartin<\/a><\/p>\n<p>&nbsp;<\/p>\n<p>I miei amici curatori:<\/p>\n<p><a href=\"http:\/\/www.rebeccafrancois.org\/\">Rebecca Francois<\/a><\/p>\n<p><!-- \/wp:heading -->&nbsp;<\/p>\n<p>&nbsp;<\/p>\n<p>&nbsp;<\/p>\n<p>[\/vc_column_text][vc_row row_type=&#8221;row&#8221; use_row_as_full_screen_section=&#8221;no&#8221; type=&#8221;full_width&#8221; text_align=&#8221;left&#8221; background_animation=&#8221;none&#8221; css_animation=&#8221;&#8221;][vc_column][vc_empty_space][\/vc_column][\/vc_row]<\/p>\n","protected":false},"excerpt":{"rendered":"<p>[vc_row row_type=&#8221;row&#8221; use_row_as_full_screen_section=&#8221;no&#8221; type=&#8221;full_width&#8221; text_align=&#8221;left&#8221; background_animation=&#8221;none&#8221; css_animation=&#8221;&#8221;][\/vc_row][vc_column][\/vc_column][vc_column_text] Se sei un mio amico e non ti trovi mandami un messaggio. &nbsp; I miei amici artisti: Tristano Blumel Aimee Fleury Mona Barbagli Laura Tinard Camille Franch Guerra Evan Bourgeau Fiorente Testa Tom Barbagli Matilde Fernandez David Perreard&#8230;<\/p>\n","protected":false},"author":1,"featured_media":0,"parent":0,"menu_order":0,"comment_status":"closed","ping_status":"closed","template":"","meta":{"inline_featured_image":false,"footnotes":""},"yoast_head":"<!-- This site is optimized with the Yoast SEO plugin v19.2 - https:\/\/yoast.com\/wordpress\/plugins\/seo\/ -->\n<title>Amici - Benoit-barbagli.com<\/title>\n<meta name=\"description\" content=\"Benoit Barbagli vit et travaille \u00e0 ParisIng\u00e9nieur en technologie conceptuelle, \u00e9labore un r\u00e9seau de transmission de pens\u00e9es \u00e0 distance sans interface interm\u00e9diaire. Une technologie qui agit comme un lubrifiant sur les mots et les choses, entre les gestes et les \u00e9motions, pour les assouplir et les connecter. Il utilise pour y parvenir l\u2019amour et la vie.\" \/>\n<meta name=\"robots\" content=\"index, follow, max-snippet:-1, max-image-preview:large, max-video-preview:-1\" \/>\n<link rel=\"canonical\" href=\"https:\/\/2023.benoit-barbagli.com\/it\/amici\/\" \/>\n<meta property=\"og:locale\" content=\"it_IT\" \/>\n<meta property=\"og:type\" content=\"article\" \/>\n<meta property=\"og:title\" content=\"Amici - Benoit-barbagli.com\" \/>\n<meta property=\"og:description\" content=\"Benoit Barbagli vit et travaille \u00e0 ParisIng\u00e9nieur en technologie conceptuelle, \u00e9labore un r\u00e9seau de transmission de pens\u00e9es \u00e0 distance sans interface interm\u00e9diaire. Une technologie qui agit comme un lubrifiant sur les mots et les choses, entre les gestes et les \u00e9motions, pour les assouplir et les connecter. Il utilise pour y parvenir l\u2019amour et la vie.\" \/>\n<meta property=\"og:url\" content=\"https:\/\/2023.benoit-barbagli.com\/it\/amici\/\" \/>\n<meta property=\"og:site_name\" content=\"Benoit-barbagli.com\" \/>\n<meta property=\"og:image\" content=\"https:\/\/2023.benoit-barbagli.com\/wp-content\/uploads\/2019\/05\/DSC02317-scaled.jpg\" \/>\n\t<meta property=\"og:image:width\" content=\"2560\" \/>\n\t<meta property=\"og:image:height\" content=\"1630\" \/>\n\t<meta property=\"og:image:type\" content=\"image\/jpeg\" \/>\n<meta name=\"author\" content=\"benoitbarbagli\" \/>\n<meta name=\"twitter:card\" content=\"summary_large_image\" \/>\n<meta name=\"twitter:label1\" content=\"Tempo di lettura stimato\" \/>\n\t<meta name=\"twitter:data1\" content=\"1 minuto\" \/>\n<!-- \/ Yoast SEO plugin. -->","yoast_head_json":{"title":"Amici - Benoit-barbagli.com","description":"Benoit Barbagli vit et travaille \u00e0 ParisIng\u00e9nieur en technologie conceptuelle, \u00e9labore un r\u00e9seau de transmission de pens\u00e9es \u00e0 distance sans interface interm\u00e9diaire. Une technologie qui agit comme un lubrifiant sur les mots et les choses, entre les gestes et les \u00e9motions, pour les assouplir et les connecter. Il utilise pour y parvenir l\u2019amour et la vie.","robots":{"index":"index","follow":"follow","max-snippet":"max-snippet:-1","max-image-preview":"max-image-preview:large","max-video-preview":"max-video-preview:-1"},"canonical":"https:\/\/2023.benoit-barbagli.com\/it\/amici\/","og_locale":"it_IT","og_type":"article","og_title":"Amici - Benoit-barbagli.com","og_description":"Benoit Barbagli vit et travaille \u00e0 ParisIng\u00e9nieur en technologie conceptuelle, \u00e9labore un r\u00e9seau de transmission de pens\u00e9es \u00e0 distance sans interface interm\u00e9diaire. Une technologie qui agit comme un lubrifiant sur les mots et les choses, entre les gestes et les \u00e9motions, pour les assouplir et les connecter. Il utilise pour y parvenir l\u2019amour et la vie.","og_url":"https:\/\/2023.benoit-barbagli.com\/it\/amici\/","og_site_name":"Benoit-barbagli.com","og_image":[{"width":2560,"height":1630,"url":"https:\/\/2023.benoit-barbagli.com\/wp-content\/uploads\/2019\/05\/DSC02317-scaled.jpg","type":"image\/jpeg"}],"author":"benoitbarbagli","twitter_card":"summary_large_image","twitter_misc":{"Tempo di lettura stimato":"1 minuto"},"schema":{"@context":"https:\/\/schema.org","@graph":[{"@type":["Person","Organization"],"@id":"https:\/\/2023.benoit-barbagli.com\/#\/schema\/person\/413a50e5dd6129de03df354d73c4ffaf","name":"benoitbarbagli","image":{"@type":"ImageObject","inLanguage":"it-IT","@id":"https:\/\/2023.benoit-barbagli.com\/#\/schema\/person\/image\/","url":"http:\/\/benoit-barbagli.com\/wp-content\/uploads\/2020\/07\/Catha-scaled.jpg","contentUrl":"http:\/\/benoit-barbagli.com\/wp-content\/uploads\/2020\/07\/Catha-scaled.jpg","width":2560,"height":1440,"caption":"benoitbarbagli"},"logo":{"@id":"https:\/\/2023.benoit-barbagli.com\/#\/schema\/person\/image\/"}},{"@type":"WebSite","@id":"https:\/\/2023.benoit-barbagli.com\/#website","url":"https:\/\/2023.benoit-barbagli.com\/","name":"Benoit-barbagli.com","description":"Sous le chaos, la vie","publisher":{"@id":"https:\/\/2023.benoit-barbagli.com\/#\/schema\/person\/413a50e5dd6129de03df354d73c4ffaf"},"potentialAction":[{"@type":"SearchAction","target":{"@type":"EntryPoint","urlTemplate":"https:\/\/2023.benoit-barbagli.com\/?s={search_term_string}"},"query-input":"required name=search_term_string"}],"inLanguage":"it-IT"},{"@type":"WebPage","@id":"https:\/\/2023.benoit-barbagli.com\/it\/amici\/#webpage","url":"https:\/\/2023.benoit-barbagli.com\/it\/amici\/","name":"Amici - Benoit-barbagli.com","isPartOf":{"@id":"https:\/\/2023.benoit-barbagli.com\/#website"},"datePublished":"2022-04-23T10:20:38+00:00","dateModified":"2022-04-23T10:20:38+00:00","description":"Benoit Barbagli vit et travaille \u00e0 ParisIng\u00e9nieur en technologie conceptuelle, \u00e9labore un r\u00e9seau de transmission de pens\u00e9es \u00e0 distance sans interface interm\u00e9diaire. Une technologie qui agit comme un lubrifiant sur les mots et les choses, entre les gestes et les \u00e9motions, pour les assouplir et les connecter. Il utilise pour y parvenir l\u2019amour et la vie.","breadcrumb":{"@id":"https:\/\/2023.benoit-barbagli.com\/it\/amici\/#breadcrumb"},"inLanguage":"it-IT","potentialAction":[{"@type":"ReadAction","target":["https:\/\/2023.benoit-barbagli.com\/it\/amici\/"]}]},{"@type":"BreadcrumbList","@id":"https:\/\/2023.benoit-barbagli.com\/it\/amici\/#breadcrumb","itemListElement":[{"@type":"ListItem","position":1,"name":"Accueil","item":"https:\/\/2023.benoit-barbagli.com\/it\/"},{"@type":"ListItem","position":2,"name":"Amici"}]}]}},"_links":{"self":[{"href":"https:\/\/2023.benoit-barbagli.com\/it\/wp-json\/wp\/v2\/pages\/76377"}],"collection":[{"href":"https:\/\/2023.benoit-barbagli.com\/it\/wp-json\/wp\/v2\/pages"}],"about":[{"href":"https:\/\/2023.benoit-barbagli.com\/it\/wp-json\/wp\/v2\/types\/page"}],"author":[{"embeddable":true,"href":"https:\/\/2023.benoit-barbagli.com\/it\/wp-json\/wp\/v2\/users\/1"}],"replies":[{"embeddable":true,"href":"https:\/\/2023.benoit-barbagli.com\/it\/wp-json\/wp\/v2\/comments?post=76377"}],"version-history":[{"count":2,"href":"https:\/\/2023.benoit-barbagli.com\/it\/wp-json\/wp\/v2\/pages\/76377\/revisions"}],"predecessor-version":[{"id":76383,"href":"https:\/\/2023.benoit-barbagli.com\/it\/wp-json\/wp\/v2\/pages\/76377\/revisions\/76383"}],"wp:attachment":[{"href":"https:\/\/2023.benoit-barbagli.com\/it\/wp-json\/wp\/v2\/media?parent=76377"}],"curies":[{"name":"wp","href":"https:\/\/api.w.org\/{rel}","templated":true}]}}