{"id":76380,"date":"2022-04-23T10:20:38","date_gmt":"2022-04-23T10:20:38","guid":{"rendered":"http:\/\/2023.benoit-barbagli.com\/noleggio-e-struttura-di-raccolta\/"},"modified":"2022-04-23T10:20:38","modified_gmt":"2022-04-23T10:20:38","slug":"noleggio-e-struttura-di-raccolta","status":"publish","type":"page","link":"https:\/\/2023.benoit-barbagli.com\/it\/noleggio-e-struttura-di-raccolta\/","title":{"rendered":"noleggio e struttura di raccolta"},"content":{"rendered":"<p>[vc_row row_type=&#8221;row&#8221; use_row_as_full_screen_section=&#8221;no&#8221; type=&#8221;full_width&#8221; text_align=&#8221;left&#8221; background_animation=&#8221;none&#8221; css_animation=&#8221;&#8221; css=&#8221;.vc_custom_1562002893314{margin-right: 15% !important;margin-left: 15% !important;}&#8221;][vc_column][vc_column_text]<\/p>\n<h6>noleggio e struttura di raccolta<\/h6>\n<p>[\/vc_column_text][vc_empty_space][vc_empty_space][vc_accordion active_tab=&#8221;1&#8243; collapsible=&#8221;yes&#8221; style=&#8221;boxed_toggle&#8221;][vc_accordion_tab title=&#8221;Patrocinio e sostegno&#8221;][\/vc_accordion_tab][vc_accordion_tab title=&#8221;Certificato di autenticit\u00e0&#8221;][\/vc_accordion_tab][vc_accordion_tab title=&#8221;Gatto fotografico&#8221;][vc_column_text]Carta fotografica di Benoit Barbagli<\/p>\n<p>Ogni fotografia \u00e8 suddivisa in 4 categorie, Opera originale, Edizione limitata, Prodotto derivato ed Edizione speciale.<\/p>\n<p>Una fotografia pu\u00f2 rientrare in una o pi\u00f9 di queste categorie.<\/p>\n<p>L&#8217;artista fornisce gratuitamente un certificato di autenticit\u00e0 agli acquirenti delle opere acquistate da lui o da una di queste gallerie.<\/p>\n<p>&nbsp;<\/p>\n<p><strong>1 &#8211; L&#8217;opera originale: <\/strong><\/p>\n<p>Una fotografia che ha un certificato di autenticit\u00e0 firmato e numerato \u00e8 considerata un&#8217;opera originale, e quindi elencata nel catalogo ragionato.<\/p>\n<p>Il numero massimo di stampe \u00e8 limitato a 5 e 2 prove d&#8217;artista.<\/p>\n<p>Questo pu\u00f2 essere un numero inferiore alla fotografia e il certificato lo specifica. Alcune foto sono limitate a 3, o anche alcune sono uniche.<\/p>\n<p>&nbsp;<\/p>\n<p><strong>2 &#8211;<\/strong> <strong>Edizione limitata<\/strong> <strong>:<\/strong><\/p>\n<p>\u00c8 possibile realizzare per ciascuna delle foto un&#8217;edizione limitata numerata e firmata, al massimo 30 copie in qualsiasi formato.<\/p>\n<p>Il numero di copie potrebbe essere inferiore se specificato sulla foto.<\/p>\n<p>Un&#8217;edizione limitata \u00e8 generalmente legata a un&#8217;opera originale.<\/p>\n<p>Il formato dell&#8217;edizione limitata non pu\u00f2 essere pi\u00f9 grande di quello dell&#8217;opera originale.<\/p>\n<p>Hanno lo stesso status di litografie o serigrafie, sono elencate nel catalogo ragionato, ma non hanno certificato di autenticit\u00e0.<\/p>\n<p><strong> <\/strong><\/p>\n<p><strong>3 &#8211; Prodotto derivato <\/strong><\/p>\n<p>Una foto pu\u00f2 in alcuni casi diventare un prodotto derivato, Poster Stickers\u2026..<\/p>\n<p>Questi prodotti non sono limitati, non hanno in alcun modo un valore che dipenda dall&#8217;artista. non sono autenticati e non sono destinati ad esserlo.<\/p>\n<p><strong> <\/strong><\/p>\n<p><strong> <\/strong><\/p>\n<p>4 &#8211; <strong>Edizione<\/strong> <strong>speciale<\/strong><\/p>\n<p>L&#8217;edizione speciale \u00e8 una foto stampata per un&#8217;occasione specifica, spesso di grandi dimensioni per una mostra, \u00e8 considerata un modello da esposizione. Salvo eccezioni, non \u00e8 destinato alla vendita.<\/p>\n<p>Non \u00e8 considerato un originale e quindi non pu\u00f2 ottenere un certificato di autenticit\u00e0.<\/p>\n<p>A seconda dei casi, pu\u00f2 essere comunque iscritta nel catalogo ragionato.<\/p>\n<p>&nbsp;<\/p>\n<p>&nbsp;<\/p>\n<p>Scarica la carta firmata in versione pdf<\/p>\n<p>[\/vc_column_text][\/vc_accordion_tab][\/vc_accordion][\/vc_column][\/vc_row]<\/p>\n","protected":false},"excerpt":{"rendered":"<p>[vc_row row_type=&#8221;row&#8221; use_row_as_full_screen_section=&#8221;no&#8221; type=&#8221;full_width&#8221; text_align=&#8221;left&#8221; background_animation=&#8221;none&#8221; css_animation=&#8221;&#8221; css=&#8221;.vc_custom_1562002893314{margin-right: 15% !important;margin-left: 15% !important;}&#8221;][vc_column][vc_column_text] noleggio e struttura di raccolta [\/vc_column_text][vc_empty_space][vc_empty_space][vc_accordion active_tab=&#8221;1&#8243; collapsible=&#8221;yes&#8221; style=&#8221;boxed_toggle&#8221;][vc_accordion_tab title=&#8221;Patrocinio e sostegno&#8221;][\/vc_accordion_tab][vc_accordion_tab title=&#8221;Certificato di autenticit\u00e0&#8221;][\/vc_accordion_tab][vc_accordion_tab title=&#8221;Gatto fotografico&#8221;][vc_column_text]Carta fotografica di Benoit Barbagli Ogni fotografia \u00e8 suddivisa in 4 categorie, Opera originale, Edizione limitata, Prodotto&#8230;<\/p>\n","protected":false},"author":1,"featured_media":0,"parent":0,"menu_order":0,"comment_status":"closed","ping_status":"closed","template":"","meta":{"inline_featured_image":false,"footnotes":""},"yoast_head":"<!-- This site is optimized with the Yoast SEO plugin v19.2 - https:\/\/yoast.com\/wordpress\/plugins\/seo\/ -->\n<title>noleggio e struttura di raccolta - Benoit-barbagli.com<\/title>\n<meta name=\"description\" content=\"Benoit Barbagli vit et travaille \u00e0 ParisIng\u00e9nieur en technologie conceptuelle, \u00e9labore un r\u00e9seau de transmission de pens\u00e9es \u00e0 distance sans interface interm\u00e9diaire. Une technologie qui agit comme un lubrifiant sur les mots et les choses, entre les gestes et les \u00e9motions, pour les assouplir et les connecter. Il utilise pour y parvenir l\u2019amour et la vie.\" \/>\n<meta name=\"robots\" content=\"index, follow, max-snippet:-1, max-image-preview:large, max-video-preview:-1\" \/>\n<link rel=\"canonical\" href=\"https:\/\/2023.benoit-barbagli.com\/it\/noleggio-e-struttura-di-raccolta\/\" \/>\n<meta property=\"og:locale\" content=\"it_IT\" \/>\n<meta property=\"og:type\" content=\"article\" \/>\n<meta property=\"og:title\" content=\"noleggio e struttura di raccolta - Benoit-barbagli.com\" \/>\n<meta property=\"og:description\" content=\"Benoit Barbagli vit et travaille \u00e0 ParisIng\u00e9nieur en technologie conceptuelle, \u00e9labore un r\u00e9seau de transmission de pens\u00e9es \u00e0 distance sans interface interm\u00e9diaire. Une technologie qui agit comme un lubrifiant sur les mots et les choses, entre les gestes et les \u00e9motions, pour les assouplir et les connecter. Il utilise pour y parvenir l\u2019amour et la vie.\" \/>\n<meta property=\"og:url\" content=\"https:\/\/2023.benoit-barbagli.com\/it\/noleggio-e-struttura-di-raccolta\/\" \/>\n<meta property=\"og:site_name\" content=\"Benoit-barbagli.com\" \/>\n<meta property=\"og:image\" content=\"https:\/\/2023.benoit-barbagli.com\/wp-content\/uploads\/2019\/05\/DSC02317-scaled.jpg\" \/>\n\t<meta property=\"og:image:width\" content=\"2560\" \/>\n\t<meta property=\"og:image:height\" content=\"1630\" \/>\n\t<meta property=\"og:image:type\" content=\"image\/jpeg\" \/>\n<meta name=\"author\" content=\"benoitbarbagli\" \/>\n<meta name=\"twitter:card\" content=\"summary_large_image\" \/>\n<meta name=\"twitter:label1\" content=\"Tempo di lettura stimato\" \/>\n\t<meta name=\"twitter:data1\" content=\"2 minuti\" \/>\n<!-- \/ Yoast SEO plugin. -->","yoast_head_json":{"title":"noleggio e struttura di raccolta - Benoit-barbagli.com","description":"Benoit Barbagli vit et travaille \u00e0 ParisIng\u00e9nieur en technologie conceptuelle, \u00e9labore un r\u00e9seau de transmission de pens\u00e9es \u00e0 distance sans interface interm\u00e9diaire. Une technologie qui agit comme un lubrifiant sur les mots et les choses, entre les gestes et les \u00e9motions, pour les assouplir et les connecter. Il utilise pour y parvenir l\u2019amour et la vie.","robots":{"index":"index","follow":"follow","max-snippet":"max-snippet:-1","max-image-preview":"max-image-preview:large","max-video-preview":"max-video-preview:-1"},"canonical":"https:\/\/2023.benoit-barbagli.com\/it\/noleggio-e-struttura-di-raccolta\/","og_locale":"it_IT","og_type":"article","og_title":"noleggio e struttura di raccolta - Benoit-barbagli.com","og_description":"Benoit Barbagli vit et travaille \u00e0 ParisIng\u00e9nieur en technologie conceptuelle, \u00e9labore un r\u00e9seau de transmission de pens\u00e9es \u00e0 distance sans interface interm\u00e9diaire. Une technologie qui agit comme un lubrifiant sur les mots et les choses, entre les gestes et les \u00e9motions, pour les assouplir et les connecter. Il utilise pour y parvenir l\u2019amour et la vie.","og_url":"https:\/\/2023.benoit-barbagli.com\/it\/noleggio-e-struttura-di-raccolta\/","og_site_name":"Benoit-barbagli.com","og_image":[{"width":2560,"height":1630,"url":"https:\/\/2023.benoit-barbagli.com\/wp-content\/uploads\/2019\/05\/DSC02317-scaled.jpg","type":"image\/jpeg"}],"author":"benoitbarbagli","twitter_card":"summary_large_image","twitter_misc":{"Tempo di lettura stimato":"2 minuti"},"schema":{"@context":"https:\/\/schema.org","@graph":[{"@type":["Person","Organization"],"@id":"https:\/\/2023.benoit-barbagli.com\/#\/schema\/person\/413a50e5dd6129de03df354d73c4ffaf","name":"benoitbarbagli","image":{"@type":"ImageObject","inLanguage":"it-IT","@id":"https:\/\/2023.benoit-barbagli.com\/#\/schema\/person\/image\/","url":"http:\/\/benoit-barbagli.com\/wp-content\/uploads\/2020\/07\/Catha-scaled.jpg","contentUrl":"http:\/\/benoit-barbagli.com\/wp-content\/uploads\/2020\/07\/Catha-scaled.jpg","width":2560,"height":1440,"caption":"benoitbarbagli"},"logo":{"@id":"https:\/\/2023.benoit-barbagli.com\/#\/schema\/person\/image\/"}},{"@type":"WebSite","@id":"https:\/\/2023.benoit-barbagli.com\/#website","url":"https:\/\/2023.benoit-barbagli.com\/","name":"Benoit-barbagli.com","description":"Sous le chaos, la vie","publisher":{"@id":"https:\/\/2023.benoit-barbagli.com\/#\/schema\/person\/413a50e5dd6129de03df354d73c4ffaf"},"potentialAction":[{"@type":"SearchAction","target":{"@type":"EntryPoint","urlTemplate":"https:\/\/2023.benoit-barbagli.com\/?s={search_term_string}"},"query-input":"required name=search_term_string"}],"inLanguage":"it-IT"},{"@type":"WebPage","@id":"https:\/\/2023.benoit-barbagli.com\/it\/noleggio-e-struttura-di-raccolta\/#webpage","url":"https:\/\/2023.benoit-barbagli.com\/it\/noleggio-e-struttura-di-raccolta\/","name":"noleggio e struttura di raccolta - Benoit-barbagli.com","isPartOf":{"@id":"https:\/\/2023.benoit-barbagli.com\/#website"},"datePublished":"2022-04-23T10:20:38+00:00","dateModified":"2022-04-23T10:20:38+00:00","description":"Benoit Barbagli vit et travaille \u00e0 ParisIng\u00e9nieur en technologie conceptuelle, \u00e9labore un r\u00e9seau de transmission de pens\u00e9es \u00e0 distance sans interface interm\u00e9diaire. Une technologie qui agit comme un lubrifiant sur les mots et les choses, entre les gestes et les \u00e9motions, pour les assouplir et les connecter. Il utilise pour y parvenir l\u2019amour et la vie.","breadcrumb":{"@id":"https:\/\/2023.benoit-barbagli.com\/it\/noleggio-e-struttura-di-raccolta\/#breadcrumb"},"inLanguage":"it-IT","potentialAction":[{"@type":"ReadAction","target":["https:\/\/2023.benoit-barbagli.com\/it\/noleggio-e-struttura-di-raccolta\/"]}]},{"@type":"BreadcrumbList","@id":"https:\/\/2023.benoit-barbagli.com\/it\/noleggio-e-struttura-di-raccolta\/#breadcrumb","itemListElement":[{"@type":"ListItem","position":1,"name":"Accueil","item":"https:\/\/2023.benoit-barbagli.com\/it\/"},{"@type":"ListItem","position":2,"name":"noleggio e struttura di raccolta"}]}]}},"_links":{"self":[{"href":"https:\/\/2023.benoit-barbagli.com\/it\/wp-json\/wp\/v2\/pages\/76380"}],"collection":[{"href":"https:\/\/2023.benoit-barbagli.com\/it\/wp-json\/wp\/v2\/pages"}],"about":[{"href":"https:\/\/2023.benoit-barbagli.com\/it\/wp-json\/wp\/v2\/types\/page"}],"author":[{"embeddable":true,"href":"https:\/\/2023.benoit-barbagli.com\/it\/wp-json\/wp\/v2\/users\/1"}],"replies":[{"embeddable":true,"href":"https:\/\/2023.benoit-barbagli.com\/it\/wp-json\/wp\/v2\/comments?post=76380"}],"version-history":[{"count":2,"href":"https:\/\/2023.benoit-barbagli.com\/it\/wp-json\/wp\/v2\/pages\/76380\/revisions"}],"predecessor-version":[{"id":76385,"href":"https:\/\/2023.benoit-barbagli.com\/it\/wp-json\/wp\/v2\/pages\/76380\/revisions\/76385"}],"wp:attachment":[{"href":"https:\/\/2023.benoit-barbagli.com\/it\/wp-json\/wp\/v2\/media?parent=76380"}],"curies":[{"name":"wp","href":"https:\/\/api.w.org\/{rel}","templated":true}]}}