{"id":76389,"date":"2022-04-23T10:20:40","date_gmt":"2022-04-23T10:20:40","guid":{"rendered":"http:\/\/2023.benoit-barbagli.com\/scultura\/"},"modified":"2022-04-23T10:20:41","modified_gmt":"2022-04-23T10:20:41","slug":"scultura","status":"publish","type":"page","link":"http:\/\/2023.benoit-barbagli.com\/it\/scultura\/","title":{"rendered":"Scultura"},"content":{"rendered":"<p>[vc_row row_type=&#8221;row&#8221; use_row_as_full_screen_section=&#8221;no&#8221; type=&#8221;full_width&#8221; text_align=&#8221;left&#8221; background_animation=&#8221;none&#8221; css_animation=&#8221;&#8221;][vc_column][vc_column_text]<\/p>\n<h6>Scultura<\/h6>\n<p>[\/vc_column_text][vc_empty_space]<div class='projects_holder_outer v4 portfolio_with_space portfolio_standard  qode-filter-position-top'>\n\t    \t<div class='projects_holder clearfix v4 standard portfolio_default_image '>\n\t\t<article class=\"mix portfolio_category_190 portfolio_category_189 portfolio_category_188\">\n    <div class='image_holder default_hover'>\n        \n<span class='image'><img width=\"550\" height=\"498\" src=\"https:\/\/2023.benoit-barbagli.com\/wp-content\/uploads\/2019\/04\/tideoftrepidation-550x498.jpg\" class=\"attachment-portfolio-default size-portfolio-default wp-post-image\" alt=\"\" decoding=\"async\" srcset=\"https:\/\/2023.benoit-barbagli.com\/wp-content\/uploads\/2019\/04\/tideoftrepidation-550x498.jpg 550w, https:\/\/2023.benoit-barbagli.com\/wp-content\/uploads\/2019\/04\/tideoftrepidation-480x434.jpg 480w, https:\/\/2023.benoit-barbagli.com\/wp-content\/uploads\/2019\/04\/tideoftrepidation-125x112.jpg 125w\" sizes=\"(max-width: 550px) 100vw, 550px\" \/><\/span>\n                    <a class='portfolio_link_class' href='https:\/\/2023.benoit-barbagli.com\/it\/artwork\/la-marea-della-trepidazione\/' target='_self'><\/a>\n\t\t\n        <div class=\"portfolio_shader\"><\/div>\n\t\t<div class=\"icons_holder\">\n\t<div class=\"icons_holder_inner\">\n\t\t\t\t\t<a class='portfolio_lightbox' title='Scultura' href='https:\/\/2023.benoit-barbagli.com\/wp-content\/uploads\/2019\/04\/tideoftrepidation.jpg' data-rel='prettyPhoto[pretty_photo_gallery]'><\/a>\n\t\t\t\t<a class=\"qode-like\" data-type=\"portfolio_list\" id=\"qode-like-76498\" title=\"Like this\"><\/a>\t<\/div>\n<\/div>\n    <\/div>\n\n    <div class='portfolio_description ' >\n            <h4 class=\"portfolio_title\" ><a href=\"https:\/\/2023.benoit-barbagli.com\/it\/artwork\/la-marea-della-trepidazione\/\" target=\"_self\"> La marea della trepidazione<\/a><\/h4>\n<h6 class=\"portfolio_subtitle\"> <\/h6>    <\/div>\n<\/article>\n<article class=\"mix portfolio_category_188\">\n    <div class='image_holder default_hover'>\n        \n<span class='image'><img width=\"550\" height=\"498\" src=\"https:\/\/2023.benoit-barbagli.com\/wp-content\/uploads\/2019\/08\/DSC01577-Modifier-550x498.jpg\" class=\"attachment-portfolio-default size-portfolio-default wp-post-image\" alt=\"\" decoding=\"async\" srcset=\"https:\/\/2023.benoit-barbagli.com\/wp-content\/uploads\/2019\/08\/DSC01577-Modifier-550x498.jpg 550w, https:\/\/2023.benoit-barbagli.com\/wp-content\/uploads\/2019\/08\/DSC01577-Modifier-480x434.jpg 480w, https:\/\/2023.benoit-barbagli.com\/wp-content\/uploads\/2019\/08\/DSC01577-Modifier-125x112.jpg 125w\" sizes=\"(max-width: 550px) 100vw, 550px\" \/><\/span>\n                    <a class='portfolio_link_class' href='http:\/\/2023.benoit-barbagli.com\/it\/artwork\/monossile\/' target='_self'><\/a>\n\t\t\n        <div class=\"portfolio_shader\"><\/div>\n\t\t<div class=\"icons_holder\">\n\t<div class=\"icons_holder_inner\">\n\t\t\t\t\t<a class='portfolio_lightbox' title='Monoxyle I, Ponte-Leccia, R\u00e9sidence, Utopia, 2019' href='https:\/\/2023.benoit-barbagli.com\/wp-content\/uploads\/2019\/08\/DSC01577-Modifier-scaled.jpg' data-rel='prettyPhoto[pretty_photo_gallery]'><\/a>\n\t\t\t\t<a class=\"qode-like\" data-type=\"portfolio_list\" id=\"qode-like-76544\" title=\"Like this\"><\/a>\t<\/div>\n<\/div>\n    <\/div>\n\n    <div class='portfolio_description ' >\n            <h4 class=\"portfolio_title\" ><a href=\"http:\/\/2023.benoit-barbagli.com\/it\/artwork\/monossile\/\" target=\"_self\"> Monossile<\/a><\/h4>\n<h6 class=\"portfolio_subtitle\"> <\/h6>    <\/div>\n<\/article>\n<article class=\"mix portfolio_category_188 portfolio_category_199\">\n    <div class='image_holder default_hover'>\n        \n<span class='image'><img width=\"550\" height=\"498\" src=\"https:\/\/2023.benoit-barbagli.com\/wp-content\/uploads\/2019\/08\/MONOLITLE-II-en-situation--550x498.jpg\" class=\"attachment-portfolio-default size-portfolio-default wp-post-image\" alt=\"\" decoding=\"async\" srcset=\"https:\/\/2023.benoit-barbagli.com\/wp-content\/uploads\/2019\/08\/MONOLITLE-II-en-situation--550x498.jpg 550w, https:\/\/2023.benoit-barbagli.com\/wp-content\/uploads\/2019\/08\/MONOLITLE-II-en-situation--480x434.jpg 480w, https:\/\/2023.benoit-barbagli.com\/wp-content\/uploads\/2019\/08\/MONOLITLE-II-en-situation--125x112.jpg 125w\" sizes=\"(max-width: 550px) 100vw, 550px\" \/><\/span>\n                    <a class='portfolio_link_class' href='http:\/\/2023.benoit-barbagli.com\/it\/artwork\/monossile-portatile\/' target='_self'><\/a>\n\t\t\n        <div class=\"portfolio_shader\"><\/div>\n\t\t<div class=\"icons_holder\">\n\t<div class=\"icons_holder_inner\">\n\t\t\t\t\t<a class='portfolio_lightbox' title='Monoxyle Portatif, Apparition, Corse, 2019' href='https:\/\/2023.benoit-barbagli.com\/wp-content\/uploads\/2019\/08\/MONOLITLE-II-en-situation--scaled.jpg' data-rel='prettyPhoto[pretty_photo_gallery]'><\/a>\n\t\t\t\t<a class=\"qode-like\" data-type=\"portfolio_list\" id=\"qode-like-76552\" title=\"Like this\"><\/a>\t<\/div>\n<\/div>\n    <\/div>\n\n    <div class='portfolio_description ' >\n            <h4 class=\"portfolio_title\" ><a href=\"http:\/\/2023.benoit-barbagli.com\/it\/artwork\/monossile-portatile\/\" target=\"_self\"> monossile portatile<\/a><\/h4>\n<h6 class=\"portfolio_subtitle\"> <\/h6>    <\/div>\n<\/article>\n<article class=\"mix portfolio_category_188\">\n    <div class='image_holder default_hover'>\n        \n<span class='image'><img width=\"550\" height=\"498\" src=\"https:\/\/2023.benoit-barbagli.com\/wp-content\/uploads\/2020\/05\/Capture-de\u0301cran-2021-03-18-a\u0300-20.01.16-550x498.png\" class=\"attachment-portfolio-default size-portfolio-default wp-post-image\" alt=\"\" decoding=\"async\" srcset=\"https:\/\/2023.benoit-barbagli.com\/wp-content\/uploads\/2020\/05\/Capture-de\u0301cran-2021-03-18-a\u0300-20.01.16-550x498.png 550w, https:\/\/2023.benoit-barbagli.com\/wp-content\/uploads\/2020\/05\/Capture-de\u0301cran-2021-03-18-a\u0300-20.01.16-480x434.png 480w, https:\/\/2023.benoit-barbagli.com\/wp-content\/uploads\/2020\/05\/Capture-de\u0301cran-2021-03-18-a\u0300-20.01.16-125x112.png 125w\" sizes=\"(max-width: 550px) 100vw, 550px\" \/><\/span>\n                    <a class='portfolio_link_class' href='https:\/\/2023.benoit-barbagli.com\/it\/artwork\/qui-la-terra-2\/' target='_self'><\/a>\n\t\t\n        <div class=\"portfolio_shader\"><\/div>\n\t\t<div class=\"icons_holder\">\n\t<div class=\"icons_holder_inner\">\n\t\t\t\t\t<a class='portfolio_lightbox' title='Scultura' href='https:\/\/2023.benoit-barbagli.com\/wp-content\/uploads\/2020\/05\/Capture-de\u0301cran-2021-03-18-a\u0300-20.01.16.png' data-rel='prettyPhoto[pretty_photo_gallery]'><\/a>\n\t\t\t\t<a class=\"qode-like\" data-type=\"portfolio_list\" id=\"qode-like-76562\" title=\"Like this\"><\/a>\t<\/div>\n<\/div>\n    <\/div>\n\n    <div class='portfolio_description ' >\n            <h4 class=\"portfolio_title\" ><a href=\"https:\/\/2023.benoit-barbagli.com\/it\/artwork\/qui-la-terra-2\/\" target=\"_self\"> Qui la terra<\/a><\/h4>\n<h6 class=\"portfolio_subtitle\"> <\/h6>    <\/div>\n<\/article>\n<article class=\"mix portfolio_category_188\">\n    <div class='image_holder default_hover'>\n        \n<span class='image'><img width=\"550\" height=\"498\" src=\"https:\/\/2023.benoit-barbagli.com\/wp-content\/uploads\/2021\/03\/Column-611.11-550x498.jpg\" class=\"attachment-portfolio-default size-portfolio-default wp-post-image\" alt=\"\" decoding=\"async\" srcset=\"https:\/\/2023.benoit-barbagli.com\/wp-content\/uploads\/2021\/03\/Column-611.11-550x498.jpg 550w, https:\/\/2023.benoit-barbagli.com\/wp-content\/uploads\/2021\/03\/Column-611.11-480x434.jpg 480w, https:\/\/2023.benoit-barbagli.com\/wp-content\/uploads\/2021\/03\/Column-611.11-125x112.jpg 125w\" sizes=\"(max-width: 550px) 100vw, 550px\" \/><\/span>\n                    <a class='portfolio_link_class' href='https:\/\/2023.benoit-barbagli.com\/it\/artwork\/colonne-di-fluido\/' target='_self'><\/a>\n\t\t\n        <div class=\"portfolio_shader\"><\/div>\n\t\t<div class=\"icons_holder\">\n\t<div class=\"icons_holder_inner\">\n\t\t\t\t\t<a class='portfolio_lightbox' title='Scultura' href='https:\/\/2023.benoit-barbagli.com\/wp-content\/uploads\/2021\/03\/Column-611.11.jpg' data-rel='prettyPhoto[pretty_photo_gallery]'><\/a>\n\t\t\t\t<a class=\"qode-like\" data-type=\"portfolio_list\" id=\"qode-like-76578\" title=\"Like this\"><\/a>\t<\/div>\n<\/div>\n    <\/div>\n\n    <div class='portfolio_description ' >\n            <h4 class=\"portfolio_title\" ><a href=\"https:\/\/2023.benoit-barbagli.com\/it\/artwork\/colonne-di-fluido\/\" target=\"_self\"> Colonne di fluido<\/a><\/h4>\n<h6 class=\"portfolio_subtitle\"> <\/h6>    <\/div>\n<\/article>\n<article class=\"mix portfolio_category_188\">\n    <div class='image_holder default_hover'>\n        \n<span class='image'><img width=\"550\" height=\"498\" src=\"https:\/\/2023.benoit-barbagli.com\/wp-content\/uploads\/2021\/09\/BEN05791-550x498.jpg\" class=\"attachment-portfolio-default size-portfolio-default wp-post-image\" alt=\"\" decoding=\"async\" srcset=\"https:\/\/2023.benoit-barbagli.com\/wp-content\/uploads\/2021\/09\/BEN05791-550x498.jpg 550w, https:\/\/2023.benoit-barbagli.com\/wp-content\/uploads\/2021\/09\/BEN05791-480x434.jpg 480w, https:\/\/2023.benoit-barbagli.com\/wp-content\/uploads\/2021\/09\/BEN05791-125x112.jpg 125w\" sizes=\"(max-width: 550px) 100vw, 550px\" \/><\/span>\n                    <a class='portfolio_link_class' href='https:\/\/2023.benoit-barbagli.com\/it\/artwork\/chrysalithe-antelia\/' target='_self'><\/a>\n\t\t\n        <div class=\"portfolio_shader\"><\/div>\n\t\t<div class=\"icons_holder\">\n\t<div class=\"icons_holder_inner\">\n\t\t\t\t\t<a class='portfolio_lightbox' title='Scultura' href='https:\/\/2023.benoit-barbagli.com\/wp-content\/uploads\/2021\/09\/BEN05791-scaled.jpg' data-rel='prettyPhoto[pretty_photo_gallery]'><\/a>\n\t\t\t\t<a class=\"qode-like\" data-type=\"portfolio_list\" id=\"qode-like-76575\" title=\"Like this\"><\/a>\t<\/div>\n<\/div>\n    <\/div>\n\n    <div class='portfolio_description ' >\n            <h4 class=\"portfolio_title\" ><a href=\"https:\/\/2023.benoit-barbagli.com\/it\/artwork\/chrysalithe-antelia\/\" target=\"_self\"> Chrysalithe &#8211; Ant\u00e9lia<\/a><\/h4>\n<h6 class=\"portfolio_subtitle\"> <\/h6>    <\/div>\n<\/article>\n<article class=\"mix portfolio_category_188\">\n    <div class='image_holder default_hover'>\n        \n<span class='image'><img width=\"550\" height=\"498\" src=\"https:\/\/2023.benoit-barbagli.com\/wp-content\/uploads\/2021\/09\/Chronos-Helios-550x498.jpg\" class=\"attachment-portfolio-default size-portfolio-default wp-post-image\" alt=\"\" decoding=\"async\" srcset=\"https:\/\/2023.benoit-barbagli.com\/wp-content\/uploads\/2021\/09\/Chronos-Helios-550x498.jpg 550w, https:\/\/2023.benoit-barbagli.com\/wp-content\/uploads\/2021\/09\/Chronos-Helios-480x434.jpg 480w, https:\/\/2023.benoit-barbagli.com\/wp-content\/uploads\/2021\/09\/Chronos-Helios-125x112.jpg 125w\" sizes=\"(max-width: 550px) 100vw, 550px\" \/><\/span>\n                    <a class='portfolio_link_class' href='https:\/\/2023.benoit-barbagli.com\/it\/artwork\/colonne-di-crono\/' target='_self'><\/a>\n\t\t\n        <div class=\"portfolio_shader\"><\/div>\n\t\t<div class=\"icons_holder\">\n\t<div class=\"icons_holder_inner\">\n\t\t\t\t\t<a class='portfolio_lightbox' title='Scultura' href='https:\/\/2023.benoit-barbagli.com\/wp-content\/uploads\/2021\/09\/Chronos-Helios.jpg' data-rel='prettyPhoto[pretty_photo_gallery]'><\/a>\n\t\t\t\t<a class=\"qode-like\" data-type=\"portfolio_list\" id=\"qode-like-76601\" title=\"Like this\"><\/a>\t<\/div>\n<\/div>\n    <\/div>\n\n    <div class='portfolio_description ' >\n            <h4 class=\"portfolio_title\" ><a href=\"https:\/\/2023.benoit-barbagli.com\/it\/artwork\/colonne-di-crono\/\" target=\"_self\"> Colonne di Crono<\/a><\/h4>\n<h6 class=\"portfolio_subtitle\"> <\/h6>    <\/div>\n<\/article>\n<article class=\"mix portfolio_category_188\">\n    <div class='image_holder default_hover'>\n        \n<span class='image'><img width=\"550\" height=\"498\" src=\"https:\/\/2023.benoit-barbagli.com\/wp-content\/uploads\/2021\/10\/SOUS-LE-CHAOS-LA-VIE-49-550x498.jpg\" class=\"attachment-portfolio-default size-portfolio-default wp-post-image\" alt=\"\" decoding=\"async\" srcset=\"https:\/\/2023.benoit-barbagli.com\/wp-content\/uploads\/2021\/10\/SOUS-LE-CHAOS-LA-VIE-49-550x498.jpg 550w, https:\/\/2023.benoit-barbagli.com\/wp-content\/uploads\/2021\/10\/SOUS-LE-CHAOS-LA-VIE-49-480x434.jpg 480w, https:\/\/2023.benoit-barbagli.com\/wp-content\/uploads\/2021\/10\/SOUS-LE-CHAOS-LA-VIE-49-125x112.jpg 125w\" sizes=\"(max-width: 550px) 100vw, 550px\" \/><\/span>\n                    <a class='portfolio_link_class' href='http:\/\/2023.benoit-barbagli.com\/it\/artwork\/chrysalithe-pausania-e-rosanna\/' target='_self'><\/a>\n\t\t\n        <div class=\"portfolio_shader\"><\/div>\n\t\t<div class=\"icons_holder\">\n\t<div class=\"icons_holder_inner\">\n\t\t\t\t\t<a class='portfolio_lightbox' title='Scultura' href='https:\/\/2023.benoit-barbagli.com\/wp-content\/uploads\/2021\/10\/SOUS-LE-CHAOS-LA-VIE-49.jpg' data-rel='prettyPhoto[pretty_photo_gallery]'><\/a>\n\t\t\t\t<a class=\"qode-like\" data-type=\"portfolio_list\" id=\"qode-like-76633\" title=\"Like this\"><\/a>\t<\/div>\n<\/div>\n    <\/div>\n\n    <div class='portfolio_description ' >\n            <h4 class=\"portfolio_title\" ><a href=\"http:\/\/2023.benoit-barbagli.com\/it\/artwork\/chrysalithe-pausania-e-rosanna\/\" target=\"_self\"> Chrysalithe &#8211; Pausania e Rosanna<\/a><\/h4>\n<h6 class=\"portfolio_subtitle\"> <\/h6>    <\/div>\n<\/article>\n<article class=\"mix portfolio_category_188\">\n    <div class='image_holder default_hover'>\n        \n<span class='image'><img width=\"550\" height=\"498\" src=\"https:\/\/2023.benoit-barbagli.com\/wp-content\/uploads\/2021\/10\/gesteamour-550x498.jpg\" class=\"attachment-portfolio-default size-portfolio-default wp-post-image\" alt=\"\" decoding=\"async\" srcset=\"https:\/\/2023.benoit-barbagli.com\/wp-content\/uploads\/2021\/10\/gesteamour-550x498.jpg 550w, https:\/\/2023.benoit-barbagli.com\/wp-content\/uploads\/2021\/10\/gesteamour-480x434.jpg 480w, https:\/\/2023.benoit-barbagli.com\/wp-content\/uploads\/2021\/10\/gesteamour-125x112.jpg 125w\" sizes=\"(max-width: 550px) 100vw, 550px\" \/><\/span>\n                    <a class='portfolio_link_class' href='http:\/\/2023.benoit-barbagli.com\/it\/artwork\/gesto-damore\/' target='_self'><\/a>\n\t\t\n        <div class=\"portfolio_shader\"><\/div>\n\t\t<div class=\"icons_holder\">\n\t<div class=\"icons_holder_inner\">\n\t\t\t\t\t<a class='portfolio_lightbox' title='\nBenoit Barbagli\n\nPi\u00e8ce unique- Geste r\u00e9plicable \n\nMati\u00e8re variable \u2013 Fleurs' href='https:\/\/2023.benoit-barbagli.com\/wp-content\/uploads\/2021\/10\/gesteamour-scaled.jpg' data-rel='prettyPhoto[pretty_photo_gallery]'><\/a>\n\t\t\t\t<a class=\"qode-like\" data-type=\"portfolio_list\" id=\"qode-like-76635\" title=\"Like this\"><\/a>\t<\/div>\n<\/div>\n    <\/div>\n\n    <div class='portfolio_description ' >\n            <h4 class=\"portfolio_title\" ><a href=\"http:\/\/2023.benoit-barbagli.com\/it\/artwork\/gesto-damore\/\" target=\"_self\"> Gesto d&#8217;amore<\/a><\/h4>\n<h6 class=\"portfolio_subtitle\"> <\/h6>    <\/div>\n<\/article>\n\t\t\t\t\t<div class='filler'><\/div>\n\t\t\t\t\t\t\t\t\t<div class='filler'><\/div>\n\t\t\t\t\t\t\t\t\t<div class='filler'><\/div>\n\t\t\t\t\t\t\t\t\t<div class='filler'><\/div>\n\t\t\t\t\t<\/div>\n\n    \n\t<\/div>\n[\/vc_column][\/vc_row]<\/p>\n","protected":false},"excerpt":{"rendered":"<p>[vc_row row_type=&#8221;row&#8221; use_row_as_full_screen_section=&#8221;no&#8221; type=&#8221;full_width&#8221; text_align=&#8221;left&#8221; background_animation=&#8221;none&#8221; css_animation=&#8221;&#8221;][vc_column][vc_column_text] Scultura [\/vc_column_text][vc_empty_space][\/vc_column][\/vc_row]<\/p>\n","protected":false},"author":1,"featured_media":0,"parent":0,"menu_order":0,"comment_status":"closed","ping_status":"closed","template":"","meta":{"inline_featured_image":false,"footnotes":""},"yoast_head":"<!-- This site is optimized with the Yoast SEO plugin v19.2 - https:\/\/yoast.com\/wordpress\/plugins\/seo\/ -->\n<title>Scultura - Benoit-barbagli.com<\/title>\n<meta name=\"description\" content=\"Benoit Barbagli vit et travaille \u00e0 ParisIng\u00e9nieur en technologie conceptuelle, \u00e9labore un r\u00e9seau de transmission de pens\u00e9es \u00e0 distance sans interface interm\u00e9diaire. Une technologie qui agit comme un lubrifiant sur les mots et les choses, entre les gestes et les \u00e9motions, pour les assouplir et les connecter. Il utilise pour y parvenir l\u2019amour et la vie.\" \/>\n<meta name=\"robots\" content=\"index, follow, max-snippet:-1, max-image-preview:large, max-video-preview:-1\" \/>\n<link rel=\"canonical\" href=\"http:\/\/2023.benoit-barbagli.com\/it\/scultura\/\" \/>\n<meta property=\"og:locale\" content=\"it_IT\" \/>\n<meta property=\"og:type\" content=\"article\" \/>\n<meta property=\"og:title\" content=\"Scultura - Benoit-barbagli.com\" \/>\n<meta property=\"og:description\" content=\"Benoit Barbagli vit et travaille \u00e0 ParisIng\u00e9nieur en technologie conceptuelle, \u00e9labore un r\u00e9seau de transmission de pens\u00e9es \u00e0 distance sans interface interm\u00e9diaire. Une technologie qui agit comme un lubrifiant sur les mots et les choses, entre les gestes et les \u00e9motions, pour les assouplir et les connecter. Il utilise pour y parvenir l\u2019amour et la vie.\" \/>\n<meta property=\"og:url\" content=\"http:\/\/2023.benoit-barbagli.com\/it\/scultura\/\" \/>\n<meta property=\"og:site_name\" content=\"Benoit-barbagli.com\" \/>\n<meta property=\"article:modified_time\" content=\"2022-04-23T10:20:41+00:00\" \/>\n<meta property=\"og:image\" content=\"https:\/\/2023.benoit-barbagli.com\/wp-content\/uploads\/2019\/05\/DSC02317-scaled.jpg\" \/>\n\t<meta property=\"og:image:width\" content=\"2560\" \/>\n\t<meta property=\"og:image:height\" content=\"1630\" \/>\n\t<meta property=\"og:image:type\" content=\"image\/jpeg\" \/>\n<meta name=\"author\" content=\"benoitbarbagli\" \/>\n<meta name=\"twitter:card\" content=\"summary_large_image\" \/>\n<!-- \/ Yoast SEO plugin. -->","yoast_head_json":{"title":"Scultura - Benoit-barbagli.com","description":"Benoit Barbagli vit et travaille \u00e0 ParisIng\u00e9nieur en technologie conceptuelle, \u00e9labore un r\u00e9seau de transmission de pens\u00e9es \u00e0 distance sans interface interm\u00e9diaire. Une technologie qui agit comme un lubrifiant sur les mots et les choses, entre les gestes et les \u00e9motions, pour les assouplir et les connecter. Il utilise pour y parvenir l\u2019amour et la vie.","robots":{"index":"index","follow":"follow","max-snippet":"max-snippet:-1","max-image-preview":"max-image-preview:large","max-video-preview":"max-video-preview:-1"},"canonical":"http:\/\/2023.benoit-barbagli.com\/it\/scultura\/","og_locale":"it_IT","og_type":"article","og_title":"Scultura - Benoit-barbagli.com","og_description":"Benoit Barbagli vit et travaille \u00e0 ParisIng\u00e9nieur en technologie conceptuelle, \u00e9labore un r\u00e9seau de transmission de pens\u00e9es \u00e0 distance sans interface interm\u00e9diaire. Une technologie qui agit comme un lubrifiant sur les mots et les choses, entre les gestes et les \u00e9motions, pour les assouplir et les connecter. Il utilise pour y parvenir l\u2019amour et la vie.","og_url":"http:\/\/2023.benoit-barbagli.com\/it\/scultura\/","og_site_name":"Benoit-barbagli.com","article_modified_time":"2022-04-23T10:20:41+00:00","og_image":[{"width":2560,"height":1630,"url":"https:\/\/2023.benoit-barbagli.com\/wp-content\/uploads\/2019\/05\/DSC02317-scaled.jpg","type":"image\/jpeg"}],"author":"benoitbarbagli","twitter_card":"summary_large_image","schema":{"@context":"https:\/\/schema.org","@graph":[{"@type":["Person","Organization"],"@id":"https:\/\/2023.benoit-barbagli.com\/#\/schema\/person\/413a50e5dd6129de03df354d73c4ffaf","name":"benoitbarbagli","image":{"@type":"ImageObject","inLanguage":"it-IT","@id":"https:\/\/2023.benoit-barbagli.com\/#\/schema\/person\/image\/","url":"http:\/\/benoit-barbagli.com\/wp-content\/uploads\/2020\/07\/Catha-scaled.jpg","contentUrl":"http:\/\/benoit-barbagli.com\/wp-content\/uploads\/2020\/07\/Catha-scaled.jpg","width":2560,"height":1440,"caption":"benoitbarbagli"},"logo":{"@id":"https:\/\/2023.benoit-barbagli.com\/#\/schema\/person\/image\/"}},{"@type":"WebSite","@id":"https:\/\/2023.benoit-barbagli.com\/#website","url":"https:\/\/2023.benoit-barbagli.com\/","name":"Benoit-barbagli.com","description":"Sous le chaos, la vie","publisher":{"@id":"https:\/\/2023.benoit-barbagli.com\/#\/schema\/person\/413a50e5dd6129de03df354d73c4ffaf"},"potentialAction":[{"@type":"SearchAction","target":{"@type":"EntryPoint","urlTemplate":"https:\/\/2023.benoit-barbagli.com\/?s={search_term_string}"},"query-input":"required name=search_term_string"}],"inLanguage":"it-IT"},{"@type":"WebPage","@id":"http:\/\/2023.benoit-barbagli.com\/it\/scultura\/#webpage","url":"http:\/\/2023.benoit-barbagli.com\/it\/scultura\/","name":"Scultura - Benoit-barbagli.com","isPartOf":{"@id":"https:\/\/2023.benoit-barbagli.com\/#website"},"datePublished":"2022-04-23T10:20:40+00:00","dateModified":"2022-04-23T10:20:41+00:00","description":"Benoit Barbagli vit et travaille \u00e0 ParisIng\u00e9nieur en technologie conceptuelle, \u00e9labore un r\u00e9seau de transmission de pens\u00e9es \u00e0 distance sans interface interm\u00e9diaire. Une technologie qui agit comme un lubrifiant sur les mots et les choses, entre les gestes et les \u00e9motions, pour les assouplir et les connecter. Il utilise pour y parvenir l\u2019amour et la vie.","breadcrumb":{"@id":"http:\/\/2023.benoit-barbagli.com\/it\/scultura\/#breadcrumb"},"inLanguage":"it-IT","potentialAction":[{"@type":"ReadAction","target":["http:\/\/2023.benoit-barbagli.com\/it\/scultura\/"]}]},{"@type":"BreadcrumbList","@id":"http:\/\/2023.benoit-barbagli.com\/it\/scultura\/#breadcrumb","itemListElement":[{"@type":"ListItem","position":1,"name":"Accueil","item":"https:\/\/2023.benoit-barbagli.com\/it\/"},{"@type":"ListItem","position":2,"name":"Scultura"}]}]}},"_links":{"self":[{"href":"https:\/\/2023.benoit-barbagli.com\/it\/wp-json\/wp\/v2\/pages\/76389"}],"collection":[{"href":"https:\/\/2023.benoit-barbagli.com\/it\/wp-json\/wp\/v2\/pages"}],"about":[{"href":"https:\/\/2023.benoit-barbagli.com\/it\/wp-json\/wp\/v2\/types\/page"}],"author":[{"embeddable":true,"href":"https:\/\/2023.benoit-barbagli.com\/it\/wp-json\/wp\/v2\/users\/1"}],"replies":[{"embeddable":true,"href":"https:\/\/2023.benoit-barbagli.com\/it\/wp-json\/wp\/v2\/comments?post=76389"}],"version-history":[{"count":2,"href":"https:\/\/2023.benoit-barbagli.com\/it\/wp-json\/wp\/v2\/pages\/76389\/revisions"}],"predecessor-version":[{"id":76391,"href":"https:\/\/2023.benoit-barbagli.com\/it\/wp-json\/wp\/v2\/pages\/76389\/revisions\/76391"}],"wp:attachment":[{"href":"https:\/\/2023.benoit-barbagli.com\/it\/wp-json\/wp\/v2\/media?parent=76389"}],"curies":[{"name":"wp","href":"https:\/\/api.w.org\/{rel}","templated":true}]}}