{"id":76406,"date":"2022-04-23T10:32:30","date_gmt":"2022-04-23T10:32:30","guid":{"rendered":"http:\/\/2023.benoit-barbagli.com\/riprendere\/"},"modified":"2022-04-23T10:32:30","modified_gmt":"2022-04-23T10:32:30","slug":"riprendere","status":"publish","type":"page","link":"https:\/\/2023.benoit-barbagli.com\/it\/riprendere\/","title":{"rendered":"riprendere"},"content":{"rendered":"<p class=\"p1\">Benoit Barbagli<span class=\"Apple-converted-space\"> <\/span><\/p>\n<p class=\"p3\">Nato nel 1988 a Nizza.<\/p>\n<p class=\"p3\">Vive e lavora tra Parigi e Nizza.<\/p>\n<p class=\"p4\">Mostre personali<\/p>\n<p class=\"p3\">2022 <i>New Wave, Palazzo Saluzzo Paesana,<\/i> Torino, Italia<\/p>\n<p class=\"p3\">2021 <i>Sotto la vita del caos<\/i> , Galerie Mansard, Parigi<\/p>\n<p class=\"p3\">2021 <i>Il mare al lavoro<\/i> , Centro Culturale di Port-Lympia, Nizza<\/p>\n<p class=\"p3\">2021 <i>Ecotopia &#8211; Intervista<\/i> , Chateau de l&#8217;Ch\u00e2teau de la Napoule, Mandelieu-la-Napoule<\/p>\n<p class=\"p3\">2020 <i>90\u00b0 sopra il fuoco<\/i> , Hotel Windsor, Nizza<\/p>\n<p class=\"p3\">2020 <i>Alive<\/i> , Castello della Napoule, Mandelieu-la-Napoule<\/p>\n<p class=\"p3\">2015 Camera di <i>telepatia<\/i> , SuperVue, Hotel Burrhus, Vaison-la-Romaine<\/p>\n<p class=\"p3\">2015<span class=\"Apple-converted-space\">  <\/span><i>In un secondo di ispirazione<\/i> , facciata esterna di MAMAC e TNN, Nizza<\/p>\n<p class=\"p3\">Mostra prodotta nell&#8217;ambito del festival R\u00e9veillons-Nous organizzato da Irina Brook<\/p>\n<p class=\"p3\">2015<span class=\"Apple-converted-space\">  <\/span><i>Una sorta di metafora come il (pianeta) Terra<\/i> , Parigi 18<\/p>\n<p class=\"p3\">Mostra realizzata in collaborazione con l&#8217;Associazione Diametro, Galleria Viaggiante<\/p>\n<p class=\"p3\">2015 <i>Qui la terra<\/i> , Rosalina, Nizza<span class=\"Apple-converted-space\"> <\/span><\/p>\n<p class=\"p3\">Mostra creata come parte di un evento Botox(s).<\/p>\n<p class=\"p4\">Due mostre<\/p>\n<p class=\"p3\">2022 <i>OceanBloom<\/i> , Ilieana Tounta, Atene, Grecia<span class=\"Apple-converted-space\">  <\/span>(con Eri Dimitriali)<span class=\"Apple-converted-space\"> <\/span><\/p>\n<p class=\"p3\">2018 <i>Emosophia<\/i> , a cura di Caterina Zevola Open Bach,<span class=\"Apple-converted-space\">  <\/span>Parigi (con Bertrand Lanthiez)<\/p>\n<p class=\"p3\">2017 <i>Dietro il mare<\/i> , Galerie de Beuil, Beuil (con Anne-laure Wuillai)<span class=\"Apple-converted-space\"> <\/span><\/p>\n<p class=\"p4\">Mostre con il Collettivo Palam<\/p>\n<p class=\"p3\">2021 <i>Or\u00e9es<\/i> , Villa Cameline, Nizza<\/p>\n<p class=\"p3\">2020 <i>Sotto l&#8217;acqua ghiacciata<\/i> , Caisse d&#8217;\u00e9pargne de Nice Mass\u00e9na, Nizza,<span class=\"Apple-converted-space\"> <\/span><\/p>\n<p class=\"p3\">2020 <i>Alla presenza di<\/i> , Cappella di Sainte-Elisabeth, Villefranche-sur-Mer<\/p>\n<p class=\"p3\">2019 <i>Azimuth<\/i> , Galerie Eva Vautier, Nizza, e il FRAC PACA nel quadro di Marche e approcci<\/p>\n<p class=\"p4\">Mostre collettive<\/p>\n<p class=\"p3\">2021 <i>Arte all&#8217;orizzonte<span class=\"Apple-converted-space\">  <\/span><\/i>La Conciergerie, La Motte-Servolex<\/p>\n<p class=\"p3\">2020 <i>Fire walk with me<\/i> , Naif Art Museum, Nizza<\/p>\n<p class=\"p3\">2019 <i>Nopoto<\/i> , BelOeil, Nizza<\/p>\n<p class=\"p3\">2019 <i>Edificio<\/i> , villa Le Roc Fleury, Cap d&#8217;Ail<span class=\"Apple-converted-space\"> <\/span><\/p>\n<p class=\"p3\">2019 <i>La vita \u00e8 un film<\/i> , 109, Bello<\/p>\n<p class=\"p3\">2019 <i>100 titoli<\/i> , BelOeil, Nizza<span class=\"Apple-converted-space\"> <\/span><\/p>\n<p class=\"p3\">2018 <i>Con piacere<\/i> , Galleria Eva Vautier, Nizza<\/p>\n<p class=\"p3\">2018 <i>Memoria e mare<\/i> , a cura di Rebecca Fran\u00e7ois, Nizza<\/p>\n<p class=\"p3\"><i>Private Choice<\/i> 2018, a cura di Nadia Candet,<span class=\"Apple-converted-space\">  <\/span>Parigi<\/p>\n<p class=\"p3\">2018 <i>Una collezione 5<\/i> , a cura di Camille Frasca, Parigi<\/p>\n<p class=\"p3\">2017 <i>Niente \u00e8 perduto&#8230;.<\/i> , a cura di Camille Frasca, Parigi<span class=\"Apple-converted-space\"> <\/span><\/p>\n<p class=\"p3\">2017 <i>Una collezione<\/i> , a cura di Camille Frasca, Nizza<span class=\"Apple-converted-space\"> <\/span><\/p>\n<p class=\"p3\">2016 <i>Un palazzo ideale di strani ego<\/i> ,<span class=\"Apple-converted-space\">  <\/span>Il palazzo ideale del postino Cheval, Hauterives<\/p>\n<p class=\"p3\">2015 <i>Odissea<\/i> , Galleria La Marine, Nizza<\/p>\n<p class=\"p3\">Mostra organizzata da Villa Arson, laureandi 2015<\/p>\n<p class=\"p3\">2014<span class=\"Apple-converted-space\">  <\/span><i>Organismi Competenti<\/i> , Centro d&#8217;Arte Villa Arson, Nizza<span class=\"Apple-converted-space\"> <\/span><\/p>\n<p class=\"p3\">2013<span class=\"Apple-converted-space\">  <\/span><i>Lavori in corso<\/i> , Galleria Eva Vautier, Nizza<span class=\"Apple-converted-space\"> <\/span><\/p>\n<p class=\"p3\">Mostra collettiva e curatela organizzata in collaborazione con Eva Vautier<\/p>\n<p class=\"p3\">2013 <i>Manca<\/i> , performance concert, MAMAC, Nizza<\/p>\n<p class=\"p4\">Performance\/Laboratori\/ Residenze<\/p>\n<p class=\"p3\">2019 <i>Policroma<\/i> , Residenza Utopia, Ponte-Leccia, Haute-Corse<\/p>\n<p class=\"p3\">2018 <i>School of Nice \u2013 From Pop Art to Happenings<\/i> , Hong-Kong, francese maggio 2018, direzione di un workshop sulla performance come rappresentante della School of Nice.<\/p>\n<p class=\"p3\">2013 <i>Avatar, workshop<\/i> ,<span class=\"Apple-converted-space\">  <\/span>Laval University School of Art, Quebec, Direzione Pascal Broccolichi e Julie Faubert<\/p>\n<p class=\"p3\">2012-2013, <i>Organismi competenti<\/i> , workshop, HEAD, Ginevra, Svizzera sotto la direzione di Arnaud Label Rojoux, Patrice Blouin e Christophe Kihm<\/p>\n<p class=\"p3\">2011 <i>Concerto FLUXUS<\/i> , performance MOMA con Ben Vautier<\/p>\n<p class=\"p4\">Fiere e Festival<span class=\"Apple-converted-space\"> <\/span><\/p>\n<p class=\"p3\">Premio Sud <i>Emergence<\/i> 2021, Ovni Festival, Nizza<\/p>\n<p class=\"p3\"><i>Manifesto di Poush<\/i> 2021, Festival Ovni, Parigi<\/p>\n<p class=\"p3\">2019 <i>DrawingNow<\/i> , Parigi, Galleria Eva Vautier,<span class=\"Apple-converted-space\"> <\/span><\/p>\n<p class=\"p3\">2018 <i>ArtParis<\/i> , Parigi, Galleria Bertheas,<span class=\"Apple-converted-space\"> <\/span><\/p>\n<p class=\"p4\">Presentazione permanente<\/p>\n<p class=\"p3\">Galleria Bertheas, Vichy, Saint-Etienne, Parigi<span class=\"Apple-converted-space\"> <\/span><\/p>\n<p class=\"p3\">Galleria Eva Vautier, Nizza<\/p>\n<p class=\"p4\">Pubblicazioni<\/p>\n<p class=\"p3\">2022 <i>Ten Years of Love<\/i> (versione futura)<\/p>\n<p class=\"p3\">2019 <i>Ecotopia<\/i> , libro sul progetto ecotopia<span class=\"Apple-converted-space\"> <\/span><\/p>\n<p class=\"p3\">2014 <i>Here the earth<\/i> , la tesi, Tesi finale diretta da Joseph Mouton e Thomas Golsen, Villa Arson, Nizza<\/p>\n<p class=\"p3\">2015 <i>Ici la terre<\/i> , la spedizione, Coedizione per il progetto Ici la terre, prodotto con testi di Tristan Blumel<\/p>\n<p class=\"p4\">Corsi di formazione<\/p>\n<p class=\"p3\">2015, DNSEP, Villa Arson, Scuola Nazionale di Belle Arti di Nizza<\/p>\n<p class=\"p3\">2013, DNAP, Villa Arson, Scuola Nazionale di Belle Arti di Nizza<\/p>\n<p class=\"p3\">2011, Licenza III Filosofia, Universit\u00e0 di Nizza Sophia Antipolis<span class=\"Apple-converted-space\"> <\/span><\/p>\n<p class=\"p3\">Iscritta alla Maison des Artistes, siret number: 79392808600016<\/p>\n","protected":false},"excerpt":{"rendered":"<p>Benoit Barbagli Nato nel 1988 a Nizza. Vive e lavora tra Parigi e Nizza. Mostre personali 2022 New Wave, Palazzo Saluzzo Paesana, Torino, Italia 2021 Sotto la vita del caos , Galerie Mansard, Parigi 2021 Il mare al lavoro , Centro Culturale di Port-Lympia, Nizza&#8230;<\/p>\n","protected":false},"author":1,"featured_media":0,"parent":0,"menu_order":0,"comment_status":"closed","ping_status":"closed","template":"","meta":{"inline_featured_image":false,"footnotes":""},"yoast_head":"<!-- This site is optimized with the Yoast SEO plugin v19.2 - https:\/\/yoast.com\/wordpress\/plugins\/seo\/ -->\n<title>riprendere - Benoit-barbagli.com<\/title>\n<meta name=\"description\" content=\"Benoit Barbagli vit et travaille \u00e0 ParisIng\u00e9nieur en technologie conceptuelle, \u00e9labore un r\u00e9seau de transmission de pens\u00e9es \u00e0 distance sans interface interm\u00e9diaire. Une technologie qui agit comme un lubrifiant sur les mots et les choses, entre les gestes et les \u00e9motions, pour les assouplir et les connecter. Il utilise pour y parvenir l\u2019amour et la vie.\" \/>\n<meta name=\"robots\" content=\"index, follow, max-snippet:-1, max-image-preview:large, max-video-preview:-1\" \/>\n<link rel=\"canonical\" href=\"https:\/\/2023.benoit-barbagli.com\/it\/riprendere\/\" \/>\n<meta property=\"og:locale\" content=\"it_IT\" \/>\n<meta property=\"og:type\" content=\"article\" \/>\n<meta property=\"og:title\" content=\"riprendere - Benoit-barbagli.com\" \/>\n<meta property=\"og:description\" content=\"Benoit Barbagli vit et travaille \u00e0 ParisIng\u00e9nieur en technologie conceptuelle, \u00e9labore un r\u00e9seau de transmission de pens\u00e9es \u00e0 distance sans interface interm\u00e9diaire. Une technologie qui agit comme un lubrifiant sur les mots et les choses, entre les gestes et les \u00e9motions, pour les assouplir et les connecter. Il utilise pour y parvenir l\u2019amour et la vie.\" \/>\n<meta property=\"og:url\" content=\"https:\/\/2023.benoit-barbagli.com\/it\/riprendere\/\" \/>\n<meta property=\"og:site_name\" content=\"Benoit-barbagli.com\" \/>\n<meta property=\"og:image\" content=\"https:\/\/2023.benoit-barbagli.com\/wp-content\/uploads\/2019\/05\/DSC02317-scaled.jpg\" \/>\n\t<meta property=\"og:image:width\" content=\"2560\" \/>\n\t<meta property=\"og:image:height\" content=\"1630\" \/>\n\t<meta property=\"og:image:type\" content=\"image\/jpeg\" \/>\n<meta name=\"author\" content=\"benoitbarbagli\" \/>\n<meta name=\"twitter:card\" content=\"summary_large_image\" \/>\n<meta name=\"twitter:label1\" content=\"Tempo di lettura stimato\" \/>\n\t<meta name=\"twitter:data1\" content=\"3 minuti\" \/>\n<!-- \/ Yoast SEO plugin. -->","yoast_head_json":{"title":"riprendere - Benoit-barbagli.com","description":"Benoit Barbagli vit et travaille \u00e0 ParisIng\u00e9nieur en technologie conceptuelle, \u00e9labore un r\u00e9seau de transmission de pens\u00e9es \u00e0 distance sans interface interm\u00e9diaire. Une technologie qui agit comme un lubrifiant sur les mots et les choses, entre les gestes et les \u00e9motions, pour les assouplir et les connecter. Il utilise pour y parvenir l\u2019amour et la vie.","robots":{"index":"index","follow":"follow","max-snippet":"max-snippet:-1","max-image-preview":"max-image-preview:large","max-video-preview":"max-video-preview:-1"},"canonical":"https:\/\/2023.benoit-barbagli.com\/it\/riprendere\/","og_locale":"it_IT","og_type":"article","og_title":"riprendere - Benoit-barbagli.com","og_description":"Benoit Barbagli vit et travaille \u00e0 ParisIng\u00e9nieur en technologie conceptuelle, \u00e9labore un r\u00e9seau de transmission de pens\u00e9es \u00e0 distance sans interface interm\u00e9diaire. Une technologie qui agit comme un lubrifiant sur les mots et les choses, entre les gestes et les \u00e9motions, pour les assouplir et les connecter. Il utilise pour y parvenir l\u2019amour et la vie.","og_url":"https:\/\/2023.benoit-barbagli.com\/it\/riprendere\/","og_site_name":"Benoit-barbagli.com","og_image":[{"width":2560,"height":1630,"url":"https:\/\/2023.benoit-barbagli.com\/wp-content\/uploads\/2019\/05\/DSC02317-scaled.jpg","type":"image\/jpeg"}],"author":"benoitbarbagli","twitter_card":"summary_large_image","twitter_misc":{"Tempo di lettura stimato":"3 minuti"},"schema":{"@context":"https:\/\/schema.org","@graph":[{"@type":["Person","Organization"],"@id":"https:\/\/2023.benoit-barbagli.com\/#\/schema\/person\/413a50e5dd6129de03df354d73c4ffaf","name":"benoitbarbagli","image":{"@type":"ImageObject","inLanguage":"it-IT","@id":"https:\/\/2023.benoit-barbagli.com\/#\/schema\/person\/image\/","url":"http:\/\/benoit-barbagli.com\/wp-content\/uploads\/2020\/07\/Catha-scaled.jpg","contentUrl":"http:\/\/benoit-barbagli.com\/wp-content\/uploads\/2020\/07\/Catha-scaled.jpg","width":2560,"height":1440,"caption":"benoitbarbagli"},"logo":{"@id":"https:\/\/2023.benoit-barbagli.com\/#\/schema\/person\/image\/"}},{"@type":"WebSite","@id":"https:\/\/2023.benoit-barbagli.com\/#website","url":"https:\/\/2023.benoit-barbagli.com\/","name":"Benoit-barbagli.com","description":"Sous le chaos, la vie","publisher":{"@id":"https:\/\/2023.benoit-barbagli.com\/#\/schema\/person\/413a50e5dd6129de03df354d73c4ffaf"},"potentialAction":[{"@type":"SearchAction","target":{"@type":"EntryPoint","urlTemplate":"https:\/\/2023.benoit-barbagli.com\/?s={search_term_string}"},"query-input":"required name=search_term_string"}],"inLanguage":"it-IT"},{"@type":"WebPage","@id":"https:\/\/2023.benoit-barbagli.com\/it\/riprendere\/#webpage","url":"https:\/\/2023.benoit-barbagli.com\/it\/riprendere\/","name":"riprendere - Benoit-barbagli.com","isPartOf":{"@id":"https:\/\/2023.benoit-barbagli.com\/#website"},"datePublished":"2022-04-23T10:32:30+00:00","dateModified":"2022-04-23T10:32:30+00:00","description":"Benoit Barbagli vit et travaille \u00e0 ParisIng\u00e9nieur en technologie conceptuelle, \u00e9labore un r\u00e9seau de transmission de pens\u00e9es \u00e0 distance sans interface interm\u00e9diaire. Une technologie qui agit comme un lubrifiant sur les mots et les choses, entre les gestes et les \u00e9motions, pour les assouplir et les connecter. Il utilise pour y parvenir l\u2019amour et la vie.","breadcrumb":{"@id":"https:\/\/2023.benoit-barbagli.com\/it\/riprendere\/#breadcrumb"},"inLanguage":"it-IT","potentialAction":[{"@type":"ReadAction","target":["https:\/\/2023.benoit-barbagli.com\/it\/riprendere\/"]}]},{"@type":"BreadcrumbList","@id":"https:\/\/2023.benoit-barbagli.com\/it\/riprendere\/#breadcrumb","itemListElement":[{"@type":"ListItem","position":1,"name":"Accueil","item":"https:\/\/2023.benoit-barbagli.com\/it\/"},{"@type":"ListItem","position":2,"name":"riprendere"}]}]}},"_links":{"self":[{"href":"https:\/\/2023.benoit-barbagli.com\/it\/wp-json\/wp\/v2\/pages\/76406"}],"collection":[{"href":"https:\/\/2023.benoit-barbagli.com\/it\/wp-json\/wp\/v2\/pages"}],"about":[{"href":"https:\/\/2023.benoit-barbagli.com\/it\/wp-json\/wp\/v2\/types\/page"}],"author":[{"embeddable":true,"href":"https:\/\/2023.benoit-barbagli.com\/it\/wp-json\/wp\/v2\/users\/1"}],"replies":[{"embeddable":true,"href":"https:\/\/2023.benoit-barbagli.com\/it\/wp-json\/wp\/v2\/comments?post=76406"}],"version-history":[{"count":0,"href":"https:\/\/2023.benoit-barbagli.com\/it\/wp-json\/wp\/v2\/pages\/76406\/revisions"}],"wp:attachment":[{"href":"https:\/\/2023.benoit-barbagli.com\/it\/wp-json\/wp\/v2\/media?parent=76406"}],"curies":[{"name":"wp","href":"https:\/\/api.w.org\/{rel}","templated":true}]}}