{"id":76417,"date":"2022-04-23T10:32:32","date_gmt":"2022-04-23T10:32:32","guid":{"rendered":"http:\/\/2023.benoit-barbagli.com\/rivoluzione-naturale\/"},"modified":"2022-04-23T10:32:37","modified_gmt":"2022-04-23T10:32:37","slug":"rivoluzione-naturale","status":"publish","type":"page","link":"https:\/\/2023.benoit-barbagli.com\/it\/rivoluzione-naturale\/","title":{"rendered":"rivoluzione naturale"},"content":{"rendered":"<p>[vc_row row_type=&#8221;row&#8221; use_row_as_full_screen_section=&#8221;no&#8221; type=&#8221;full_width&#8221; text_align=&#8221;left&#8221; background_animation=&#8221;none&#8221; css_animation=&#8221;&#8221;][vc_column][vc_column_text]<\/p>\n<h3 style=\"text-align: justify;\"><\/h3>\n<h3 class=\"p1\" style=\"text-align: justify;\"><span class=\"s2\">Il<\/span> <span class=\"s1\">giorno in cui i<\/span> <span class=\"s1\">soldi spariranno<\/span><\/h3>\n<p>[\/vc_column_text][vc_single_image image=&#8221;1332&#8243; img_size=&#8221;medium&#8221; add_caption=&#8221;yes&#8221; qode_css_animation=&#8221;&#8221;][vc_column_text]<\/p>\n<p class=\"p3\" style=\"text-align: justify;\"><span class=\"s1\">Preludio<\/span><\/p>\n<p class=\"p5\" style=\"text-align: justify;\"><span class=\"s1\">Il giorno in cui i<\/span> soldi spariranno <span class=\"s3\">,<\/span> <span class=\"s1\">questa frase \u00e8 emersa durante<\/span> <span class=\"s3\">una<\/span> <span class=\"s1\">discussione collettiva, nei pressi<\/span> <span class=\"s3\">di un<\/span> <span class=\"s1\">rifugio, in mezzo alla natura innevata, al calare della notte, avvolti nelle coperte, riscaldandosi attorno<\/span> <span class=\"s3\">a un<\/span> <span class=\"s1\">fuoco,<\/span> <\/p>\n<p class=\"p5\" style=\"text-align: justify;\">Il giorno dopo, avremmo fatto <span class=\"s1\">sparire<\/span> i <span class=\"s1\">soldi<\/span> <span class=\"s3\">.<\/span><\/p>\n<p class=\"p5\" style=\"text-align: justify;\"><span class=\"s1\">Il giorno dopo, addentrandosi sempre pi\u00f9 in alta montagna, i nostri passi raggiunsero un lago ghiacciato: sotto la neve, il ghiaccio, sotto il ghiaccio, l&#8217;<\/span> <span class=\"s3\">acqua<\/span> <span class=\"s1\">.<\/span><\/p>\n<p class=\"p5\" style=\"text-align: justify;\"><span class=\"s1\">Posizionandosi in<\/span> <span class=\"s3\">prima linea<\/span> <span class=\"s1\">, esplorando, mettendo in sicurezza il terreno, interrogandoci sia metaforicamente che letteralmente, sulla questione della soppressione del capitale che struttura le nostre societ\u00e0 e le nostre relazioni umane.<\/span><\/p>\n<p class=\"p5\" style=\"text-align: justify;\"><span class=\"s1\">Come un atto rituale, un&#8217;espiazione simbolica che<\/span> si incarna in <span class=\"s3\">un<\/span> <span class=\"s1\">sistema alla fine del suo corso, nel profondo della natura, ci prepariamo con gioia al giorno in cui il<\/span> <span class=\"s3\">denaro<\/span> <span class=\"s1\">scomparir\u00e0.<\/span><\/p>\n<p class=\"p5\" style=\"text-align: justify;\"><span class=\"s1\">Questa passeggiata nella natura non \u00e8 stata la prima, la<\/span> <span class=\"s1\">mostra<\/span> <span class=\"s3\">Azimuth<\/span> lo scorso anno ci aveva gi\u00e0 messo <span class=\"s3\">sulla<\/span> <span class=\"s1\">strada attraverso un&#8217;altra valle di montagna.<\/span> <\/p>\n<p class=\"p5\" style=\"text-align: justify;\"><span class=\"s1\">Ancora una volta con le ciaspole, 15 kg<\/span> <span class=\"s3\">di<\/span><span class=\"s1\">Oro nordico nelle nostre borse, siamo ripartiti. Questa volta, il<\/span><span class=\"s3\">La<\/span> <span class=\"s1\">spedizione \u00e8 motivata da: Under the ice,<\/span> <span class=\"s3\">water<\/span> <span class=\"s1\">, una mostra in produzione alla Caisse d<\/span> <span class=\"s3\">&#8216;<\/span><span class=\"s1\">Risparmio di Nizza Mass\u00e9na. Un&#8217;esposizione in banca? Strano dici&#8230; <\/span><\/p>\n<p class=\"p5\" style=\"text-align: justify;\">Certamente, ed \u00e8 per questo <span class=\"s3\">che<\/span> <span class=\"s1\">Palam<\/span> si \u00e8 trovato di fronte a <span class=\"s3\">una<\/span> <span class=\"s1\">scelta difficile quando<\/span><span class=\"s1\">gli fu offerto di esporre l\u00ec. Ce n&#8217;\u00e8 un po&#8217;<\/span><span class=\"s3\">da<\/span> <span class=\"s1\">un lato il riconoscimento come gruppo di<\/span> <span class=\"s3\">una<\/span> <span class=\"s1\">parte<\/span> <span class=\"s1\">dell&#8217;istituzione culturale locale, l&#8217;<\/span> <span class=\"s3\">accesso<\/span> a <span class=\"s3\">un<\/span> <span class=\"s1\">budget di produzione, una visibilit\u00e0 centrale nella vita circostante e un mezzo per raggiungere un pubblico diverso da quello che il<\/span> <span class=\"s3\">&#8216;<\/span><span class=\"s1\">ci incontriamo il pi\u00f9 delle volte negli attuali circoli dell&#8217;arte contemporanea. e d<\/span><span class=\"s3\">dall&#8217;altro<\/span> <span class=\"s1\">un luogo difficile, non adatto alla<\/span> mostra <span class=\"s3\">,<\/span> <span class=\"s1\">segnato dalla carica simbolica di<\/span> <span class=\"s3\">una<\/span> <span class=\"s1\">banca e dai valori che l&#8217;<\/span> <span class=\"s3\">esporre<\/span> al suo <span class=\"s1\">interno<\/span> <span class=\"s1\">comporta<\/span> <span class=\"s3\">.<\/span><\/p>\n<p class=\"p5\" style=\"text-align: justify;\">Ma <span class=\"s3\">,<\/span> <span class=\"s1\">ci \u00e8 stato detto,<\/span> <span class=\"s3\">non<\/span> <span class=\"s1\">c&#8217;\u00e8<\/span><span class=\"s1\">spazio neutro. Un&#8217;istituzione, un museo, una galleria<\/span><span class=\"s4\"> <\/span><span class=\"s1\">: stesso combattimento?<\/span><\/p>\n<p class=\"p5\" style=\"text-align: justify;\">L&#8217;arte <span class=\"s1\">dovrebbe<\/span> <span class=\"s3\">ignorare<\/span> <span class=\"s1\">le condizioni dell&#8217;esposizione o, al contrario, attribuire<\/span> importanza al <span class=\"s3\">\/<\/span> <span class=\"s1\">il fatto di metterle in discussione?<\/span><\/p>\n<p class=\"p5\" style=\"text-align: justify;\"><span class=\"s1\">Abbiamo quindi scelto di<\/span> <span class=\"s1\">accettare, con la preoccupazione di<\/span> mettere in <span class=\"s3\">discussione<\/span> <span class=\"s3\">profondamente<\/span> <span class=\"s1\">questo quadro in cui nasce la mostra.<\/span><\/p>\n<p class=\"p5\" style=\"text-align: justify;\"><span class=\"s1\">Palam ha dimostrato pi\u00f9 volte in passato la sua sensibilit\u00e0 alla causa ecologica, lungi dall&#8217;essere uno sfarzo, \u00e8 legata<\/span> <span class=\"s3\">alla<\/span><span class=\"s1\">DNA collettivo. E proprio da evitare<\/span><span class=\"s3\">&#8216;<\/span> <span class=\"s1\">non \u00e8 relegato a un ruolo accessorio, ci siamo dovuti interrogare nel suo normale funzionamento, cosa<\/span> sostiene davvero <span class=\"s3\">una<\/span> <span class=\"s1\">banca con l&#8217;ecologia.<\/span><\/p>\n<p class=\"p5\" style=\"text-align: justify;\"><span class=\"s1\">\u00c8 sufficiente sovvenzionare artisti che parlano di ecologia per diventare un&#8217;istituzione ecologica? Soprattutto quando, inoltre, sovvenziona i combustibili fossili per molto di pi\u00f9? <\/span><\/p>\n<p class=\"p5\" style=\"text-align: justify;\"><span class=\"s1\">Avevamo carta bianca per questa mostra. \u00c8 vero che non possiamo che ringraziare la banca per questa libert\u00e0 concessa. Senza di lei, la protesta non avrebbe potuto aver luogo.<\/span><\/p>\n<p class=\"p5\" style=\"text-align: justify;\"><span class=\"s1\">Avevamo, in questo contesto, l&#8217;<\/span> <span class=\"s1\">idea assurda che<\/span> <span class=\"s3\">ci<\/span> fosse <span class=\"s3\">un<\/span> <span class=\"s1\">legame tra banche e capitalismo, un rapporto di causa ed effetto tra capitalismo<\/span> <span class=\"s3\">e<\/span><span class=\"s1\">emergenza ecologico-sociale. Scegliamo di utilizzare il capitale della banca come materia plastica e la sua distruzione, tanto letterale quanto simbolica, come mezzo di<\/span><span class=\"s1\">espressione artistica<\/span> <span class=\"s3\">.<\/span><\/p>\n<p class=\"p5\" style=\"text-align: justify;\"><span class=\"s1\">Al primo meeting Palam della fiera sono emerse subito due domande:<\/span><\/p>\n<p class=\"p5\" style=\"text-align: justify;\"><span class=\"s1\">Non volevamo &#8220;arredare<\/span> <span class=\"s3\">una<\/span> <span class=\"s1\">stanza<\/span> <span class=\"s3\">&#8220;<\/span><span class=\"s1\">aspettare\u201d e mettere in discussione l&#8217;ecologia tra queste mura ci sembrava impossibile. Di conseguenza, sorge una semplice domanda: &#8220;come<\/span><span class=\"s3\">&#8216;<\/span><span class=\"s1\">scappare dal posto? &#8220;.<\/span><\/p>\n<p class=\"p5\" style=\"text-align: justify;\"><span class=\"s1\">Attraverso i nostri progetti precedenti, ci siamo distinti con le passeggiate nella natura. \u201cripetizione\u201d Questa volta s<\/span><span class=\"s3\">&#8216;<\/span> <span class=\"s1\">impone l&#8217;<\/span> <span class=\"s3\">idea<\/span> <span class=\"s1\">di portare lui stesso il visitatore fuori dalla banca e anche fuori dalla citt\u00e0.<\/span><\/p>\n<p class=\"p5\" style=\"text-align: justify;\"><span class=\"s1\">Il nostro secondo pensiero: quale<\/span> <span class=\"s3\">sarebbe<\/span> <span class=\"s1\">il modo pi\u00f9 ecologico di<\/span> <span class=\"s1\">utilizzare il budget<\/span> <span class=\"s3\">?<\/span> <\/p>\n<p class=\"p5\" style=\"text-align: justify;\"><span class=\"s1\">\u201cDecrescita\u201d in mente\u2026 allusioni alla \u201c<\/span> impronta <span class=\"s3\">di carbonio<\/span> <span class=\"s3\">\u201d<\/span> <span class=\"s1\">\u2026 \u201cla circolazione di<\/span><span class=\"s1\">soldi, tutto questo\u2026\u201d. Abbiamo concluso che il<\/span><span class=\"s3\">&#8216;<\/span> <span class=\"s1\">atto di distruzione<\/span> <span class=\"s3\">&#8216;<\/span><span class=\"s1\">l&#8217;argento era forse il pi\u00f9 potente ecologicamente. Abbiamo finalmente portato a conclusione il dibattito?<\/span><\/p>\n<p class=\"p5\" style=\"text-align: justify;\"><span class=\"s1\">Sembrava che stessimo seguendo un percorso critico. L<\/span><span class=\"s3\">L&#8217;<\/span> <span class=\"s1\">autocensura ci fa usare mezzi termini.<\/span> <\/p>\n<p class=\"p5\" style=\"text-align: justify;\"><span class=\"s1\">Decrescita<\/span> <span class=\"s3\">,<\/span> <span class=\"s3\">anticapitalismo<\/span> <span class=\"s1\">dentro<\/span><span class=\"s1\">una banca: Aspetta? Facile ? Necessario? Cercheremo di essere pertinenti.<\/span><\/p>\n<p class=\"p5\" style=\"text-align: justify;\"><span class=\"s3\">Uno<\/span> <span class=\"s1\">nel<\/span> <span class=\"s1\">_<\/span> <span class=\"s3\">_<\/span><span class=\"s1\">altro, \u00e8 stato lanciato il brainstorming, non tutto pu\u00f2 essere rivelato qui. Cosa puoi togliere da questo<\/span><span class=\"s3\">&#8216;<\/span><span class=\"s1\">\u00e8 che all&#8217;inizio di gennaio abbiamo fatto una passeggiata nel cuore del Mercantour per nascondervi un segreto. L<\/span><span class=\"s3\">&#8216;<\/span> <span class=\"s1\">mostra Sotto il ghiaccio, il<\/span> <span class=\"s3\">&#8216;<\/span><span class=\"s1\">l&#8217;acqua trasmette indizi, come una caccia al tesoro. Portare il visitatore fuori dal<\/span><span class=\"s3\">&#8216;<\/span> <span class=\"s1\">spazio di partizione della banca, e saturazione urbana.<\/span><\/p>\n<p class=\"p5\" style=\"text-align: justify;\">Lungi dal <span class=\"s3\">cercare<\/span> <span class=\"s1\">un semplice oggetto, la ricerca \u00e8<\/span> <span class=\"s1\">capirne la natura, capire il senso di questo atto, le domande indotte che sono tanto poetiche quanto politiche.<\/span> <\/p>\n<p class=\"p5\" style=\"text-align: justify;\"><span class=\"s1\">Nel rifugio faceva freddo, la camerata non era riscaldata, 2 metri di neve sul tetto ci proteggevano un po&#8217; dal gelo notturno, 6 coperte per alcuni, un piumino Northface resistente a -40 per gli altri, la notte \u00e8 stata difficile, si posso immaginare. <\/span><\/p>\n<p class=\"p5\" style=\"text-align: justify;\"><span class=\"s1\">l<\/span> <span class=\"s3\">&#8216;<\/span><span class=\"s1\">l&#8217;arte \u00e8 come un&#8217;esperienza sociale, volta a sgombrare, ad aprire le strade che l&#8217;umanit\u00e0 potr\u00e0 intraprendere. Al<\/span><span class=\"s3\">&#8216;<\/span> <span class=\"s1\">avanguardia, il nostro gruppo brancola, assicura, esplora il terreno di un incontro tra natura, collettivit\u00e0 e societ\u00e0 post-capitalista.<\/span><\/p>\n<p class=\"p5\" style=\"text-align: justify;\"><span class=\"s1\">Vi lasciamo qui per<\/span> <span class=\"s3\">ora<\/span> <span class=\"s1\">, ma torneremo presto con il resto del testo, e<\/span> <span class=\"s3\">forse<\/span> <span class=\"s1\">altri indizi.<\/span><\/p>\n<p>[\/vc_column_text][vc_empty_space][vc_single_image image=&#8221;1316&#8243; img_size=&#8221;large&#8221; qode_css_animation=&#8221;&#8221;][\/vc_column][\/vc_row]<\/p>\n","protected":false},"excerpt":{"rendered":"<p>[vc_row row_type=&#8221;row&#8221; use_row_as_full_screen_section=&#8221;no&#8221; type=&#8221;full_width&#8221; text_align=&#8221;left&#8221; background_animation=&#8221;none&#8221; css_animation=&#8221;&#8221;][vc_column][vc_column_text] Il giorno in cui i soldi spariranno [\/vc_column_text][vc_single_image image=&#8221;1332&#8243; img_size=&#8221;medium&#8221; add_caption=&#8221;yes&#8221; qode_css_animation=&#8221;&#8221;][vc_column_text] Preludio Il giorno in cui i soldi spariranno , questa frase \u00e8 emersa durante una discussione collettiva, nei pressi di un rifugio, in mezzo alla natura&#8230;<\/p>\n","protected":false},"author":1,"featured_media":0,"parent":0,"menu_order":0,"comment_status":"closed","ping_status":"closed","template":"","meta":{"inline_featured_image":false,"footnotes":""},"yoast_head":"<!-- This site is optimized with the Yoast SEO plugin v19.2 - https:\/\/yoast.com\/wordpress\/plugins\/seo\/ -->\n<title>rivoluzione naturale - Benoit-barbagli.com<\/title>\n<meta name=\"description\" content=\"Benoit Barbagli vit et travaille \u00e0 ParisIng\u00e9nieur en technologie conceptuelle, \u00e9labore un r\u00e9seau de transmission de pens\u00e9es \u00e0 distance sans interface interm\u00e9diaire. Une technologie qui agit comme un lubrifiant sur les mots et les choses, entre les gestes et les \u00e9motions, pour les assouplir et les connecter. Il utilise pour y parvenir l\u2019amour et la vie.\" \/>\n<meta name=\"robots\" content=\"index, follow, max-snippet:-1, max-image-preview:large, max-video-preview:-1\" \/>\n<link rel=\"canonical\" href=\"https:\/\/2023.benoit-barbagli.com\/it\/rivoluzione-naturale\/\" \/>\n<meta property=\"og:locale\" content=\"it_IT\" \/>\n<meta property=\"og:type\" content=\"article\" \/>\n<meta property=\"og:title\" content=\"rivoluzione naturale - Benoit-barbagli.com\" \/>\n<meta property=\"og:description\" content=\"Benoit Barbagli vit et travaille \u00e0 ParisIng\u00e9nieur en technologie conceptuelle, \u00e9labore un r\u00e9seau de transmission de pens\u00e9es \u00e0 distance sans interface interm\u00e9diaire. Une technologie qui agit comme un lubrifiant sur les mots et les choses, entre les gestes et les \u00e9motions, pour les assouplir et les connecter. Il utilise pour y parvenir l\u2019amour et la vie.\" \/>\n<meta property=\"og:url\" content=\"https:\/\/2023.benoit-barbagli.com\/it\/rivoluzione-naturale\/\" \/>\n<meta property=\"og:site_name\" content=\"Benoit-barbagli.com\" \/>\n<meta property=\"article:modified_time\" content=\"2022-04-23T10:32:37+00:00\" \/>\n<meta property=\"og:image\" content=\"https:\/\/2023.benoit-barbagli.com\/wp-content\/uploads\/2019\/05\/DSC02317-scaled.jpg\" \/>\n\t<meta property=\"og:image:width\" content=\"2560\" \/>\n\t<meta property=\"og:image:height\" content=\"1630\" \/>\n\t<meta property=\"og:image:type\" content=\"image\/jpeg\" \/>\n<meta name=\"author\" content=\"benoitbarbagli\" \/>\n<meta name=\"twitter:card\" content=\"summary_large_image\" \/>\n<meta name=\"twitter:label1\" content=\"Tempo di lettura stimato\" \/>\n\t<meta name=\"twitter:data1\" content=\"4 minuti\" \/>\n<!-- \/ Yoast SEO plugin. -->","yoast_head_json":{"title":"rivoluzione naturale - Benoit-barbagli.com","description":"Benoit Barbagli vit et travaille \u00e0 ParisIng\u00e9nieur en technologie conceptuelle, \u00e9labore un r\u00e9seau de transmission de pens\u00e9es \u00e0 distance sans interface interm\u00e9diaire. Une technologie qui agit comme un lubrifiant sur les mots et les choses, entre les gestes et les \u00e9motions, pour les assouplir et les connecter. Il utilise pour y parvenir l\u2019amour et la vie.","robots":{"index":"index","follow":"follow","max-snippet":"max-snippet:-1","max-image-preview":"max-image-preview:large","max-video-preview":"max-video-preview:-1"},"canonical":"https:\/\/2023.benoit-barbagli.com\/it\/rivoluzione-naturale\/","og_locale":"it_IT","og_type":"article","og_title":"rivoluzione naturale - Benoit-barbagli.com","og_description":"Benoit Barbagli vit et travaille \u00e0 ParisIng\u00e9nieur en technologie conceptuelle, \u00e9labore un r\u00e9seau de transmission de pens\u00e9es \u00e0 distance sans interface interm\u00e9diaire. Une technologie qui agit comme un lubrifiant sur les mots et les choses, entre les gestes et les \u00e9motions, pour les assouplir et les connecter. Il utilise pour y parvenir l\u2019amour et la vie.","og_url":"https:\/\/2023.benoit-barbagli.com\/it\/rivoluzione-naturale\/","og_site_name":"Benoit-barbagli.com","article_modified_time":"2022-04-23T10:32:37+00:00","og_image":[{"width":2560,"height":1630,"url":"https:\/\/2023.benoit-barbagli.com\/wp-content\/uploads\/2019\/05\/DSC02317-scaled.jpg","type":"image\/jpeg"}],"author":"benoitbarbagli","twitter_card":"summary_large_image","twitter_misc":{"Tempo di lettura stimato":"4 minuti"},"schema":{"@context":"https:\/\/schema.org","@graph":[{"@type":["Person","Organization"],"@id":"https:\/\/2023.benoit-barbagli.com\/#\/schema\/person\/413a50e5dd6129de03df354d73c4ffaf","name":"benoitbarbagli","image":{"@type":"ImageObject","inLanguage":"it-IT","@id":"https:\/\/2023.benoit-barbagli.com\/#\/schema\/person\/image\/","url":"http:\/\/benoit-barbagli.com\/wp-content\/uploads\/2020\/07\/Catha-scaled.jpg","contentUrl":"http:\/\/benoit-barbagli.com\/wp-content\/uploads\/2020\/07\/Catha-scaled.jpg","width":2560,"height":1440,"caption":"benoitbarbagli"},"logo":{"@id":"https:\/\/2023.benoit-barbagli.com\/#\/schema\/person\/image\/"}},{"@type":"WebSite","@id":"https:\/\/2023.benoit-barbagli.com\/#website","url":"https:\/\/2023.benoit-barbagli.com\/","name":"Benoit-barbagli.com","description":"Sous le chaos, la vie","publisher":{"@id":"https:\/\/2023.benoit-barbagli.com\/#\/schema\/person\/413a50e5dd6129de03df354d73c4ffaf"},"potentialAction":[{"@type":"SearchAction","target":{"@type":"EntryPoint","urlTemplate":"https:\/\/2023.benoit-barbagli.com\/?s={search_term_string}"},"query-input":"required name=search_term_string"}],"inLanguage":"it-IT"},{"@type":"WebPage","@id":"https:\/\/2023.benoit-barbagli.com\/it\/rivoluzione-naturale\/#webpage","url":"https:\/\/2023.benoit-barbagli.com\/it\/rivoluzione-naturale\/","name":"rivoluzione naturale - Benoit-barbagli.com","isPartOf":{"@id":"https:\/\/2023.benoit-barbagli.com\/#website"},"datePublished":"2022-04-23T10:32:32+00:00","dateModified":"2022-04-23T10:32:37+00:00","description":"Benoit Barbagli vit et travaille \u00e0 ParisIng\u00e9nieur en technologie conceptuelle, \u00e9labore un r\u00e9seau de transmission de pens\u00e9es \u00e0 distance sans interface interm\u00e9diaire. Une technologie qui agit comme un lubrifiant sur les mots et les choses, entre les gestes et les \u00e9motions, pour les assouplir et les connecter. Il utilise pour y parvenir l\u2019amour et la vie.","breadcrumb":{"@id":"https:\/\/2023.benoit-barbagli.com\/it\/rivoluzione-naturale\/#breadcrumb"},"inLanguage":"it-IT","potentialAction":[{"@type":"ReadAction","target":["https:\/\/2023.benoit-barbagli.com\/it\/rivoluzione-naturale\/"]}]},{"@type":"BreadcrumbList","@id":"https:\/\/2023.benoit-barbagli.com\/it\/rivoluzione-naturale\/#breadcrumb","itemListElement":[{"@type":"ListItem","position":1,"name":"Accueil","item":"https:\/\/2023.benoit-barbagli.com\/it\/"},{"@type":"ListItem","position":2,"name":"rivoluzione naturale"}]}]}},"_links":{"self":[{"href":"https:\/\/2023.benoit-barbagli.com\/it\/wp-json\/wp\/v2\/pages\/76417"}],"collection":[{"href":"https:\/\/2023.benoit-barbagli.com\/it\/wp-json\/wp\/v2\/pages"}],"about":[{"href":"https:\/\/2023.benoit-barbagli.com\/it\/wp-json\/wp\/v2\/types\/page"}],"author":[{"embeddable":true,"href":"https:\/\/2023.benoit-barbagli.com\/it\/wp-json\/wp\/v2\/users\/1"}],"replies":[{"embeddable":true,"href":"https:\/\/2023.benoit-barbagli.com\/it\/wp-json\/wp\/v2\/comments?post=76417"}],"version-history":[{"count":8,"href":"https:\/\/2023.benoit-barbagli.com\/it\/wp-json\/wp\/v2\/pages\/76417\/revisions"}],"predecessor-version":[{"id":76486,"href":"https:\/\/2023.benoit-barbagli.com\/it\/wp-json\/wp\/v2\/pages\/76417\/revisions\/76486"}],"wp:attachment":[{"href":"https:\/\/2023.benoit-barbagli.com\/it\/wp-json\/wp\/v2\/media?parent=76417"}],"curies":[{"name":"wp","href":"https:\/\/api.w.org\/{rel}","templated":true}]}}