{"id":76425,"date":"2022-04-23T10:32:32","date_gmt":"2022-04-23T10:32:32","guid":{"rendered":"http:\/\/2023.benoit-barbagli.com\/politica-di-rimborsi-e-resi\/"},"modified":"2022-04-23T10:32:33","modified_gmt":"2022-04-23T10:32:33","slug":"politica-di-rimborsi-e-resi","status":"publish","type":"page","link":"https:\/\/2023.benoit-barbagli.com\/it\/politica-di-rimborsi-e-resi\/","title":{"rendered":"Politica di rimborsi e resi"},"content":{"rendered":"\n<p><b>Questa \u00e8 una pagina di esempio.<\/b><\/p>\n\n<h3>Overview<\/h3>\n\n<p>La nostra politica di rimborso e restituzione dura 30 giorni. Se sono trascorsi 30 giorni dall&#8217;acquisto, non possiamo offrirti un rimborso completo o un cambio.<\/p>\n\n<p>Per poter beneficiare di un reso, il tuo articolo deve essere inutilizzato e nelle stesse condizioni in cui lo hai ricevuto. Deve essere anche nella confezione originale.<\/p>\n\n<p>Diversi tipi di merce sono esenti dalla restituzione. I beni deperibili come cibo, fiori, giornali o riviste non possono essere restituiti. Inoltre, non accettiamo prodotti che siano articoli intimi o sanitari, materiali pericolosi o liquidi o gas infiammabili.<\/p>\n\n<p>Articoli aggiuntivi non restituibili:<\/p>\n\n<ul><li>carte regalo<\/li>\n<li>Prodotti software scaricabili<\/li>\n<li>Alcuni articoli per la salute e la cura della persona<\/li>\n<\/ul>\n<p>Per completare il tuo reso, abbiamo bisogno di una ricevuta o una prova d&#8217;acquisto.<\/p>\n\n<p>Si prega di non rispedire l&#8217;acquisto al produttore.<\/p>\n\n<p>Ci sono alcune situazioni in cui sono concessi solo rimborsi parziali:<\/p>\n\n<ul><li>Libro con evidenti segni d&#8217;uso<\/li>\n<li>CD, DVD, videocassette, software, videogiochi, cassette o dischi in vinile che sono stati aperti.<\/li>\n<li>Qualsiasi articolo non nelle sue condizioni originali, \u00e8 danneggiato o parti mancanti per motivi non dovuti a un nostro errore.<\/li>\n<li>Qualsiasi articolo restituito dopo pi\u00f9 di 30 giorni dalla consegna<\/li>\n<\/ul>\n<h2>Refunds<\/h2>\n\n<p>Una volta ricevuto e controllato il tuo reso, ti invieremo un&#8217;e-mail per informarti che abbiamo ricevuto l&#8217;articolo restituito. Ti informeremo anche dell&#8217;approvazione o del rifiuto del tuo rimborso.<\/p>\n\n<p>Se sei approvato, il tuo rimborso verr\u00e0 elaborato e un credito verr\u00e0 automaticamente applicato alla tua carta di credito o al metodo di pagamento originale, entro un certo numero di giorni.<\/p>\n\n<b>Late or missing refunds<\/b>\n\n<p>Se non hai ancora ricevuto un rimborso, controlla di nuovo il tuo conto bancario.<\/p>\n\n<p>Quindi contatta la societ\u00e0 che ha emesso la carta di credito, potrebbe volerci del tempo prima che il rimborso venga ufficialmente pubblicato.<\/p>\n\n<p>Quindi contatta la tua banca. Spesso \u00e8 necessario del tempo di elaborazione prima che venga pubblicato un rimborso.<\/p>\n\n<p>Se hai fatto tutto questo e non hai ancora ricevuto il rimborso, contattaci all&#8217;indirizzo {email address}.<\/p>\n\n<b>Sale items<\/b>\n\n<p>Solo gli articoli a prezzo normale possono essere rimborsati. Gli articoli in vendita non possono essere rimborsati.<\/p>\n\n<h2>Exchanges<\/h2>\n\n<p>Sostituiamo gli articoli solo se difettosi o danneggiati. Se devi cambiarlo con lo stesso articolo, inviaci un&#8217;e-mail all&#8217;indirizzo {email address} e invia il tuo articolo a: {physical address}.<\/p>\n\n<h2>Gifts<\/h2>\n\n<p>Se l&#8217;articolo \u00e8 stato contrassegnato come regalo quando \u00e8 stato acquistato e spedito direttamente a te, riceverai un credito regalo per il valore del tuo reso. Una volta ricevuto l&#8217;articolo restituito, ti verr\u00e0 inviato un buono regalo.<\/p>\n\n<p>Se l&#8217;articolo non \u00e8 stato contrassegnato come regalo al momento dell&#8217;acquisto, o il donatore ha avuto l&#8217;ordine spedito a se stesso per regalarlo a te in seguito, invieremo un rimborso al donatore e scoprir\u00e0 il tuo reso.<\/p>\n\n<h2>Shipping returns<\/h2>\n\n<p>Per restituire il prodotto, devi spedire il prodotto a: {indirizzo fisico}.<\/p>\n\n<p>Sarai responsabile del pagamento delle tue spese di spedizione per la restituzione del tuo articolo. Le spese di spedizione non sono rimborsabili. Se ricevi un rimborso, il costo della spedizione di ritorno verr\u00e0 detratto dal rimborso.<\/p>\n\n<p>A seconda di dove vivi, il tempo necessario affinch\u00e9 il prodotto sostituito ti raggiunga pu\u00f2 variare.<\/p>\n\n<p>Se stai restituendo articoli pi\u00f9 costosi, potresti prendere in considerazione l&#8217;utilizzo di un servizio di spedizione tracciabile o l&#8217;acquisto di un&#8217;assicurazione sulla spedizione. Non garantiamo che riceveremo l&#8217;articolo restituito.<\/p>\n\n<h2>Need help?<\/h2>\n\n<p>Contattaci al{email} per domande relative a rimborsi e resi.<\/p>\n","protected":false},"excerpt":{"rendered":"<p>Questa \u00e8 una pagina di esempio. Overview La nostra politica di rimborso e restituzione dura 30 giorni. Se sono trascorsi 30 giorni dall&#8217;acquisto, non possiamo offrirti un rimborso completo o un cambio. Per poter beneficiare di un reso, il tuo articolo deve essere inutilizzato e&#8230;<\/p>\n","protected":false},"author":1,"featured_media":0,"parent":0,"menu_order":0,"comment_status":"closed","ping_status":"closed","template":"","meta":{"inline_featured_image":false,"footnotes":""},"yoast_head":"<!-- This site is optimized with the Yoast SEO plugin v19.2 - https:\/\/yoast.com\/wordpress\/plugins\/seo\/ -->\n<title>Politica di rimborsi e resi - Benoit-barbagli.com<\/title>\n<meta name=\"description\" content=\"Benoit Barbagli vit et travaille \u00e0 ParisIng\u00e9nieur en technologie conceptuelle, \u00e9labore un r\u00e9seau de transmission de pens\u00e9es \u00e0 distance sans interface interm\u00e9diaire. Une technologie qui agit comme un lubrifiant sur les mots et les choses, entre les gestes et les \u00e9motions, pour les assouplir et les connecter. Il utilise pour y parvenir l\u2019amour et la vie.\" \/>\n<meta name=\"robots\" content=\"index, follow, max-snippet:-1, max-image-preview:large, max-video-preview:-1\" \/>\n<link rel=\"canonical\" href=\"https:\/\/2023.benoit-barbagli.com\/it\/politica-di-rimborsi-e-resi\/\" \/>\n<meta property=\"og:locale\" content=\"it_IT\" \/>\n<meta property=\"og:type\" content=\"article\" \/>\n<meta property=\"og:title\" content=\"Politica di rimborsi e resi - Benoit-barbagli.com\" \/>\n<meta property=\"og:description\" content=\"Benoit Barbagli vit et travaille \u00e0 ParisIng\u00e9nieur en technologie conceptuelle, \u00e9labore un r\u00e9seau de transmission de pens\u00e9es \u00e0 distance sans interface interm\u00e9diaire. Une technologie qui agit comme un lubrifiant sur les mots et les choses, entre les gestes et les \u00e9motions, pour les assouplir et les connecter. Il utilise pour y parvenir l\u2019amour et la vie.\" \/>\n<meta property=\"og:url\" content=\"https:\/\/2023.benoit-barbagli.com\/it\/politica-di-rimborsi-e-resi\/\" \/>\n<meta property=\"og:site_name\" content=\"Benoit-barbagli.com\" \/>\n<meta property=\"article:modified_time\" content=\"2022-04-23T10:32:33+00:00\" \/>\n<meta property=\"og:image\" content=\"https:\/\/2023.benoit-barbagli.com\/wp-content\/uploads\/2019\/05\/DSC02317-scaled.jpg\" \/>\n\t<meta property=\"og:image:width\" content=\"2560\" \/>\n\t<meta property=\"og:image:height\" content=\"1630\" \/>\n\t<meta property=\"og:image:type\" content=\"image\/jpeg\" \/>\n<meta name=\"author\" content=\"benoitbarbagli\" \/>\n<meta name=\"twitter:card\" content=\"summary_large_image\" \/>\n<meta name=\"twitter:label1\" content=\"Tempo di lettura stimato\" \/>\n\t<meta name=\"twitter:data1\" content=\"3 minuti\" \/>\n<!-- \/ Yoast SEO plugin. -->","yoast_head_json":{"title":"Politica di rimborsi e resi - Benoit-barbagli.com","description":"Benoit Barbagli vit et travaille \u00e0 ParisIng\u00e9nieur en technologie conceptuelle, \u00e9labore un r\u00e9seau de transmission de pens\u00e9es \u00e0 distance sans interface interm\u00e9diaire. Une technologie qui agit comme un lubrifiant sur les mots et les choses, entre les gestes et les \u00e9motions, pour les assouplir et les connecter. Il utilise pour y parvenir l\u2019amour et la vie.","robots":{"index":"index","follow":"follow","max-snippet":"max-snippet:-1","max-image-preview":"max-image-preview:large","max-video-preview":"max-video-preview:-1"},"canonical":"https:\/\/2023.benoit-barbagli.com\/it\/politica-di-rimborsi-e-resi\/","og_locale":"it_IT","og_type":"article","og_title":"Politica di rimborsi e resi - Benoit-barbagli.com","og_description":"Benoit Barbagli vit et travaille \u00e0 ParisIng\u00e9nieur en technologie conceptuelle, \u00e9labore un r\u00e9seau de transmission de pens\u00e9es \u00e0 distance sans interface interm\u00e9diaire. Une technologie qui agit comme un lubrifiant sur les mots et les choses, entre les gestes et les \u00e9motions, pour les assouplir et les connecter. Il utilise pour y parvenir l\u2019amour et la vie.","og_url":"https:\/\/2023.benoit-barbagli.com\/it\/politica-di-rimborsi-e-resi\/","og_site_name":"Benoit-barbagli.com","article_modified_time":"2022-04-23T10:32:33+00:00","og_image":[{"width":2560,"height":1630,"url":"https:\/\/2023.benoit-barbagli.com\/wp-content\/uploads\/2019\/05\/DSC02317-scaled.jpg","type":"image\/jpeg"}],"author":"benoitbarbagli","twitter_card":"summary_large_image","twitter_misc":{"Tempo di lettura stimato":"3 minuti"},"schema":{"@context":"https:\/\/schema.org","@graph":[{"@type":["Person","Organization"],"@id":"https:\/\/2023.benoit-barbagli.com\/#\/schema\/person\/413a50e5dd6129de03df354d73c4ffaf","name":"benoitbarbagli","image":{"@type":"ImageObject","inLanguage":"it-IT","@id":"https:\/\/2023.benoit-barbagli.com\/#\/schema\/person\/image\/","url":"http:\/\/benoit-barbagli.com\/wp-content\/uploads\/2020\/07\/Catha-scaled.jpg","contentUrl":"http:\/\/benoit-barbagli.com\/wp-content\/uploads\/2020\/07\/Catha-scaled.jpg","width":2560,"height":1440,"caption":"benoitbarbagli"},"logo":{"@id":"https:\/\/2023.benoit-barbagli.com\/#\/schema\/person\/image\/"}},{"@type":"WebSite","@id":"https:\/\/2023.benoit-barbagli.com\/#website","url":"https:\/\/2023.benoit-barbagli.com\/","name":"Benoit-barbagli.com","description":"Sous le chaos, la vie","publisher":{"@id":"https:\/\/2023.benoit-barbagli.com\/#\/schema\/person\/413a50e5dd6129de03df354d73c4ffaf"},"potentialAction":[{"@type":"SearchAction","target":{"@type":"EntryPoint","urlTemplate":"https:\/\/2023.benoit-barbagli.com\/?s={search_term_string}"},"query-input":"required name=search_term_string"}],"inLanguage":"it-IT"},{"@type":"WebPage","@id":"https:\/\/2023.benoit-barbagli.com\/it\/politica-di-rimborsi-e-resi\/#webpage","url":"https:\/\/2023.benoit-barbagli.com\/it\/politica-di-rimborsi-e-resi\/","name":"Politica di rimborsi e resi - Benoit-barbagli.com","isPartOf":{"@id":"https:\/\/2023.benoit-barbagli.com\/#website"},"datePublished":"2022-04-23T10:32:32+00:00","dateModified":"2022-04-23T10:32:33+00:00","description":"Benoit Barbagli vit et travaille \u00e0 ParisIng\u00e9nieur en technologie conceptuelle, \u00e9labore un r\u00e9seau de transmission de pens\u00e9es \u00e0 distance sans interface interm\u00e9diaire. Une technologie qui agit comme un lubrifiant sur les mots et les choses, entre les gestes et les \u00e9motions, pour les assouplir et les connecter. Il utilise pour y parvenir l\u2019amour et la vie.","breadcrumb":{"@id":"https:\/\/2023.benoit-barbagli.com\/it\/politica-di-rimborsi-e-resi\/#breadcrumb"},"inLanguage":"it-IT","potentialAction":[{"@type":"ReadAction","target":["https:\/\/2023.benoit-barbagli.com\/it\/politica-di-rimborsi-e-resi\/"]}]},{"@type":"BreadcrumbList","@id":"https:\/\/2023.benoit-barbagli.com\/it\/politica-di-rimborsi-e-resi\/#breadcrumb","itemListElement":[{"@type":"ListItem","position":1,"name":"Accueil","item":"https:\/\/2023.benoit-barbagli.com\/it\/"},{"@type":"ListItem","position":2,"name":"Politica di rimborsi e resi"}]}]}},"_links":{"self":[{"href":"https:\/\/2023.benoit-barbagli.com\/it\/wp-json\/wp\/v2\/pages\/76425"}],"collection":[{"href":"https:\/\/2023.benoit-barbagli.com\/it\/wp-json\/wp\/v2\/pages"}],"about":[{"href":"https:\/\/2023.benoit-barbagli.com\/it\/wp-json\/wp\/v2\/types\/page"}],"author":[{"embeddable":true,"href":"https:\/\/2023.benoit-barbagli.com\/it\/wp-json\/wp\/v2\/users\/1"}],"replies":[{"embeddable":true,"href":"https:\/\/2023.benoit-barbagli.com\/it\/wp-json\/wp\/v2\/comments?post=76425"}],"version-history":[{"count":1,"href":"https:\/\/2023.benoit-barbagli.com\/it\/wp-json\/wp\/v2\/pages\/76425\/revisions"}],"predecessor-version":[{"id":76434,"href":"https:\/\/2023.benoit-barbagli.com\/it\/wp-json\/wp\/v2\/pages\/76425\/revisions\/76434"}],"wp:attachment":[{"href":"https:\/\/2023.benoit-barbagli.com\/it\/wp-json\/wp\/v2\/media?parent=76425"}],"curies":[{"name":"wp","href":"https:\/\/api.w.org\/{rel}","templated":true}]}}