{"id":76430,"date":"2022-04-23T10:32:33","date_gmt":"2022-04-23T10:32:33","guid":{"rendered":"http:\/\/2023.benoit-barbagli.com\/seno-bene\/"},"modified":"2022-04-23T10:32:35","modified_gmt":"2022-04-23T10:32:35","slug":"seno-bene","status":"publish","type":"page","link":"https:\/\/2023.benoit-barbagli.com\/it\/seno-bene\/","title":{"rendered":"Seno bene"},"content":{"rendered":"<p>[vc_row row_type=&#8221;row&#8221; use_row_as_full_screen_section=&#8221;no&#8221; type=&#8221;full_width&#8221; text_align=&#8221;left&#8221; background_animation=&#8221;none&#8221; css_animation=&#8221;&#8221;][vc_column][vc_column_text]<\/p>\n<h3>Seno bene<\/h3>\n<p><strong>Brain Wave:<\/strong> Circle Song, Elettronica soft, pianoforte e improvvisazione vocale<\/p>\n<p><strong>Sans Borbure<\/strong> : Improvvisazione pianistica sotto LSD<\/p>\n<p><strong>Selected Piano Improv<\/strong> : Alcune improvvisazioni selezionate<\/p>\n<p>&nbsp;<\/p>\n<p>Ascolta su BandCamp e acquista se vuoi: <a href=\"http:\/\/sinefine.bandcamp.com\">http:\/\/sinefine.bandcamp.com<\/a><\/p>\n<p>&nbsp;<\/p>\n<p>Ascolta su SoundCloud: <a href=\"https:\/\/soundcloud.com\/benoit-barbagli\">https:\/\/soundcloud.com\/benoit-barbagli<\/a>[\/vc_column_text][\/vc_column][\/vc_row][vc_row row_type=&#8221;row&#8221; use_row_as_full_screen_section=&#8221;no&#8221; type=&#8221;full_width&#8221; text_align=&#8221;left&#8221; background_animation=&#8221;none&#8221; css_animation=&#8221;&#8221;][vc_column width=&#8221;1\/3&#8243;][vc_raw_html]PGlmcmFtZSBzdHlsZT0iYm9yZGVyOiAwOyB3aWR0aDogMzUwcHg7IGhlaWdodDogNDcwcHg7IiBzcmM9Imh0dHBzOi8vYmFuZGNhbXAuY29tL0VtYmVkZGVkUGxheWVyL2FsYnVtPTM0NzM2ODM5MjEvc2l6ZT1sYXJnZS9iZ2NvbD1mZmZmZmYvbGlua2NvbD0wNjg3ZjUvdHJhY2tsaXN0PWZhbHNlL3RyYW5zcGFyZW50PXRydWUvIiBzZWFtbGVzcz0iIj48YSBocmVmPSJodHRwczovL3NpbmVmaW5lLmJhbmRjYW1wLmNvbS9hbGJ1bS9icmFpbi13YXZlcyI+QnJhaW4gV2F2ZXMgZGkgU2luZSBiZW5lPC9hPjwvaWZyYW1lPg==[\/vc_raw_html][\/vc_column][vc_column width=&#8221;1\/3&#8243;][vc_raw_html]PGlmcmFtZSBzdHlsZT0iYm9yZGVyOiAwOyB3aWR0aDogMzUwcHg7IGhlaWdodDogNDcwcHg7IiBzcmM9Imh0dHBzOi8vYmFuZGNhbXAuY29tL0VtYmVkZGVkUGxheWVyL2FsYnVtPTI2MDc3MjU1MS9zaXplPWxhcmdlL2JnY29sPWZmZmZmZi9saW5rY29sPTA2ODdmNS90cmFja2xpc3Q9ZmFsc2UvdHJhbnNwYXJlbnQ9dHJ1ZS8iIHNlYW1sZXNzPSIiPjxhIGhyZWY9Imh0dHBzOi8vc2luZWZpbmUuYmFuZGNhbXAuY29tL2FsYnVtL3NhbnMtYm9yZHVyZS1sc2QtYW5kLXBzaWxvY3liaW5lLXBpYW5vLXdvcmtzIj5Cb3JkZXJsZXNzIC0gT3BlcmUgcGVyIHBpYW5vZm9ydGUgZGkgTFNEIGUgUHNpbG9jaWJpbmEgZGkgU2luZSBmaW5lPC9hPjwvaWZyYW1lPg==[\/vc_raw_html][\/vc_column][vc_column width=&#8221;1\/3&#8243;][vc_raw_html]PGlmcmFtZSBzdHlsZT0iYm9yZGVyOiAwOyB3aWR0aDogMzUwcHg7IGhlaWdodDogNDcwcHg7IiBzcmM9Imh0dHBzOi8vYmFuZGNhbXAuY29tL0VtYmVkZGVkUGxheWVyL2FsYnVtPTM5NjgwNDgyNDMvc2l6ZT1sYXJnZS9iZ2NvbD1mZmZmZmYvbGlua2NvbD0wNjg3ZjUvdHJhY2tsaXN0PWZhbHNlL3RyYW5zcGFyZW50PXRydWUvIiBzZWFtbGVzcz0iIj48YSBocmVmPSJodHRwczovL3NpbmVmaW5lLmJhbmRjYW1wLmNvbS9hbGJ1bS9zZWxlY3RlZC1waWFuby1pbXBybyI+UGlhbm8gSW1wcm8gc2VsZXppb25hdG8gZGEgU2luZSBmaW5lPC9hPjwvaWZyYW1lPg==[\/vc_raw_html][\/vc_column][\/vc_row]<\/p>\n","protected":false},"excerpt":{"rendered":"<p>[vc_row row_type=&#8221;row&#8221; use_row_as_full_screen_section=&#8221;no&#8221; type=&#8221;full_width&#8221; text_align=&#8221;left&#8221; background_animation=&#8221;none&#8221; css_animation=&#8221;&#8221;][vc_column][vc_column_text] Seno bene Brain Wave: Circle Song, Elettronica soft, pianoforte e improvvisazione vocale Sans Borbure : Improvvisazione pianistica sotto LSD Selected Piano Improv : Alcune improvvisazioni selezionate &nbsp; Ascolta su BandCamp e acquista se vuoi: http:\/\/sinefine.bandcamp.com &nbsp; Ascolta su&#8230;<\/p>\n","protected":false},"author":1,"featured_media":0,"parent":0,"menu_order":0,"comment_status":"closed","ping_status":"closed","template":"","meta":{"inline_featured_image":false,"footnotes":""},"yoast_head":"<!-- This site is optimized with the Yoast SEO plugin v19.2 - https:\/\/yoast.com\/wordpress\/plugins\/seo\/ -->\n<title>Seno bene - Benoit-barbagli.com<\/title>\n<meta name=\"description\" content=\"Benoit Barbagli vit et travaille \u00e0 ParisIng\u00e9nieur en technologie conceptuelle, \u00e9labore un r\u00e9seau de transmission de pens\u00e9es \u00e0 distance sans interface interm\u00e9diaire. Une technologie qui agit comme un lubrifiant sur les mots et les choses, entre les gestes et les \u00e9motions, pour les assouplir et les connecter. Il utilise pour y parvenir l\u2019amour et la vie.\" \/>\n<meta name=\"robots\" content=\"index, follow, max-snippet:-1, max-image-preview:large, max-video-preview:-1\" \/>\n<link rel=\"canonical\" href=\"https:\/\/2023.benoit-barbagli.com\/it\/seno-bene\/\" \/>\n<meta property=\"og:locale\" content=\"it_IT\" \/>\n<meta property=\"og:type\" content=\"article\" \/>\n<meta property=\"og:title\" content=\"Seno bene - Benoit-barbagli.com\" \/>\n<meta property=\"og:description\" content=\"Benoit Barbagli vit et travaille \u00e0 ParisIng\u00e9nieur en technologie conceptuelle, \u00e9labore un r\u00e9seau de transmission de pens\u00e9es \u00e0 distance sans interface interm\u00e9diaire. Une technologie qui agit comme un lubrifiant sur les mots et les choses, entre les gestes et les \u00e9motions, pour les assouplir et les connecter. Il utilise pour y parvenir l\u2019amour et la vie.\" \/>\n<meta property=\"og:url\" content=\"https:\/\/2023.benoit-barbagli.com\/it\/seno-bene\/\" \/>\n<meta property=\"og:site_name\" content=\"Benoit-barbagli.com\" \/>\n<meta property=\"article:modified_time\" content=\"2022-04-23T10:32:35+00:00\" \/>\n<meta property=\"og:image\" content=\"http:\/\/benoit-barbagli.com\/wp-content\/uploads\/2019\/05\/tideoftrepidation.jpg\" \/>\n<meta name=\"author\" content=\"benoitbarbagli\" \/>\n<meta name=\"twitter:card\" content=\"summary_large_image\" \/>\n<meta name=\"twitter:label1\" content=\"Tempo di lettura stimato\" \/>\n\t<meta name=\"twitter:data1\" content=\"1 minuto\" \/>\n<!-- \/ Yoast SEO plugin. -->","yoast_head_json":{"title":"Seno bene - Benoit-barbagli.com","description":"Benoit Barbagli vit et travaille \u00e0 ParisIng\u00e9nieur en technologie conceptuelle, \u00e9labore un r\u00e9seau de transmission de pens\u00e9es \u00e0 distance sans interface interm\u00e9diaire. Une technologie qui agit comme un lubrifiant sur les mots et les choses, entre les gestes et les \u00e9motions, pour les assouplir et les connecter. Il utilise pour y parvenir l\u2019amour et la vie.","robots":{"index":"index","follow":"follow","max-snippet":"max-snippet:-1","max-image-preview":"max-image-preview:large","max-video-preview":"max-video-preview:-1"},"canonical":"https:\/\/2023.benoit-barbagli.com\/it\/seno-bene\/","og_locale":"it_IT","og_type":"article","og_title":"Seno bene - Benoit-barbagli.com","og_description":"Benoit Barbagli vit et travaille \u00e0 ParisIng\u00e9nieur en technologie conceptuelle, \u00e9labore un r\u00e9seau de transmission de pens\u00e9es \u00e0 distance sans interface interm\u00e9diaire. Une technologie qui agit comme un lubrifiant sur les mots et les choses, entre les gestes et les \u00e9motions, pour les assouplir et les connecter. Il utilise pour y parvenir l\u2019amour et la vie.","og_url":"https:\/\/2023.benoit-barbagli.com\/it\/seno-bene\/","og_site_name":"Benoit-barbagli.com","article_modified_time":"2022-04-23T10:32:35+00:00","og_image":[{"url":"http:\/\/benoit-barbagli.com\/wp-content\/uploads\/2019\/05\/tideoftrepidation.jpg"}],"author":"benoitbarbagli","twitter_card":"summary_large_image","twitter_misc":{"Tempo di lettura stimato":"1 minuto"},"schema":{"@context":"https:\/\/schema.org","@graph":[{"@type":["Person","Organization"],"@id":"https:\/\/2023.benoit-barbagli.com\/#\/schema\/person\/413a50e5dd6129de03df354d73c4ffaf","name":"benoitbarbagli","image":{"@type":"ImageObject","inLanguage":"it-IT","@id":"https:\/\/2023.benoit-barbagli.com\/#\/schema\/person\/image\/","url":"http:\/\/benoit-barbagli.com\/wp-content\/uploads\/2020\/07\/Catha-scaled.jpg","contentUrl":"http:\/\/benoit-barbagli.com\/wp-content\/uploads\/2020\/07\/Catha-scaled.jpg","width":2560,"height":1440,"caption":"benoitbarbagli"},"logo":{"@id":"https:\/\/2023.benoit-barbagli.com\/#\/schema\/person\/image\/"}},{"@type":"WebSite","@id":"https:\/\/2023.benoit-barbagli.com\/#website","url":"https:\/\/2023.benoit-barbagli.com\/","name":"Benoit-barbagli.com","description":"Sous le chaos, la vie","publisher":{"@id":"https:\/\/2023.benoit-barbagli.com\/#\/schema\/person\/413a50e5dd6129de03df354d73c4ffaf"},"potentialAction":[{"@type":"SearchAction","target":{"@type":"EntryPoint","urlTemplate":"https:\/\/2023.benoit-barbagli.com\/?s={search_term_string}"},"query-input":"required name=search_term_string"}],"inLanguage":"it-IT"},{"@type":"ImageObject","inLanguage":"it-IT","@id":"https:\/\/2023.benoit-barbagli.com\/it\/seno-bene\/#primaryimage","url":"","contentUrl":""},{"@type":"WebPage","@id":"https:\/\/2023.benoit-barbagli.com\/it\/seno-bene\/#webpage","url":"https:\/\/2023.benoit-barbagli.com\/it\/seno-bene\/","name":"Seno bene - Benoit-barbagli.com","isPartOf":{"@id":"https:\/\/2023.benoit-barbagli.com\/#website"},"primaryImageOfPage":{"@id":"https:\/\/2023.benoit-barbagli.com\/it\/seno-bene\/#primaryimage"},"datePublished":"2022-04-23T10:32:33+00:00","dateModified":"2022-04-23T10:32:35+00:00","description":"Benoit Barbagli vit et travaille \u00e0 ParisIng\u00e9nieur en technologie conceptuelle, \u00e9labore un r\u00e9seau de transmission de pens\u00e9es \u00e0 distance sans interface interm\u00e9diaire. Une technologie qui agit comme un lubrifiant sur les mots et les choses, entre les gestes et les \u00e9motions, pour les assouplir et les connecter. Il utilise pour y parvenir l\u2019amour et la vie.","breadcrumb":{"@id":"https:\/\/2023.benoit-barbagli.com\/it\/seno-bene\/#breadcrumb"},"inLanguage":"it-IT","potentialAction":[{"@type":"ReadAction","target":["https:\/\/2023.benoit-barbagli.com\/it\/seno-bene\/"]}]},{"@type":"BreadcrumbList","@id":"https:\/\/2023.benoit-barbagli.com\/it\/seno-bene\/#breadcrumb","itemListElement":[{"@type":"ListItem","position":1,"name":"Accueil","item":"https:\/\/2023.benoit-barbagli.com\/it\/"},{"@type":"ListItem","position":2,"name":"Seno bene"}]}]}},"_links":{"self":[{"href":"https:\/\/2023.benoit-barbagli.com\/it\/wp-json\/wp\/v2\/pages\/76430"}],"collection":[{"href":"https:\/\/2023.benoit-barbagli.com\/it\/wp-json\/wp\/v2\/pages"}],"about":[{"href":"https:\/\/2023.benoit-barbagli.com\/it\/wp-json\/wp\/v2\/types\/page"}],"author":[{"embeddable":true,"href":"https:\/\/2023.benoit-barbagli.com\/it\/wp-json\/wp\/v2\/users\/1"}],"replies":[{"embeddable":true,"href":"https:\/\/2023.benoit-barbagli.com\/it\/wp-json\/wp\/v2\/comments?post=76430"}],"version-history":[{"count":1,"href":"https:\/\/2023.benoit-barbagli.com\/it\/wp-json\/wp\/v2\/pages\/76430\/revisions"}],"predecessor-version":[{"id":76436,"href":"https:\/\/2023.benoit-barbagli.com\/it\/wp-json\/wp\/v2\/pages\/76430\/revisions\/76436"}],"wp:attachment":[{"href":"https:\/\/2023.benoit-barbagli.com\/it\/wp-json\/wp\/v2\/media?parent=76430"}],"curies":[{"name":"wp","href":"https:\/\/api.w.org\/{rel}","templated":true}]}}