{"id":76448,"date":"2022-04-23T10:32:34","date_gmt":"2022-04-23T10:32:34","guid":{"rendered":"http:\/\/2023.benoit-barbagli.com\/video\/"},"modified":"2022-04-23T10:32:34","modified_gmt":"2022-04-23T10:32:34","slug":"video","status":"publish","type":"page","link":"https:\/\/2023.benoit-barbagli.com\/it\/video\/","title":{"rendered":"Video"},"content":{"rendered":"<p>[vc_row row_type=&#8221;row&#8221; use_row_as_full_screen_section=&#8221;no&#8221; type=&#8221;full_width&#8221; text_align=&#8221;left&#8221; background_animation=&#8221;none&#8221; css_animation=&#8221;&#8221; css=&#8221;.vc_custom_1616264533488{margin-right: 10% !important;margin-left: 10% !important;}&#8221;][vc_column][vc_column_text]<\/p>\n<p class=\"p1\"><span class=\"s1\"><b>video,<\/b><\/span><\/p>\n<p>&nbsp;<\/p>\n<p>&nbsp;<\/p>\n<p>[\/vc_column_text][vc_empty_space]<div class='projects_holder_outer v  with_description_background  qode-filter-position-top'>\n\t    \t<div class='projects_holder clearfix v standard portfolio_landscape_image '>\n\t\t<article class=\"mix portfolio_category_188 portfolio_category_199\">\n    <div class='image_holder default_hover'>\n        \n<span class='image'><img width=\"800\" height=\"600\" src=\"https:\/\/2023.benoit-barbagli.com\/wp-content\/uploads\/2019\/08\/MONOLITLE-II-en-situation--800x600.jpg\" class=\"attachment-portfolio-landscape size-portfolio-landscape wp-post-image\" alt=\"\" decoding=\"async\" \/><\/span>\n                    <a class='portfolio_link_class' href='http:\/\/2023.benoit-barbagli.com\/it\/artwork\/monossile-portatile\/' target='_self'><\/a>\n\t\t\n        <div class=\"portfolio_shader\"><\/div>\n\t\t<div class=\"icons_holder\">\n\t<div class=\"icons_holder_inner\">\n\t\t\t\t<a class=\"qode-like\" data-type=\"portfolio_list\" id=\"qode-like-76552\" title=\"Like this\"><\/a>\t<\/div>\n<\/div>\n    <\/div>\n\n    <div class='portfolio_description with_padding text_align_center' style=border-style:solid;border-width: 1px;&#039;>\n            <h5 class=\"portfolio_title\" ><a href=\"http:\/\/2023.benoit-barbagli.com\/it\/artwork\/monossile-portatile\/\" target=\"_self\"> monossile portatile<\/a><\/h5>\n<h6 class=\"portfolio_subtitle\"> <\/h6>    <\/div>\n<\/article>\n<article class=\"mix portfolio_category_200 portfolio_category_192 portfolio_category_199\">\n    <div class='image_holder default_hover'>\n        \n<span class='image'><img width=\"800\" height=\"600\" src=\"https:\/\/2023.benoit-barbagli.com\/wp-content\/uploads\/2020\/04\/Capture-d\u2019e\u0301cran-2015-02-27-a\u0300-15.33.40-800x600.png\" class=\"attachment-portfolio-landscape size-portfolio-landscape wp-post-image\" alt=\"\" decoding=\"async\" \/><\/span>\n                    <a class='portfolio_link_class' href='http:\/\/2023.benoit-barbagli.com\/it\/artwork\/affare\/' target='_self'><\/a>\n\t\t\n        <div class=\"portfolio_shader\"><\/div>\n\t\t<div class=\"icons_holder\">\n\t<div class=\"icons_holder_inner\">\n\t\t\t\t<a class=\"qode-like\" data-type=\"portfolio_list\" id=\"qode-like-76558\" title=\"Like this\"><\/a>\t<\/div>\n<\/div>\n    <\/div>\n\n    <div class='portfolio_description with_padding text_align_center' style=border-style:solid;border-width: 1px;&#039;>\n            <h5 class=\"portfolio_title\" ><a href=\"http:\/\/2023.benoit-barbagli.com\/it\/artwork\/affare\/\" target=\"_self\"> Affare<\/a><\/h5>\n<h6 class=\"portfolio_subtitle\"> <\/h6>    <\/div>\n<\/article>\n<article class=\"mix portfolio_category_192 portfolio_category_199\">\n    <div class='image_holder default_hover'>\n        \n<span class='image'><img width=\"800\" height=\"600\" src=\"https:\/\/2023.benoit-barbagli.com\/wp-content\/uploads\/2020\/07\/Catha-800x600.jpg\" class=\"attachment-portfolio-landscape size-portfolio-landscape wp-post-image\" alt=\"\" decoding=\"async\" \/><\/span>\n                    <a class='portfolio_link_class' href='https:\/\/2023.benoit-barbagli.com\/it\/artwork\/tempo-di-fuoco-2\/' target='_self'><\/a>\n\t\t\n        <div class=\"portfolio_shader\"><\/div>\n\t\t<div class=\"icons_holder\">\n\t<div class=\"icons_holder_inner\">\n\t\t\t\t<a class=\"qode-like\" data-type=\"portfolio_list\" id=\"qode-like-76579\" title=\"Like this\"><\/a>\t<\/div>\n<\/div>\n    <\/div>\n\n    <div class='portfolio_description with_padding text_align_center' style=border-style:solid;border-width: 1px;&#039;>\n            <h5 class=\"portfolio_title\" ><a href=\"https:\/\/2023.benoit-barbagli.com\/it\/artwork\/tempo-di-fuoco-2\/\" target=\"_self\"> tempo di fuoco<\/a><\/h5>\n<h6 class=\"portfolio_subtitle\"> <\/h6>    <\/div>\n<\/article>\n<article class=\"mix portfolio_category_192 portfolio_category_199\">\n    <div class='image_holder default_hover'>\n        \n<span class='image'><\/span>\n                    <a class='portfolio_link_class' href='https:\/\/2023.benoit-barbagli.com\/it\/artwork\/viste-di-workshop\/' target='_self'><\/a>\n\t\t\n        <div class=\"portfolio_shader\"><\/div>\n\t\t<div class=\"icons_holder\">\n\t<div class=\"icons_holder_inner\">\n\t\t\t\t<a class=\"qode-like\" data-type=\"portfolio_list\" id=\"qode-like-76583\" title=\"Like this\"><\/a>\t<\/div>\n<\/div>\n    <\/div>\n\n    <div class='portfolio_description with_padding text_align_center' style=border-style:solid;border-width: 1px;&#039;>\n            <h5 class=\"portfolio_title\" ><a href=\"https:\/\/2023.benoit-barbagli.com\/it\/artwork\/viste-di-workshop\/\" target=\"_self\"> Viste di workshop<\/a><\/h5>\n<h6 class=\"portfolio_subtitle\"> <\/h6>    <\/div>\n<\/article>\n<article class=\"mix portfolio_category_199\">\n    <div class='image_holder default_hover'>\n        \n<span class='image'><img width=\"800\" height=\"600\" src=\"https:\/\/2023.benoit-barbagli.com\/wp-content\/uploads\/2021\/03\/DJI_0605-2-800x600.jpg\" class=\"attachment-portfolio-landscape size-portfolio-landscape wp-post-image\" alt=\"\" decoding=\"async\" \/><\/span>\n                    <a class='portfolio_link_class' href='http:\/\/2023.benoit-barbagli.com\/it\/artwork\/exoview\/' target='_self'><\/a>\n\t\t\n        <div class=\"portfolio_shader\"><\/div>\n\t\t<div class=\"icons_holder\">\n\t<div class=\"icons_holder_inner\">\n\t\t\t\t<a class=\"qode-like\" data-type=\"portfolio_list\" id=\"qode-like-76595\" title=\"Like this\"><\/a>\t<\/div>\n<\/div>\n    <\/div>\n\n    <div class='portfolio_description with_padding text_align_center' style=border-style:solid;border-width: 1px;&#039;>\n            <h5 class=\"portfolio_title\" ><a href=\"http:\/\/2023.benoit-barbagli.com\/it\/artwork\/exoview\/\" target=\"_self\"> Exoview<\/a><\/h5>\n<h6 class=\"portfolio_subtitle\"> <\/h6>    <\/div>\n<\/article>\n<article class=\"mix portfolio_category_199\">\n    <div class='image_holder default_hover'>\n        \n<span class='image'><img width=\"800\" height=\"600\" src=\"https:\/\/2023.benoit-barbagli.com\/wp-content\/uploads\/2021\/10\/cercle-underwater-800x600.jpg\" class=\"attachment-portfolio-landscape size-portfolio-landscape wp-post-image\" alt=\"\" decoding=\"async\" \/><\/span>\n                    <a class='portfolio_link_class' href='http:\/\/2023.benoit-barbagli.com\/it\/artwork\/exoview-ii-video\/' target='_self'><\/a>\n\t\t\n        <div class=\"portfolio_shader\"><\/div>\n\t\t<div class=\"icons_holder\">\n\t<div class=\"icons_holder_inner\">\n\t\t\t\t<a class=\"qode-like\" data-type=\"portfolio_list\" id=\"qode-like-76631\" title=\"Like this\"><\/a>\t<\/div>\n<\/div>\n    <\/div>\n\n    <div class='portfolio_description with_padding text_align_center' style=border-style:solid;border-width: 1px;&#039;>\n            <h5 class=\"portfolio_title\" ><a href=\"http:\/\/2023.benoit-barbagli.com\/it\/artwork\/exoview-ii-video\/\" target=\"_self\"> Exoview II &#8211; Video<\/a><\/h5>\n<h6 class=\"portfolio_subtitle\"> <\/h6>    <\/div>\n<\/article>\n\t<\/div>\n\n    \n\t<\/div>\n[\/vc_column][\/vc_row]<\/p>\n","protected":false},"excerpt":{"rendered":"<p>[vc_row row_type=&#8221;row&#8221; use_row_as_full_screen_section=&#8221;no&#8221; type=&#8221;full_width&#8221; text_align=&#8221;left&#8221; background_animation=&#8221;none&#8221; css_animation=&#8221;&#8221; css=&#8221;.vc_custom_1616264533488{margin-right: 10% !important;margin-left: 10% !important;}&#8221;][vc_column][vc_column_text] video, &nbsp; &nbsp; [\/vc_column_text][vc_empty_space][\/vc_column][\/vc_row]<\/p>\n","protected":false},"author":1,"featured_media":0,"parent":0,"menu_order":0,"comment_status":"closed","ping_status":"closed","template":"","meta":{"inline_featured_image":false,"footnotes":""},"yoast_head":"<!-- This site is optimized with the Yoast SEO plugin v19.2 - https:\/\/yoast.com\/wordpress\/plugins\/seo\/ -->\n<title>Video - Benoit-barbagli.com<\/title>\n<meta name=\"description\" content=\"Benoit Barbagli vit et travaille \u00e0 ParisIng\u00e9nieur en technologie conceptuelle, \u00e9labore un r\u00e9seau de transmission de pens\u00e9es \u00e0 distance sans interface interm\u00e9diaire. Une technologie qui agit comme un lubrifiant sur les mots et les choses, entre les gestes et les \u00e9motions, pour les assouplir et les connecter. Il utilise pour y parvenir l\u2019amour et la vie.\" \/>\n<meta name=\"robots\" content=\"index, follow, max-snippet:-1, max-image-preview:large, max-video-preview:-1\" \/>\n<link rel=\"canonical\" href=\"https:\/\/2023.benoit-barbagli.com\/it\/video\/\" \/>\n<meta property=\"og:locale\" content=\"it_IT\" \/>\n<meta property=\"og:type\" content=\"article\" \/>\n<meta property=\"og:title\" content=\"Video - Benoit-barbagli.com\" \/>\n<meta property=\"og:description\" content=\"Benoit Barbagli vit et travaille \u00e0 ParisIng\u00e9nieur en technologie conceptuelle, \u00e9labore un r\u00e9seau de transmission de pens\u00e9es \u00e0 distance sans interface interm\u00e9diaire. Une technologie qui agit comme un lubrifiant sur les mots et les choses, entre les gestes et les \u00e9motions, pour les assouplir et les connecter. Il utilise pour y parvenir l\u2019amour et la vie.\" \/>\n<meta property=\"og:url\" content=\"https:\/\/2023.benoit-barbagli.com\/it\/video\/\" \/>\n<meta property=\"og:site_name\" content=\"Benoit-barbagli.com\" \/>\n<meta property=\"og:image\" content=\"https:\/\/2023.benoit-barbagli.com\/wp-content\/uploads\/2019\/05\/DSC02317-scaled.jpg\" \/>\n\t<meta property=\"og:image:width\" content=\"2560\" \/>\n\t<meta property=\"og:image:height\" content=\"1630\" \/>\n\t<meta property=\"og:image:type\" content=\"image\/jpeg\" \/>\n<meta name=\"author\" content=\"benoitbarbagli\" \/>\n<meta name=\"twitter:card\" content=\"summary_large_image\" \/>\n<!-- \/ Yoast SEO plugin. -->","yoast_head_json":{"title":"Video - Benoit-barbagli.com","description":"Benoit Barbagli vit et travaille \u00e0 ParisIng\u00e9nieur en technologie conceptuelle, \u00e9labore un r\u00e9seau de transmission de pens\u00e9es \u00e0 distance sans interface interm\u00e9diaire. Une technologie qui agit comme un lubrifiant sur les mots et les choses, entre les gestes et les \u00e9motions, pour les assouplir et les connecter. Il utilise pour y parvenir l\u2019amour et la vie.","robots":{"index":"index","follow":"follow","max-snippet":"max-snippet:-1","max-image-preview":"max-image-preview:large","max-video-preview":"max-video-preview:-1"},"canonical":"https:\/\/2023.benoit-barbagli.com\/it\/video\/","og_locale":"it_IT","og_type":"article","og_title":"Video - Benoit-barbagli.com","og_description":"Benoit Barbagli vit et travaille \u00e0 ParisIng\u00e9nieur en technologie conceptuelle, \u00e9labore un r\u00e9seau de transmission de pens\u00e9es \u00e0 distance sans interface interm\u00e9diaire. Une technologie qui agit comme un lubrifiant sur les mots et les choses, entre les gestes et les \u00e9motions, pour les assouplir et les connecter. Il utilise pour y parvenir l\u2019amour et la vie.","og_url":"https:\/\/2023.benoit-barbagli.com\/it\/video\/","og_site_name":"Benoit-barbagli.com","og_image":[{"width":2560,"height":1630,"url":"https:\/\/2023.benoit-barbagli.com\/wp-content\/uploads\/2019\/05\/DSC02317-scaled.jpg","type":"image\/jpeg"}],"author":"benoitbarbagli","twitter_card":"summary_large_image","schema":{"@context":"https:\/\/schema.org","@graph":[{"@type":["Person","Organization"],"@id":"https:\/\/2023.benoit-barbagli.com\/#\/schema\/person\/413a50e5dd6129de03df354d73c4ffaf","name":"benoitbarbagli","image":{"@type":"ImageObject","inLanguage":"it-IT","@id":"https:\/\/2023.benoit-barbagli.com\/#\/schema\/person\/image\/","url":"http:\/\/benoit-barbagli.com\/wp-content\/uploads\/2020\/07\/Catha-scaled.jpg","contentUrl":"http:\/\/benoit-barbagli.com\/wp-content\/uploads\/2020\/07\/Catha-scaled.jpg","width":2560,"height":1440,"caption":"benoitbarbagli"},"logo":{"@id":"https:\/\/2023.benoit-barbagli.com\/#\/schema\/person\/image\/"}},{"@type":"WebSite","@id":"https:\/\/2023.benoit-barbagli.com\/#website","url":"https:\/\/2023.benoit-barbagli.com\/","name":"Benoit-barbagli.com","description":"Sous le chaos, la vie","publisher":{"@id":"https:\/\/2023.benoit-barbagli.com\/#\/schema\/person\/413a50e5dd6129de03df354d73c4ffaf"},"potentialAction":[{"@type":"SearchAction","target":{"@type":"EntryPoint","urlTemplate":"https:\/\/2023.benoit-barbagli.com\/?s={search_term_string}"},"query-input":"required name=search_term_string"}],"inLanguage":"it-IT"},{"@type":"WebPage","@id":"https:\/\/2023.benoit-barbagli.com\/it\/video\/#webpage","url":"https:\/\/2023.benoit-barbagli.com\/it\/video\/","name":"Video - Benoit-barbagli.com","isPartOf":{"@id":"https:\/\/2023.benoit-barbagli.com\/#website"},"datePublished":"2022-04-23T10:32:34+00:00","dateModified":"2022-04-23T10:32:34+00:00","description":"Benoit Barbagli vit et travaille \u00e0 ParisIng\u00e9nieur en technologie conceptuelle, \u00e9labore un r\u00e9seau de transmission de pens\u00e9es \u00e0 distance sans interface interm\u00e9diaire. Une technologie qui agit comme un lubrifiant sur les mots et les choses, entre les gestes et les \u00e9motions, pour les assouplir et les connecter. Il utilise pour y parvenir l\u2019amour et la vie.","breadcrumb":{"@id":"https:\/\/2023.benoit-barbagli.com\/it\/video\/#breadcrumb"},"inLanguage":"it-IT","potentialAction":[{"@type":"ReadAction","target":["https:\/\/2023.benoit-barbagli.com\/it\/video\/"]}]},{"@type":"BreadcrumbList","@id":"https:\/\/2023.benoit-barbagli.com\/it\/video\/#breadcrumb","itemListElement":[{"@type":"ListItem","position":1,"name":"Accueil","item":"https:\/\/2023.benoit-barbagli.com\/it\/"},{"@type":"ListItem","position":2,"name":"Video"}]}]}},"_links":{"self":[{"href":"https:\/\/2023.benoit-barbagli.com\/it\/wp-json\/wp\/v2\/pages\/76448"}],"collection":[{"href":"https:\/\/2023.benoit-barbagli.com\/it\/wp-json\/wp\/v2\/pages"}],"about":[{"href":"https:\/\/2023.benoit-barbagli.com\/it\/wp-json\/wp\/v2\/types\/page"}],"author":[{"embeddable":true,"href":"https:\/\/2023.benoit-barbagli.com\/it\/wp-json\/wp\/v2\/users\/1"}],"replies":[{"embeddable":true,"href":"https:\/\/2023.benoit-barbagli.com\/it\/wp-json\/wp\/v2\/comments?post=76448"}],"version-history":[{"count":1,"href":"https:\/\/2023.benoit-barbagli.com\/it\/wp-json\/wp\/v2\/pages\/76448\/revisions"}],"predecessor-version":[{"id":76458,"href":"https:\/\/2023.benoit-barbagli.com\/it\/wp-json\/wp\/v2\/pages\/76448\/revisions\/76458"}],"wp:attachment":[{"href":"https:\/\/2023.benoit-barbagli.com\/it\/wp-json\/wp\/v2\/media?parent=76448"}],"curies":[{"name":"wp","href":"https:\/\/api.w.org\/{rel}","templated":true}]}}