{"id":76455,"date":"2022-04-23T10:32:34","date_gmt":"2022-04-23T10:32:34","guid":{"rendered":"http:\/\/2023.benoit-barbagli.com\/iscriviti-per-un-tour-ecotopia\/"},"modified":"2022-04-23T10:32:34","modified_gmt":"2022-04-23T10:32:34","slug":"iscriviti-per-un-tour-ecotopia","status":"publish","type":"page","link":"https:\/\/2023.benoit-barbagli.com\/it\/iscriviti-per-un-tour-ecotopia\/","title":{"rendered":"Iscriviti per un tour Ecotopia"},"content":{"rendered":"","protected":false},"excerpt":{"rendered":"","protected":false},"author":1,"featured_media":0,"parent":0,"menu_order":0,"comment_status":"closed","ping_status":"closed","template":"","meta":{"inline_featured_image":false,"footnotes":""},"yoast_head":"<!-- This site is optimized with the Yoast SEO plugin v19.2 - https:\/\/yoast.com\/wordpress\/plugins\/seo\/ -->\n<title>Iscriviti per un tour Ecotopia - Benoit-barbagli.com<\/title>\n<meta name=\"description\" content=\"Benoit Barbagli vit et travaille \u00e0 ParisIng\u00e9nieur en technologie conceptuelle, \u00e9labore un r\u00e9seau de transmission de pens\u00e9es \u00e0 distance sans interface interm\u00e9diaire. Une technologie qui agit comme un lubrifiant sur les mots et les choses, entre les gestes et les \u00e9motions, pour les assouplir et les connecter. Il utilise pour y parvenir l\u2019amour et la vie.\" \/>\n<meta name=\"robots\" content=\"index, follow, max-snippet:-1, max-image-preview:large, max-video-preview:-1\" \/>\n<link rel=\"canonical\" href=\"https:\/\/2023.benoit-barbagli.com\/it\/iscriviti-per-un-tour-ecotopia\/\" \/>\n<meta property=\"og:locale\" content=\"it_IT\" \/>\n<meta property=\"og:type\" content=\"article\" \/>\n<meta property=\"og:title\" content=\"Iscriviti per un tour Ecotopia - Benoit-barbagli.com\" \/>\n<meta property=\"og:description\" content=\"Benoit Barbagli vit et travaille \u00e0 ParisIng\u00e9nieur en technologie conceptuelle, \u00e9labore un r\u00e9seau de transmission de pens\u00e9es \u00e0 distance sans interface interm\u00e9diaire. Une technologie qui agit comme un lubrifiant sur les mots et les choses, entre les gestes et les \u00e9motions, pour les assouplir et les connecter. Il utilise pour y parvenir l\u2019amour et la vie.\" \/>\n<meta property=\"og:url\" content=\"https:\/\/2023.benoit-barbagli.com\/it\/iscriviti-per-un-tour-ecotopia\/\" \/>\n<meta property=\"og:site_name\" content=\"Benoit-barbagli.com\" \/>\n<meta property=\"og:image\" content=\"https:\/\/2023.benoit-barbagli.com\/wp-content\/uploads\/2019\/05\/DSC02317-scaled.jpg\" \/>\n\t<meta property=\"og:image:width\" content=\"2560\" \/>\n\t<meta property=\"og:image:height\" content=\"1630\" \/>\n\t<meta property=\"og:image:type\" content=\"image\/jpeg\" \/>\n<meta name=\"author\" content=\"benoitbarbagli\" \/>\n<meta name=\"twitter:card\" content=\"summary_large_image\" \/>\n<!-- \/ Yoast SEO plugin. -->","yoast_head_json":{"title":"Iscriviti per un tour Ecotopia - Benoit-barbagli.com","description":"Benoit Barbagli vit et travaille \u00e0 ParisIng\u00e9nieur en technologie conceptuelle, \u00e9labore un r\u00e9seau de transmission de pens\u00e9es \u00e0 distance sans interface interm\u00e9diaire. Une technologie qui agit comme un lubrifiant sur les mots et les choses, entre les gestes et les \u00e9motions, pour les assouplir et les connecter. Il utilise pour y parvenir l\u2019amour et la vie.","robots":{"index":"index","follow":"follow","max-snippet":"max-snippet:-1","max-image-preview":"max-image-preview:large","max-video-preview":"max-video-preview:-1"},"canonical":"https:\/\/2023.benoit-barbagli.com\/it\/iscriviti-per-un-tour-ecotopia\/","og_locale":"it_IT","og_type":"article","og_title":"Iscriviti per un tour Ecotopia - Benoit-barbagli.com","og_description":"Benoit Barbagli vit et travaille \u00e0 ParisIng\u00e9nieur en technologie conceptuelle, \u00e9labore un r\u00e9seau de transmission de pens\u00e9es \u00e0 distance sans interface interm\u00e9diaire. Une technologie qui agit comme un lubrifiant sur les mots et les choses, entre les gestes et les \u00e9motions, pour les assouplir et les connecter. Il utilise pour y parvenir l\u2019amour et la vie.","og_url":"https:\/\/2023.benoit-barbagli.com\/it\/iscriviti-per-un-tour-ecotopia\/","og_site_name":"Benoit-barbagli.com","og_image":[{"width":2560,"height":1630,"url":"https:\/\/2023.benoit-barbagli.com\/wp-content\/uploads\/2019\/05\/DSC02317-scaled.jpg","type":"image\/jpeg"}],"author":"benoitbarbagli","twitter_card":"summary_large_image","schema":{"@context":"https:\/\/schema.org","@graph":[{"@type":["Person","Organization"],"@id":"https:\/\/2023.benoit-barbagli.com\/#\/schema\/person\/413a50e5dd6129de03df354d73c4ffaf","name":"benoitbarbagli","image":{"@type":"ImageObject","inLanguage":"it-IT","@id":"https:\/\/2023.benoit-barbagli.com\/#\/schema\/person\/image\/","url":"http:\/\/benoit-barbagli.com\/wp-content\/uploads\/2020\/07\/Catha-scaled.jpg","contentUrl":"http:\/\/benoit-barbagli.com\/wp-content\/uploads\/2020\/07\/Catha-scaled.jpg","width":2560,"height":1440,"caption":"benoitbarbagli"},"logo":{"@id":"https:\/\/2023.benoit-barbagli.com\/#\/schema\/person\/image\/"}},{"@type":"WebSite","@id":"https:\/\/2023.benoit-barbagli.com\/#website","url":"https:\/\/2023.benoit-barbagli.com\/","name":"Benoit-barbagli.com","description":"Sous le chaos, la vie","publisher":{"@id":"https:\/\/2023.benoit-barbagli.com\/#\/schema\/person\/413a50e5dd6129de03df354d73c4ffaf"},"potentialAction":[{"@type":"SearchAction","target":{"@type":"EntryPoint","urlTemplate":"https:\/\/2023.benoit-barbagli.com\/?s={search_term_string}"},"query-input":"required name=search_term_string"}],"inLanguage":"it-IT"},{"@type":"WebPage","@id":"https:\/\/2023.benoit-barbagli.com\/it\/iscriviti-per-un-tour-ecotopia\/#webpage","url":"https:\/\/2023.benoit-barbagli.com\/it\/iscriviti-per-un-tour-ecotopia\/","name":"Iscriviti per un tour Ecotopia - Benoit-barbagli.com","isPartOf":{"@id":"https:\/\/2023.benoit-barbagli.com\/#website"},"datePublished":"2022-04-23T10:32:34+00:00","dateModified":"2022-04-23T10:32:34+00:00","description":"Benoit Barbagli vit et travaille \u00e0 ParisIng\u00e9nieur en technologie conceptuelle, \u00e9labore un r\u00e9seau de transmission de pens\u00e9es \u00e0 distance sans interface interm\u00e9diaire. Une technologie qui agit comme un lubrifiant sur les mots et les choses, entre les gestes et les \u00e9motions, pour les assouplir et les connecter. Il utilise pour y parvenir l\u2019amour et la vie.","breadcrumb":{"@id":"https:\/\/2023.benoit-barbagli.com\/it\/iscriviti-per-un-tour-ecotopia\/#breadcrumb"},"inLanguage":"it-IT","potentialAction":[{"@type":"ReadAction","target":["https:\/\/2023.benoit-barbagli.com\/it\/iscriviti-per-un-tour-ecotopia\/"]}]},{"@type":"BreadcrumbList","@id":"https:\/\/2023.benoit-barbagli.com\/it\/iscriviti-per-un-tour-ecotopia\/#breadcrumb","itemListElement":[{"@type":"ListItem","position":1,"name":"Accueil","item":"https:\/\/2023.benoit-barbagli.com\/it\/"},{"@type":"ListItem","position":2,"name":"Iscriviti per un tour Ecotopia"}]}]}},"_links":{"self":[{"href":"https:\/\/2023.benoit-barbagli.com\/it\/wp-json\/wp\/v2\/pages\/76455"}],"collection":[{"href":"https:\/\/2023.benoit-barbagli.com\/it\/wp-json\/wp\/v2\/pages"}],"about":[{"href":"https:\/\/2023.benoit-barbagli.com\/it\/wp-json\/wp\/v2\/types\/page"}],"author":[{"embeddable":true,"href":"https:\/\/2023.benoit-barbagli.com\/it\/wp-json\/wp\/v2\/users\/1"}],"replies":[{"embeddable":true,"href":"https:\/\/2023.benoit-barbagli.com\/it\/wp-json\/wp\/v2\/comments?post=76455"}],"version-history":[{"count":0,"href":"https:\/\/2023.benoit-barbagli.com\/it\/wp-json\/wp\/v2\/pages\/76455\/revisions"}],"wp:attachment":[{"href":"https:\/\/2023.benoit-barbagli.com\/it\/wp-json\/wp\/v2\/media?parent=76455"}],"curies":[{"name":"wp","href":"https:\/\/api.w.org\/{rel}","templated":true}]}}