{"id":76480,"date":"2022-04-23T10:32:37","date_gmt":"2022-04-23T10:32:37","guid":{"rendered":"http:\/\/2023.benoit-barbagli.com\/di\/percorso\/"},"modified":"2022-04-23T10:32:38","modified_gmt":"2022-04-23T10:32:38","slug":"percorso","status":"publish","type":"page","link":"https:\/\/2023.benoit-barbagli.com\/it\/di\/percorso\/","title":{"rendered":"Percorso"},"content":{"rendered":"<p>[vc_row row_type=&#8221;row&#8221; use_row_as_full_screen_section=&#8221;no&#8221; type=&#8221;full_width&#8221; text_align=&#8221;left&#8221; background_animation=&#8221;none&#8221; css_animation=&#8221;&#8221;][vc_column][vc_column_text]<\/p>\n<p>[\/vc_column_text][\/vc_column][\/vc_row][vc_row row_type=&#8221;row&#8221; use_row_as_full_screen_section=&#8221;no&#8221; type=&#8221;full_width&#8221; text_align=&#8221;left&#8221; background_animation=&#8221;none&#8221; css_animation=&#8221;&#8221;][vc_column][vc_column_text]<\/p>\n<p class=\"p1\"><b>Mostre collettive<\/b><\/p>\n<p>&nbsp;<\/p>\n<p class=\"p1\"><b>Due mostre<\/b><\/p>\n<p class=\"p1\"><b>2020<\/b> OceanBloom, Iliana Tound, Atene, Grecia<span class=\"Apple-converted-space\">  <\/span>(con Eri Dimitriali)<\/p>\n<p><a href=\"http:\/\/2023.benoit-barbagli.com\/exposition\/emosophie\/\"><strong>2018<\/strong> Emosophia, Open Bach, Parigi<\/a><\/p>\n<p><strong>2017<\/strong> <a href=\"http:\/\/2023.benoit-barbagli.com\/exposition\/derriere-la-mer\/\">Dietro il mare, Galerie de Beuil, Beuil<\/a><\/p>\n<p>&nbsp;<\/p>\n<p><b>Mostre con il Collettivo Palam:<\/b><\/p>\n<p class=\"p1\"><b>2021<\/b> Villa Cameline, Nizza<\/p>\n<p class=\"p1\"><b>2020<\/b> Viaggio in mare, Cappella di Sainte-Elisabeth, Villefranche-sur-Mer<\/p>\n<p class=\"p1\"><a href=\"http:\/\/2023.benoit-barbagli.com\/azimuth\/\"><b>2019<\/b> <i>Azimuth<\/i> , Galerie Eva Vautier, Nizza, e il FRAC PACA nel quadro di Marche e approcci<\/a><\/p>\n<p>&nbsp;<\/p>\n<p><b>Mostre personali:<\/b><\/p>\n<p><a href=\"http:\/\/2023.benoit-barbagli.com\/exhibition\/chambre-de-telepathie-supervue-2015\/\"><strong>2015<\/strong> Camera di telepatia &#8211; SuperVue, Hotel Burrough, Vaison-la-Romaine<\/a><br \/>\n<a href=\"http:\/\/2023.benoit-barbagli.com\/exhibition\/en-une-seconde-d-inspiration\/\"><strong>2015<\/strong> In un secondo di ispirazione, MAMAC, Nizza<\/a><\/p>\n<p>Mostra prodotta nell&#8217;ambito del festival <i>R\u00e9veillons-Nous<\/i> organizzato da Irina Bro<br \/>\n<a href=\"http:\/\/2023.benoit-barbagli.com\/art\/une-sorte-de-metaphore\/\"><strong>2015<\/strong> Una sorta di metafora come il (pianeta) Terra, Parigi<\/a><\/p>\n<p>Mostra realizzata in collaborazione con l&#8217;Associazione Diametro, Galleria Viaggiante<\/p>\n<p><a href=\"http:\/\/2023.benoit-barbagli.com\/dnsep\/\"><strong>2015<\/strong> DNSEP, Vita, Villa Arson, 2015<\/a><br \/>\n<strong>2015<\/strong> Qui la terra, Visitatori serali, Rosalina, Nizza<\/p>\n<p>Mostra creata come parte di un evento Botox(s).<\/p>\n<p>&nbsp;<\/p>\n<p><strong>Principali mostre collettive:<\/strong><\/p>\n<p><b>2019<\/b> <i>Edificio,<\/i> villa Le Roc Fleury, Cap d&#8217;Ail<\/p>\n<p><strong>2019<\/strong> La vita \u00e8 un film<\/p>\n<p><strong>2019<\/strong> 100 titoli, Nizza<\/p>\n<p><b>2018<\/b> <i>Con piacere<\/i> , Galleria Eva Vautier, Nizza<\/p>\n<p><strong>2018<\/strong> Memoria e mare, Nizza<\/p>\n<p><i>Private Choice<\/i> <b>2018<\/b> , a cura di Nadia Candet,<span class=\"Apple-converted-space\">  <\/span>Parigi<\/p>\n<p><b>2018<\/b> Una collezione 5, a cura di Camille Frasca, Parigi<\/p>\n<p><a href=\"http:\/\/2023.benoit-barbagli.com\/rien-ne-se-perd\/\">2018<\/a> <a href=\"http:\/\/2023.benoit-barbagli.com\/rien-ne-se-perd\/\">Niente \u00e8 perduto, Parigi<\/a><\/p>\n<p><b>2017<\/b> <i>Una collezione<\/i> , a cura di Camille Frasca, Nizza<\/p>\n<p><b>2016<\/b> <i>Un palazzo ideale di strani ego,<\/i> <b> <\/b>Il palazzo ideale del postino Cheval, Hauterives<\/p>\n<p><strong><a href=\"http:\/\/2023.benoit-barbagli.com\/exhibition\/odyssee\/\">2015<\/a><\/strong> <a href=\"http:\/\/2023.benoit-barbagli.com\/exhibition\/odyssee\/\">Odissea, Villa dolosa<\/a><\/p>\n<p><a href=\"http:\/\/2023.benoit-barbagli.com\/des-corps-comptetants\/\"><strong>2014<\/strong><\/a> <a href=\"http:\/\/2023.benoit-barbagli.com\/des-corps-comptetants\/\">Organi competenti, Villa Arson<\/a><\/p>\n<p><strong><a href=\"http:\/\/2023.benoit-barbagli.com\/exposition\/travaux-en-cours\/\">2013<\/a><\/strong> <a href=\"http:\/\/2023.benoit-barbagli.com\/exposition\/travaux-en-cours\/\">Lavori in corso, Galleria Eva Vautier,<\/a><\/p>\n<p class=\"p1\"><i>Private Choice<\/i> <b>2018<\/b> , a cura di Nadia Candet,<span class=\"Apple-converted-space\">  <\/span>Parigi<\/p>\n<p class=\"p1\"><b>2017<\/b> <i>Niente \u00e8 perduto&#8230;.<\/i> , a cura di Camille Frasca, Parigi<\/p>\n<p class=\"p1\"><b>2017<\/b> <i>Una collezione<\/i> , a cura di Camille Frasca, Nizza<\/p>\n<p class=\"p1\"><b>2016<\/b> <i>Un palazzo ideale di strani ego,<\/i><b> <\/b>Il palazzo ideale del postino Cheval, Hauterives<\/p>\n<p class=\"p1\"><b>2015<\/b> <i>Odissea<\/i> , Galleria La Marine, Nizza<\/p>\n<p class=\"p1\">Mostra organizzata da Villa Arson &#8211; dottorandi 2015<\/p>\n<p class=\"p1\"><b>2014<\/b><span class=\"Apple-converted-space\">  <\/span><i>Organismi Competenti,<\/i> Centro d&#8217;Arte Villa Arson, Nizza<\/p>\n<p class=\"p1\"><b>2013<\/b><span class=\"Apple-converted-space\">  <\/span><i>Lavori in corso<\/i> , Galleria Eva Vautier, Nizza<\/p>\n<p class=\"p1\">Mostra collettiva e curatela organizzata in collaborazione con Eva Vautier<\/p>\n<p>&nbsp;<\/p>\n<p class=\"p1\"><b>Performance\/Laboratori\/ Residenze<\/b><\/p>\n<p class=\"p1\"><b>2019<\/b> <i>Policroma<\/i> , Residenza Utopia, Ponte-Leccia, Haute-Corse<\/p>\n<p class=\"p1\"><b>2018<\/b> <i>School of Nice \u2013 From Pop Art to Happenings<\/i> , Hong-Kong, francese maggio 2018, direzione di un workshop sulla performance come rappresentante della School of Nice.<\/p>\n<p class=\"p1\"><i>Avatar<\/i> <b>2013<\/b> ,<b> <\/b>laboratori,<span class=\"Apple-converted-space\">  <\/span>Laval University School of Art, Quebec, Direzione Pascal Brocolichi e Julie Faubert<\/p>\n<p><b>2013<\/b> <i>Manca,<\/i> performance concertistica,<i> <\/i>MAMA, Bello<\/p>\n<p class=\"p1\"><b>2012-2013<\/b> , <i>Organismi competenti,<\/i> workshop, HEAD, Ginevra, Svizzera sotto la direzione di Arnaud Label Rojoux, Patrice Blouin e Christophe Kihm<\/p>\n<p class=\"p1\">Concerto FLUXUS <b>2011<\/b> &#8211; Esibizione al MOMA con Ben Vautier<\/p>\n<p>&nbsp;<\/p>\n<p>&nbsp;<\/p>\n<p class=\"p1\"><b>Presentazione permanente<\/b><\/p>\n<p class=\"p1\"><b>Galleria Bertheas<\/b> ,<b> <\/b>Vichy, Saint Etienne, Parigi<\/p>\n<p class=\"p1\"><b>Galleria Eva Vautier<\/b> ,<b> <\/b>Nizza<\/p>\n<p>&nbsp;<\/p>\n<p>&nbsp;<\/p>\n<p><b>Fiere:<\/b><\/p>\n<p><a href=\"http:\/\/2023.benoit-barbagli.com\/art-paris-2018\/\">Arte Parigi, Parigi, 2018<\/a><\/p>\n<p>&nbsp;<\/p>\n<p>&nbsp;<\/p>\n<p><strong>Asta:<\/strong><\/p>\n<p><a href=\"http:\/\/2023.benoit-barbagli.com\/lumieres\/\">Luci<\/a><\/p>\n<p><a href=\"http:\/\/2023.benoit-barbagli.com\/asha\/\">Ascia<\/a><\/p>\n<p>&nbsp;<\/p>\n<p>[\/vc_column_text][\/vc_column][vc_column][\/vc_column][\/vc_row]<\/p>\n","protected":false},"excerpt":{"rendered":"<p>[vc_row row_type=&#8221;row&#8221; use_row_as_full_screen_section=&#8221;no&#8221; type=&#8221;full_width&#8221; text_align=&#8221;left&#8221; background_animation=&#8221;none&#8221; css_animation=&#8221;&#8221;][vc_column][vc_column_text] [\/vc_column_text][\/vc_column][\/vc_row][vc_row row_type=&#8221;row&#8221; use_row_as_full_screen_section=&#8221;no&#8221; type=&#8221;full_width&#8221; text_align=&#8221;left&#8221; background_animation=&#8221;none&#8221; css_animation=&#8221;&#8221;][vc_column][vc_column_text] Mostre collettive &nbsp; Due mostre 2020 OceanBloom, Iliana Tound, Atene, Grecia (con Eri Dimitriali) 2018 Emosophia, Open Bach, Parigi 2017 Dietro il mare, Galerie de Beuil, Beuil &nbsp; Mostre con il&#8230;<\/p>\n","protected":false},"author":1,"featured_media":0,"parent":76360,"menu_order":0,"comment_status":"closed","ping_status":"closed","template":"","meta":{"inline_featured_image":false,"footnotes":""},"yoast_head":"<!-- This site is optimized with the Yoast SEO plugin v19.2 - https:\/\/yoast.com\/wordpress\/plugins\/seo\/ -->\n<title>Percorso - Benoit-barbagli.com<\/title>\n<meta name=\"description\" content=\"Benoit Barbagli vit et travaille \u00e0 ParisIng\u00e9nieur en technologie conceptuelle, \u00e9labore un r\u00e9seau de transmission de pens\u00e9es \u00e0 distance sans interface interm\u00e9diaire. Une technologie qui agit comme un lubrifiant sur les mots et les choses, entre les gestes et les \u00e9motions, pour les assouplir et les connecter. Il utilise pour y parvenir l\u2019amour et la vie.\" \/>\n<meta name=\"robots\" content=\"index, follow, max-snippet:-1, max-image-preview:large, max-video-preview:-1\" \/>\n<link rel=\"canonical\" href=\"https:\/\/2023.benoit-barbagli.com\/it\/di\/percorso\/\" \/>\n<meta property=\"og:locale\" content=\"it_IT\" \/>\n<meta property=\"og:type\" content=\"article\" \/>\n<meta property=\"og:title\" content=\"Percorso - Benoit-barbagli.com\" \/>\n<meta property=\"og:description\" content=\"Benoit Barbagli vit et travaille \u00e0 ParisIng\u00e9nieur en technologie conceptuelle, \u00e9labore un r\u00e9seau de transmission de pens\u00e9es \u00e0 distance sans interface interm\u00e9diaire. Une technologie qui agit comme un lubrifiant sur les mots et les choses, entre les gestes et les \u00e9motions, pour les assouplir et les connecter. Il utilise pour y parvenir l\u2019amour et la vie.\" \/>\n<meta property=\"og:url\" content=\"https:\/\/2023.benoit-barbagli.com\/it\/di\/percorso\/\" \/>\n<meta property=\"og:site_name\" content=\"Benoit-barbagli.com\" \/>\n<meta property=\"article:modified_time\" content=\"2022-04-23T10:32:38+00:00\" \/>\n<meta property=\"og:image\" content=\"https:\/\/2023.benoit-barbagli.com\/wp-content\/uploads\/2019\/05\/DSC02317-scaled.jpg\" \/>\n\t<meta property=\"og:image:width\" content=\"2560\" \/>\n\t<meta property=\"og:image:height\" content=\"1630\" \/>\n\t<meta property=\"og:image:type\" content=\"image\/jpeg\" \/>\n<meta name=\"author\" content=\"benoitbarbagli\" \/>\n<meta name=\"twitter:card\" content=\"summary_large_image\" \/>\n<meta name=\"twitter:label1\" content=\"Tempo di lettura stimato\" \/>\n\t<meta name=\"twitter:data1\" content=\"2 minuti\" \/>\n<!-- \/ Yoast SEO plugin. -->","yoast_head_json":{"title":"Percorso - Benoit-barbagli.com","description":"Benoit Barbagli vit et travaille \u00e0 ParisIng\u00e9nieur en technologie conceptuelle, \u00e9labore un r\u00e9seau de transmission de pens\u00e9es \u00e0 distance sans interface interm\u00e9diaire. Une technologie qui agit comme un lubrifiant sur les mots et les choses, entre les gestes et les \u00e9motions, pour les assouplir et les connecter. Il utilise pour y parvenir l\u2019amour et la vie.","robots":{"index":"index","follow":"follow","max-snippet":"max-snippet:-1","max-image-preview":"max-image-preview:large","max-video-preview":"max-video-preview:-1"},"canonical":"https:\/\/2023.benoit-barbagli.com\/it\/di\/percorso\/","og_locale":"it_IT","og_type":"article","og_title":"Percorso - Benoit-barbagli.com","og_description":"Benoit Barbagli vit et travaille \u00e0 ParisIng\u00e9nieur en technologie conceptuelle, \u00e9labore un r\u00e9seau de transmission de pens\u00e9es \u00e0 distance sans interface interm\u00e9diaire. Une technologie qui agit comme un lubrifiant sur les mots et les choses, entre les gestes et les \u00e9motions, pour les assouplir et les connecter. Il utilise pour y parvenir l\u2019amour et la vie.","og_url":"https:\/\/2023.benoit-barbagli.com\/it\/di\/percorso\/","og_site_name":"Benoit-barbagli.com","article_modified_time":"2022-04-23T10:32:38+00:00","og_image":[{"width":2560,"height":1630,"url":"https:\/\/2023.benoit-barbagli.com\/wp-content\/uploads\/2019\/05\/DSC02317-scaled.jpg","type":"image\/jpeg"}],"author":"benoitbarbagli","twitter_card":"summary_large_image","twitter_misc":{"Tempo di lettura stimato":"2 minuti"},"schema":{"@context":"https:\/\/schema.org","@graph":[{"@type":["Person","Organization"],"@id":"https:\/\/2023.benoit-barbagli.com\/#\/schema\/person\/413a50e5dd6129de03df354d73c4ffaf","name":"benoitbarbagli","image":{"@type":"ImageObject","inLanguage":"it-IT","@id":"https:\/\/2023.benoit-barbagli.com\/#\/schema\/person\/image\/","url":"http:\/\/benoit-barbagli.com\/wp-content\/uploads\/2020\/07\/Catha-scaled.jpg","contentUrl":"http:\/\/benoit-barbagli.com\/wp-content\/uploads\/2020\/07\/Catha-scaled.jpg","width":2560,"height":1440,"caption":"benoitbarbagli"},"logo":{"@id":"https:\/\/2023.benoit-barbagli.com\/#\/schema\/person\/image\/"}},{"@type":"WebSite","@id":"https:\/\/2023.benoit-barbagli.com\/#website","url":"https:\/\/2023.benoit-barbagli.com\/","name":"Benoit-barbagli.com","description":"Sous le chaos, la vie","publisher":{"@id":"https:\/\/2023.benoit-barbagli.com\/#\/schema\/person\/413a50e5dd6129de03df354d73c4ffaf"},"potentialAction":[{"@type":"SearchAction","target":{"@type":"EntryPoint","urlTemplate":"https:\/\/2023.benoit-barbagli.com\/?s={search_term_string}"},"query-input":"required name=search_term_string"}],"inLanguage":"it-IT"},{"@type":"WebPage","@id":"https:\/\/2023.benoit-barbagli.com\/it\/di\/percorso\/#webpage","url":"https:\/\/2023.benoit-barbagli.com\/it\/di\/percorso\/","name":"Percorso - Benoit-barbagli.com","isPartOf":{"@id":"https:\/\/2023.benoit-barbagli.com\/#website"},"datePublished":"2022-04-23T10:32:37+00:00","dateModified":"2022-04-23T10:32:38+00:00","description":"Benoit Barbagli vit et travaille \u00e0 ParisIng\u00e9nieur en technologie conceptuelle, \u00e9labore un r\u00e9seau de transmission de pens\u00e9es \u00e0 distance sans interface interm\u00e9diaire. Une technologie qui agit comme un lubrifiant sur les mots et les choses, entre les gestes et les \u00e9motions, pour les assouplir et les connecter. Il utilise pour y parvenir l\u2019amour et la vie.","breadcrumb":{"@id":"https:\/\/2023.benoit-barbagli.com\/it\/di\/percorso\/#breadcrumb"},"inLanguage":"it-IT","potentialAction":[{"@type":"ReadAction","target":["https:\/\/2023.benoit-barbagli.com\/it\/di\/percorso\/"]}]},{"@type":"BreadcrumbList","@id":"https:\/\/2023.benoit-barbagli.com\/it\/di\/percorso\/#breadcrumb","itemListElement":[{"@type":"ListItem","position":1,"name":"Accueil","item":"https:\/\/2023.benoit-barbagli.com\/it\/"},{"@type":"ListItem","position":2,"name":"di","item":"https:\/\/2023.benoit-barbagli.com\/it\/di\/"},{"@type":"ListItem","position":3,"name":"Percorso"}]}]}},"_links":{"self":[{"href":"https:\/\/2023.benoit-barbagli.com\/it\/wp-json\/wp\/v2\/pages\/76480"}],"collection":[{"href":"https:\/\/2023.benoit-barbagli.com\/it\/wp-json\/wp\/v2\/pages"}],"about":[{"href":"https:\/\/2023.benoit-barbagli.com\/it\/wp-json\/wp\/v2\/types\/page"}],"author":[{"embeddable":true,"href":"https:\/\/2023.benoit-barbagli.com\/it\/wp-json\/wp\/v2\/users\/1"}],"replies":[{"embeddable":true,"href":"https:\/\/2023.benoit-barbagli.com\/it\/wp-json\/wp\/v2\/comments?post=76480"}],"version-history":[{"count":1,"href":"https:\/\/2023.benoit-barbagli.com\/it\/wp-json\/wp\/v2\/pages\/76480\/revisions"}],"predecessor-version":[{"id":76487,"href":"https:\/\/2023.benoit-barbagli.com\/it\/wp-json\/wp\/v2\/pages\/76480\/revisions\/76487"}],"up":[{"embeddable":true,"href":"https:\/\/2023.benoit-barbagli.com\/it\/wp-json\/wp\/v2\/pages\/76360"}],"wp:attachment":[{"href":"https:\/\/2023.benoit-barbagli.com\/it\/wp-json\/wp\/v2\/media?parent=76480"}],"curies":[{"name":"wp","href":"https:\/\/api.w.org\/{rel}","templated":true}]}}