{"id":76677,"date":"2022-04-23T11:01:16","date_gmt":"2022-04-23T11:01:16","guid":{"rendered":"http:\/\/2023.benoit-barbagli.com\/agisce\/"},"modified":"2022-04-23T11:01:17","modified_gmt":"2022-04-23T11:01:17","slug":"agisce","status":"publish","type":"page","link":"http:\/\/2023.benoit-barbagli.com\/it\/agisce\/","title":{"rendered":"agisce"},"content":{"rendered":"<p>[vc_row row_type=&#8221;row&#8221; use_row_as_full_screen_section=&#8221;no&#8221; type=&#8221;full_width&#8221; text_align=&#8221;left&#8221; background_animation=&#8221;none&#8221; css_animation=&#8221;&#8221;][vc_column][vc_empty_space height=&#8221;70px&#8221;][\/vc_column][\/vc_row][vc_row row_type=&#8221;row&#8221; use_row_as_full_screen_section=&#8221;no&#8221; type=&#8221;full_width&#8221; text_align=&#8221;left&#8221; background_animation=&#8221;none&#8221; css_animation=&#8221;&#8221; css=&#8221;.vc_custom_1556270437653{margin-right: 10% !important;margin-left: 10% !important;}&#8221;][vc_column width=&#8221;2\/5&#8243;]<div class='projects_holder_outer portfolio_justified_gallery qode-filter-position-top'>\n\t    \t<div class='projects_holder clearfix' data-spacing='10' data-row-height='200'data-last-row='nojustify'data-justify-threshold='0.75'>\n\t\t<article class=\"portfolio_category_190 portfolio_category_189 portfolio_category_188\">\n\t    <a class='portfolio_jg_image_link image_holder' href='https:\/\/2023.benoit-barbagli.com\/it\/artwork\/la-marea-della-trepidazione\/' target='_self'>\n<img width=\"1747\" height=\"1080\" src=\"https:\/\/2023.benoit-barbagli.com\/wp-content\/uploads\/2019\/04\/tideoftrepidation.jpg\" class=\"attachment-full size-full wp-post-image\" alt=\"\" decoding=\"async\" srcset=\"https:\/\/2023.benoit-barbagli.com\/wp-content\/uploads\/2019\/04\/tideoftrepidation.jpg 1747w, https:\/\/2023.benoit-barbagli.com\/wp-content\/uploads\/2019\/04\/tideoftrepidation-300x185.jpg 300w, https:\/\/2023.benoit-barbagli.com\/wp-content\/uploads\/2019\/04\/tideoftrepidation-768x475.jpg 768w, https:\/\/2023.benoit-barbagli.com\/wp-content\/uploads\/2019\/04\/tideoftrepidation-1024x633.jpg 1024w, https:\/\/2023.benoit-barbagli.com\/wp-content\/uploads\/2019\/04\/tideoftrepidation-700x433.jpg 700w, https:\/\/2023.benoit-barbagli.com\/wp-content\/uploads\/2019\/04\/tideoftrepidation-1100x680.jpg 1100w, https:\/\/2023.benoit-barbagli.com\/wp-content\/uploads\/2019\/04\/tideoftrepidation-600x371.jpg 600w\" sizes=\"(max-width: 1747px) 100vw, 1747px\" \/>    <\/a>\n\t\t\t<a class='portfolio_shader' href='https:\/\/2023.benoit-barbagli.com\/it\/artwork\/la-marea-della-trepidazione\/' target='_self'><\/a>\n\t\t<div class=\"icons_holder\">\n\t<div class=\"icons_holder_inner\">\n\t\t\t\t\t<a class='portfolio_lightbox' title='agisce' href='https:\/\/2023.benoit-barbagli.com\/wp-content\/uploads\/2019\/04\/tideoftrepidation.jpg' data-rel='prettyPhoto[pretty_photo_gallery]'><\/a>\n\t\t\t\t<a class=\"qode-like\" data-type=\"portfolio_list\" id=\"qode-like-76498\" title=\"Like this\"><\/a>\t<\/div>\n<\/div><\/article>\n\t<\/div>\n\t<\/div>\n[\/vc_column][vc_column width=&#8221;3\/5&#8243;][vc_column_text]<\/p>\n<h4 class=\"p1\" style=\"text-align: justify;\"><span style=\"font-family: helveticaneuelight;\">La marea di trepidazione &#8211; 2015<\/span><\/h4>\n<p>Un&#8217;epopea lirica e teatrale che riunisce marinai, designer, architetti, poeti e artisti post-moderni di ogni estrazione per immergere una pesante metafora: un pianoforte sotto il mare, utilizzando una gru galleggiante costruita per l&#8217;occasione, infondendo un&#8217;onda musicale nelle profondit\u00e0 del mare, un omaggio al famoso pianista e sub Esbjorn Svensson, che diceva di trarre ispirazione dall&#8217;acqua.<\/p>\n<p>L&#8217;immersione pianistica si \u00e8 svolta il 28 maggio 2015, accompagnata da numerosi spettacoli balneari, canalizzando energie artistiche verso e per il mare.[\/vc_column_text][\/vc_column][\/vc_row][vc_row row_type=&#8221;row&#8221; use_row_as_full_screen_section=&#8221;no&#8221; type=&#8221;full_width&#8221; text_align=&#8221;left&#8221; background_animation=&#8221;none&#8221; css_animation=&#8221;&#8221;][vc_column][vc_empty_space height=&#8221;50px&#8221;][\/vc_column][\/vc_row][vc_row row_type=&#8221;row&#8221; use_row_as_full_screen_section=&#8221;no&#8221; type=&#8221;full_width&#8221; text_align=&#8221;left&#8221; background_animation=&#8221;none&#8221; css_animation=&#8221;&#8221; css=&#8221;.vc_custom_1556270437653{margin-right: 10% !important;margin-left: 10% !important;}&#8221;][vc_column width=&#8221;2\/5&#8243;]<div class='projects_holder_outer portfolio_justified_gallery qode-filter-position-top'>\n\t    \t<div class='projects_holder clearfix' data-spacing='10' data-row-height='200'data-last-row='nojustify'data-justify-threshold='0.75'>\n\t\t<article class=\"portfolio_category_192 portfolio_category_191\">\n\t    <a class='portfolio_jg_image_link image_holder' href='https:\/\/2023.benoit-barbagli.com\/it\/artwork\/qui-la-terra\/' target='_self'>\n<img width=\"1200\" height=\"734\" src=\"https:\/\/2023.benoit-barbagli.com\/wp-content\/uploads\/2019\/05\/IMG_1640.jpg\" class=\"attachment-full size-full wp-post-image\" alt=\"\" decoding=\"async\" srcset=\"https:\/\/2023.benoit-barbagli.com\/wp-content\/uploads\/2019\/05\/IMG_1640.jpg 1200w, https:\/\/2023.benoit-barbagli.com\/wp-content\/uploads\/2019\/05\/IMG_1640-300x184.jpg 300w, https:\/\/2023.benoit-barbagli.com\/wp-content\/uploads\/2019\/05\/IMG_1640-768x470.jpg 768w, https:\/\/2023.benoit-barbagli.com\/wp-content\/uploads\/2019\/05\/IMG_1640-1024x626.jpg 1024w, https:\/\/2023.benoit-barbagli.com\/wp-content\/uploads\/2019\/05\/IMG_1640-700x428.jpg 700w, https:\/\/2023.benoit-barbagli.com\/wp-content\/uploads\/2019\/05\/IMG_1640-1100x673.jpg 1100w, https:\/\/2023.benoit-barbagli.com\/wp-content\/uploads\/2019\/05\/IMG_1640-600x367.jpg 600w\" sizes=\"(max-width: 1200px) 100vw, 1200px\" \/>    <\/a>\n\t\t\t<a class='portfolio_shader' href='https:\/\/2023.benoit-barbagli.com\/it\/artwork\/qui-la-terra\/' target='_self'><\/a>\n\t\t<div class=\"icons_holder\">\n\t<div class=\"icons_holder_inner\">\n\t\t\t\t\t<a class='portfolio_lightbox' title='La marea della trepidazione' href='https:\/\/2023.benoit-barbagli.com\/wp-content\/uploads\/2019\/05\/IMG_1640.jpg' data-rel='prettyPhoto[pretty_photo_gallery]'><\/a>\n\t\t\t\t<a class=\"qode-like\" data-type=\"portfolio_list\" id=\"qode-like-76509\" title=\"Like this\"><\/a>\t<\/div>\n<\/div><\/article>\n\t<\/div>\n\t<\/div>\n[\/vc_column][vc_column width=&#8221;3\/5&#8243;][vc_column_text]<\/p>\n<div class=\"wpb_text_column wpb_content_element \">\n<div class=\"wpb_wrapper\">\n<h4 class=\"p1\"><span style=\"font-family: helveticaneuelight;\">Qui sulla Terra &#8211; 2015<\/span><\/h4>\n<p><em>Ici la terre<\/em> \u00e8 una storia d&#8217;amore epica piena di riferimenti romantici, che suona come un&#8217;ode alla natura e alla vita. \u00c8 una spedizione collettiva e multidisciplinare che riunisce sei amici per sigillare la scultura in bronzo di un braccio che porge un vero mazzo di fiori in cima a una scogliera.<\/p>\n<p>Una conquista della montagna, della vertigine, cos\u00ec come una conquista dell&#8217;amore, <em>qui la terra<\/em> magnetizza i riferimenti della cultura per indirizzarli verso la natura. Un gesto militante che ignora se stesso, fuori dal campo visivo comune, con un equilibrio energetico ed economico carente (tutto questo per quello&#8230;), sposando la filosofia copyleft (questa scultura e il suo futuro non ci appartengono pi\u00f9), lavorando soprattutto per dare gloria alla vita!<\/p>\n<p>&nbsp;<\/p>\n<p><span style=\"font-family: helveticaneuelight;\"> <\/span><\/p>\n<\/div>\n<\/div>\n<p>[\/vc_column_text][\/vc_column][\/vc_row][vc_row row_type=&#8221;row&#8221; use_row_as_full_screen_section=&#8221;no&#8221; type=&#8221;full_width&#8221; text_align=&#8221;left&#8221; background_animation=&#8221;none&#8221; css_animation=&#8221;&#8221;][vc_column][vc_empty_space height=&#8221;50px&#8221;][\/vc_column][\/vc_row][vc_row row_type=&#8221;row&#8221; use_row_as_full_screen_section=&#8221;no&#8221; type=&#8221;full_width&#8221; text_align=&#8221;left&#8221; background_animation=&#8221;none&#8221; css_animation=&#8221;&#8221; css=&#8221;.vc_custom_1556270437653{margin-right: 10% !important;margin-left: 10% !important;}&#8221;][vc_column width=&#8221;2\/5&#8243;]<div class='projects_holder_outer portfolio_justified_gallery qode-filter-position-top'>\n\t    \t<div class='projects_holder clearfix' data-spacing='10' data-row-height='200'data-last-row='nojustify'data-justify-threshold='0.75'>\n\t\t<article class=\"portfolio_category_194 portfolio_category_192 portfolio_category_189\">\n\t    <a class='portfolio_jg_image_link image_holder' href='https:\/\/2023.benoit-barbagli.com\/it\/artwork\/ecotopia\/' target='_self'>\n<img width=\"2560\" height=\"1707\" src=\"https:\/\/2023.benoit-barbagli.com\/wp-content\/uploads\/2019\/04\/DSC09486-scaled.jpg\" class=\"attachment-full size-full wp-post-image\" alt=\"\" decoding=\"async\" srcset=\"https:\/\/2023.benoit-barbagli.com\/wp-content\/uploads\/2019\/04\/DSC09486-scaled.jpg 2560w, https:\/\/2023.benoit-barbagli.com\/wp-content\/uploads\/2019\/04\/DSC09486-2000x1333.jpg 2000w, https:\/\/2023.benoit-barbagli.com\/wp-content\/uploads\/2019\/04\/DSC09486-300x200.jpg 300w, https:\/\/2023.benoit-barbagli.com\/wp-content\/uploads\/2019\/04\/DSC09486-768x512.jpg 768w, https:\/\/2023.benoit-barbagli.com\/wp-content\/uploads\/2019\/04\/DSC09486-1024x683.jpg 1024w, https:\/\/2023.benoit-barbagli.com\/wp-content\/uploads\/2019\/04\/DSC09486-700x467.jpg 700w, https:\/\/2023.benoit-barbagli.com\/wp-content\/uploads\/2019\/04\/DSC09486-1100x733.jpg 1100w\" sizes=\"(max-width: 2560px) 100vw, 2560px\" \/>    <\/a>\n\t\t\t<a class='portfolio_shader' href='https:\/\/2023.benoit-barbagli.com\/it\/artwork\/ecotopia\/' target='_self'><\/a>\n\t\t<div class=\"icons_holder\">\n\t<div class=\"icons_holder_inner\">\n\t\t\t\t\t<a class='portfolio_lightbox' title='Qui la terra' href='https:\/\/2023.benoit-barbagli.com\/wp-content\/uploads\/2019\/04\/DSC09486-scaled.jpg' data-rel='prettyPhoto[pretty_photo_gallery]'><\/a>\n\t\t\t\t<a class=\"qode-like\" data-type=\"portfolio_list\" id=\"qode-like-76525\" title=\"Like this\"><\/a>\t<\/div>\n<\/div><\/article>\n\t<\/div>\n\t<\/div>\n[\/vc_column][vc_column width=&#8221;3\/5&#8243;][vc_column_text]<\/p>\n<div class=\"wpb_text_column wpb_content_element \">\n<div class=\"wpb_wrapper\">\n<h6><strong>Ecotopia<\/strong><\/h6>\n<p><em>Ecotopia<\/em>  \u00e8 un progetto iniziato in Nepal, attraverso un trekking intorno alla catena dell&#8217;Annapurna del secondo massiccio himalayano.Un getto d&#8217;inchiostro da una scogliera su una tela sottostante.La caduta dell&#8217;inchiostro e l&#8217;aspetto della terra formano l&#8217;impronta sacra di questa terra verticale che cattura la vertigine e la caduta della montagna, il suo tempo geologico e lo spazio illimitato. La montagna fertile fa nascere il substrato che si deposita sulla tela: il legno che vi cresce sopra diventa cos\u00ec inchiostro.<\/p>\n<p>Conquista performativa di una cima, Ecotopia diventa una forte sintesi di camminata, scalata, lancio, e la montagna stessa che offre un design per la sua risposta<\/p>\n<p>&nbsp;<\/p>\n<p>Una seconda volta Ecotopia visita le rive rocciose per far disegnare il mare, in un processo simile al primo, il mare viene a coprire e diluire l&#8217;inchiostro preso nelle impressioni del rilievo roccioso della riva<\/p>\n<\/div>\n<\/div>\n<p>[\/vc_column_text][\/vc_column][\/vc_row][vc_row row_type=&#8221;row&#8221; use_row_as_full_screen_section=&#8221;no&#8221; type=&#8221;full_width&#8221; text_align=&#8221;left&#8221; background_animation=&#8221;none&#8221; css_animation=&#8221;&#8221;][vc_column][vc_empty_space height=&#8221;50px&#8221;][\/vc_column][\/vc_row][vc_row row_type=&#8221;row&#8221; use_row_as_full_screen_section=&#8221;no&#8221; type=&#8221;full_width&#8221; text_align=&#8221;left&#8221; background_animation=&#8221;none&#8221; css_animation=&#8221;&#8221; css=&#8221;.vc_custom_1556270437653{margin-right: 10% !important;margin-left: 10% !important;}&#8221;][vc_column width=&#8221;2\/5&#8243;]<div class='projects_holder_outer portfolio_justified_gallery qode-filter-position-top'>\n\t    \t<div class='projects_holder clearfix' data-spacing='10' data-row-height='200'data-last-row='nojustify'data-justify-threshold='0.75'>\n\t\t<article class=\"portfolio_category_197\">\n\t    <a class='portfolio_jg_image_link image_holder' href='https:\/\/2023.benoit-barbagli.com\/it\/artwork\/memoria-delloceano\/' target='_self'>\n<img width=\"2560\" height=\"1707\" src=\"https:\/\/2023.benoit-barbagli.com\/wp-content\/uploads\/2019\/04\/DSC08528.jpg\" class=\"attachment-full size-full wp-post-image\" alt=\"\" decoding=\"async\" srcset=\"https:\/\/2023.benoit-barbagli.com\/wp-content\/uploads\/2019\/04\/DSC08528.jpg 2560w, https:\/\/2023.benoit-barbagli.com\/wp-content\/uploads\/2019\/04\/DSC08528-2000x1334.jpg 2000w, https:\/\/2023.benoit-barbagli.com\/wp-content\/uploads\/2019\/04\/DSC08528-300x200.jpg 300w, https:\/\/2023.benoit-barbagli.com\/wp-content\/uploads\/2019\/04\/DSC08528-768x512.jpg 768w, https:\/\/2023.benoit-barbagli.com\/wp-content\/uploads\/2019\/04\/DSC08528-1024x683.jpg 1024w, https:\/\/2023.benoit-barbagli.com\/wp-content\/uploads\/2019\/04\/DSC08528-700x467.jpg 700w, https:\/\/2023.benoit-barbagli.com\/wp-content\/uploads\/2019\/04\/DSC08528-1100x733.jpg 1100w\" sizes=\"(max-width: 2560px) 100vw, 2560px\" \/>    <\/a>\n\t\t\t<a class='portfolio_shader' href='https:\/\/2023.benoit-barbagli.com\/it\/artwork\/memoria-delloceano\/' target='_self'><\/a>\n\t\t<div class=\"icons_holder\">\n\t<div class=\"icons_holder_inner\">\n\t\t\t\t\t<a class='portfolio_lightbox' title='Ecotopia' href='https:\/\/2023.benoit-barbagli.com\/wp-content\/uploads\/2019\/04\/DSC08528.jpg' data-rel='prettyPhoto[pretty_photo_gallery]'><\/a>\n\t\t\t\t<a class=\"qode-like\" data-type=\"portfolio_list\" id=\"qode-like-76536\" title=\"Like this\"><\/a>\t<\/div>\n<\/div><\/article>\n\t<\/div>\n\t<\/div>\n[\/vc_column][vc_column width=&#8221;3\/5&#8243;][vc_column_text]<\/p>\n<div class=\"wpb_text_column wpb_content_element \">\n<div class=\"wpb_wrapper\">\n<p><span style=\"font-family: helveticaneuelight;\"><strong>Oceano memoria<\/strong>, 2017 &#8211; 2019<\/span><\/p>\n<p class=\"p1\"><span class=\"s1\">Ocean Memoria \u00e8 una collaborazione in corso con Eri Dimitriadi e la galleria di Atene Iliana Tounda.<\/span><\/p>\n<p class=\"p1\"><span class=\"s1\">La mostra \u00e8 per met\u00e0 nella galleria e per met\u00e0 in situ sotto il mare, e usa vari processi per catturare la forma dell&#8217;acqua.<\/span><\/p>\n<p>&nbsp;<\/p>\n<\/div>\n<\/div>\n<p>[\/vc_column_text][\/vc_column][\/vc_row]<\/p>\n","protected":false},"excerpt":{"rendered":"<p>[vc_row row_type=&#8221;row&#8221; use_row_as_full_screen_section=&#8221;no&#8221; type=&#8221;full_width&#8221; text_align=&#8221;left&#8221; background_animation=&#8221;none&#8221; css_animation=&#8221;&#8221;][vc_column][vc_empty_space height=&#8221;70px&#8221;][\/vc_column][\/vc_row][vc_row row_type=&#8221;row&#8221; use_row_as_full_screen_section=&#8221;no&#8221; type=&#8221;full_width&#8221; text_align=&#8221;left&#8221; background_animation=&#8221;none&#8221; css_animation=&#8221;&#8221; css=&#8221;.vc_custom_1556270437653{margin-right: 10% !important;margin-left: 10% !important;}&#8221;][vc_column width=&#8221;2\/5&#8243;][\/vc_column][vc_column width=&#8221;3\/5&#8243;][vc_column_text] La marea di trepidazione &#8211; 2015 Un&#8217;epopea lirica e teatrale che riunisce marinai, designer, architetti, poeti e artisti post-moderni di ogni estrazione per immergere&#8230;<\/p>\n","protected":false},"author":1,"featured_media":0,"parent":76721,"menu_order":0,"comment_status":"closed","ping_status":"closed","template":"full_width.php","meta":{"inline_featured_image":false,"footnotes":""},"yoast_head":"<!-- This site is optimized with the Yoast SEO plugin v19.2 - https:\/\/yoast.com\/wordpress\/plugins\/seo\/ -->\n<title>agisce - Benoit-barbagli.com<\/title>\n<meta name=\"description\" content=\"Benoit Barbagli vit et travaille \u00e0 ParisIng\u00e9nieur en technologie conceptuelle, \u00e9labore un r\u00e9seau de transmission de pens\u00e9es \u00e0 distance sans interface interm\u00e9diaire. Une technologie qui agit comme un lubrifiant sur les mots et les choses, entre les gestes et les \u00e9motions, pour les assouplir et les connecter. Il utilise pour y parvenir l\u2019amour et la vie.\" \/>\n<meta name=\"robots\" content=\"index, follow, max-snippet:-1, max-image-preview:large, max-video-preview:-1\" \/>\n<link rel=\"canonical\" href=\"http:\/\/2023.benoit-barbagli.com\/it\/agisce\/\" \/>\n<meta property=\"og:locale\" content=\"it_IT\" \/>\n<meta property=\"og:type\" content=\"article\" \/>\n<meta property=\"og:title\" content=\"agisce - Benoit-barbagli.com\" \/>\n<meta property=\"og:description\" content=\"Benoit Barbagli vit et travaille \u00e0 ParisIng\u00e9nieur en technologie conceptuelle, \u00e9labore un r\u00e9seau de transmission de pens\u00e9es \u00e0 distance sans interface interm\u00e9diaire. Une technologie qui agit comme un lubrifiant sur les mots et les choses, entre les gestes et les \u00e9motions, pour les assouplir et les connecter. Il utilise pour y parvenir l\u2019amour et la vie.\" \/>\n<meta property=\"og:url\" content=\"http:\/\/2023.benoit-barbagli.com\/it\/agisce\/\" \/>\n<meta property=\"og:site_name\" content=\"Benoit-barbagli.com\" \/>\n<meta property=\"article:modified_time\" content=\"2022-04-23T11:01:17+00:00\" \/>\n<meta property=\"og:image\" content=\"https:\/\/2023.benoit-barbagli.com\/wp-content\/uploads\/2019\/05\/DSC02317-scaled.jpg\" \/>\n\t<meta property=\"og:image:width\" content=\"2560\" \/>\n\t<meta property=\"og:image:height\" content=\"1630\" \/>\n\t<meta property=\"og:image:type\" content=\"image\/jpeg\" \/>\n<meta name=\"author\" content=\"benoitbarbagli\" \/>\n<meta name=\"twitter:card\" content=\"summary_large_image\" \/>\n<meta name=\"twitter:label1\" content=\"Tempo di lettura stimato\" \/>\n\t<meta name=\"twitter:data1\" content=\"4 minuti\" \/>\n<!-- \/ Yoast SEO plugin. -->","yoast_head_json":{"title":"agisce - Benoit-barbagli.com","description":"Benoit Barbagli vit et travaille \u00e0 ParisIng\u00e9nieur en technologie conceptuelle, \u00e9labore un r\u00e9seau de transmission de pens\u00e9es \u00e0 distance sans interface interm\u00e9diaire. Une technologie qui agit comme un lubrifiant sur les mots et les choses, entre les gestes et les \u00e9motions, pour les assouplir et les connecter. Il utilise pour y parvenir l\u2019amour et la vie.","robots":{"index":"index","follow":"follow","max-snippet":"max-snippet:-1","max-image-preview":"max-image-preview:large","max-video-preview":"max-video-preview:-1"},"canonical":"http:\/\/2023.benoit-barbagli.com\/it\/agisce\/","og_locale":"it_IT","og_type":"article","og_title":"agisce - Benoit-barbagli.com","og_description":"Benoit Barbagli vit et travaille \u00e0 ParisIng\u00e9nieur en technologie conceptuelle, \u00e9labore un r\u00e9seau de transmission de pens\u00e9es \u00e0 distance sans interface interm\u00e9diaire. Une technologie qui agit comme un lubrifiant sur les mots et les choses, entre les gestes et les \u00e9motions, pour les assouplir et les connecter. Il utilise pour y parvenir l\u2019amour et la vie.","og_url":"http:\/\/2023.benoit-barbagli.com\/it\/agisce\/","og_site_name":"Benoit-barbagli.com","article_modified_time":"2022-04-23T11:01:17+00:00","og_image":[{"width":2560,"height":1630,"url":"https:\/\/2023.benoit-barbagli.com\/wp-content\/uploads\/2019\/05\/DSC02317-scaled.jpg","type":"image\/jpeg"}],"author":"benoitbarbagli","twitter_card":"summary_large_image","twitter_misc":{"Tempo di lettura stimato":"4 minuti"},"schema":{"@context":"https:\/\/schema.org","@graph":[{"@type":["Person","Organization"],"@id":"https:\/\/2023.benoit-barbagli.com\/#\/schema\/person\/413a50e5dd6129de03df354d73c4ffaf","name":"benoitbarbagli","image":{"@type":"ImageObject","inLanguage":"it-IT","@id":"https:\/\/2023.benoit-barbagli.com\/#\/schema\/person\/image\/","url":"http:\/\/benoit-barbagli.com\/wp-content\/uploads\/2020\/07\/Catha-scaled.jpg","contentUrl":"http:\/\/benoit-barbagli.com\/wp-content\/uploads\/2020\/07\/Catha-scaled.jpg","width":2560,"height":1440,"caption":"benoitbarbagli"},"logo":{"@id":"https:\/\/2023.benoit-barbagli.com\/#\/schema\/person\/image\/"}},{"@type":"WebSite","@id":"https:\/\/2023.benoit-barbagli.com\/#website","url":"https:\/\/2023.benoit-barbagli.com\/","name":"Benoit-barbagli.com","description":"Sous le chaos, la vie","publisher":{"@id":"https:\/\/2023.benoit-barbagli.com\/#\/schema\/person\/413a50e5dd6129de03df354d73c4ffaf"},"potentialAction":[{"@type":"SearchAction","target":{"@type":"EntryPoint","urlTemplate":"https:\/\/2023.benoit-barbagli.com\/?s={search_term_string}"},"query-input":"required name=search_term_string"}],"inLanguage":"it-IT"},{"@type":"WebPage","@id":"http:\/\/2023.benoit-barbagli.com\/it\/agisce\/#webpage","url":"http:\/\/2023.benoit-barbagli.com\/it\/agisce\/","name":"agisce - Benoit-barbagli.com","isPartOf":{"@id":"https:\/\/2023.benoit-barbagli.com\/#website"},"datePublished":"2022-04-23T11:01:16+00:00","dateModified":"2022-04-23T11:01:17+00:00","description":"Benoit Barbagli vit et travaille \u00e0 ParisIng\u00e9nieur en technologie conceptuelle, \u00e9labore un r\u00e9seau de transmission de pens\u00e9es \u00e0 distance sans interface interm\u00e9diaire. Une technologie qui agit comme un lubrifiant sur les mots et les choses, entre les gestes et les \u00e9motions, pour les assouplir et les connecter. Il utilise pour y parvenir l\u2019amour et la vie.","breadcrumb":{"@id":"http:\/\/2023.benoit-barbagli.com\/it\/agisce\/#breadcrumb"},"inLanguage":"it-IT","potentialAction":[{"@type":"ReadAction","target":["http:\/\/2023.benoit-barbagli.com\/it\/agisce\/"]}]},{"@type":"BreadcrumbList","@id":"http:\/\/2023.benoit-barbagli.com\/it\/agisce\/#breadcrumb","itemListElement":[{"@type":"ListItem","position":1,"name":"Accueil","item":"https:\/\/2023.benoit-barbagli.com\/it\/"},{"@type":"ListItem","position":2,"name":"opera d&#8217;arte selezionata","item":"http:\/\/2023.benoit-barbagli.com\/it\/opera-darte-selezionata\/"},{"@type":"ListItem","position":3,"name":"agisce"}]}]}},"_links":{"self":[{"href":"https:\/\/2023.benoit-barbagli.com\/it\/wp-json\/wp\/v2\/pages\/76677"}],"collection":[{"href":"https:\/\/2023.benoit-barbagli.com\/it\/wp-json\/wp\/v2\/pages"}],"about":[{"href":"https:\/\/2023.benoit-barbagli.com\/it\/wp-json\/wp\/v2\/types\/page"}],"author":[{"embeddable":true,"href":"https:\/\/2023.benoit-barbagli.com\/it\/wp-json\/wp\/v2\/users\/1"}],"replies":[{"embeddable":true,"href":"https:\/\/2023.benoit-barbagli.com\/it\/wp-json\/wp\/v2\/comments?post=76677"}],"version-history":[{"count":2,"href":"https:\/\/2023.benoit-barbagli.com\/it\/wp-json\/wp\/v2\/pages\/76677\/revisions"}],"predecessor-version":[{"id":76679,"href":"https:\/\/2023.benoit-barbagli.com\/it\/wp-json\/wp\/v2\/pages\/76677\/revisions\/76679"}],"up":[{"embeddable":true,"href":"https:\/\/2023.benoit-barbagli.com\/it\/wp-json\/wp\/v2\/pages\/76721"}],"wp:attachment":[{"href":"https:\/\/2023.benoit-barbagli.com\/it\/wp-json\/wp\/v2\/media?parent=76677"}],"curies":[{"name":"wp","href":"https:\/\/api.w.org\/{rel}","templated":true}]}}