{"id":76707,"date":"2022-04-23T11:52:04","date_gmt":"2022-04-23T11:52:04","guid":{"rendered":"http:\/\/2023.benoit-barbagli.com\/performance\/"},"modified":"2022-04-23T11:52:04","modified_gmt":"2022-04-23T11:52:04","slug":"performance","status":"publish","type":"page","link":"http:\/\/2023.benoit-barbagli.com\/it\/performance\/","title":{"rendered":"performance"},"content":{"rendered":"<p>[vc_row row_type=&#8221;row&#8221; use_row_as_full_screen_section=&#8221;no&#8221; type=&#8221;full_width&#8221; text_align=&#8221;left&#8221; background_animation=&#8221;none&#8221; css_animation=&#8221;&#8221;][vc_column][vc_column_text]Performance<\/p>\n<h6><em>L&#8217;effusione della vita<\/em><\/h6>\n<p>motore centrale della mia pratica, \u00e8 solo pienamente pronunciato ai suoi margini.<\/p>\n<p>Perch\u00e9 si \u00e8 decomposto, diluito in altri media, senza mai essere pienamente se stesso.<\/p>\n<p>Tuttavia, ogni opera contiene tanto formalmente quanto sostanzialmente.<\/p>\n<p>Descritto e definito come l&#8217;effusione della vita, \u00e8 il motore della trasformazione da un&#8217;opera all&#8217;altra, da un mezzo all&#8217;altro, fotografia, video, testo, scultura&#8230;[\/vc_column_text][vc_empty_space height=&#8221;100px&#8221;]<div class='projects_holder_outer v5 portfolio_with_space portfolio_standard  qode-filter-position-top'>\n\t    \t<div class='projects_holder clearfix v5 standard portfolio_default_image '>\n\t\t<article class=\"mix portfolio_category_200 portfolio_category_192 portfolio_category_199\">\n    <div class='image_holder default_hover'>\n        \n<span class='image'><img width=\"550\" height=\"498\" src=\"https:\/\/2023.benoit-barbagli.com\/wp-content\/uploads\/2020\/04\/Capture-d\u2019e\u0301cran-2015-02-27-a\u0300-15.33.40-550x498.png\" class=\"attachment-portfolio-default size-portfolio-default wp-post-image\" alt=\"\" decoding=\"async\" srcset=\"https:\/\/2023.benoit-barbagli.com\/wp-content\/uploads\/2020\/04\/Capture-d\u2019e\u0301cran-2015-02-27-a\u0300-15.33.40-550x498.png 550w, https:\/\/2023.benoit-barbagli.com\/wp-content\/uploads\/2020\/04\/Capture-d\u2019e\u0301cran-2015-02-27-a\u0300-15.33.40-480x434.png 480w, https:\/\/2023.benoit-barbagli.com\/wp-content\/uploads\/2020\/04\/Capture-d\u2019e\u0301cran-2015-02-27-a\u0300-15.33.40-125x112.png 125w\" sizes=\"(max-width: 550px) 100vw, 550px\" \/><\/span>\n                    <a class='portfolio_link_class' href='http:\/\/2023.benoit-barbagli.com\/it\/artwork\/affare\/' target='_self'><\/a>\n\t\t\n        <div class=\"portfolio_shader\"><\/div>\n\t\t<div class=\"icons_holder\">\n\t<div class=\"icons_holder_inner\">\n\t\t\t\t\t<a class='portfolio_lightbox' title='performance' href='https:\/\/2023.benoit-barbagli.com\/wp-content\/uploads\/2020\/04\/Capture-d\u2019e\u0301cran-2015-02-27-a\u0300-15.33.40.png' data-rel='prettyPhoto[pretty_photo_gallery]'><\/a>\n\t\t\t\t<a class=\"qode-like\" data-type=\"portfolio_list\" id=\"qode-like-76558\" title=\"Like this\"><\/a>\t<\/div>\n<\/div>\n    <\/div>\n\n    <div class='portfolio_description ' >\n            <h4 class=\"portfolio_title\" ><a href=\"http:\/\/2023.benoit-barbagli.com\/it\/artwork\/affare\/\" target=\"_self\"> Affare<\/a><\/h4>\n<h6 class=\"portfolio_subtitle\"> <\/h6>    <\/div>\n<\/article>\n<article class=\"mix portfolio_category_200\">\n    <div class='image_holder default_hover'>\n        \n<span class='image'><img width=\"550\" height=\"498\" src=\"https:\/\/2023.benoit-barbagli.com\/wp-content\/uploads\/2020\/04\/okok-550x498.png\" class=\"attachment-portfolio-default size-portfolio-default wp-post-image\" alt=\"\" decoding=\"async\" srcset=\"https:\/\/2023.benoit-barbagli.com\/wp-content\/uploads\/2020\/04\/okok-550x498.png 550w, https:\/\/2023.benoit-barbagli.com\/wp-content\/uploads\/2020\/04\/okok-480x434.png 480w, https:\/\/2023.benoit-barbagli.com\/wp-content\/uploads\/2020\/04\/okok-125x112.png 125w\" sizes=\"(max-width: 550px) 100vw, 550px\" \/><\/span>\n                    <a class='portfolio_link_class' href='http:\/\/2023.benoit-barbagli.com\/it\/artwork\/culturacultura\/' target='_self'><\/a>\n\t\t\n        <div class=\"portfolio_shader\"><\/div>\n\t\t<div class=\"icons_holder\">\n\t<div class=\"icons_holder_inner\">\n\t\t\t\t\t<a class='portfolio_lightbox' title='performance' href='https:\/\/2023.benoit-barbagli.com\/wp-content\/uploads\/2020\/04\/okok.png' data-rel='prettyPhoto[pretty_photo_gallery]'><\/a>\n\t\t\t\t<a class=\"qode-like\" data-type=\"portfolio_list\" id=\"qode-like-76564\" title=\"Like this\"><\/a>\t<\/div>\n<\/div>\n    <\/div>\n\n    <div class='portfolio_description ' >\n            <h4 class=\"portfolio_title\" ><a href=\"http:\/\/2023.benoit-barbagli.com\/it\/artwork\/culturacultura\/\" target=\"_self\"> CulturaCultura<\/a><\/h4>\n<h6 class=\"portfolio_subtitle\"> <\/h6>    <\/div>\n<\/article>\n<article class=\"mix portfolio_category_200\">\n    <div class='image_holder default_hover'>\n        \n<span class='image'><img width=\"550\" height=\"498\" src=\"https:\/\/2023.benoit-barbagli.com\/wp-content\/uploads\/2020\/07\/Catha-550x498.jpg\" class=\"attachment-portfolio-default size-portfolio-default wp-post-image\" alt=\"\" decoding=\"async\" srcset=\"https:\/\/2023.benoit-barbagli.com\/wp-content\/uploads\/2020\/07\/Catha-550x498.jpg 550w, https:\/\/2023.benoit-barbagli.com\/wp-content\/uploads\/2020\/07\/Catha-480x434.jpg 480w, https:\/\/2023.benoit-barbagli.com\/wp-content\/uploads\/2020\/07\/Catha-125x112.jpg 125w\" sizes=\"(max-width: 550px) 100vw, 550px\" \/><\/span>\n                    <a class='portfolio_link_class' href='http:\/\/2023.benoit-barbagli.com\/it\/artwork\/tempo-di-fuoco\/' target='_self'><\/a>\n\t\t\n        <div class=\"portfolio_shader\"><\/div>\n\t\t<div class=\"icons_holder\">\n\t<div class=\"icons_holder_inner\">\n\t\t\t\t\t<a class='portfolio_lightbox' title='performance' href='https:\/\/2023.benoit-barbagli.com\/wp-content\/uploads\/2020\/07\/Catha-scaled.jpg' data-rel='prettyPhoto[pretty_photo_gallery]'><\/a>\n\t\t\t\t<a class=\"qode-like\" data-type=\"portfolio_list\" id=\"qode-like-76577\" title=\"Like this\"><\/a>\t<\/div>\n<\/div>\n    <\/div>\n\n    <div class='portfolio_description ' >\n            <h4 class=\"portfolio_title\" ><a href=\"http:\/\/2023.benoit-barbagli.com\/it\/artwork\/tempo-di-fuoco\/\" target=\"_self\"> tempo di fuoco<\/a><\/h4>\n<h6 class=\"portfolio_subtitle\"> <\/h6>    <\/div>\n<\/article>\n\t\t\t\t\t<div class='filler'><\/div>\n\t\t\t\t\t\t\t\t\t<div class='filler'><\/div>\n\t\t\t\t\t\t\t\t\t<div class='filler'><\/div>\n\t\t\t\t\t\t\t\t\t<div class='filler'><\/div>\n\t\t\t\t\t\t\t\t\t<div class='filler'><\/div>\n\t\t\t\t\t<\/div>\n\n    \n\t<\/div>\n[vc_empty_space][\/vc_column][\/vc_row]<\/p>\n","protected":false},"excerpt":{"rendered":"<p>[vc_row row_type=&#8221;row&#8221; use_row_as_full_screen_section=&#8221;no&#8221; type=&#8221;full_width&#8221; text_align=&#8221;left&#8221; background_animation=&#8221;none&#8221; css_animation=&#8221;&#8221;][vc_column][vc_column_text]Performance L&#8217;effusione della vita motore centrale della mia pratica, \u00e8 solo pienamente pronunciato ai suoi margini. Perch\u00e9 si \u00e8 decomposto, diluito in altri media, senza mai essere pienamente se stesso. Tuttavia, ogni opera contiene tanto formalmente quanto sostanzialmente. Descritto&#8230;<\/p>\n","protected":false},"author":1,"featured_media":0,"parent":76721,"menu_order":0,"comment_status":"closed","ping_status":"closed","template":"","meta":{"inline_featured_image":false,"footnotes":""},"yoast_head":"<!-- This site is optimized with the Yoast SEO plugin v19.2 - https:\/\/yoast.com\/wordpress\/plugins\/seo\/ -->\n<title>performance - Benoit-barbagli.com<\/title>\n<meta name=\"description\" content=\"Benoit Barbagli vit et travaille \u00e0 ParisIng\u00e9nieur en technologie conceptuelle, \u00e9labore un r\u00e9seau de transmission de pens\u00e9es \u00e0 distance sans interface interm\u00e9diaire. Une technologie qui agit comme un lubrifiant sur les mots et les choses, entre les gestes et les \u00e9motions, pour les assouplir et les connecter. Il utilise pour y parvenir l\u2019amour et la vie.\" \/>\n<meta name=\"robots\" content=\"index, follow, max-snippet:-1, max-image-preview:large, max-video-preview:-1\" \/>\n<link rel=\"canonical\" href=\"http:\/\/2023.benoit-barbagli.com\/it\/performance\/\" \/>\n<meta property=\"og:locale\" content=\"it_IT\" \/>\n<meta property=\"og:type\" content=\"article\" \/>\n<meta property=\"og:title\" content=\"performance - Benoit-barbagli.com\" \/>\n<meta property=\"og:description\" content=\"Benoit Barbagli vit et travaille \u00e0 ParisIng\u00e9nieur en technologie conceptuelle, \u00e9labore un r\u00e9seau de transmission de pens\u00e9es \u00e0 distance sans interface interm\u00e9diaire. Une technologie qui agit comme un lubrifiant sur les mots et les choses, entre les gestes et les \u00e9motions, pour les assouplir et les connecter. Il utilise pour y parvenir l\u2019amour et la vie.\" \/>\n<meta property=\"og:url\" content=\"http:\/\/2023.benoit-barbagli.com\/it\/performance\/\" \/>\n<meta property=\"og:site_name\" content=\"Benoit-barbagli.com\" \/>\n<meta property=\"og:image\" content=\"https:\/\/2023.benoit-barbagli.com\/wp-content\/uploads\/2019\/05\/DSC02317-scaled.jpg\" \/>\n\t<meta property=\"og:image:width\" content=\"2560\" \/>\n\t<meta property=\"og:image:height\" content=\"1630\" \/>\n\t<meta property=\"og:image:type\" content=\"image\/jpeg\" \/>\n<meta name=\"author\" content=\"benoitbarbagli\" \/>\n<meta name=\"twitter:card\" content=\"summary_large_image\" \/>\n<meta name=\"twitter:label1\" content=\"Tempo di lettura stimato\" \/>\n\t<meta name=\"twitter:data1\" content=\"1 minuto\" \/>\n<!-- \/ Yoast SEO plugin. -->","yoast_head_json":{"title":"performance - Benoit-barbagli.com","description":"Benoit Barbagli vit et travaille \u00e0 ParisIng\u00e9nieur en technologie conceptuelle, \u00e9labore un r\u00e9seau de transmission de pens\u00e9es \u00e0 distance sans interface interm\u00e9diaire. Une technologie qui agit comme un lubrifiant sur les mots et les choses, entre les gestes et les \u00e9motions, pour les assouplir et les connecter. Il utilise pour y parvenir l\u2019amour et la vie.","robots":{"index":"index","follow":"follow","max-snippet":"max-snippet:-1","max-image-preview":"max-image-preview:large","max-video-preview":"max-video-preview:-1"},"canonical":"http:\/\/2023.benoit-barbagli.com\/it\/performance\/","og_locale":"it_IT","og_type":"article","og_title":"performance - Benoit-barbagli.com","og_description":"Benoit Barbagli vit et travaille \u00e0 ParisIng\u00e9nieur en technologie conceptuelle, \u00e9labore un r\u00e9seau de transmission de pens\u00e9es \u00e0 distance sans interface interm\u00e9diaire. Une technologie qui agit comme un lubrifiant sur les mots et les choses, entre les gestes et les \u00e9motions, pour les assouplir et les connecter. Il utilise pour y parvenir l\u2019amour et la vie.","og_url":"http:\/\/2023.benoit-barbagli.com\/it\/performance\/","og_site_name":"Benoit-barbagli.com","og_image":[{"width":2560,"height":1630,"url":"https:\/\/2023.benoit-barbagli.com\/wp-content\/uploads\/2019\/05\/DSC02317-scaled.jpg","type":"image\/jpeg"}],"author":"benoitbarbagli","twitter_card":"summary_large_image","twitter_misc":{"Tempo di lettura stimato":"1 minuto"},"schema":{"@context":"https:\/\/schema.org","@graph":[{"@type":["Person","Organization"],"@id":"https:\/\/2023.benoit-barbagli.com\/#\/schema\/person\/413a50e5dd6129de03df354d73c4ffaf","name":"benoitbarbagli","image":{"@type":"ImageObject","inLanguage":"it-IT","@id":"https:\/\/2023.benoit-barbagli.com\/#\/schema\/person\/image\/","url":"http:\/\/benoit-barbagli.com\/wp-content\/uploads\/2020\/07\/Catha-scaled.jpg","contentUrl":"http:\/\/benoit-barbagli.com\/wp-content\/uploads\/2020\/07\/Catha-scaled.jpg","width":2560,"height":1440,"caption":"benoitbarbagli"},"logo":{"@id":"https:\/\/2023.benoit-barbagli.com\/#\/schema\/person\/image\/"}},{"@type":"WebSite","@id":"https:\/\/2023.benoit-barbagli.com\/#website","url":"https:\/\/2023.benoit-barbagli.com\/","name":"Benoit-barbagli.com","description":"Sous le chaos, la vie","publisher":{"@id":"https:\/\/2023.benoit-barbagli.com\/#\/schema\/person\/413a50e5dd6129de03df354d73c4ffaf"},"potentialAction":[{"@type":"SearchAction","target":{"@type":"EntryPoint","urlTemplate":"https:\/\/2023.benoit-barbagli.com\/?s={search_term_string}"},"query-input":"required name=search_term_string"}],"inLanguage":"it-IT"},{"@type":"WebPage","@id":"http:\/\/2023.benoit-barbagli.com\/it\/performance\/#webpage","url":"http:\/\/2023.benoit-barbagli.com\/it\/performance\/","name":"performance - Benoit-barbagli.com","isPartOf":{"@id":"https:\/\/2023.benoit-barbagli.com\/#website"},"datePublished":"2022-04-23T11:52:04+00:00","dateModified":"2022-04-23T11:52:04+00:00","description":"Benoit Barbagli vit et travaille \u00e0 ParisIng\u00e9nieur en technologie conceptuelle, \u00e9labore un r\u00e9seau de transmission de pens\u00e9es \u00e0 distance sans interface interm\u00e9diaire. Une technologie qui agit comme un lubrifiant sur les mots et les choses, entre les gestes et les \u00e9motions, pour les assouplir et les connecter. Il utilise pour y parvenir l\u2019amour et la vie.","breadcrumb":{"@id":"http:\/\/2023.benoit-barbagli.com\/it\/performance\/#breadcrumb"},"inLanguage":"it-IT","potentialAction":[{"@type":"ReadAction","target":["http:\/\/2023.benoit-barbagli.com\/it\/performance\/"]}]},{"@type":"BreadcrumbList","@id":"http:\/\/2023.benoit-barbagli.com\/it\/performance\/#breadcrumb","itemListElement":[{"@type":"ListItem","position":1,"name":"Accueil","item":"https:\/\/2023.benoit-barbagli.com\/it\/"},{"@type":"ListItem","position":2,"name":"opera d&#8217;arte selezionata","item":"http:\/\/2023.benoit-barbagli.com\/it\/opera-darte-selezionata\/"},{"@type":"ListItem","position":3,"name":"performance"}]}]}},"_links":{"self":[{"href":"https:\/\/2023.benoit-barbagli.com\/it\/wp-json\/wp\/v2\/pages\/76707"}],"collection":[{"href":"https:\/\/2023.benoit-barbagli.com\/it\/wp-json\/wp\/v2\/pages"}],"about":[{"href":"https:\/\/2023.benoit-barbagli.com\/it\/wp-json\/wp\/v2\/types\/page"}],"author":[{"embeddable":true,"href":"https:\/\/2023.benoit-barbagli.com\/it\/wp-json\/wp\/v2\/users\/1"}],"replies":[{"embeddable":true,"href":"https:\/\/2023.benoit-barbagli.com\/it\/wp-json\/wp\/v2\/comments?post=76707"}],"version-history":[{"count":2,"href":"https:\/\/2023.benoit-barbagli.com\/it\/wp-json\/wp\/v2\/pages\/76707\/revisions"}],"predecessor-version":[{"id":76709,"href":"https:\/\/2023.benoit-barbagli.com\/it\/wp-json\/wp\/v2\/pages\/76707\/revisions\/76709"}],"up":[{"embeddable":true,"href":"https:\/\/2023.benoit-barbagli.com\/it\/wp-json\/wp\/v2\/pages\/76721"}],"wp:attachment":[{"href":"https:\/\/2023.benoit-barbagli.com\/it\/wp-json\/wp\/v2\/media?parent=76707"}],"curies":[{"name":"wp","href":"https:\/\/api.w.org\/{rel}","templated":true}]}}