{"id":76718,"date":"2022-04-23T11:53:31","date_gmt":"2022-04-23T11:53:31","guid":{"rendered":"http:\/\/2023.benoit-barbagli.com\/di\/galleria\/"},"modified":"2022-04-23T11:53:31","modified_gmt":"2022-04-23T11:53:31","slug":"galleria","status":"publish","type":"page","link":"http:\/\/2023.benoit-barbagli.com\/it\/di\/galleria\/","title":{"rendered":"galleria"},"content":{"rendered":"<p>[vc_row row_type=&#8221;row&#8221; use_row_as_full_screen_section=&#8221;no&#8221; type=&#8221;full_width&#8221; text_align=&#8221;left&#8221; background_animation=&#8221;none&#8221; css_animation=&#8221;&#8221;][vc_column][vc_column_text]<\/p>\n<h2 style=\"text-align: center;\"><img decoding=\"async\" loading=\"lazy\" class=\"wp-image-24463 alignleft\" src=\"http:\/\/2023.benoit-barbagli.com\/wp-content\/uploads\/2016\/09\/Logo-Galerie-Eva-Vautier.jpg\" alt=\"\" width=\"250\" height=\"29\"><\/h2>\n<p>[\/vc_column_text][\/vc_column][\/vc_row][vc_row row_type=&#8221;row&#8221; use_row_as_full_screen_section=&#8221;no&#8221; type=&#8221;full_width&#8221; text_align=&#8221;left&#8221; background_animation=&#8221;none&#8221; css_animation=&#8221;&#8221; css=&#8221;.vc_custom_1556206039671{margin-right: 10px !important;border-radius: 15px !important;}&#8221;][vc_column][vc_empty_space][vc_column_text]<span style=\"font-family: helveticaneuelight; font-size: 10pt;\">Artista co-fondatore e curatore, presso la <a href=\"http:\/\/eva-vautier.com\">Galleria Eva Vautier<\/a>, Nizza<\/span>[\/vc_column_text][vc_empty_space][vc_column_text]<span style=\"font-family: helveticaneuelight; font-size: 10pt;\">Galleria Eva Vautier<\/span><\/p>\n<p><span style=\"font-family: helveticaneuelight; font-size: 10pt;\">2 rue vernier<\/span><\/p>\n<p><span style=\"font-family: helveticaneuelight; font-size: 10pt;\">Quartiere della liberazione<\/span><\/p>\n<p><span style=\"font-family: helveticaneuelight; font-size: 10pt;\">06000 Nizza<\/span><\/p>\n<p><span style=\"font-family: helveticaneuelight; font-size: 10pt;\">Tel 09 80 84 96 73<\/span><\/p>\n<p><span style=\"font-family: helveticaneuelight; font-size: 10pt;\">Tel 06 07 25 14 08<\/span>[\/vc_column_text][vc_empty_space][vc_column_text]<a href=\"http:\/\/2023.benoit-barbagli.com\/wp-content\/uploads\/2018\/04\/logo-galerie-bertheas.png\"><img decoding=\"async\" loading=\"lazy\" class=\" wp-image-24552 alignleft\" src=\"http:\/\/2023.benoit-barbagli.com\/wp-content\/uploads\/2018\/04\/logo-galerie-bertheas.png\" alt=\"\" width=\"243\" height=\"51\"><\/a>[\/vc_column_text][\/vc_column][\/vc_row][vc_row row_type=&#8221;row&#8221; use_row_as_full_screen_section=&#8221;no&#8221; type=&#8221;full_width&#8221; text_align=&#8221;left&#8221; background_animation=&#8221;none&#8221; css_animation=&#8221;&#8221;][vc_column][\/vc_column][\/vc_row][vc_row row_type=&#8221;row&#8221; use_row_as_full_screen_section=&#8221;no&#8221; type=&#8221;full_width&#8221; text_align=&#8221;left&#8221; background_animation=&#8221;none&#8221; css_animation=&#8221;&#8221; css=&#8221;.vc_custom_1556206188924{border-top-width: 0px !important;border-right-width: 0px !important;border-bottom-width: 0px !important;border-left-width: 0px !important;border-left-color: #000000 !important;border-left-style: solid !important;border-right-color: #000000 !important;border-right-style: solid !important;border-top-color: #000000 !important;border-top-style: solid !important;border-bottom-color: #000000 !important;border-bottom-style: solid !important;border-radius: 15px !important;}&#8221;][vc_column][vc_empty_space][vc_column_text]<span style=\"font-family: helveticaneuelight; font-size: 10pt;\">Artista rappresentato dalla <a href=\"http:\/\/www.galerie-les-tournesols.fr\/\">Galerie Bertheas<\/a> &#8211; Saint-Etienne, Vichi, Parigi  <\/span>[\/vc_column_text][vc_empty_space][vc_column_text css=&#8221;.vc_custom_1556206829848{border-radius: 3px !important;}&#8221;]<span style=\"font-size: 10pt; font-family: helveticaneuelight;\">PARIGI<\/span><\/p>\n<div>\n<div id=\"u37037-39\" data-ice-editable=\"html\" data-ice-options=\"disableImageResize,none\" data-muse-uid=\"U37037\">\n<p class=\"text-spacing-sm\"><span style=\"font-family: helveticaneuelight; font-size: 10pt;\">76, rue de Turenne 75003<\/span><br \/>\n<span style=\"font-family: helveticaneuelight; font-size: 10pt;\">01 42 71 73 51 &#8211; 06 13 57 11 80<\/span><br \/>\n<span style=\"font-family: helveticaneuelight; font-size: 10pt;\">paris@galeriebertheas.fr<\/span><\/p>\n<p>&nbsp;<\/p>\n<p><span style=\"font-family: helveticaneuelight; font-size: 10pt;\">________________________<\/span><\/p>\n<p><span style=\"font-family: helveticaneuelight; font-size: 10pt;\">SAINT-ETIENNE<\/span><\/p>\n<p class=\"text-spacing-sm\"><span style=\"font-family: helveticaneuelight; font-size: 10pt;\">1 &amp; 2 place Maxime Gorki 42000<\/span><br \/>\n<span style=\"font-family: helveticaneuelight; font-size: 10pt;\">04 77 41 80 77 &#8211; 06 14 75 05 48<\/span><br \/>\n<span style=\"font-family: helveticaneuelight; font-size: 10pt;\">saint-etienne@galeriebertheas.fr<\/span><\/p>\n<p>&nbsp;<\/p>\n<p><span style=\"font-family: helveticaneuelight; font-size: 10pt;\">_________________________<\/span><\/p>\n<p><span style=\"font-family: helveticaneuelight; font-size: 10pt;\">VICHY<\/span><\/p>\n<p class=\"text-spacing-sm\"><span style=\"font-family: helveticaneuelight; font-size: 10pt;\">23, rue du Parc 03200<\/span><br \/>\n<span style=\"font-family: helveticaneuelight; font-size: 10pt;\">04 70 31 74 08 &#8211; 06 89 95 59 13<\/span><br \/>\n<span style=\"font-family: helveticaneuelight; font-size: 10pt;\">vichy@galeriebertheas.fr<\/span><\/p>\n<\/div>\n<\/div>\n<p>[\/vc_column_text][\/vc_column][\/vc_row][vc_row row_type=&#8221;row&#8221; use_row_as_full_screen_section=&#8221;no&#8221; type=&#8221;full_width&#8221; text_align=&#8221;left&#8221; background_animation=&#8221;none&#8221; css_animation=&#8221;&#8221;][vc_column][\/vc_column][\/vc_row]<\/p>\n","protected":false},"excerpt":{"rendered":"<p>[vc_row row_type=&#8221;row&#8221; use_row_as_full_screen_section=&#8221;no&#8221; type=&#8221;full_width&#8221; text_align=&#8221;left&#8221; background_animation=&#8221;none&#8221; css_animation=&#8221;&#8221;][vc_column][vc_column_text] [\/vc_column_text][\/vc_column][\/vc_row][vc_row row_type=&#8221;row&#8221; use_row_as_full_screen_section=&#8221;no&#8221; type=&#8221;full_width&#8221; text_align=&#8221;left&#8221; background_animation=&#8221;none&#8221; css_animation=&#8221;&#8221; css=&#8221;.vc_custom_1556206039671{margin-right: 10px !important;border-radius: 15px !important;}&#8221;][vc_column][vc_empty_space][vc_column_text]Artista co-fondatore e curatore, presso la Galleria Eva Vautier, Nizza[\/vc_column_text][vc_empty_space][vc_column_text]Galleria Eva Vautier 2 rue vernier Quartiere della liberazione 06000 Nizza Tel 09 80 84 96 73 Tel&#8230;<\/p>\n","protected":false},"author":1,"featured_media":0,"parent":76360,"menu_order":0,"comment_status":"closed","ping_status":"closed","template":"","meta":{"inline_featured_image":false,"footnotes":""},"yoast_head":"<!-- This site is optimized with the Yoast SEO plugin v19.2 - https:\/\/yoast.com\/wordpress\/plugins\/seo\/ -->\n<title>galleria - Benoit-barbagli.com<\/title>\n<meta name=\"description\" content=\"Benoit Barbagli vit et travaille \u00e0 ParisIng\u00e9nieur en technologie conceptuelle, \u00e9labore un r\u00e9seau de transmission de pens\u00e9es \u00e0 distance sans interface interm\u00e9diaire. Une technologie qui agit comme un lubrifiant sur les mots et les choses, entre les gestes et les \u00e9motions, pour les assouplir et les connecter. Il utilise pour y parvenir l\u2019amour et la vie.\" \/>\n<meta name=\"robots\" content=\"index, follow, max-snippet:-1, max-image-preview:large, max-video-preview:-1\" \/>\n<link rel=\"canonical\" href=\"http:\/\/2023.benoit-barbagli.com\/it\/di\/galleria\/\" \/>\n<meta property=\"og:locale\" content=\"it_IT\" \/>\n<meta property=\"og:type\" content=\"article\" \/>\n<meta property=\"og:title\" content=\"galleria - Benoit-barbagli.com\" \/>\n<meta property=\"og:description\" content=\"Benoit Barbagli vit et travaille \u00e0 ParisIng\u00e9nieur en technologie conceptuelle, \u00e9labore un r\u00e9seau de transmission de pens\u00e9es \u00e0 distance sans interface interm\u00e9diaire. Une technologie qui agit comme un lubrifiant sur les mots et les choses, entre les gestes et les \u00e9motions, pour les assouplir et les connecter. Il utilise pour y parvenir l\u2019amour et la vie.\" \/>\n<meta property=\"og:url\" content=\"http:\/\/2023.benoit-barbagli.com\/it\/di\/galleria\/\" \/>\n<meta property=\"og:site_name\" content=\"Benoit-barbagli.com\" \/>\n<meta property=\"og:image\" content=\"http:\/\/benoit-barbagli.com\/wp-content\/uploads\/2016\/09\/Logo-Galerie-Eva-Vautier.jpg\" \/>\n<meta name=\"author\" content=\"benoitbarbagli\" \/>\n<meta name=\"twitter:card\" content=\"summary_large_image\" \/>\n<meta name=\"twitter:label1\" content=\"Tempo di lettura stimato\" \/>\n\t<meta name=\"twitter:data1\" content=\"2 minuti\" \/>\n<!-- \/ Yoast SEO plugin. -->","yoast_head_json":{"title":"galleria - Benoit-barbagli.com","description":"Benoit Barbagli vit et travaille \u00e0 ParisIng\u00e9nieur en technologie conceptuelle, \u00e9labore un r\u00e9seau de transmission de pens\u00e9es \u00e0 distance sans interface interm\u00e9diaire. Une technologie qui agit comme un lubrifiant sur les mots et les choses, entre les gestes et les \u00e9motions, pour les assouplir et les connecter. Il utilise pour y parvenir l\u2019amour et la vie.","robots":{"index":"index","follow":"follow","max-snippet":"max-snippet:-1","max-image-preview":"max-image-preview:large","max-video-preview":"max-video-preview:-1"},"canonical":"http:\/\/2023.benoit-barbagli.com\/it\/di\/galleria\/","og_locale":"it_IT","og_type":"article","og_title":"galleria - Benoit-barbagli.com","og_description":"Benoit Barbagli vit et travaille \u00e0 ParisIng\u00e9nieur en technologie conceptuelle, \u00e9labore un r\u00e9seau de transmission de pens\u00e9es \u00e0 distance sans interface interm\u00e9diaire. Une technologie qui agit comme un lubrifiant sur les mots et les choses, entre les gestes et les \u00e9motions, pour les assouplir et les connecter. Il utilise pour y parvenir l\u2019amour et la vie.","og_url":"http:\/\/2023.benoit-barbagli.com\/it\/di\/galleria\/","og_site_name":"Benoit-barbagli.com","og_image":[{"url":"http:\/\/benoit-barbagli.com\/wp-content\/uploads\/2016\/09\/Logo-Galerie-Eva-Vautier.jpg"}],"author":"benoitbarbagli","twitter_card":"summary_large_image","twitter_misc":{"Tempo di lettura stimato":"2 minuti"},"schema":{"@context":"https:\/\/schema.org","@graph":[{"@type":["Person","Organization"],"@id":"https:\/\/2023.benoit-barbagli.com\/#\/schema\/person\/413a50e5dd6129de03df354d73c4ffaf","name":"benoitbarbagli","image":{"@type":"ImageObject","inLanguage":"it-IT","@id":"https:\/\/2023.benoit-barbagli.com\/#\/schema\/person\/image\/","url":"http:\/\/benoit-barbagli.com\/wp-content\/uploads\/2020\/07\/Catha-scaled.jpg","contentUrl":"http:\/\/benoit-barbagli.com\/wp-content\/uploads\/2020\/07\/Catha-scaled.jpg","width":2560,"height":1440,"caption":"benoitbarbagli"},"logo":{"@id":"https:\/\/2023.benoit-barbagli.com\/#\/schema\/person\/image\/"}},{"@type":"WebSite","@id":"https:\/\/2023.benoit-barbagli.com\/#website","url":"https:\/\/2023.benoit-barbagli.com\/","name":"Benoit-barbagli.com","description":"Sous le chaos, la vie","publisher":{"@id":"https:\/\/2023.benoit-barbagli.com\/#\/schema\/person\/413a50e5dd6129de03df354d73c4ffaf"},"potentialAction":[{"@type":"SearchAction","target":{"@type":"EntryPoint","urlTemplate":"https:\/\/2023.benoit-barbagli.com\/?s={search_term_string}"},"query-input":"required name=search_term_string"}],"inLanguage":"it-IT"},{"@type":"ImageObject","inLanguage":"it-IT","@id":"http:\/\/2023.benoit-barbagli.com\/it\/di\/galleria\/#primaryimage","url":"http:\/\/benoit-barbagli.com\/wp-content\/uploads\/2016\/09\/Logo-Galerie-Eva-Vautier.jpg","contentUrl":"http:\/\/benoit-barbagli.com\/wp-content\/uploads\/2016\/09\/Logo-Galerie-Eva-Vautier.jpg"},{"@type":"WebPage","@id":"http:\/\/2023.benoit-barbagli.com\/it\/di\/galleria\/#webpage","url":"http:\/\/2023.benoit-barbagli.com\/it\/di\/galleria\/","name":"galleria - Benoit-barbagli.com","isPartOf":{"@id":"https:\/\/2023.benoit-barbagli.com\/#website"},"primaryImageOfPage":{"@id":"http:\/\/2023.benoit-barbagli.com\/it\/di\/galleria\/#primaryimage"},"datePublished":"2022-04-23T11:53:31+00:00","dateModified":"2022-04-23T11:53:31+00:00","description":"Benoit Barbagli vit et travaille \u00e0 ParisIng\u00e9nieur en technologie conceptuelle, \u00e9labore un r\u00e9seau de transmission de pens\u00e9es \u00e0 distance sans interface interm\u00e9diaire. Une technologie qui agit comme un lubrifiant sur les mots et les choses, entre les gestes et les \u00e9motions, pour les assouplir et les connecter. Il utilise pour y parvenir l\u2019amour et la vie.","breadcrumb":{"@id":"http:\/\/2023.benoit-barbagli.com\/it\/di\/galleria\/#breadcrumb"},"inLanguage":"it-IT","potentialAction":[{"@type":"ReadAction","target":["http:\/\/2023.benoit-barbagli.com\/it\/di\/galleria\/"]}]},{"@type":"BreadcrumbList","@id":"http:\/\/2023.benoit-barbagli.com\/it\/di\/galleria\/#breadcrumb","itemListElement":[{"@type":"ListItem","position":1,"name":"Accueil","item":"https:\/\/2023.benoit-barbagli.com\/it\/"},{"@type":"ListItem","position":2,"name":"di","item":"https:\/\/2023.benoit-barbagli.com\/it\/di\/"},{"@type":"ListItem","position":3,"name":"galleria"}]}]}},"_links":{"self":[{"href":"https:\/\/2023.benoit-barbagli.com\/it\/wp-json\/wp\/v2\/pages\/76718"}],"collection":[{"href":"https:\/\/2023.benoit-barbagli.com\/it\/wp-json\/wp\/v2\/pages"}],"about":[{"href":"https:\/\/2023.benoit-barbagli.com\/it\/wp-json\/wp\/v2\/types\/page"}],"author":[{"embeddable":true,"href":"https:\/\/2023.benoit-barbagli.com\/it\/wp-json\/wp\/v2\/users\/1"}],"replies":[{"embeddable":true,"href":"https:\/\/2023.benoit-barbagli.com\/it\/wp-json\/wp\/v2\/comments?post=76718"}],"version-history":[{"count":2,"href":"https:\/\/2023.benoit-barbagli.com\/it\/wp-json\/wp\/v2\/pages\/76718\/revisions"}],"predecessor-version":[{"id":76720,"href":"https:\/\/2023.benoit-barbagli.com\/it\/wp-json\/wp\/v2\/pages\/76718\/revisions\/76720"}],"up":[{"embeddable":true,"href":"https:\/\/2023.benoit-barbagli.com\/it\/wp-json\/wp\/v2\/pages\/76360"}],"wp:attachment":[{"href":"https:\/\/2023.benoit-barbagli.com\/it\/wp-json\/wp\/v2\/media?parent=76718"}],"curies":[{"name":"wp","href":"https:\/\/api.w.org\/{rel}","templated":true}]}}