{"id":69348,"date":"2020-09-09T09:27:19","date_gmt":"2020-09-09T09:27:19","guid":{"rendered":"http:\/\/2023.benoit-barbagli.com\/articles\/pins-si-bemol-amoureux\/"},"modified":"2022-02-01T10:44:12","modified_gmt":"2022-02-01T10:44:12","slug":"pins-si-bemol-amoureux","status":"publish","type":"product","link":"http:\/\/2023.benoit-barbagli.com\/articles\/pins-si-bemol-amoureux\/","title":{"rendered":"Benoit Barbagli, Si B\u00e9mol amoureux &#8211; Broche"},"content":{"rendered":"","protected":false},"excerpt":{"rendered":"<p>Benoit Barbagli, <em>Si B\u00e9mol amoureux<\/em>, 2020<\/p>\n<p>Broche en Zinc alli\u00e9e, Double attache,\u00a0 Plaqu\u00e9 or,\u00a040mm<\/p>\n","protected":false},"featured_media":74397,"template":"","meta":{"inline_featured_image":false},"product_cat":[16],"product_tag":[],"yoast_head":"<!-- This site is optimized with the Yoast SEO plugin v19.2 - https:\/\/yoast.com\/wordpress\/plugins\/seo\/ -->\n<title>Benoit Barbagli, Si B\u00e9mol amoureux - Broche - Benoit-barbagli.com<\/title>\n<meta name=\"description\" content=\"Broche - Si B\u00e9mol amoureux - Benoit Barbagli - Taille: 40mm - Double attache Plaqu\u00e9 Or - Edition limit\u00e9\" \/>\n<meta name=\"robots\" content=\"index, follow, max-snippet:-1, max-image-preview:large, max-video-preview:-1\" \/>\n<link rel=\"canonical\" href=\"http:\/\/2023.benoit-barbagli.com\/articles\/pins-si-bemol-amoureux\/\" \/>\n<meta property=\"og:locale\" content=\"it_IT\" \/>\n<meta property=\"og:type\" content=\"article\" \/>\n<meta property=\"og:title\" content=\"Benoit Barbagli, Si B\u00e9mol amoureux - Broche - Benoit-barbagli.com\" \/>\n<meta property=\"og:description\" content=\"Broche - Si B\u00e9mol amoureux - Benoit Barbagli - Taille: 40mm - Double attache Plaqu\u00e9 Or - Edition limit\u00e9\" \/>\n<meta property=\"og:url\" content=\"http:\/\/2023.benoit-barbagli.com\/articles\/pins-si-bemol-amoureux\/\" \/>\n<meta property=\"og:site_name\" content=\"Benoit-barbagli.com\" \/>\n<meta property=\"article:modified_time\" content=\"2022-02-01T10:44:12+00:00\" \/>\n<meta property=\"og:image\" content=\"https:\/\/2023.benoit-barbagli.com\/wp-content\/uploads\/2021\/03\/119172827_684677345728791_2947792422661119873_o.jpg\" \/>\n\t<meta property=\"og:image:width\" content=\"960\" \/>\n\t<meta property=\"og:image:height\" content=\"588\" \/>\n\t<meta property=\"og:image:type\" content=\"image\/jpeg\" \/>\n<meta name=\"author\" content=\"benoitbarbagli\" \/>\n<meta name=\"twitter:card\" content=\"summary_large_image\" \/>\n<!-- \/ Yoast SEO plugin. -->","yoast_head_json":{"title":"Benoit Barbagli, Si B\u00e9mol amoureux - Broche - Benoit-barbagli.com","description":"Broche - Si B\u00e9mol amoureux - Benoit Barbagli - Taille: 40mm - Double attache Plaqu\u00e9 Or - Edition limit\u00e9","robots":{"index":"index","follow":"follow","max-snippet":"max-snippet:-1","max-image-preview":"max-image-preview:large","max-video-preview":"max-video-preview:-1"},"canonical":"http:\/\/2023.benoit-barbagli.com\/articles\/pins-si-bemol-amoureux\/","og_locale":"it_IT","og_type":"article","og_title":"Benoit Barbagli, Si B\u00e9mol amoureux - Broche - Benoit-barbagli.com","og_description":"Broche - Si B\u00e9mol amoureux - Benoit Barbagli - Taille: 40mm - Double attache Plaqu\u00e9 Or - Edition limit\u00e9","og_url":"http:\/\/2023.benoit-barbagli.com\/articles\/pins-si-bemol-amoureux\/","og_site_name":"Benoit-barbagli.com","article_modified_time":"2022-02-01T10:44:12+00:00","og_image":[{"width":960,"height":588,"url":"https:\/\/2023.benoit-barbagli.com\/wp-content\/uploads\/2021\/03\/119172827_684677345728791_2947792422661119873_o.jpg","type":"image\/jpeg"}],"author":"benoitbarbagli","twitter_card":"summary_large_image","schema":{"@context":"https:\/\/schema.org","@graph":[{"@type":["Person","Organization"],"@id":"https:\/\/2023.benoit-barbagli.com\/#\/schema\/person\/413a50e5dd6129de03df354d73c4ffaf","name":"benoitbarbagli","image":{"@type":"ImageObject","inLanguage":"it-IT","@id":"https:\/\/2023.benoit-barbagli.com\/#\/schema\/person\/image\/","url":"http:\/\/benoit-barbagli.com\/wp-content\/uploads\/2020\/07\/Catha-scaled.jpg","contentUrl":"http:\/\/benoit-barbagli.com\/wp-content\/uploads\/2020\/07\/Catha-scaled.jpg","width":2560,"height":1440,"caption":"benoitbarbagli"},"logo":{"@id":"https:\/\/2023.benoit-barbagli.com\/#\/schema\/person\/image\/"}},{"@type":"WebSite","@id":"https:\/\/2023.benoit-barbagli.com\/#website","url":"https:\/\/2023.benoit-barbagli.com\/","name":"Benoit-barbagli.com","description":"Sous le chaos, la vie","publisher":{"@id":"https:\/\/2023.benoit-barbagli.com\/#\/schema\/person\/413a50e5dd6129de03df354d73c4ffaf"},"potentialAction":[{"@type":"SearchAction","target":{"@type":"EntryPoint","urlTemplate":"https:\/\/2023.benoit-barbagli.com\/?s={search_term_string}"},"query-input":"required name=search_term_string"}],"inLanguage":"it-IT"},{"@type":"ImageObject","inLanguage":"it-IT","@id":"http:\/\/2023.benoit-barbagli.com\/articles\/pins-si-bemol-amoureux\/#primaryimage","url":"https:\/\/2023.benoit-barbagli.com\/wp-content\/uploads\/2021\/03\/119172827_684677345728791_2947792422661119873_o.jpg","contentUrl":"https:\/\/2023.benoit-barbagli.com\/wp-content\/uploads\/2021\/03\/119172827_684677345728791_2947792422661119873_o.jpg","width":960,"height":588},{"@type":"WebPage","@id":"http:\/\/2023.benoit-barbagli.com\/articles\/pins-si-bemol-amoureux\/#webpage","url":"http:\/\/2023.benoit-barbagli.com\/articles\/pins-si-bemol-amoureux\/","name":"Benoit Barbagli, Si B\u00e9mol amoureux - Broche - Benoit-barbagli.com","isPartOf":{"@id":"https:\/\/2023.benoit-barbagli.com\/#website"},"primaryImageOfPage":{"@id":"http:\/\/2023.benoit-barbagli.com\/articles\/pins-si-bemol-amoureux\/#primaryimage"},"datePublished":"2020-09-09T09:27:19+00:00","dateModified":"2022-02-01T10:44:12+00:00","description":"Broche - Si B\u00e9mol amoureux - Benoit Barbagli - Taille: 40mm - Double attache Plaqu\u00e9 Or - Edition limit\u00e9","breadcrumb":{"@id":"http:\/\/2023.benoit-barbagli.com\/articles\/pins-si-bemol-amoureux\/#breadcrumb"},"inLanguage":"it-IT","potentialAction":[{"@type":"ReadAction","target":["http:\/\/2023.benoit-barbagli.com\/articles\/pins-si-bemol-amoureux\/"]}]},{"@type":"BreadcrumbList","@id":"http:\/\/2023.benoit-barbagli.com\/articles\/pins-si-bemol-amoureux\/#breadcrumb","itemListElement":[{"@type":"ListItem","position":1,"name":"Accueil","item":"https:\/\/2023.benoit-barbagli.com\/it\/"},{"@type":"ListItem","position":2,"name":"negozio","item":"http:\/\/2023.benoit-barbagli.com\/it\/negozio\/"},{"@type":"ListItem","position":3,"name":"Benoit Barbagli, Si B\u00e9mol amoureux &#8211; Broche"}]}]}},"_links":{"self":[{"href":"https:\/\/2023.benoit-barbagli.com\/it\/wp-json\/wp\/v2\/product\/69348"}],"collection":[{"href":"https:\/\/2023.benoit-barbagli.com\/it\/wp-json\/wp\/v2\/product"}],"about":[{"href":"https:\/\/2023.benoit-barbagli.com\/it\/wp-json\/wp\/v2\/types\/product"}],"wp:featuredmedia":[{"embeddable":true,"href":"https:\/\/2023.benoit-barbagli.com\/it\/wp-json\/wp\/v2\/media\/74397"}],"wp:attachment":[{"href":"https:\/\/2023.benoit-barbagli.com\/it\/wp-json\/wp\/v2\/media?parent=69348"}],"wp:term":[{"taxonomy":"product_cat","embeddable":true,"href":"https:\/\/2023.benoit-barbagli.com\/it\/wp-json\/wp\/v2\/product_cat?post=69348"},{"taxonomy":"product_tag","embeddable":true,"href":"https:\/\/2023.benoit-barbagli.com\/it\/wp-json\/wp\/v2\/product_tag?post=69348"}],"curies":[{"name":"wp","href":"https:\/\/api.w.org\/{rel}","templated":true}]}}