{"id":74393,"date":"2022-01-31T13:25:47","date_gmt":"2022-01-31T13:25:47","guid":{"rendered":"http:\/\/2023.benoit-barbagli.com\/articles\/lumiere-amoureuses\/"},"modified":"2022-04-14T16:55:42","modified_gmt":"2022-04-14T16:55:42","slug":"lumiere-amoureuses","status":"publish","type":"product","link":"http:\/\/2023.benoit-barbagli.com\/articles\/lumiere-amoureuses\/","title":{"rendered":"Benoit Barbagli, Lumi\u00e8re amoureuses"},"content":{"rendered":"","protected":false},"excerpt":{"rendered":"<p>Benoit Barbagli, <em>Lumi\u00e8re amoureuse<\/em>, 2020,<\/p>\n<p>Impression pigmentaire sur papier Baryta Hahnem\u00fchle 315g<br \/>\nPlexi Noir 3mm pour Face Arri\u00e8re,\u00a0Plexi 3mm pour Face Avant antireflet, 100 \u00d7 61,8 cm<br \/>\n\u0152uvre originale, sign\u00e9e num\u00e9rot\u00e9 \u00e0 5 exemplaires<\/p>\n","protected":false},"featured_media":74391,"template":"","meta":{"inline_featured_image":false},"product_cat":[16,89],"product_tag":[],"yoast_head":"<!-- This site is optimized with the Yoast SEO plugin v19.2 - https:\/\/yoast.com\/wordpress\/plugins\/seo\/ -->\n<title>Benoit Barbagli, Lumi\u00e8re amoureuses - Benoit-barbagli.com<\/title>\n<meta name=\"robots\" content=\"index, follow, max-snippet:-1, max-image-preview:large, max-video-preview:-1\" \/>\n<link rel=\"canonical\" href=\"http:\/\/2023.benoit-barbagli.com\/articles\/lumiere-amoureuses\/\" \/>\n<meta property=\"og:locale\" content=\"it_IT\" \/>\n<meta property=\"og:type\" content=\"article\" \/>\n<meta property=\"og:title\" content=\"Benoit Barbagli, Lumi\u00e8re amoureuses - Benoit-barbagli.com\" \/>\n<meta property=\"og:description\" content=\"Benoit Barbagli, Lumi\u00e8re amoureuse, 2020,  Impression pigmentaire sur papier Baryta Hahnem\u00fchle 315g Plexi Noir 3mm pour Face Arri\u00e8re,\u00a0Plexi 3mm pour Face Avant antireflet, 100 \u00d7 61,8 cm \u0152uvre originale, sign\u00e9e num\u00e9rot\u00e9 \u00e0 5 exemplaires\" \/>\n<meta property=\"og:url\" content=\"http:\/\/2023.benoit-barbagli.com\/articles\/lumiere-amoureuses\/\" \/>\n<meta property=\"og:site_name\" content=\"Benoit-barbagli.com\" \/>\n<meta property=\"article:modified_time\" content=\"2022-04-14T16:55:42+00:00\" \/>\n<meta property=\"og:image\" content=\"https:\/\/2023.benoit-barbagli.com\/wp-content\/uploads\/2022\/01\/BEN08579-Modifier.jpg\" \/>\n\t<meta property=\"og:image:width\" content=\"1200\" \/>\n\t<meta property=\"og:image:height\" content=\"742\" \/>\n\t<meta property=\"og:image:type\" content=\"image\/jpeg\" \/>\n<meta name=\"author\" content=\"benoitbarbagli\" \/>\n<meta name=\"twitter:card\" content=\"summary_large_image\" \/>\n<!-- \/ Yoast SEO plugin. -->","yoast_head_json":{"title":"Benoit Barbagli, Lumi\u00e8re amoureuses - Benoit-barbagli.com","robots":{"index":"index","follow":"follow","max-snippet":"max-snippet:-1","max-image-preview":"max-image-preview:large","max-video-preview":"max-video-preview:-1"},"canonical":"http:\/\/2023.benoit-barbagli.com\/articles\/lumiere-amoureuses\/","og_locale":"it_IT","og_type":"article","og_title":"Benoit Barbagli, Lumi\u00e8re amoureuses - Benoit-barbagli.com","og_description":"Benoit Barbagli, Lumi\u00e8re amoureuse, 2020,  Impression pigmentaire sur papier Baryta Hahnem\u00fchle 315g Plexi Noir 3mm pour Face Arri\u00e8re,\u00a0Plexi 3mm pour Face Avant antireflet, 100 \u00d7 61,8 cm \u0152uvre originale, sign\u00e9e num\u00e9rot\u00e9 \u00e0 5 exemplaires","og_url":"http:\/\/2023.benoit-barbagli.com\/articles\/lumiere-amoureuses\/","og_site_name":"Benoit-barbagli.com","article_modified_time":"2022-04-14T16:55:42+00:00","og_image":[{"width":1200,"height":742,"url":"https:\/\/2023.benoit-barbagli.com\/wp-content\/uploads\/2022\/01\/BEN08579-Modifier.jpg","type":"image\/jpeg"}],"author":"benoitbarbagli","twitter_card":"summary_large_image","schema":{"@context":"https:\/\/schema.org","@graph":[{"@type":["Person","Organization"],"@id":"https:\/\/2023.benoit-barbagli.com\/#\/schema\/person\/413a50e5dd6129de03df354d73c4ffaf","name":"benoitbarbagli","image":{"@type":"ImageObject","inLanguage":"it-IT","@id":"https:\/\/2023.benoit-barbagli.com\/#\/schema\/person\/image\/","url":"http:\/\/benoit-barbagli.com\/wp-content\/uploads\/2020\/07\/Catha-scaled.jpg","contentUrl":"http:\/\/benoit-barbagli.com\/wp-content\/uploads\/2020\/07\/Catha-scaled.jpg","width":2560,"height":1440,"caption":"benoitbarbagli"},"logo":{"@id":"https:\/\/2023.benoit-barbagli.com\/#\/schema\/person\/image\/"}},{"@type":"WebSite","@id":"https:\/\/2023.benoit-barbagli.com\/#website","url":"https:\/\/2023.benoit-barbagli.com\/","name":"Benoit-barbagli.com","description":"Sous le chaos, la vie","publisher":{"@id":"https:\/\/2023.benoit-barbagli.com\/#\/schema\/person\/413a50e5dd6129de03df354d73c4ffaf"},"potentialAction":[{"@type":"SearchAction","target":{"@type":"EntryPoint","urlTemplate":"https:\/\/2023.benoit-barbagli.com\/?s={search_term_string}"},"query-input":"required name=search_term_string"}],"inLanguage":"it-IT"},{"@type":"ImageObject","inLanguage":"it-IT","@id":"http:\/\/2023.benoit-barbagli.com\/articles\/lumiere-amoureuses\/#primaryimage","url":"https:\/\/2023.benoit-barbagli.com\/wp-content\/uploads\/2022\/01\/BEN08579-Modifier.jpg","contentUrl":"https:\/\/2023.benoit-barbagli.com\/wp-content\/uploads\/2022\/01\/BEN08579-Modifier.jpg","width":1200,"height":742},{"@type":"WebPage","@id":"http:\/\/2023.benoit-barbagli.com\/articles\/lumiere-amoureuses\/#webpage","url":"http:\/\/2023.benoit-barbagli.com\/articles\/lumiere-amoureuses\/","name":"Benoit Barbagli, Lumi\u00e8re amoureuses - Benoit-barbagli.com","isPartOf":{"@id":"https:\/\/2023.benoit-barbagli.com\/#website"},"primaryImageOfPage":{"@id":"http:\/\/2023.benoit-barbagli.com\/articles\/lumiere-amoureuses\/#primaryimage"},"datePublished":"2022-01-31T13:25:47+00:00","dateModified":"2022-04-14T16:55:42+00:00","breadcrumb":{"@id":"http:\/\/2023.benoit-barbagli.com\/articles\/lumiere-amoureuses\/#breadcrumb"},"inLanguage":"it-IT","potentialAction":[{"@type":"ReadAction","target":["http:\/\/2023.benoit-barbagli.com\/articles\/lumiere-amoureuses\/"]}]},{"@type":"BreadcrumbList","@id":"http:\/\/2023.benoit-barbagli.com\/articles\/lumiere-amoureuses\/#breadcrumb","itemListElement":[{"@type":"ListItem","position":1,"name":"Accueil","item":"https:\/\/2023.benoit-barbagli.com\/it\/"},{"@type":"ListItem","position":2,"name":"negozio","item":"http:\/\/2023.benoit-barbagli.com\/it\/negozio\/"},{"@type":"ListItem","position":3,"name":"Benoit Barbagli, Lumi\u00e8re amoureuses"}]}]}},"_links":{"self":[{"href":"https:\/\/2023.benoit-barbagli.com\/it\/wp-json\/wp\/v2\/product\/74393"}],"collection":[{"href":"https:\/\/2023.benoit-barbagli.com\/it\/wp-json\/wp\/v2\/product"}],"about":[{"href":"https:\/\/2023.benoit-barbagli.com\/it\/wp-json\/wp\/v2\/types\/product"}],"wp:featuredmedia":[{"embeddable":true,"href":"https:\/\/2023.benoit-barbagli.com\/it\/wp-json\/wp\/v2\/media\/74391"}],"wp:attachment":[{"href":"https:\/\/2023.benoit-barbagli.com\/it\/wp-json\/wp\/v2\/media?parent=74393"}],"wp:term":[{"taxonomy":"product_cat","embeddable":true,"href":"https:\/\/2023.benoit-barbagli.com\/it\/wp-json\/wp\/v2\/product_cat?post=74393"},{"taxonomy":"product_tag","embeddable":true,"href":"https:\/\/2023.benoit-barbagli.com\/it\/wp-json\/wp\/v2\/product_tag?post=74393"}],"curies":[{"name":"wp","href":"https:\/\/api.w.org\/{rel}","templated":true}]}}