{"id":74396,"date":"2022-01-31T13:26:03","date_gmt":"2022-01-31T13:26:03","guid":{"rendered":"http:\/\/2023.benoit-barbagli.com\/articles\/si-bemol-amoureux\/"},"modified":"2022-04-14T16:39:48","modified_gmt":"2022-04-14T16:39:48","slug":"si-bemol-amoureux","status":"publish","type":"product","link":"http:\/\/2023.benoit-barbagli.com\/articles\/si-bemol-amoureux\/","title":{"rendered":"Benoit Barbagli, Si B\u00e9mol Amoureux"},"content":{"rendered":"","protected":false},"excerpt":{"rendered":"<p>Benoit Barbagli,<em>Si b\u00e9mol amoureux<\/em>, 2019<\/p>\n<p>Impression pigmentaire sur papier Baryta Hahnem\u00fchle 315g,<br \/>\nPlexi Noir 3mm pour Face Arri\u00e8re,<br \/>\nPlexi 3mm pour Face Avant antireflet, 100 \u00d7 61,8 cm<br \/>\n\u0152uvre originale,\u00a0Sign\u00e9e num\u00e9rot\u00e9 \u00e0 5 exemplaires,<\/p>\n","protected":false},"featured_media":74394,"template":"","meta":{"inline_featured_image":false},"product_cat":[16],"product_tag":[],"yoast_head":"<!-- This site is optimized with the Yoast SEO plugin v19.2 - https:\/\/yoast.com\/wordpress\/plugins\/seo\/ -->\n<title>Benoit Barbagli, Si B\u00e9mol Amoureux - Benoit-barbagli.com<\/title>\n<meta name=\"robots\" content=\"index, follow, max-snippet:-1, max-image-preview:large, max-video-preview:-1\" \/>\n<link rel=\"canonical\" href=\"http:\/\/2023.benoit-barbagli.com\/articles\/si-bemol-amoureux\/\" \/>\n<meta property=\"og:locale\" content=\"it_IT\" \/>\n<meta property=\"og:type\" content=\"article\" \/>\n<meta property=\"og:title\" content=\"Benoit Barbagli, Si B\u00e9mol Amoureux - Benoit-barbagli.com\" \/>\n<meta property=\"og:description\" content=\"Benoit Barbagli,Si b\u00e9mol amoureux, 2019  Impression pigmentaire sur papier Baryta Hahnem\u00fchle 315g, Plexi Noir 3mm pour Face Arri\u00e8re, Plexi 3mm pour Face Avant antireflet, 100 \u00d7 61,8 cm \u0152uvre originale,\u00a0Sign\u00e9e num\u00e9rot\u00e9 \u00e0 5 exemplaires,\" \/>\n<meta property=\"og:url\" content=\"http:\/\/2023.benoit-barbagli.com\/articles\/si-bemol-amoureux\/\" \/>\n<meta property=\"og:site_name\" content=\"Benoit-barbagli.com\" \/>\n<meta property=\"article:modified_time\" content=\"2022-04-14T16:39:48+00:00\" \/>\n<meta property=\"og:image\" content=\"https:\/\/2023.benoit-barbagli.com\/wp-content\/uploads\/2022\/01\/Si-bemol-Amoureux.jpg\" \/>\n\t<meta property=\"og:image:width\" content=\"1200\" \/>\n\t<meta property=\"og:image:height\" content=\"742\" \/>\n\t<meta property=\"og:image:type\" content=\"image\/jpeg\" \/>\n<meta name=\"author\" content=\"benoitbarbagli\" \/>\n<meta name=\"twitter:card\" content=\"summary_large_image\" \/>\n<!-- \/ Yoast SEO plugin. -->","yoast_head_json":{"title":"Benoit Barbagli, Si B\u00e9mol Amoureux - Benoit-barbagli.com","robots":{"index":"index","follow":"follow","max-snippet":"max-snippet:-1","max-image-preview":"max-image-preview:large","max-video-preview":"max-video-preview:-1"},"canonical":"http:\/\/2023.benoit-barbagli.com\/articles\/si-bemol-amoureux\/","og_locale":"it_IT","og_type":"article","og_title":"Benoit Barbagli, Si B\u00e9mol Amoureux - Benoit-barbagli.com","og_description":"Benoit Barbagli,Si b\u00e9mol amoureux, 2019  Impression pigmentaire sur papier Baryta Hahnem\u00fchle 315g, Plexi Noir 3mm pour Face Arri\u00e8re, Plexi 3mm pour Face Avant antireflet, 100 \u00d7 61,8 cm \u0152uvre originale,\u00a0Sign\u00e9e num\u00e9rot\u00e9 \u00e0 5 exemplaires,","og_url":"http:\/\/2023.benoit-barbagli.com\/articles\/si-bemol-amoureux\/","og_site_name":"Benoit-barbagli.com","article_modified_time":"2022-04-14T16:39:48+00:00","og_image":[{"width":1200,"height":742,"url":"https:\/\/2023.benoit-barbagli.com\/wp-content\/uploads\/2022\/01\/Si-bemol-Amoureux.jpg","type":"image\/jpeg"}],"author":"benoitbarbagli","twitter_card":"summary_large_image","schema":{"@context":"https:\/\/schema.org","@graph":[{"@type":["Person","Organization"],"@id":"https:\/\/2023.benoit-barbagli.com\/#\/schema\/person\/413a50e5dd6129de03df354d73c4ffaf","name":"benoitbarbagli","image":{"@type":"ImageObject","inLanguage":"it-IT","@id":"https:\/\/2023.benoit-barbagli.com\/#\/schema\/person\/image\/","url":"http:\/\/benoit-barbagli.com\/wp-content\/uploads\/2020\/07\/Catha-scaled.jpg","contentUrl":"http:\/\/benoit-barbagli.com\/wp-content\/uploads\/2020\/07\/Catha-scaled.jpg","width":2560,"height":1440,"caption":"benoitbarbagli"},"logo":{"@id":"https:\/\/2023.benoit-barbagli.com\/#\/schema\/person\/image\/"}},{"@type":"WebSite","@id":"https:\/\/2023.benoit-barbagli.com\/#website","url":"https:\/\/2023.benoit-barbagli.com\/","name":"Benoit-barbagli.com","description":"Sous le chaos, la vie","publisher":{"@id":"https:\/\/2023.benoit-barbagli.com\/#\/schema\/person\/413a50e5dd6129de03df354d73c4ffaf"},"potentialAction":[{"@type":"SearchAction","target":{"@type":"EntryPoint","urlTemplate":"https:\/\/2023.benoit-barbagli.com\/?s={search_term_string}"},"query-input":"required name=search_term_string"}],"inLanguage":"it-IT"},{"@type":"ImageObject","inLanguage":"it-IT","@id":"http:\/\/2023.benoit-barbagli.com\/articles\/si-bemol-amoureux\/#primaryimage","url":"https:\/\/2023.benoit-barbagli.com\/wp-content\/uploads\/2022\/01\/Si-bemol-Amoureux.jpg","contentUrl":"https:\/\/2023.benoit-barbagli.com\/wp-content\/uploads\/2022\/01\/Si-bemol-Amoureux.jpg","width":1200,"height":742},{"@type":"WebPage","@id":"http:\/\/2023.benoit-barbagli.com\/articles\/si-bemol-amoureux\/#webpage","url":"http:\/\/2023.benoit-barbagli.com\/articles\/si-bemol-amoureux\/","name":"Benoit Barbagli, Si B\u00e9mol Amoureux - Benoit-barbagli.com","isPartOf":{"@id":"https:\/\/2023.benoit-barbagli.com\/#website"},"primaryImageOfPage":{"@id":"http:\/\/2023.benoit-barbagli.com\/articles\/si-bemol-amoureux\/#primaryimage"},"datePublished":"2022-01-31T13:26:03+00:00","dateModified":"2022-04-14T16:39:48+00:00","breadcrumb":{"@id":"http:\/\/2023.benoit-barbagli.com\/articles\/si-bemol-amoureux\/#breadcrumb"},"inLanguage":"it-IT","potentialAction":[{"@type":"ReadAction","target":["http:\/\/2023.benoit-barbagli.com\/articles\/si-bemol-amoureux\/"]}]},{"@type":"BreadcrumbList","@id":"http:\/\/2023.benoit-barbagli.com\/articles\/si-bemol-amoureux\/#breadcrumb","itemListElement":[{"@type":"ListItem","position":1,"name":"Accueil","item":"https:\/\/2023.benoit-barbagli.com\/it\/"},{"@type":"ListItem","position":2,"name":"negozio","item":"http:\/\/2023.benoit-barbagli.com\/it\/negozio\/"},{"@type":"ListItem","position":3,"name":"Benoit Barbagli, Si B\u00e9mol Amoureux"}]}]}},"_links":{"self":[{"href":"https:\/\/2023.benoit-barbagli.com\/it\/wp-json\/wp\/v2\/product\/74396"}],"collection":[{"href":"https:\/\/2023.benoit-barbagli.com\/it\/wp-json\/wp\/v2\/product"}],"about":[{"href":"https:\/\/2023.benoit-barbagli.com\/it\/wp-json\/wp\/v2\/types\/product"}],"wp:featuredmedia":[{"embeddable":true,"href":"https:\/\/2023.benoit-barbagli.com\/it\/wp-json\/wp\/v2\/media\/74394"}],"wp:attachment":[{"href":"https:\/\/2023.benoit-barbagli.com\/it\/wp-json\/wp\/v2\/media?parent=74396"}],"wp:term":[{"taxonomy":"product_cat","embeddable":true,"href":"https:\/\/2023.benoit-barbagli.com\/it\/wp-json\/wp\/v2\/product_cat?post=74396"},{"taxonomy":"product_tag","embeddable":true,"href":"https:\/\/2023.benoit-barbagli.com\/it\/wp-json\/wp\/v2\/product_tag?post=74396"}],"curies":[{"name":"wp","href":"https:\/\/api.w.org\/{rel}","templated":true}]}}