{"id":74410,"date":"2022-01-31T13:27:52","date_gmt":"2022-01-31T13:27:52","guid":{"rendered":"http:\/\/2023.benoit-barbagli.com\/articles\/la-liberation\/"},"modified":"2022-03-27T10:53:44","modified_gmt":"2022-03-27T10:53:44","slug":"la-liberation","status":"publish","type":"product","link":"http:\/\/2023.benoit-barbagli.com\/articles\/la-liberation\/","title":{"rendered":"Benoit Barbagli et Aim\u00e9e Fleury, Carr\u00e9 blanc sur fond blanc"},"content":{"rendered":"","protected":false},"excerpt":{"rendered":"<p>Benoit Barbagli et Aim\u00e9e Fleury, <em>Carr\u00e9 blanc sur fond blanc<\/em>, 2019,<\/p>\n<p>\u00c9preuve pigmentaire sur papier Ultra Smooth Hahnem\u00fchle 305g,\u00a090 x 60 cm<\/p>\n","protected":false},"featured_media":74408,"template":"","meta":{"inline_featured_image":false},"product_cat":[16,89],"product_tag":[],"yoast_head":"<!-- This site is optimized with the Yoast SEO plugin v19.2 - https:\/\/yoast.com\/wordpress\/plugins\/seo\/ -->\n<title>Benoit Barbagli et Aim\u00e9e Fleury, Carr\u00e9 blanc sur fond blanc - Benoit-barbagli.com<\/title>\n<meta name=\"robots\" content=\"index, follow, max-snippet:-1, max-image-preview:large, max-video-preview:-1\" \/>\n<link rel=\"canonical\" href=\"http:\/\/2023.benoit-barbagli.com\/articles\/la-liberation\/\" \/>\n<meta property=\"og:locale\" content=\"it_IT\" \/>\n<meta property=\"og:type\" content=\"article\" \/>\n<meta property=\"og:title\" content=\"Benoit Barbagli et Aim\u00e9e Fleury, Carr\u00e9 blanc sur fond blanc - Benoit-barbagli.com\" \/>\n<meta property=\"og:description\" content=\"Benoit Barbagli et Aim\u00e9e Fleury, Carr\u00e9 blanc sur fond blanc, 2019,  \u00c9preuve pigmentaire sur papier Ultra Smooth Hahnem\u00fchle 305g,\u00a090 x 60 cm\" \/>\n<meta property=\"og:url\" content=\"http:\/\/2023.benoit-barbagli.com\/articles\/la-liberation\/\" \/>\n<meta property=\"og:site_name\" content=\"Benoit-barbagli.com\" \/>\n<meta property=\"article:modified_time\" content=\"2022-03-27T10:53:44+00:00\" \/>\n<meta property=\"og:image\" content=\"https:\/\/2023.benoit-barbagli.com\/wp-content\/uploads\/2022\/01\/Carree-blanc-sur-fond-blanc-2019-90-x-60-cm-185-Web-.jpg\" \/>\n\t<meta property=\"og:image:width\" content=\"800\" \/>\n\t<meta property=\"og:image:height\" content=\"1200\" \/>\n\t<meta property=\"og:image:type\" content=\"image\/jpeg\" \/>\n<meta name=\"author\" content=\"benoitbarbagli\" \/>\n<meta name=\"twitter:card\" content=\"summary_large_image\" \/>\n<!-- \/ Yoast SEO plugin. -->","yoast_head_json":{"title":"Benoit Barbagli et Aim\u00e9e Fleury, Carr\u00e9 blanc sur fond blanc - Benoit-barbagli.com","robots":{"index":"index","follow":"follow","max-snippet":"max-snippet:-1","max-image-preview":"max-image-preview:large","max-video-preview":"max-video-preview:-1"},"canonical":"http:\/\/2023.benoit-barbagli.com\/articles\/la-liberation\/","og_locale":"it_IT","og_type":"article","og_title":"Benoit Barbagli et Aim\u00e9e Fleury, Carr\u00e9 blanc sur fond blanc - Benoit-barbagli.com","og_description":"Benoit Barbagli et Aim\u00e9e Fleury, Carr\u00e9 blanc sur fond blanc, 2019,  \u00c9preuve pigmentaire sur papier Ultra Smooth Hahnem\u00fchle 305g,\u00a090 x 60 cm","og_url":"http:\/\/2023.benoit-barbagli.com\/articles\/la-liberation\/","og_site_name":"Benoit-barbagli.com","article_modified_time":"2022-03-27T10:53:44+00:00","og_image":[{"width":800,"height":1200,"url":"https:\/\/2023.benoit-barbagli.com\/wp-content\/uploads\/2022\/01\/Carree-blanc-sur-fond-blanc-2019-90-x-60-cm-185-Web-.jpg","type":"image\/jpeg"}],"author":"benoitbarbagli","twitter_card":"summary_large_image","schema":{"@context":"https:\/\/schema.org","@graph":[{"@type":["Person","Organization"],"@id":"https:\/\/2023.benoit-barbagli.com\/#\/schema\/person\/413a50e5dd6129de03df354d73c4ffaf","name":"benoitbarbagli","image":{"@type":"ImageObject","inLanguage":"it-IT","@id":"https:\/\/2023.benoit-barbagli.com\/#\/schema\/person\/image\/","url":"http:\/\/benoit-barbagli.com\/wp-content\/uploads\/2020\/07\/Catha-scaled.jpg","contentUrl":"http:\/\/benoit-barbagli.com\/wp-content\/uploads\/2020\/07\/Catha-scaled.jpg","width":2560,"height":1440,"caption":"benoitbarbagli"},"logo":{"@id":"https:\/\/2023.benoit-barbagli.com\/#\/schema\/person\/image\/"}},{"@type":"WebSite","@id":"https:\/\/2023.benoit-barbagli.com\/#website","url":"https:\/\/2023.benoit-barbagli.com\/","name":"Benoit-barbagli.com","description":"Sous le chaos, la vie","publisher":{"@id":"https:\/\/2023.benoit-barbagli.com\/#\/schema\/person\/413a50e5dd6129de03df354d73c4ffaf"},"potentialAction":[{"@type":"SearchAction","target":{"@type":"EntryPoint","urlTemplate":"https:\/\/2023.benoit-barbagli.com\/?s={search_term_string}"},"query-input":"required name=search_term_string"}],"inLanguage":"it-IT"},{"@type":"ImageObject","inLanguage":"it-IT","@id":"http:\/\/2023.benoit-barbagli.com\/articles\/la-liberation\/#primaryimage","url":"https:\/\/2023.benoit-barbagli.com\/wp-content\/uploads\/2022\/01\/Carree-blanc-sur-fond-blanc-2019-90-x-60-cm-185-Web-.jpg","contentUrl":"https:\/\/2023.benoit-barbagli.com\/wp-content\/uploads\/2022\/01\/Carree-blanc-sur-fond-blanc-2019-90-x-60-cm-185-Web-.jpg","width":800,"height":1200},{"@type":"WebPage","@id":"http:\/\/2023.benoit-barbagli.com\/articles\/la-liberation\/#webpage","url":"http:\/\/2023.benoit-barbagli.com\/articles\/la-liberation\/","name":"Benoit Barbagli et Aim\u00e9e Fleury, Carr\u00e9 blanc sur fond blanc - Benoit-barbagli.com","isPartOf":{"@id":"https:\/\/2023.benoit-barbagli.com\/#website"},"primaryImageOfPage":{"@id":"http:\/\/2023.benoit-barbagli.com\/articles\/la-liberation\/#primaryimage"},"datePublished":"2022-01-31T13:27:52+00:00","dateModified":"2022-03-27T10:53:44+00:00","breadcrumb":{"@id":"http:\/\/2023.benoit-barbagli.com\/articles\/la-liberation\/#breadcrumb"},"inLanguage":"it-IT","potentialAction":[{"@type":"ReadAction","target":["http:\/\/2023.benoit-barbagli.com\/articles\/la-liberation\/"]}]},{"@type":"BreadcrumbList","@id":"http:\/\/2023.benoit-barbagli.com\/articles\/la-liberation\/#breadcrumb","itemListElement":[{"@type":"ListItem","position":1,"name":"Accueil","item":"https:\/\/2023.benoit-barbagli.com\/it\/"},{"@type":"ListItem","position":2,"name":"negozio","item":"http:\/\/2023.benoit-barbagli.com\/it\/negozio\/"},{"@type":"ListItem","position":3,"name":"Benoit Barbagli et Aim\u00e9e Fleury, Carr\u00e9 blanc sur fond blanc"}]}]}},"_links":{"self":[{"href":"https:\/\/2023.benoit-barbagli.com\/it\/wp-json\/wp\/v2\/product\/74410"}],"collection":[{"href":"https:\/\/2023.benoit-barbagli.com\/it\/wp-json\/wp\/v2\/product"}],"about":[{"href":"https:\/\/2023.benoit-barbagli.com\/it\/wp-json\/wp\/v2\/types\/product"}],"wp:featuredmedia":[{"embeddable":true,"href":"https:\/\/2023.benoit-barbagli.com\/it\/wp-json\/wp\/v2\/media\/74408"}],"wp:attachment":[{"href":"https:\/\/2023.benoit-barbagli.com\/it\/wp-json\/wp\/v2\/media?parent=74410"}],"wp:term":[{"taxonomy":"product_cat","embeddable":true,"href":"https:\/\/2023.benoit-barbagli.com\/it\/wp-json\/wp\/v2\/product_cat?post=74410"},{"taxonomy":"product_tag","embeddable":true,"href":"https:\/\/2023.benoit-barbagli.com\/it\/wp-json\/wp\/v2\/product_tag?post=74410"}],"curies":[{"name":"wp","href":"https:\/\/api.w.org\/{rel}","templated":true}]}}