{"id":74720,"date":"2022-03-27T15:51:29","date_gmt":"2022-03-27T15:51:29","guid":{"rendered":"http:\/\/2023.benoit-barbagli.com\/articles\/revolution-naturelle-iii\/"},"modified":"2022-04-14T16:39:49","modified_gmt":"2022-04-14T16:39:49","slug":"revolution-naturelle-iii","status":"publish","type":"product","link":"http:\/\/2023.benoit-barbagli.com\/articles\/revolution-naturelle-iii\/","title":{"rendered":"R\u00e9volution naturelle III"},"content":{"rendered":"","protected":false},"excerpt":{"rendered":"<p>Lieux: Coco-beach<br \/>\nPhotographie num\u00e9rique<br \/>\nTirage HP Vivid sur Ultra Smooth Hahnem\u00fchle 305g Aluminium 1 mm<br \/>\n90 x 70 cm<br \/>\nEncadrement bois noir &#8211; Verre Antireflet<br \/>\nOriginale<br \/>\nNombre d&#8217;exemplaire : 5<\/p>\n","protected":false},"featured_media":74707,"template":"","meta":{"inline_featured_image":false},"product_cat":[89,90],"product_tag":[],"yoast_head":"<!-- This site is optimized with the Yoast SEO plugin v19.2 - https:\/\/yoast.com\/wordpress\/plugins\/seo\/ -->\n<title>R\u00e9volution naturelle III - Benoit-barbagli.com<\/title>\n<meta name=\"robots\" content=\"index, follow, max-snippet:-1, max-image-preview:large, max-video-preview:-1\" \/>\n<link rel=\"canonical\" href=\"http:\/\/2023.benoit-barbagli.com\/articles\/revolution-naturelle-iii\/\" \/>\n<meta property=\"og:locale\" content=\"it_IT\" \/>\n<meta property=\"og:type\" content=\"article\" \/>\n<meta property=\"og:title\" content=\"R\u00e9volution naturelle III - Benoit-barbagli.com\" \/>\n<meta property=\"og:description\" content=\"Lieux: Coco-beach Photographie num\u00e9rique Tirage HP Vivid sur Ultra Smooth Hahnem\u00fchle 305g Aluminium 1 mm 90 x 70 cm Encadrement bois noir - Verre Antireflet Originale Nombre d&#039;exemplaire : 5\" \/>\n<meta property=\"og:url\" content=\"http:\/\/2023.benoit-barbagli.com\/articles\/revolution-naturelle-iii\/\" \/>\n<meta property=\"og:site_name\" content=\"Benoit-barbagli.com\" \/>\n<meta property=\"article:modified_time\" content=\"2022-04-14T16:39:49+00:00\" \/>\n<meta property=\"og:image\" content=\"https:\/\/2023.benoit-barbagli.com\/wp-content\/uploads\/2022\/03\/Originale-Re\u0301volution-naturelle-III-2020-90-x-70-cm-scaled.jpg\" \/>\n\t<meta property=\"og:image:width\" content=\"2015\" \/>\n\t<meta property=\"og:image:height\" content=\"2560\" \/>\n\t<meta property=\"og:image:type\" content=\"image\/jpeg\" \/>\n<meta name=\"author\" content=\"benoitbarbagli\" \/>\n<meta name=\"twitter:card\" content=\"summary_large_image\" \/>\n<!-- \/ Yoast SEO plugin. -->","yoast_head_json":{"title":"R\u00e9volution naturelle III - Benoit-barbagli.com","robots":{"index":"index","follow":"follow","max-snippet":"max-snippet:-1","max-image-preview":"max-image-preview:large","max-video-preview":"max-video-preview:-1"},"canonical":"http:\/\/2023.benoit-barbagli.com\/articles\/revolution-naturelle-iii\/","og_locale":"it_IT","og_type":"article","og_title":"R\u00e9volution naturelle III - Benoit-barbagli.com","og_description":"Lieux: Coco-beach Photographie num\u00e9rique Tirage HP Vivid sur Ultra Smooth Hahnem\u00fchle 305g Aluminium 1 mm 90 x 70 cm Encadrement bois noir - Verre Antireflet Originale Nombre d'exemplaire : 5","og_url":"http:\/\/2023.benoit-barbagli.com\/articles\/revolution-naturelle-iii\/","og_site_name":"Benoit-barbagli.com","article_modified_time":"2022-04-14T16:39:49+00:00","og_image":[{"width":2015,"height":2560,"url":"https:\/\/2023.benoit-barbagli.com\/wp-content\/uploads\/2022\/03\/Originale-Re\u0301volution-naturelle-III-2020-90-x-70-cm-scaled.jpg","type":"image\/jpeg"}],"author":"benoitbarbagli","twitter_card":"summary_large_image","schema":{"@context":"https:\/\/schema.org","@graph":[{"@type":["Person","Organization"],"@id":"https:\/\/2023.benoit-barbagli.com\/#\/schema\/person\/413a50e5dd6129de03df354d73c4ffaf","name":"benoitbarbagli","image":{"@type":"ImageObject","inLanguage":"it-IT","@id":"https:\/\/2023.benoit-barbagli.com\/#\/schema\/person\/image\/","url":"http:\/\/benoit-barbagli.com\/wp-content\/uploads\/2020\/07\/Catha-scaled.jpg","contentUrl":"http:\/\/benoit-barbagli.com\/wp-content\/uploads\/2020\/07\/Catha-scaled.jpg","width":2560,"height":1440,"caption":"benoitbarbagli"},"logo":{"@id":"https:\/\/2023.benoit-barbagli.com\/#\/schema\/person\/image\/"}},{"@type":"WebSite","@id":"https:\/\/2023.benoit-barbagli.com\/#website","url":"https:\/\/2023.benoit-barbagli.com\/","name":"Benoit-barbagli.com","description":"Sous le chaos, la vie","publisher":{"@id":"https:\/\/2023.benoit-barbagli.com\/#\/schema\/person\/413a50e5dd6129de03df354d73c4ffaf"},"potentialAction":[{"@type":"SearchAction","target":{"@type":"EntryPoint","urlTemplate":"https:\/\/2023.benoit-barbagli.com\/?s={search_term_string}"},"query-input":"required name=search_term_string"}],"inLanguage":"it-IT"},{"@type":"ImageObject","inLanguage":"it-IT","@id":"http:\/\/2023.benoit-barbagli.com\/articles\/revolution-naturelle-iii\/#primaryimage","url":"https:\/\/2023.benoit-barbagli.com\/wp-content\/uploads\/2022\/03\/Originale-Re\u0301volution-naturelle-III-2020-90-x-70-cm-scaled.jpg","contentUrl":"https:\/\/2023.benoit-barbagli.com\/wp-content\/uploads\/2022\/03\/Originale-Re\u0301volution-naturelle-III-2020-90-x-70-cm-scaled.jpg","width":2015,"height":2560},{"@type":"WebPage","@id":"http:\/\/2023.benoit-barbagli.com\/articles\/revolution-naturelle-iii\/#webpage","url":"http:\/\/2023.benoit-barbagli.com\/articles\/revolution-naturelle-iii\/","name":"R\u00e9volution naturelle III - Benoit-barbagli.com","isPartOf":{"@id":"https:\/\/2023.benoit-barbagli.com\/#website"},"primaryImageOfPage":{"@id":"http:\/\/2023.benoit-barbagli.com\/articles\/revolution-naturelle-iii\/#primaryimage"},"datePublished":"2022-03-27T15:51:29+00:00","dateModified":"2022-04-14T16:39:49+00:00","breadcrumb":{"@id":"http:\/\/2023.benoit-barbagli.com\/articles\/revolution-naturelle-iii\/#breadcrumb"},"inLanguage":"it-IT","potentialAction":[{"@type":"ReadAction","target":["http:\/\/2023.benoit-barbagli.com\/articles\/revolution-naturelle-iii\/"]}]},{"@type":"BreadcrumbList","@id":"http:\/\/2023.benoit-barbagli.com\/articles\/revolution-naturelle-iii\/#breadcrumb","itemListElement":[{"@type":"ListItem","position":1,"name":"Accueil","item":"https:\/\/2023.benoit-barbagli.com\/it\/"},{"@type":"ListItem","position":2,"name":"negozio","item":"http:\/\/2023.benoit-barbagli.com\/it\/negozio\/"},{"@type":"ListItem","position":3,"name":"R\u00e9volution naturelle III"}]}]}},"_links":{"self":[{"href":"https:\/\/2023.benoit-barbagli.com\/it\/wp-json\/wp\/v2\/product\/74720"}],"collection":[{"href":"https:\/\/2023.benoit-barbagli.com\/it\/wp-json\/wp\/v2\/product"}],"about":[{"href":"https:\/\/2023.benoit-barbagli.com\/it\/wp-json\/wp\/v2\/types\/product"}],"wp:featuredmedia":[{"embeddable":true,"href":"https:\/\/2023.benoit-barbagli.com\/it\/wp-json\/wp\/v2\/media\/74707"}],"wp:attachment":[{"href":"https:\/\/2023.benoit-barbagli.com\/it\/wp-json\/wp\/v2\/media?parent=74720"}],"wp:term":[{"taxonomy":"product_cat","embeddable":true,"href":"https:\/\/2023.benoit-barbagli.com\/it\/wp-json\/wp\/v2\/product_cat?post=74720"},{"taxonomy":"product_tag","embeddable":true,"href":"https:\/\/2023.benoit-barbagli.com\/it\/wp-json\/wp\/v2\/product_tag?post=74720"}],"curies":[{"name":"wp","href":"https:\/\/api.w.org\/{rel}","templated":true}]}}