{"id":75204,"date":"2022-04-18T20:50:36","date_gmt":"2022-04-18T20:50:36","guid":{"rendered":"http:\/\/2023.benoit-barbagli.com\/articles\/saut-sous-le-soleil\/"},"modified":"2022-04-18T20:56:16","modified_gmt":"2022-04-18T20:56:16","slug":"saut-sous-le-soleil","status":"publish","type":"product","link":"http:\/\/2023.benoit-barbagli.com\/articles\/saut-sous-le-soleil\/","title":{"rendered":"Saut sous le Soleil"},"content":{"rendered":"","protected":false},"excerpt":{"rendered":"<p>Saut sous le Soleil, 2019<br \/>\nS\u00e9rie Sauts<br \/>\nLieu : Bor\u00e9on<br \/>\nPhotographie num\u00e9rique<br \/>\nPapier Museum Etching Hahnem\u00fchle 350g<br \/>\n\u0152uvre originale &#8211; 10 exemplaires<br \/>\n40 \u00d7 49,2 cm<\/p>\n","protected":false},"featured_media":75202,"template":"","meta":{"inline_featured_image":false},"product_cat":[134,90],"product_tag":[],"yoast_head":"<!-- This site is optimized with the Yoast SEO plugin v19.2 - https:\/\/yoast.com\/wordpress\/plugins\/seo\/ -->\n<title>Saut sous le Soleil - Benoit-barbagli.com<\/title>\n<meta name=\"robots\" content=\"index, follow, max-snippet:-1, max-image-preview:large, max-video-preview:-1\" \/>\n<link rel=\"canonical\" href=\"http:\/\/2023.benoit-barbagli.com\/articles\/saut-sous-le-soleil\/\" \/>\n<meta property=\"og:locale\" content=\"it_IT\" \/>\n<meta property=\"og:type\" content=\"article\" \/>\n<meta property=\"og:title\" content=\"Saut sous le Soleil - Benoit-barbagli.com\" \/>\n<meta property=\"og:description\" content=\"Saut sous le Soleil, 2019 S\u00e9rie Sauts Lieu : Bor\u00e9on Photographie num\u00e9rique Papier Museum Etching Hahnem\u00fchle 350g \u0152uvre originale - 10 exemplaires 40 \u00d7 49,2 cm\" \/>\n<meta property=\"og:url\" content=\"http:\/\/2023.benoit-barbagli.com\/articles\/saut-sous-le-soleil\/\" \/>\n<meta property=\"og:site_name\" content=\"Benoit-barbagli.com\" \/>\n<meta property=\"article:modified_time\" content=\"2022-04-18T20:56:16+00:00\" \/>\n<meta property=\"og:image\" content=\"https:\/\/2023.benoit-barbagli.com\/wp-content\/uploads\/2022\/04\/DSC09697-2-scaled-1.jpg\" \/>\n\t<meta property=\"og:image:width\" content=\"2083\" \/>\n\t<meta property=\"og:image:height\" content=\"2560\" \/>\n\t<meta property=\"og:image:type\" content=\"image\/jpeg\" \/>\n<meta name=\"author\" content=\"benoitbarbagli\" \/>\n<meta name=\"twitter:card\" content=\"summary_large_image\" \/>\n<!-- \/ Yoast SEO plugin. -->","yoast_head_json":{"title":"Saut sous le Soleil - Benoit-barbagli.com","robots":{"index":"index","follow":"follow","max-snippet":"max-snippet:-1","max-image-preview":"max-image-preview:large","max-video-preview":"max-video-preview:-1"},"canonical":"http:\/\/2023.benoit-barbagli.com\/articles\/saut-sous-le-soleil\/","og_locale":"it_IT","og_type":"article","og_title":"Saut sous le Soleil - Benoit-barbagli.com","og_description":"Saut sous le Soleil, 2019 S\u00e9rie Sauts Lieu : Bor\u00e9on Photographie num\u00e9rique Papier Museum Etching Hahnem\u00fchle 350g \u0152uvre originale - 10 exemplaires 40 \u00d7 49,2 cm","og_url":"http:\/\/2023.benoit-barbagli.com\/articles\/saut-sous-le-soleil\/","og_site_name":"Benoit-barbagli.com","article_modified_time":"2022-04-18T20:56:16+00:00","og_image":[{"width":2083,"height":2560,"url":"https:\/\/2023.benoit-barbagli.com\/wp-content\/uploads\/2022\/04\/DSC09697-2-scaled-1.jpg","type":"image\/jpeg"}],"author":"benoitbarbagli","twitter_card":"summary_large_image","schema":{"@context":"https:\/\/schema.org","@graph":[{"@type":["Person","Organization"],"@id":"https:\/\/2023.benoit-barbagli.com\/#\/schema\/person\/413a50e5dd6129de03df354d73c4ffaf","name":"benoitbarbagli","image":{"@type":"ImageObject","inLanguage":"it-IT","@id":"https:\/\/2023.benoit-barbagli.com\/#\/schema\/person\/image\/","url":"http:\/\/benoit-barbagli.com\/wp-content\/uploads\/2020\/07\/Catha-scaled.jpg","contentUrl":"http:\/\/benoit-barbagli.com\/wp-content\/uploads\/2020\/07\/Catha-scaled.jpg","width":2560,"height":1440,"caption":"benoitbarbagli"},"logo":{"@id":"https:\/\/2023.benoit-barbagli.com\/#\/schema\/person\/image\/"}},{"@type":"WebSite","@id":"https:\/\/2023.benoit-barbagli.com\/#website","url":"https:\/\/2023.benoit-barbagli.com\/","name":"Benoit-barbagli.com","description":"Sous le chaos, la vie","publisher":{"@id":"https:\/\/2023.benoit-barbagli.com\/#\/schema\/person\/413a50e5dd6129de03df354d73c4ffaf"},"potentialAction":[{"@type":"SearchAction","target":{"@type":"EntryPoint","urlTemplate":"https:\/\/2023.benoit-barbagli.com\/?s={search_term_string}"},"query-input":"required name=search_term_string"}],"inLanguage":"it-IT"},{"@type":"ImageObject","inLanguage":"it-IT","@id":"http:\/\/2023.benoit-barbagli.com\/articles\/saut-sous-le-soleil\/#primaryimage","url":"https:\/\/2023.benoit-barbagli.com\/wp-content\/uploads\/2022\/04\/DSC09697-2-scaled-1.jpg","contentUrl":"https:\/\/2023.benoit-barbagli.com\/wp-content\/uploads\/2022\/04\/DSC09697-2-scaled-1.jpg","width":2083,"height":2560},{"@type":"WebPage","@id":"http:\/\/2023.benoit-barbagli.com\/articles\/saut-sous-le-soleil\/#webpage","url":"http:\/\/2023.benoit-barbagli.com\/articles\/saut-sous-le-soleil\/","name":"Saut sous le Soleil - Benoit-barbagli.com","isPartOf":{"@id":"https:\/\/2023.benoit-barbagli.com\/#website"},"primaryImageOfPage":{"@id":"http:\/\/2023.benoit-barbagli.com\/articles\/saut-sous-le-soleil\/#primaryimage"},"datePublished":"2022-04-18T20:50:36+00:00","dateModified":"2022-04-18T20:56:16+00:00","breadcrumb":{"@id":"http:\/\/2023.benoit-barbagli.com\/articles\/saut-sous-le-soleil\/#breadcrumb"},"inLanguage":"it-IT","potentialAction":[{"@type":"ReadAction","target":["http:\/\/2023.benoit-barbagli.com\/articles\/saut-sous-le-soleil\/"]}]},{"@type":"BreadcrumbList","@id":"http:\/\/2023.benoit-barbagli.com\/articles\/saut-sous-le-soleil\/#breadcrumb","itemListElement":[{"@type":"ListItem","position":1,"name":"Accueil","item":"https:\/\/2023.benoit-barbagli.com\/it\/"},{"@type":"ListItem","position":2,"name":"negozio","item":"http:\/\/2023.benoit-barbagli.com\/it\/negozio\/"},{"@type":"ListItem","position":3,"name":"Saut sous le Soleil"}]}]}},"_links":{"self":[{"href":"https:\/\/2023.benoit-barbagli.com\/it\/wp-json\/wp\/v2\/product\/75204"}],"collection":[{"href":"https:\/\/2023.benoit-barbagli.com\/it\/wp-json\/wp\/v2\/product"}],"about":[{"href":"https:\/\/2023.benoit-barbagli.com\/it\/wp-json\/wp\/v2\/types\/product"}],"wp:featuredmedia":[{"embeddable":true,"href":"https:\/\/2023.benoit-barbagli.com\/it\/wp-json\/wp\/v2\/media\/75202"}],"wp:attachment":[{"href":"https:\/\/2023.benoit-barbagli.com\/it\/wp-json\/wp\/v2\/media?parent=75204"}],"wp:term":[{"taxonomy":"product_cat","embeddable":true,"href":"https:\/\/2023.benoit-barbagli.com\/it\/wp-json\/wp\/v2\/product_cat?post=75204"},{"taxonomy":"product_tag","embeddable":true,"href":"https:\/\/2023.benoit-barbagli.com\/it\/wp-json\/wp\/v2\/product_tag?post=75204"}],"curies":[{"name":"wp","href":"https:\/\/api.w.org\/{rel}","templated":true}]}}