{"id":76871,"date":"2022-07-02T15:34:55","date_gmt":"2022-07-02T15:34:55","guid":{"rendered":"http:\/\/2023.benoit-barbagli.com\/articles\/notre-dame-damirat-2\/"},"modified":"2022-07-02T15:38:45","modified_gmt":"2022-07-02T15:38:45","slug":"notre-dame-damirat-2","status":"publish","type":"product","link":"http:\/\/2023.benoit-barbagli.com\/articles\/notre-dame-damirat-2\/","title":{"rendered":"Notre dame d\u2019Amirat"},"content":{"rendered":"","protected":false},"excerpt":{"rendered":"<p>Notre dame d\u2019Amirat, 2016<br \/>\nS\u00e9rie La forme de la montagne<br \/>\nEncre sur toile<br \/>\nCaisse americaine noir<br \/>\nExemplaire unique<br \/>\n195&#215;130 cm<\/p>\n<p>Chaque \u0153uvre originale poss\u00e8de sont certificat d&#8217;authenticit\u00e9<\/p>\n","protected":false},"featured_media":76865,"template":"","meta":{"inline_featured_image":false},"product_cat":[217,219,89],"product_tag":[],"yoast_head":"<!-- This site is optimized with the Yoast SEO plugin v19.2 - https:\/\/yoast.com\/wordpress\/plugins\/seo\/ -->\n<title>Notre dame d\u2019Amirat - Benoit-barbagli.com<\/title>\n<meta name=\"robots\" content=\"index, follow, max-snippet:-1, max-image-preview:large, max-video-preview:-1\" \/>\n<link rel=\"canonical\" href=\"http:\/\/2023.benoit-barbagli.com\/articles\/notre-dame-damirat-2\/\" \/>\n<meta property=\"og:locale\" content=\"it_IT\" \/>\n<meta property=\"og:type\" content=\"article\" \/>\n<meta property=\"og:title\" content=\"Notre dame d\u2019Amirat - Benoit-barbagli.com\" \/>\n<meta property=\"og:description\" content=\"Notre dame d\u2019Amirat, 2016 S\u00e9rie La forme de la montagne Encre sur toile Caisse americaine noir Exemplaire unique 195x130 cm  Chaque \u0153uvre originale poss\u00e8de sont certificat d&#039;authenticit\u00e9\" \/>\n<meta property=\"og:url\" content=\"http:\/\/2023.benoit-barbagli.com\/articles\/notre-dame-damirat-2\/\" \/>\n<meta property=\"og:site_name\" content=\"Benoit-barbagli.com\" \/>\n<meta property=\"article:modified_time\" content=\"2022-07-02T15:38:45+00:00\" \/>\n<meta property=\"og:image\" content=\"https:\/\/2023.benoit-barbagli.com\/wp-content\/uploads\/2022\/07\/notre-dame-amirat-Large_wall_in_minimal_gallery-1-scaled.jpeg\" \/>\n\t<meta property=\"og:image:width\" content=\"2560\" \/>\n\t<meta property=\"og:image:height\" content=\"1638\" \/>\n\t<meta property=\"og:image:type\" content=\"image\/jpeg\" \/>\n<meta name=\"author\" content=\"benoitbarbagli\" \/>\n<meta name=\"twitter:card\" content=\"summary_large_image\" \/>\n<!-- \/ Yoast SEO plugin. -->","yoast_head_json":{"title":"Notre dame d\u2019Amirat - Benoit-barbagli.com","robots":{"index":"index","follow":"follow","max-snippet":"max-snippet:-1","max-image-preview":"max-image-preview:large","max-video-preview":"max-video-preview:-1"},"canonical":"http:\/\/2023.benoit-barbagli.com\/articles\/notre-dame-damirat-2\/","og_locale":"it_IT","og_type":"article","og_title":"Notre dame d\u2019Amirat - Benoit-barbagli.com","og_description":"Notre dame d\u2019Amirat, 2016 S\u00e9rie La forme de la montagne Encre sur toile Caisse americaine noir Exemplaire unique 195x130 cm  Chaque \u0153uvre originale poss\u00e8de sont certificat d'authenticit\u00e9","og_url":"http:\/\/2023.benoit-barbagli.com\/articles\/notre-dame-damirat-2\/","og_site_name":"Benoit-barbagli.com","article_modified_time":"2022-07-02T15:38:45+00:00","og_image":[{"width":2560,"height":1638,"url":"https:\/\/2023.benoit-barbagli.com\/wp-content\/uploads\/2022\/07\/notre-dame-amirat-Large_wall_in_minimal_gallery-1-scaled.jpeg","type":"image\/jpeg"}],"author":"benoitbarbagli","twitter_card":"summary_large_image","schema":{"@context":"https:\/\/schema.org","@graph":[{"@type":["Person","Organization"],"@id":"https:\/\/2023.benoit-barbagli.com\/#\/schema\/person\/413a50e5dd6129de03df354d73c4ffaf","name":"benoitbarbagli","image":{"@type":"ImageObject","inLanguage":"it-IT","@id":"https:\/\/2023.benoit-barbagli.com\/#\/schema\/person\/image\/","url":"http:\/\/benoit-barbagli.com\/wp-content\/uploads\/2020\/07\/Catha-scaled.jpg","contentUrl":"http:\/\/benoit-barbagli.com\/wp-content\/uploads\/2020\/07\/Catha-scaled.jpg","width":2560,"height":1440,"caption":"benoitbarbagli"},"logo":{"@id":"https:\/\/2023.benoit-barbagli.com\/#\/schema\/person\/image\/"}},{"@type":"WebSite","@id":"https:\/\/2023.benoit-barbagli.com\/#website","url":"https:\/\/2023.benoit-barbagli.com\/","name":"Benoit-barbagli.com","description":"Sous le chaos, la vie","publisher":{"@id":"https:\/\/2023.benoit-barbagli.com\/#\/schema\/person\/413a50e5dd6129de03df354d73c4ffaf"},"potentialAction":[{"@type":"SearchAction","target":{"@type":"EntryPoint","urlTemplate":"https:\/\/2023.benoit-barbagli.com\/?s={search_term_string}"},"query-input":"required name=search_term_string"}],"inLanguage":"it-IT"},{"@type":"ImageObject","inLanguage":"it-IT","@id":"http:\/\/2023.benoit-barbagli.com\/articles\/notre-dame-damirat-2\/#primaryimage","url":"https:\/\/2023.benoit-barbagli.com\/wp-content\/uploads\/2022\/07\/notre-dame-amirat-Large_wall_in_minimal_gallery-1-scaled.jpeg","contentUrl":"https:\/\/2023.benoit-barbagli.com\/wp-content\/uploads\/2022\/07\/notre-dame-amirat-Large_wall_in_minimal_gallery-1-scaled.jpeg","width":2560,"height":1638,"caption":"Notre-Dame d\u2019Amirat s\u00e9rie forme de la montagne Notre-Dame d\u2019Amirat , Amirat, Alpes-Maritime, 2016 Caisse am\u00e9ricaine bois noir 195x130 cm"},{"@type":"WebPage","@id":"http:\/\/2023.benoit-barbagli.com\/articles\/notre-dame-damirat-2\/#webpage","url":"http:\/\/2023.benoit-barbagli.com\/articles\/notre-dame-damirat-2\/","name":"Notre dame d\u2019Amirat - Benoit-barbagli.com","isPartOf":{"@id":"https:\/\/2023.benoit-barbagli.com\/#website"},"primaryImageOfPage":{"@id":"http:\/\/2023.benoit-barbagli.com\/articles\/notre-dame-damirat-2\/#primaryimage"},"datePublished":"2022-07-02T15:34:55+00:00","dateModified":"2022-07-02T15:38:45+00:00","breadcrumb":{"@id":"http:\/\/2023.benoit-barbagli.com\/articles\/notre-dame-damirat-2\/#breadcrumb"},"inLanguage":"it-IT","potentialAction":[{"@type":"ReadAction","target":["http:\/\/2023.benoit-barbagli.com\/articles\/notre-dame-damirat-2\/"]}]},{"@type":"BreadcrumbList","@id":"http:\/\/2023.benoit-barbagli.com\/articles\/notre-dame-damirat-2\/#breadcrumb","itemListElement":[{"@type":"ListItem","position":1,"name":"Accueil","item":"https:\/\/2023.benoit-barbagli.com\/it\/"},{"@type":"ListItem","position":2,"name":"negozio","item":"http:\/\/2023.benoit-barbagli.com\/it\/negozio\/"},{"@type":"ListItem","position":3,"name":"Notre dame d\u2019Amirat"}]}]}},"_links":{"self":[{"href":"https:\/\/2023.benoit-barbagli.com\/it\/wp-json\/wp\/v2\/product\/76871"}],"collection":[{"href":"https:\/\/2023.benoit-barbagli.com\/it\/wp-json\/wp\/v2\/product"}],"about":[{"href":"https:\/\/2023.benoit-barbagli.com\/it\/wp-json\/wp\/v2\/types\/product"}],"wp:featuredmedia":[{"embeddable":true,"href":"https:\/\/2023.benoit-barbagli.com\/it\/wp-json\/wp\/v2\/media\/76865"}],"wp:attachment":[{"href":"https:\/\/2023.benoit-barbagli.com\/it\/wp-json\/wp\/v2\/media?parent=76871"}],"wp:term":[{"taxonomy":"product_cat","embeddable":true,"href":"https:\/\/2023.benoit-barbagli.com\/it\/wp-json\/wp\/v2\/product_cat?post=76871"},{"taxonomy":"product_tag","embeddable":true,"href":"https:\/\/2023.benoit-barbagli.com\/it\/wp-json\/wp\/v2\/product_tag?post=76871"}],"curies":[{"name":"wp","href":"https:\/\/api.w.org\/{rel}","templated":true}]}}