{"id":77589,"date":"2022-12-05T17:26:23","date_gmt":"2022-12-05T17:26:23","guid":{"rendered":"http:\/\/2023.benoit-barbagli.com\/?post_type=product&#038;p=77589"},"modified":"2022-12-05T17:26:24","modified_gmt":"2022-12-05T17:26:24","slug":"tout-autour-leau-livret","status":"publish","type":"product","link":"http:\/\/2023.benoit-barbagli.com\/articles\/tout-autour-leau-livret\/","title":{"rendered":"Tout autour, l\u2019eau LIVRET"},"content":{"rendered":"","protected":false},"excerpt":{"rendered":"<p class=\"price\">Ce texte est extrait du livret Tout autour l\u2019eau, le livret en version papier est disponible sur commande ou \u00e0 la galerie Eva vautier 2 rue vernier, 06000 Nice<\/p>\n<div class=\"woocommerce-product-details__short-description\">\n<p>Ce livret raconte l\u2019histoire de l\u2019exposition de Beno\u00eet Barbagli Tout autour, l\u2019eau et ce qu\u2019elle d\u00e9fend. Elle donne \u00e9galement \u00e0 voir des \u0153uvres d\u2019autres artistes : celles d\u2019Aim\u00e9e Fleury, de Mona Barbagli, d\u2019Evan Bourgeau, de Katalina Cearca ainsi qu\u2019un po\u00e8me de Tristan Blumel<\/p>\n<\/div>\n","protected":false},"featured_media":77593,"template":"","meta":{"inline_featured_image":false},"product_cat":[274],"product_tag":[],"yoast_head":"<!-- This site is optimized with the Yoast SEO plugin v19.2 - https:\/\/yoast.com\/wordpress\/plugins\/seo\/ -->\n<title>Tout autour, l\u2019eau LIVRET - Benoit-barbagli.com<\/title>\n<meta name=\"robots\" content=\"index, follow, max-snippet:-1, max-image-preview:large, max-video-preview:-1\" \/>\n<link rel=\"canonical\" href=\"http:\/\/2023.benoit-barbagli.com\/articles\/tout-autour-leau-livret\/\" \/>\n<meta property=\"og:locale\" content=\"it_IT\" \/>\n<meta property=\"og:type\" content=\"article\" \/>\n<meta property=\"og:title\" content=\"Tout autour, l\u2019eau LIVRET - Benoit-barbagli.com\" \/>\n<meta property=\"og:description\" content=\"Ce texte est extrait du livret Tout autour l\u2019eau, le livret en version papier est disponible sur commande ou \u00e0 la galerie Eva vautier 2 rue vernier, 06000 Nice    Ce livret raconte l\u2019histoire de l\u2019exposition de Beno\u00eet Barbagli Tout autour, l\u2019eau et ce qu\u2019elle d\u00e9fend. Elle donne \u00e9galement \u00e0 voir des \u0153uvres d\u2019autres artistes : celles d\u2019Aim\u00e9e Fleury, de Mona Barbagli, d\u2019Evan Bourgeau, de Katalina Cearca ainsi qu\u2019un po\u00e8me de Tristan Blumel\" \/>\n<meta property=\"og:url\" content=\"http:\/\/2023.benoit-barbagli.com\/articles\/tout-autour-leau-livret\/\" \/>\n<meta property=\"og:site_name\" content=\"Benoit-barbagli.com\" \/>\n<meta property=\"article:modified_time\" content=\"2022-12-05T17:26:24+00:00\" \/>\n<meta property=\"og:image\" content=\"https:\/\/2023.benoit-barbagli.com\/wp-content\/uploads\/2022\/12\/IMG_2737-3-1-scaled.jpg\" \/>\n\t<meta property=\"og:image:width\" content=\"2560\" \/>\n\t<meta property=\"og:image:height\" content=\"1920\" \/>\n\t<meta property=\"og:image:type\" content=\"image\/jpeg\" \/>\n<meta name=\"author\" content=\"benoitbarbagli\" \/>\n<meta name=\"twitter:card\" content=\"summary_large_image\" \/>\n<!-- \/ Yoast SEO plugin. -->","yoast_head_json":{"title":"Tout autour, l\u2019eau LIVRET - Benoit-barbagli.com","robots":{"index":"index","follow":"follow","max-snippet":"max-snippet:-1","max-image-preview":"max-image-preview:large","max-video-preview":"max-video-preview:-1"},"canonical":"http:\/\/2023.benoit-barbagli.com\/articles\/tout-autour-leau-livret\/","og_locale":"it_IT","og_type":"article","og_title":"Tout autour, l\u2019eau LIVRET - Benoit-barbagli.com","og_description":"Ce texte est extrait du livret Tout autour l\u2019eau, le livret en version papier est disponible sur commande ou \u00e0 la galerie Eva vautier 2 rue vernier, 06000 Nice    Ce livret raconte l\u2019histoire de l\u2019exposition de Beno\u00eet Barbagli Tout autour, l\u2019eau et ce qu\u2019elle d\u00e9fend. Elle donne \u00e9galement \u00e0 voir des \u0153uvres d\u2019autres artistes : celles d\u2019Aim\u00e9e Fleury, de Mona Barbagli, d\u2019Evan Bourgeau, de Katalina Cearca ainsi qu\u2019un po\u00e8me de Tristan Blumel","og_url":"http:\/\/2023.benoit-barbagli.com\/articles\/tout-autour-leau-livret\/","og_site_name":"Benoit-barbagli.com","article_modified_time":"2022-12-05T17:26:24+00:00","og_image":[{"width":2560,"height":1920,"url":"https:\/\/2023.benoit-barbagli.com\/wp-content\/uploads\/2022\/12\/IMG_2737-3-1-scaled.jpg","type":"image\/jpeg"}],"author":"benoitbarbagli","twitter_card":"summary_large_image","schema":{"@context":"https:\/\/schema.org","@graph":[{"@type":["Person","Organization"],"@id":"https:\/\/2023.benoit-barbagli.com\/#\/schema\/person\/413a50e5dd6129de03df354d73c4ffaf","name":"benoitbarbagli","image":{"@type":"ImageObject","inLanguage":"it-IT","@id":"https:\/\/2023.benoit-barbagli.com\/#\/schema\/person\/image\/","url":"http:\/\/benoit-barbagli.com\/wp-content\/uploads\/2020\/07\/Catha-scaled.jpg","contentUrl":"http:\/\/benoit-barbagli.com\/wp-content\/uploads\/2020\/07\/Catha-scaled.jpg","width":2560,"height":1440,"caption":"benoitbarbagli"},"logo":{"@id":"https:\/\/2023.benoit-barbagli.com\/#\/schema\/person\/image\/"}},{"@type":"WebSite","@id":"https:\/\/2023.benoit-barbagli.com\/#website","url":"https:\/\/2023.benoit-barbagli.com\/","name":"Benoit-barbagli.com","description":"Sous le chaos, la vie","publisher":{"@id":"https:\/\/2023.benoit-barbagli.com\/#\/schema\/person\/413a50e5dd6129de03df354d73c4ffaf"},"potentialAction":[{"@type":"SearchAction","target":{"@type":"EntryPoint","urlTemplate":"https:\/\/2023.benoit-barbagli.com\/?s={search_term_string}"},"query-input":"required name=search_term_string"}],"inLanguage":"it-IT"},{"@type":"ImageObject","inLanguage":"it-IT","@id":"http:\/\/2023.benoit-barbagli.com\/articles\/tout-autour-leau-livret\/#primaryimage","url":"https:\/\/2023.benoit-barbagli.com\/wp-content\/uploads\/2022\/12\/IMG_2737-3-1-scaled.jpg","contentUrl":"https:\/\/2023.benoit-barbagli.com\/wp-content\/uploads\/2022\/12\/IMG_2737-3-1-scaled.jpg","width":2560,"height":1920},{"@type":"WebPage","@id":"http:\/\/2023.benoit-barbagli.com\/articles\/tout-autour-leau-livret\/#webpage","url":"http:\/\/2023.benoit-barbagli.com\/articles\/tout-autour-leau-livret\/","name":"Tout autour, l\u2019eau LIVRET - Benoit-barbagli.com","isPartOf":{"@id":"https:\/\/2023.benoit-barbagli.com\/#website"},"primaryImageOfPage":{"@id":"http:\/\/2023.benoit-barbagli.com\/articles\/tout-autour-leau-livret\/#primaryimage"},"datePublished":"2022-12-05T17:26:23+00:00","dateModified":"2022-12-05T17:26:24+00:00","breadcrumb":{"@id":"http:\/\/2023.benoit-barbagli.com\/articles\/tout-autour-leau-livret\/#breadcrumb"},"inLanguage":"it-IT","potentialAction":[{"@type":"ReadAction","target":["http:\/\/2023.benoit-barbagli.com\/articles\/tout-autour-leau-livret\/"]}]},{"@type":"BreadcrumbList","@id":"http:\/\/2023.benoit-barbagli.com\/articles\/tout-autour-leau-livret\/#breadcrumb","itemListElement":[{"@type":"ListItem","position":1,"name":"Accueil","item":"https:\/\/2023.benoit-barbagli.com\/it\/"},{"@type":"ListItem","position":2,"name":"negozio","item":"http:\/\/2023.benoit-barbagli.com\/it\/negozio\/"},{"@type":"ListItem","position":3,"name":"Tout autour, l\u2019eau LIVRET"}]}]}},"_links":{"self":[{"href":"https:\/\/2023.benoit-barbagli.com\/it\/wp-json\/wp\/v2\/product\/77589"}],"collection":[{"href":"https:\/\/2023.benoit-barbagli.com\/it\/wp-json\/wp\/v2\/product"}],"about":[{"href":"https:\/\/2023.benoit-barbagli.com\/it\/wp-json\/wp\/v2\/types\/product"}],"wp:featuredmedia":[{"embeddable":true,"href":"https:\/\/2023.benoit-barbagli.com\/it\/wp-json\/wp\/v2\/media\/77593"}],"wp:attachment":[{"href":"https:\/\/2023.benoit-barbagli.com\/it\/wp-json\/wp\/v2\/media?parent=77589"}],"wp:term":[{"taxonomy":"product_cat","embeddable":true,"href":"https:\/\/2023.benoit-barbagli.com\/it\/wp-json\/wp\/v2\/product_cat?post=77589"},{"taxonomy":"product_tag","embeddable":true,"href":"https:\/\/2023.benoit-barbagli.com\/it\/wp-json\/wp\/v2\/product_tag?post=77589"}],"curies":[{"name":"wp","href":"https:\/\/api.w.org\/{rel}","templated":true}]}}