{"id":77691,"date":"2022-12-11T19:44:37","date_gmt":"2022-12-11T19:44:37","guid":{"rendered":"http:\/\/2023.benoit-barbagli.com\/articles\/eros-chronos\/"},"modified":"2022-12-11T22:29:00","modified_gmt":"2022-12-11T22:29:00","slug":"eros-chronos","status":"publish","type":"product","link":"http:\/\/2023.benoit-barbagli.com\/articles\/eros-chronos\/","title":{"rendered":"Eros &#038; Chronos"},"content":{"rendered":"","protected":false},"excerpt":{"rendered":"<p>Eros &amp; Chronos, 2021<br \/>\nS\u00e9rie Les colonnes de l&#8217;anthropoc\u00e8ne<br \/>\nGyspe, R\u00e9sine biosourc\u00e9e<br \/>\n\u0152uvre originale &#8211; 8 + 4 EA exemplaires<br \/>\n30 x 20 x 20 cm<\/p>\n<p>Chaque \u0153uvre originale poss\u00e8de sont certificat d&#8217;authenticit\u00e9<\/p>\n","protected":false},"featured_media":77688,"template":"","meta":{"inline_featured_image":false},"product_cat":[89,280],"product_tag":[],"yoast_head":"<!-- This site is optimized with the Yoast SEO plugin v19.2 - https:\/\/yoast.com\/wordpress\/plugins\/seo\/ -->\n<title>Eros &amp; Chronos - Benoit-barbagli.com<\/title>\n<meta name=\"robots\" content=\"index, follow, max-snippet:-1, max-image-preview:large, max-video-preview:-1\" \/>\n<link rel=\"canonical\" href=\"http:\/\/2023.benoit-barbagli.com\/articles\/eros-chronos\/\" \/>\n<meta property=\"og:locale\" content=\"it_IT\" \/>\n<meta property=\"og:type\" content=\"article\" \/>\n<meta property=\"og:title\" content=\"Eros &amp; Chronos - Benoit-barbagli.com\" \/>\n<meta property=\"og:description\" content=\"Eros &amp; Chronos, 2021 S\u00e9rie Les colonnes de l&#039;anthropoc\u00e8ne Gyspe, R\u00e9sine biosourc\u00e9e \u0152uvre originale - 8 + 4 EA exemplaires 30 x 20 x 20 cm  Chaque \u0153uvre originale poss\u00e8de sont certificat d&#039;authenticit\u00e9\" \/>\n<meta property=\"og:url\" content=\"http:\/\/2023.benoit-barbagli.com\/articles\/eros-chronos\/\" \/>\n<meta property=\"og:site_name\" content=\"Benoit-barbagli.com\" \/>\n<meta property=\"article:modified_time\" content=\"2022-12-11T22:29:00+00:00\" \/>\n<meta property=\"og:image\" content=\"https:\/\/2023.benoit-barbagli.com\/wp-content\/uploads\/2022\/12\/11112022-sans-titre09514-scaled-1.jpg\" \/>\n\t<meta property=\"og:image:width\" content=\"2560\" \/>\n\t<meta property=\"og:image:height\" content=\"2015\" \/>\n\t<meta property=\"og:image:type\" content=\"image\/jpeg\" \/>\n<meta name=\"author\" content=\"benoitbarbagli\" \/>\n<meta name=\"twitter:card\" content=\"summary_large_image\" \/>\n<!-- \/ Yoast SEO plugin. -->","yoast_head_json":{"title":"Eros & Chronos - Benoit-barbagli.com","robots":{"index":"index","follow":"follow","max-snippet":"max-snippet:-1","max-image-preview":"max-image-preview:large","max-video-preview":"max-video-preview:-1"},"canonical":"http:\/\/2023.benoit-barbagli.com\/articles\/eros-chronos\/","og_locale":"it_IT","og_type":"article","og_title":"Eros & Chronos - Benoit-barbagli.com","og_description":"Eros &amp; Chronos, 2021 S\u00e9rie Les colonnes de l'anthropoc\u00e8ne Gyspe, R\u00e9sine biosourc\u00e9e \u0152uvre originale - 8 + 4 EA exemplaires 30 x 20 x 20 cm  Chaque \u0153uvre originale poss\u00e8de sont certificat d'authenticit\u00e9","og_url":"http:\/\/2023.benoit-barbagli.com\/articles\/eros-chronos\/","og_site_name":"Benoit-barbagli.com","article_modified_time":"2022-12-11T22:29:00+00:00","og_image":[{"width":2560,"height":2015,"url":"https:\/\/2023.benoit-barbagli.com\/wp-content\/uploads\/2022\/12\/11112022-sans-titre09514-scaled-1.jpg","type":"image\/jpeg"}],"author":"benoitbarbagli","twitter_card":"summary_large_image","schema":{"@context":"https:\/\/schema.org","@graph":[{"@type":["Person","Organization"],"@id":"https:\/\/2023.benoit-barbagli.com\/#\/schema\/person\/413a50e5dd6129de03df354d73c4ffaf","name":"benoitbarbagli","image":{"@type":"ImageObject","inLanguage":"it-IT","@id":"https:\/\/2023.benoit-barbagli.com\/#\/schema\/person\/image\/","url":"http:\/\/benoit-barbagli.com\/wp-content\/uploads\/2020\/07\/Catha-scaled.jpg","contentUrl":"http:\/\/benoit-barbagli.com\/wp-content\/uploads\/2020\/07\/Catha-scaled.jpg","width":2560,"height":1440,"caption":"benoitbarbagli"},"logo":{"@id":"https:\/\/2023.benoit-barbagli.com\/#\/schema\/person\/image\/"}},{"@type":"WebSite","@id":"https:\/\/2023.benoit-barbagli.com\/#website","url":"https:\/\/2023.benoit-barbagli.com\/","name":"Benoit-barbagli.com","description":"Sous le chaos, la vie","publisher":{"@id":"https:\/\/2023.benoit-barbagli.com\/#\/schema\/person\/413a50e5dd6129de03df354d73c4ffaf"},"potentialAction":[{"@type":"SearchAction","target":{"@type":"EntryPoint","urlTemplate":"https:\/\/2023.benoit-barbagli.com\/?s={search_term_string}"},"query-input":"required name=search_term_string"}],"inLanguage":"it-IT"},{"@type":"ImageObject","inLanguage":"it-IT","@id":"http:\/\/2023.benoit-barbagli.com\/articles\/eros-chronos\/#primaryimage","url":"https:\/\/2023.benoit-barbagli.com\/wp-content\/uploads\/2022\/12\/11112022-sans-titre09514-scaled-1.jpg","contentUrl":"https:\/\/2023.benoit-barbagli.com\/wp-content\/uploads\/2022\/12\/11112022-sans-titre09514-scaled-1.jpg","width":2560,"height":2015},{"@type":"WebPage","@id":"http:\/\/2023.benoit-barbagli.com\/articles\/eros-chronos\/#webpage","url":"http:\/\/2023.benoit-barbagli.com\/articles\/eros-chronos\/","name":"Eros & Chronos - Benoit-barbagli.com","isPartOf":{"@id":"https:\/\/2023.benoit-barbagli.com\/#website"},"primaryImageOfPage":{"@id":"http:\/\/2023.benoit-barbagli.com\/articles\/eros-chronos\/#primaryimage"},"datePublished":"2022-12-11T19:44:37+00:00","dateModified":"2022-12-11T22:29:00+00:00","breadcrumb":{"@id":"http:\/\/2023.benoit-barbagli.com\/articles\/eros-chronos\/#breadcrumb"},"inLanguage":"it-IT","potentialAction":[{"@type":"ReadAction","target":["http:\/\/2023.benoit-barbagli.com\/articles\/eros-chronos\/"]}]},{"@type":"BreadcrumbList","@id":"http:\/\/2023.benoit-barbagli.com\/articles\/eros-chronos\/#breadcrumb","itemListElement":[{"@type":"ListItem","position":1,"name":"Accueil","item":"https:\/\/2023.benoit-barbagli.com\/it\/"},{"@type":"ListItem","position":2,"name":"negozio","item":"http:\/\/2023.benoit-barbagli.com\/it\/negozio\/"},{"@type":"ListItem","position":3,"name":"Eros &#038; Chronos"}]}]}},"_links":{"self":[{"href":"https:\/\/2023.benoit-barbagli.com\/it\/wp-json\/wp\/v2\/product\/77691"}],"collection":[{"href":"https:\/\/2023.benoit-barbagli.com\/it\/wp-json\/wp\/v2\/product"}],"about":[{"href":"https:\/\/2023.benoit-barbagli.com\/it\/wp-json\/wp\/v2\/types\/product"}],"wp:featuredmedia":[{"embeddable":true,"href":"https:\/\/2023.benoit-barbagli.com\/it\/wp-json\/wp\/v2\/media\/77688"}],"wp:attachment":[{"href":"https:\/\/2023.benoit-barbagli.com\/it\/wp-json\/wp\/v2\/media?parent=77691"}],"wp:term":[{"taxonomy":"product_cat","embeddable":true,"href":"https:\/\/2023.benoit-barbagli.com\/it\/wp-json\/wp\/v2\/product_cat?post=77691"},{"taxonomy":"product_tag","embeddable":true,"href":"https:\/\/2023.benoit-barbagli.com\/it\/wp-json\/wp\/v2\/product_tag?post=77691"}],"curies":[{"name":"wp","href":"https:\/\/api.w.org\/{rel}","templated":true}]}}